{"id":824,"date":"2025-04-15T03:12:20","date_gmt":"2025-04-15T03:12:20","guid":{"rendered":"https:\/\/red-lighttherapy.com\/?post_type=product&#038;p=824"},"modified":"2025-04-15T03:26:31","modified_gmt":"2025-04-15T03:26:31","slug":"custom-luxury-sliding-drawer-wigs-packaging-boxes-bulk","status":"publish","type":"product","link":"https:\/\/red-lighttherapy.com\/es_es\/custom-luxury-sliding-drawer-wigs-packaging-boxes-bulk\/","title":{"rendered":"Pelucas de lujo a medida Caj\u00f3n deslizante Cajas de embalaje a granel"},"content":{"rendered":"<h2 id=\"customized-luxury-sliding-drawer-style-wig-packaging-box-product-description\">Pelucas de lujo de encargo del caj\u00f3n deslizante Cajas de embalaje a granel Descripci\u00f3n del producto<\/h2>\n<h2><strong>1. s innovador<\/strong>caj\u00f3n abatible <strong>dise\u00f1o de apertura<\/strong><\/h2>\n<p>Adoptando una estructura de gu\u00edas deslizantes de precisi\u00f3n, puede abrirlo y cerrarlo suavemente con una sola pulsaci\u00f3n, teniendo en cuenta\u00a0<strong>sentido ritual y comodidad<\/strong>. El dise\u00f1o tipo caj\u00f3n est\u00e1 inspirado en las cajas de pelucas de alta gama. El riel interno se ha probado y optimizado repetidamente para garantizar un funcionamiento suave sin atascos. Al mismo tiempo, la hebilla magn\u00e9tica se utiliza para lograr la estabilidad de cierre para evitar el deslizamiento accidental.<\/p>\n<h2 id=\"-2-scientific-lining-support-system-\"><strong>2. Sistema cient\u00edfico de apoyo al revestimiento<\/strong><\/h2>\n<p>El forro est\u00e1 hecho de un material compuesto de esponja EVA de alta densidad y tela flocada. A trav\u00e9s de\u00a0<strong>Modelado 3D para simular la forma de la peluca<\/strong>Se proporciona un dise\u00f1o de partici\u00f3n personalizado:<\/p>\n<ul>\n<li><strong>Estabilidad<\/strong>: Precisamente ranura de acuerdo con el tama\u00f1o de la peluca, se ajustan a la curvatura de la pieza de pelo, y evitar sacudidas y desgaste durante el transporte;<\/li>\n<li><strong>Protecci\u00f3n<\/strong>: La superficie flocada reduce la adsorci\u00f3n est\u00e1tica y prolonga la vida \u00fatil de la peluca.<\/li>\n<\/ul>\n<h2 id=\"-three-laser-precision-and-detail-processing-\"><strong>3. Precisi\u00f3n l\u00e1ser y procesamiento de detalles<\/strong><\/h2>\n<ul>\n<li><strong>Corte con error cero<\/strong>: Utilizando equipos l\u00e1ser TRUMPF alemanes, el error se controla dentro de \u00b10,1 mm para garantizar un acoplamiento perfecto del cuerpo de la caja;<\/li>\n<li><strong>Toque humanizado<\/strong>: El borde se procesa mediante un proceso de rectificado en \u00e1ngulo R, el tacto es delicado y sin rebabas, y se ajusta a la experiencia de agarre ergon\u00f3mico.<\/li>\n<\/ul>\n<h2 id=\"-four-soothing-visual-aesthetic-design-\"><strong>4. Dise\u00f1o est\u00e9tico visual relajante<\/strong><\/h2>\n<ul>\n<li><strong>Color principal<\/strong>: Basado en verde, se utiliza el proceso de recubrimiento UV mate, y el color de baja saturaci\u00f3n puede reducir la presi\u00f3n visual, que se ajusta a la tonalidad de las marcas de pelucas de gama alta;<\/li>\n<li><strong>Elementos decorativos<\/strong>: Con cinta de raso negra, se consigue un posicionamiento preciso de la apertura de la caja mediante ranuras gu\u00eda preestablecidas para realzar la sensaci\u00f3n de ceremonia al abrir la caja.<\/li>\n<\/ul>\n<h2 id=\"-v-multi-dimensional-free-customization-solution-\"><strong>5. Soluci\u00f3n de personalizaci\u00f3n libre multidimensional<\/strong><\/h2>\n<p>Admite una combinaci\u00f3n flexible de\u00a0<strong>tama\u00f1o, estructura y funci\u00f3n<\/strong>\u00a0m\u00f3dulos:<\/p>\n<ol>\n<li><strong>Adaptaci\u00f3n del tama\u00f1o<\/strong>: 15-60cm de longitud, 3-15cm de altura, compatible con piezas de pelo corto a la cabeza completa cubre;<\/li>\n<li><strong>Ampliaci\u00f3n de funciones<\/strong>: Ranuras para tarjetas a prueba de humedad opcionales, capa de espejo LED, ranura para tarjetas de marca, etc;<\/li>\n<li><strong>Mejora estructural<\/strong>: Ofrece formas derivadas como cubiertas superiores e inferiores, puertas dobles y estilos plegables.<\/li>\n<\/ol>\n<h2 id=\"-sixth-flexible-supply-chain-service-\"><strong>6. Servicio flexible de la cadena de suministro<\/strong><\/h2>\n<ul>\n<li><strong>Respuesta r\u00e1pida<\/strong>: Pruebas completas en 72 horas, admite la confirmaci\u00f3n simult\u00e1nea de renderizados 3D y objetos f\u00edsicos;<\/li>\n<li><strong>Pedido m\u00ednimo flexible<\/strong>: 500 piezas para la producci\u00f3n por lotes, 10 especificaciones se pueden mezclar en un solo lote para reducir la presi\u00f3n de inventario;<\/li>\n<li><strong>Servicio de valor a\u00f1adido<\/strong>: Dise\u00f1o de fusi\u00f3n VI de marca libre, soluciones log\u00edsticas transfronterizas y garant\u00eda posventa.<\/li>\n<\/ul>\n<h2 id=\"-vii-environmental-protection-and-quality-commitment-\"><strong>7. Protecci\u00f3n del medio ambiente y compromiso de calidad<\/strong><\/h2>\n<ul>\n<li><strong>Certificaci\u00f3n de materiales<\/strong>: El cuerpo de la caja utiliza cart\u00f3n blanco con certificaci\u00f3n FSC y cola ecol\u00f3gica a base de agua, y ha superado las pruebas de metales pesados del SGS;<\/li>\n<li><strong>Garant\u00eda de productividad<\/strong>: La f\u00e1brica propia est\u00e1 equipada con troqueladoras totalmente autom\u00e1ticas y l\u00edneas de producci\u00f3n de impresi\u00f3n offset, con una capacidad media de producci\u00f3n diaria de m\u00e1s de 10.000.000 de piezas.<\/li>\n<\/ul>","protected":false},"excerpt":{"rendered":"<p>El dise\u00f1o de apertura de la caja del caj\u00f3n de papel permite un manejo suave con una sola mano, combinando la sensaci\u00f3n de ceremonia con la comodidad. El forro se ha calculado con precisi\u00f3n para soportar de forma estable pelucas de diferentes tama\u00f1os y evitar as\u00ed sacudidas y desgaste.<\/p>","protected":false},"featured_media":825,"template":"","meta":{"_kad_post_transparent":"default","_kad_post_title":"","_kad_post_layout":"default","_kad_post_sidebar_id":"","_kad_post_content_style":"default","_kad_post_vertical_padding":"default","_kad_post_feature":"","_kad_post_feature_position":"","_kad_post_header":false,"_kad_post_footer":false,"_kad_post_classname":""},"product_brand":[],"product_cat":[15,20,17],"product_tag":[311,309,310],"class_list":{"0":"post-824","1":"product","2":"type-product","3":"status-publish","4":"has-post-thumbnail","6":"product_cat-red-light-therapy","7":"product_cat-led-face-light-therapy","8":"product_cat-services","9":"product_tag-bulk-wigs-boxes","10":"product_tag-custom-wigs-packaging-boxes","11":"product_tag-luxury-sliding-wigs-boxes","13":"first","14":"instock","15":"shipping-taxable","16":"product-type-simple","17":"entry","18":"content-bg","19":"loop-entry"},"_links":{"self":[{"href":"https:\/\/red-lighttherapy.com\/es_es\/wp-json\/wp\/v2\/product\/824","targetHints":{"allow":["GET"]}}],"collection":[{"href":"https:\/\/red-lighttherapy.com\/es_es\/wp-json\/wp\/v2\/product"}],"about":[{"href":"https:\/\/red-lighttherapy.com\/es_es\/wp-json\/wp\/v2\/types\/product"}],"wp:featuredmedia":[{"embeddable":true,"href":"https:\/\/red-lighttherapy.com\/es_es\/wp-json\/wp\/v2\/media\/825"}],"wp:attachment":[{"href":"https:\/\/red-lighttherapy.com\/es_es\/wp-json\/wp\/v2\/media?parent=824"}],"wp:term":[{"taxonomy":"product_brand","embeddable":true,"href":"https:\/\/red-lighttherapy.com\/es_es\/wp-json\/wp\/v2\/product_brand?post=824"},{"taxonomy":"product_cat","embeddable":true,"href":"https:\/\/red-lighttherapy.com\/es_es\/wp-json\/wp\/v2\/product_cat?post=824"},{"taxonomy":"product_tag","embeddable":true,"href":"https:\/\/red-lighttherapy.com\/es_es\/wp-json\/wp\/v2\/product_tag?post=824"}],"curies":[{"name":"wp","href":"https:\/\/api.w.org\/{rel}","templated":true}]}}