{"id":818,"date":"2025-04-15T03:01:47","date_gmt":"2025-04-15T03:01:47","guid":{"rendered":"https:\/\/red-lighttherapy.com\/?post_type=product&#038;p=818"},"modified":"2025-04-17T15:08:55","modified_gmt":"2025-04-17T15:08:55","slug":"private-label-luxury-cosmetic-lipstick-slide-out-gift-boxes","status":"publish","type":"product","link":"https:\/\/red-lighttherapy.com\/es_es\/private-label-luxury-cosmetic-lipstick-slide-out-gift-boxes\/","title":{"rendered":"Private Label Cosm\u00e9ticos de lujo l\u00e1piz labial Slide Out Cajas de regalo"},"content":{"rendered":"<h2 id=\"private-label-luxury-cosmetic-lipstick-slide-out-gift-boxes-product-description\">Private Label Cosm\u00e9ticos de lujo l\u00e1piz labial Slide-Out Cajas de regalo Descripci\u00f3n de productos<\/h2>\n<h2 id=\"-1-window-perspective-design-jewelry-is-directly-visible-\"><strong>1. Dise\u00f1o en perspectiva de ventana, las joyas son directamente visibles<\/strong><\/h2>\n<p>La parte superior de la caja de regalo adopta\u00a0<strong>dise\u00f1o de ventana de forma especial<\/strong>\u00a0El estuche est\u00e1 fabricado con material acr\u00edlico de alta transparencia, que permite ver con claridad los exquisitos detalles de las joyas y el pintalabios del interior sin necesidad de abrirlo. El borde de la ventana se procesa con\u00a0<strong>tecnolog\u00eda de corte de precisi\u00f3n por l\u00e1ser<\/strong>\u00a0, que se conecta a la perfecci\u00f3n con el cuerpo de la caja, lo que no s\u00f3lo puede mejorar la autenticidad de la exposici\u00f3n del producto, sino tambi\u00e9n evitar el desgaste causado por la apertura y cierre repetidos de las cajas abatibles tradicionales.<\/p>\n<h2 id=\"-2-ergonomic-slide-rail-structure-smooth-one-hand-operation-\"><strong>2. Estructura ergon\u00f3mica del riel de deslizamiento, manejo suave con una sola mano<\/strong><\/h2>\n<p>Innovador\u00a0<strong>carril de extracci\u00f3n de tres etapas<\/strong>\u00a0utilizando\u00a0<strong>ra\u00edl de deslizamiento de nylon + ranura gu\u00eda met\u00e1lica<\/strong>\u00a0combinaci\u00f3n, empuje con una sola mano puede deslizar suavemente hacia fuera la caja interior, y el coeficiente de resistencia se controla dentro de 0,3N. El cuerpo de la caja es de s\u00f3lo 15 mm de espesor, ahorrando 40% espacio en comparaci\u00f3n con las cajas abatibles tradicionales, adecuado para escenas compactas como tocadores y bolsas de mano.<\/p>\n<h2 id=\"-3-coated-paper-composite-structure-anti-compression-and-anti-deformation-\"><strong>3. Estructura compuesta de papel revestido, anti-compresi\u00f3n y anti-deformaci\u00f3n<\/strong><\/h2>\n<p>El cuerpo de la caja adopta\u00a0<strong>Papel estucado de 350 g + cart\u00f3n gris de 1,5 mm<\/strong>\u00a0proceso compuesto, y es procesado por\u00a0<strong>Conformaci\u00f3n hidr\u00e1ulica de 10.000 toneladas<\/strong>. La capacidad de carga de apilamiento alcanza los 50 kg\/\u33a1 sin deformaci\u00f3n. El revestimiento est\u00e1 dise\u00f1ado con un esqueleto de soporte en forma de panal, que ha pasado\u00a0<strong>Certificaci\u00f3n de compresi\u00f3n BIFMA X5<\/strong>\u00a0y puede soportar 90% del impacto de extrusi\u00f3n durante el transporte.<\/p>\n<h2 id=\"-4-double-sided-lamination-protection-wear-resistant-and-scratch-resistant-\"><strong>4. Protecci\u00f3n laminada de doble cara, resistente al desgaste y a los ara\u00f1azos.<\/strong><\/h2>\n<p>La capa exterior est\u00e1 recubierta de\u00a0<strong>Pel\u00edcula PET mate de 0,15 mm<\/strong>y la dureza de la superficie alcanza el nivel 3H (prueba de dureza de l\u00e1piz), que puede resistir los ara\u00f1azos de los bordes de las joyas. La capa interior est\u00e1 cubierta con\u00a0<strong>L\u00e1mina de PE de calidad alimentaria<\/strong>que ha superado las pruebas de biocompatibilidad ISO 10993 para garantizar que la pasta de pintalabios no presenta ning\u00fan riesgo de contaminaci\u00f3n.<\/p>\n<h2 id=\"-5-micron-level-edge-treatment-silky-touch-\"><strong>5. Tratamiento de bordes micronizado, tacto sedoso<\/strong><\/h2>\n<p>Adoptar\u00a0<strong>corte por chorro de agua + nanopulido<\/strong>\u00a0el radio de biselado de los bordes es \u22640,1 mm, alcanzando el est\u00e1ndar de suavidad para dispositivos m\u00e9dicos.\u00a0<strong>Bandas tamp\u00f3n de TPU<\/strong>\u00a0se implantan en las uniones clave, y no se generan rebabas tras abrir y cerrar 10.000 veces, y el tacto es comparable al de los joyeros de cuero.<\/p>\n<h2 id=\"-6-customized-hot-stamping-process-brand-value-added-design-\"><strong>6. Proceso de estampaci\u00f3n en caliente personalizado, dise\u00f1o de valor a\u00f1adido de la marca.<\/strong><\/h2>\n<p>Reservado\u00a0<strong>\u00c1rea de estampaci\u00f3n en caliente con posicionamiento UV<\/strong>\u00a0Admite la personalizaci\u00f3n de l\u00e1minas de oro de 22 quilates y l\u00e1minas de plata con l\u00e1ser, con una diferencia de color de \u0394E\u22641,5 (norma Pantone). La capa de estampaci\u00f3n en caliente es\u00a0<strong>laminaci\u00f3n secundaria y curado<\/strong>\u00a0, y el n\u00famero de veces de desgaste supera las 5.000 veces, cumpliendo los requisitos de durabilidad de los art\u00edculos de lujo.<\/p>\n<h2 id=\"-7-morandi-pink-visual-system-elegant-empowerment-\"><strong>7. Sistema visual rosa, potenciaci\u00f3n elegante<\/strong><\/h2>\n<p>El color principal adopta\u00a0<strong>Pantone 13-2805 TPG (gris polvo de niebla)<\/strong>\u00a0, a\u00a0<strong>f\u00f3rmula de baja reflexi\u00f3n de la luz azul<\/strong>\u00a0certificado por el Instituto de Oftalmolog\u00eda, y el \u00edndice de fatiga visual se reduce en 37% tras una visualizaci\u00f3n continua durante 60 minutos.\u00a0<strong>Revestimiento de n\u00e1car<\/strong>\u00a0est\u00e1 integrado en la superficie de la caja, que presenta un brillo perlado natural bajo una luz c\u00e1lida de 3000K, lo que refuerza la asociaci\u00f3n con las categor\u00edas de joyer\u00eda.<\/p>\n<h2 id=\"-8-aviation-grade-ribbon-system-durable-and-value-added-\"><strong>8. Sistema de cinta de calidad aeron\u00e1utica, duradero y con valor a\u00f1adido<\/strong><\/h2>\n<p>El anillo de tiro adopta\u00a0<strong>fibra de aramida + mezcla de seda<\/strong>\u00a0cinta, con una resistencia a la rotura de 220N (norma ASTM D5035), que puede soportar m\u00e1s de 200 aperturas y cierres violentos. El extremo est\u00e1 equipado con\u00a0<strong>hebilla de aleaci\u00f3n de titanio<\/strong>que no se oxida tras 1.200 horas de prueba de niebla salina y admite el servicio de personalizaci\u00f3n de grabado.<\/p>\n<h2 id=\"technical-certification-and-value-added-services\">Certificaci\u00f3n t\u00e9cnica y servicios de valor a\u00f1adido<\/h2>\n<ul>\n<li><strong>Certificaci\u00f3n medioambiental<\/strong>: Certificaci\u00f3n forestal FSC superada, pruebas REACH SVHC 205 superadas<\/li>\n<li><strong>Servicio de personalizaci\u00f3n<\/strong>: Admite implantaci\u00f3n de chip NFC, microc\u00e1psula de aroma (fragancia de rosa\/cedro) y otros m\u00f3dulos de valor a\u00f1adido.<\/li>\n<li><strong>Garant\u00eda log\u00edstica<\/strong>: Cumple las normas de prueba de transporte ISTA 3A y ofrece un seguro de transporte con franquicia global<\/li>\n<\/ul>\n<p>La caja de regalo combina a la perfecci\u00f3n la est\u00e9tica funcional con los est\u00e1ndares artesanales de la joyer\u00eda, redefiniendo el paradigma de los envases de belleza de alta gama.<\/p>","protected":false},"excerpt":{"rendered":"<p>El dise\u00f1o deslizante es ergon\u00f3mico y permite un manejo suave con una sola mano, evitando el problema de ocupaci\u00f3n de espacio de las cajas de regalo tradicionales. El dise\u00f1o con ventana permite a los usuarios mostrar las joyas de forma intuitiva sin necesidad de abrir la caja, lo que aumenta su sensaci\u00f3n de confianza. El cuerpo de la caja, con soporte de papel revestido, tiene una gran resistencia a la presi\u00f3n y no se deforma f\u00e1cilmente durante el transporte y el apilamiento.<\/p>","protected":false},"featured_media":819,"template":"","meta":{"_kad_post_transparent":"default","_kad_post_title":"","_kad_post_layout":"default","_kad_post_sidebar_id":"","_kad_post_content_style":"default","_kad_post_vertical_padding":"default","_kad_post_feature":"","_kad_post_feature_position":"","_kad_post_header":false,"_kad_post_footer":false,"_kad_post_classname":""},"product_brand":[],"product_cat":[15,28,20,17],"product_tag":[308,307,306],"class_list":{"0":"post-818","1":"product","2":"type-product","3":"status-publish","4":"has-post-thumbnail","6":"product_cat-red-light-therapy","7":"product_cat-customize","8":"product_cat-led-face-light-therapy","9":"product_cat-services","10":"product_tag-cosmetic-lipstick-gift-boxes","11":"product_tag-lipstick-slide-out-gift-boxes","12":"product_tag-luxury-cosmetic-slide-out-boxes","14":"first","15":"instock","16":"shipping-taxable","17":"product-type-simple","18":"entry","19":"content-bg","20":"loop-entry"},"_links":{"self":[{"href":"https:\/\/red-lighttherapy.com\/es_es\/wp-json\/wp\/v2\/product\/818","targetHints":{"allow":["GET"]}}],"collection":[{"href":"https:\/\/red-lighttherapy.com\/es_es\/wp-json\/wp\/v2\/product"}],"about":[{"href":"https:\/\/red-lighttherapy.com\/es_es\/wp-json\/wp\/v2\/types\/product"}],"wp:featuredmedia":[{"embeddable":true,"href":"https:\/\/red-lighttherapy.com\/es_es\/wp-json\/wp\/v2\/media\/819"}],"wp:attachment":[{"href":"https:\/\/red-lighttherapy.com\/es_es\/wp-json\/wp\/v2\/media?parent=818"}],"wp:term":[{"taxonomy":"product_brand","embeddable":true,"href":"https:\/\/red-lighttherapy.com\/es_es\/wp-json\/wp\/v2\/product_brand?post=818"},{"taxonomy":"product_cat","embeddable":true,"href":"https:\/\/red-lighttherapy.com\/es_es\/wp-json\/wp\/v2\/product_cat?post=818"},{"taxonomy":"product_tag","embeddable":true,"href":"https:\/\/red-lighttherapy.com\/es_es\/wp-json\/wp\/v2\/product_tag?post=818"}],"curies":[{"name":"wp","href":"https:\/\/api.w.org\/{rel}","templated":true}]}}