{"id":806,"date":"2025-04-15T02:36:36","date_gmt":"2025-04-15T02:36:36","guid":{"rendered":"https:\/\/red-lighttherapy.com\/?post_type=product&#038;p=806"},"modified":"2025-04-15T02:51:40","modified_gmt":"2025-04-15T02:51:40","slug":"oem-odm-rigid-slide-drawer-style-jewelry-earring-gift-boxes","status":"publish","type":"product","link":"https:\/\/red-lighttherapy.com\/es_es\/oem-odm-rigid-slide-drawer-style-jewelry-earring-gift-boxes\/","title":{"rendered":"OEM ODM r\u00edgido estilo caj\u00f3n deslizante joyer\u00eda pendientes cajas de regalo"},"content":{"rendered":"<h2><strong>OEM ODM Caj\u00f3n de gu\u00edas r\u00edgidas <\/strong><strong>Caja de regalo para pendientes Descripci\u00f3n del producto<\/strong><\/h2>\n<h2 id=\"1-classic-box-type-and-slide-rail-nesting-design-\">1.\u00a0<strong>Dise\u00f1o cl\u00e1sico tipo caja y encajable de gu\u00edas deslizantes<\/strong><\/h2>\n<ul>\n<li>En\u00a0<strong>tipo de caja con fondo y tapa inferior<\/strong>\u00a0y el cuerpo de la caja tiene l\u00edneas sencillas y duras, que se ajustan al tono de gama alta de los productos de joyer\u00eda. La tapa de la caja y el cuerpo de la caja est\u00e1n anidados a trav\u00e9s del\u00a0<strong>sistema de gu\u00edas de precisi\u00f3n<\/strong>Las gu\u00edas se deslizan suavemente al abrirlas y cerrarlas con un ligero tir\u00f3n, ahorrando espacio y dando una sensaci\u00f3n de ritual al abrir la caja. La gu\u00eda deslizante adopta un dise\u00f1o de hebilla antica\u00edda, y no se ha aflojado tras 5000 pruebas de extracci\u00f3n.<\/li>\n<\/ul>\n<h2 id=\"2-scientific-partition-and-protective-inner-box-\">2.\u00a0<strong>Tabique cient\u00edfico y caja interior protectora<\/strong><\/h2>\n<ul>\n<li>La caja interior es de material EVA de alta densidad de color gris claro. El dise\u00f1o de la partici\u00f3n incluye\u00a0<strong>ranuras de fijaci\u00f3n de pendientes, zona de varilla para colgar collares y capa plana para pulseras<\/strong>que evita eficazmente los da\u00f1os por fricci\u00f3n en las joyas. La superficie del forro interior est\u00e1 cubierta con una capa de flocado de 0,8 mm, que tiene funciones amortiguadoras y antiest\u00e1ticas, y es adecuada para materiales f\u00e1cilmente oxidables, como joyas de plata y piedras preciosas.<\/li>\n<\/ul>\n<h2 id=\"3-material-and-surface-technology-\">3.\u00a0<strong>Tecnolog\u00eda de materiales y superficies<\/strong><\/h2>\n<ul>\n<li>El cuerpo de la caja es de\u00a0<strong>papel estucado de alta densidad<\/strong>con alta resistencia a la compresi\u00f3n y certificaci\u00f3n de seguridad REACH y RoHS de la UE. La superficie est\u00e1 cubierta con\u00a0<strong>nanorrevestimiento antidesgaste<\/strong>que tiene un tacto tan delicado como el terciopelo y es resistente a los ara\u00f1azos y a las huellas dactilares, con una fidelidad de color de m\u00e1s de 95% de Pantone.<\/li>\n<li>Opcional\u00a0<strong>estampaci\u00f3n en caliente\/estampaci\u00f3n\/grabado por l\u00e1ser<\/strong>\u00a0Tecnolog\u00eda: la estampaci\u00f3n en caliente utiliza l\u00e1minas de oro de 24 quilates, la profundidad del relieve es de 0,2 mm y la precisi\u00f3n del grabado por l\u00e1ser es de 0,015 mm, lo que permite la personalizaci\u00f3n de logotipos y dise\u00f1os.<\/li>\n<\/ul>\n<h2 id=\"4-ergonomics-and-aesthetic-design-\">4.\u00a0<strong>Ergonom\u00eda y dise\u00f1o est\u00e9tico<\/strong><\/h2>\n<ul>\n<li><strong>El color principal, marr\u00f3n y rosa, se inspira en la est\u00e9tica de los colores nude, y la textura mate transmite una sensaci\u00f3n c\u00e1lida y lujosa. El asa adopta\u00a0<\/strong>Dise\u00f1o de tubo redondo en forma de C**, con una anchura de \uff1e20cm, adecuado para que los adultos lo sujeten con cuatro dedos, con fuerza uniforme y ahorro de mano de obra, y la comodidad de apertura y cierre aumenta en 40%. Las esquinas est\u00e1n tratadas con R, redondeadas y sin rebabas, cumpliendo las normas de control de calidad ISO 9001.<\/li>\n<\/ul>\n<h2 id=\"5-flexible-production-and-quality-control-process-\">5.\u00a0<strong>Proceso flexible de producci\u00f3n y control de calidad<\/strong><\/h2>\n<ul>\n<li>Ayuda\u00a0<strong>Pedido m\u00ednimo de 500 unidades<\/strong>ciclo 8-15 d\u00edas (incluyendo 4-7 d\u00edas para pruebas). El proceso de producci\u00f3n abarca m\u00e1s de 20 procesos, como la estampaci\u00f3n de moldes, el corte por l\u00e1ser, el moldeo CNC, etc., destacando los siguientes:<\/li>\n<li><strong>Tres inspecciones manuales de calidad<\/strong>: Inspecci\u00f3n SGS de materias primas, verificaci\u00f3n de la estructura del producto semiacabado e inspecci\u00f3n de la integridad de la superficie del producto acabado;<\/li>\n<li><strong>Pulverizaci\u00f3n de revestimientos resistentes al desgaste<\/strong>: Revestimiento compuesto de pol\u00edmero, prueba de niebla salina &gt; 72 horas sin desprendimiento;<\/li>\n<li><strong>Rectificado fino de bordes y esquinas<\/strong>: Error de \u00e1ngulo R \u2264 0,1 mm, mediante detecci\u00f3n 3D del proyector.<\/li>\n<\/ul>\n<h2 id=\"6-environmental-protection-and-compliance-\">6.\u00a0<strong>Protecci\u00f3n del medio ambiente y cumplimiento de la normativa<\/strong><\/h2>\n<ul>\n<li>El material ha superado la certificaci\u00f3n forestal FSC, el proceso de laminado utiliza adhesivos a base de agua y las emisiones de COV son 50% inferiores al l\u00edmite de la UE.<\/li>\n<\/ul>\n<h2 id=\"-application-scenarios-and-customized-services-\"><strong>Escenarios de aplicaci\u00f3n y servicios personalizados<\/strong><\/h2>\n<ul>\n<li><strong>Escenarios aplicables<\/strong>: venta al por menor de joyer\u00eda de alta gama, regalos de marca, empresas conjuntas de lujo, personalizaci\u00f3n de bodas, etc;<\/li>\n<li><strong>Servicios de valor a\u00f1adido<\/strong>: proporcionamos bolsas selladas antioxidantes, soluciones de adaptaci\u00f3n segura a humedad constante y antifalsificaci\u00f3n por l\u00e1ser de etiquetas AR;<\/li>\n<li><strong>Normas de entrega<\/strong>: cada lote va acompa\u00f1ado de un informe de prueba de materiales, que respalda los servicios de log\u00edstica global DDP.<\/li>\n<\/ul>\n<h2 id=\"-technical-parameters-\"><strong>Par\u00e1metros t\u00e9cnicos<\/strong><\/h2>\n<table>\n<thead>\n<tr>\n<th>Proyecto<\/th>\n<th>Par\u00e1metros<\/th>\n<\/tr>\n<\/thead>\n<tbody>\n<tr>\n<td>Material<\/td>\n<td>Papel estucado de 450 g + forro de EVA<\/td>\n<\/tr>\n<tr>\n<td>Tama\u00f1o de la caja<\/td>\n<td>240\u00d7160\u00d760mm<\/td>\n<\/tr>\n<tr>\n<td>Capacidad de carga<\/td>\n<td>Est\u00e1tica 5kg\/din\u00e1mica 2kg<\/td>\n<\/tr>\n<tr>\n<td>Dureza de la superficie<\/td>\n<td>L\u00e1piz de dureza 3H<\/td>\n<\/tr>\n<tr>\n<td>Cantidad m\u00ednima de pedido<\/td>\n<td>500 piezas<\/td>\n<\/tr>\n<tr>\n<td>Ciclo de entrega<\/td>\n<td>15 d\u00edas para los modelos normales<\/td>\n<\/tr>\n<\/tbody>\n<\/table>\n<p><strong>Conclusi\u00f3n<\/strong>\u00a0Este producto lleva\u00a0<strong>\"est\u00e9tica visual + protecci\u00f3n funcional\"<\/strong>\u00a0como su n\u00facleo, y proporciona a las marcas una soluci\u00f3n de cadena completa, desde el envasado hasta la experiencia del usuario, a trav\u00e9s de una tecnolog\u00eda de precisi\u00f3n y un sistema de producci\u00f3n flexible. Ya se trate de la cl\u00e1sica estampaci\u00f3n en caliente o del gofrado personalizado, puede convertirse en un medio silencioso para transmitir el valor de la marca.<\/p>","protected":false},"excerpt":{"rendered":"<p>Esta caja de regalo para pendientes de joyer\u00eda estilo caj\u00f3n de papel est\u00e1 especialmente dise\u00f1ada para marcas de joyer\u00eda de alta gama. Combina la est\u00e9tica cl\u00e1sica con la artesan\u00eda moderna. Basado en el tipo de caja con tapa superior e inferior, crea una soluci\u00f3n de almacenamiento que es a la vez ceremonial y pr\u00e1ctica a trav\u00e9s de l\u00edneas geom\u00e9tricas n\u00edtidas y una estructura precisa. El producto ha superado ocho procesos de control de calidad y se ha combinado con las normas de seguridad de envasado de la UE para conseguir una garant\u00eda de calidad total desde los materiales hasta los productos acabados. Es adecuado para necesidades personalizadas en los campos de joyer\u00eda, relojer\u00eda, art\u00edculos de lujo, etc.<\/p>","protected":false},"featured_media":810,"template":"","meta":{"_kad_post_transparent":"default","_kad_post_title":"","_kad_post_layout":"default","_kad_post_sidebar_id":"","_kad_post_content_style":"default","_kad_post_vertical_padding":"default","_kad_post_feature":"","_kad_post_feature_position":"","_kad_post_header":false,"_kad_post_footer":false,"_kad_post_classname":""},"product_brand":[],"product_cat":[15,20,17],"product_tag":[301,300,302],"class_list":{"0":"post-806","1":"product","2":"type-product","3":"status-publish","4":"has-post-thumbnail","6":"product_cat-red-light-therapy","7":"product_cat-led-face-light-therapy","8":"product_cat-services","9":"product_tag-earring-drawer-style-boxes","10":"product_tag-jewelry-gift-boxes","11":"product_tag-oem-odm-rigid-boxes","13":"first","14":"instock","15":"shipping-taxable","16":"product-type-simple","17":"entry","18":"content-bg","19":"loop-entry"},"_links":{"self":[{"href":"https:\/\/red-lighttherapy.com\/es_es\/wp-json\/wp\/v2\/product\/806","targetHints":{"allow":["GET"]}}],"collection":[{"href":"https:\/\/red-lighttherapy.com\/es_es\/wp-json\/wp\/v2\/product"}],"about":[{"href":"https:\/\/red-lighttherapy.com\/es_es\/wp-json\/wp\/v2\/types\/product"}],"wp:featuredmedia":[{"embeddable":true,"href":"https:\/\/red-lighttherapy.com\/es_es\/wp-json\/wp\/v2\/media\/810"}],"wp:attachment":[{"href":"https:\/\/red-lighttherapy.com\/es_es\/wp-json\/wp\/v2\/media?parent=806"}],"wp:term":[{"taxonomy":"product_brand","embeddable":true,"href":"https:\/\/red-lighttherapy.com\/es_es\/wp-json\/wp\/v2\/product_brand?post=806"},{"taxonomy":"product_cat","embeddable":true,"href":"https:\/\/red-lighttherapy.com\/es_es\/wp-json\/wp\/v2\/product_cat?post=806"},{"taxonomy":"product_tag","embeddable":true,"href":"https:\/\/red-lighttherapy.com\/es_es\/wp-json\/wp\/v2\/product_tag?post=806"}],"curies":[{"name":"wp","href":"https:\/\/api.w.org\/{rel}","templated":true}]}}