{"id":788,"date":"2025-04-14T16:24:13","date_gmt":"2025-04-14T16:24:13","guid":{"rendered":"https:\/\/red-lighttherapy.com\/?post_type=product&#038;p=788"},"modified":"2025-04-15T02:13:05","modified_gmt":"2025-04-15T02:13:05","slug":"custom-child-resistant-boxes-drawer-rigid-box-manufacturer","status":"publish","type":"product","link":"https:\/\/red-lighttherapy.com\/es_es\/custom-child-resistant-boxes-drawer-rigid-box-manufacturer\/","title":{"rendered":"Cajas a prueba de ni\u00f1os a medida Caj\u00f3n Caja r\u00edgida Fabricante"},"content":{"rendered":"<h3 id=\"1-selected-high-quality-coated-paper-printing-touch-film-enhances-texture-\">1.\u00a0<strong>Impresi\u00f3n en papel estucado de alta calidad seleccionado, la pel\u00edcula t\u00e1ctil realza la textura<\/strong><\/h3>\n<p>El fabricante utiliza papel estucado de alta calidad como material de base, combinado con el proceso de pel\u00edcula t\u00e1ctil, para que la superficie de la caja de regalo sea delicada y lisa, suave al tacto y resistente a los ara\u00f1azos. El papel estucado utiliza la impresi\u00f3n offset, la impresi\u00f3n UV y otras tecnolog\u00edas para lograr una presentaci\u00f3n de patrones de alta precisi\u00f3n, mientras que la pel\u00edcula t\u00e1ctil puede mejorar la estratificaci\u00f3n visual, dando a la caja de regalo una textura de alta gama y una atm\u00f3sfera natural.<\/p>\n<h3 id=\"2-traditional-and-modern-elements-are-integrated-and-the-cultural-charm-is-unique-\">2.\u00a0<strong>Se integran elementos tradicionales y modernos, y el encanto cultural es \u00fanico<\/strong><\/h3>\n<p>El equipo de dise\u00f1o combina motivos tradicionales (como nubes auspiciosas y lotos) con l\u00edneas geom\u00e9tricas modernas, y conserva el encanto cultural mediante la simplificaci\u00f3n abstracta. El color utiliza colores tradicionales como el rojo chino, el azul y el azul blanco, e incorpora tendencias populares como el degradado y el contraste de colores para formar una expresi\u00f3n visual que combina el encanto cl\u00e1sico y la moda.<\/p>\n<h3 id=\"3-drawer-type-box-structure-both-protection-and-fun-\">3.\u00a0<strong>Estructura de caja tipo caj\u00f3n, a la vez protecci\u00f3n y diversi\u00f3n<\/strong><\/h3>\n<p>Adopta el dise\u00f1o de doble capa o caj\u00f3n oculto, la partici\u00f3n interna del caj\u00f3n se puede personalizar para adaptarse a regalos de diferentes tama\u00f1os, y el dise\u00f1o escalonado de apertura y cierre aumenta la diversi\u00f3n, como la activaci\u00f3n de la luz o el efecto de aparici\u00f3n gradual de patrones cuando se abre el caj\u00f3n.<\/p>\n<h3 id=\"4-opening-and-closing-ritual-design-\">4.\u00a0<strong>Dise\u00f1o del ritual de apertura y clausura<\/strong><\/h3>\n<p>Optimice la gu\u00eda del caj\u00f3n y el sistema de amortiguaci\u00f3n para garantizar una apertura y cierre ligeros y suaves. Algunos estilos est\u00e1n equipados con hebillas magn\u00e9ticas o dispositivos de resorte, que se acompa\u00f1an de un sonido \"clic\" o un efecto de ralentizaci\u00f3n al abrirse para realzar la sensaci\u00f3n de ritual de desembalaje. Algunos modelos de gama alta pueden combinarse con tiras de luz LED para proyectar logotipos de marca o luces y sombras din\u00e1micas en el momento de abrir la caja.<\/p>\n<h3 id=\"5-partial-uv-printing-strengthens-brand-logo-\">5.\u00a0<strong>La impresi\u00f3n UV parcial refuerza el logotipo de la marca<\/strong><\/h3>\n<p>Utilice la tecnolog\u00eda UV local en posiciones clave como la tapa de la caja y el borde del caj\u00f3n para resaltar el LOGO de la marca, la mascota o el s\u00edmbolo cultural mediante un recubrimiento tridimensional de alto brillo. La tinta UV tiene propiedades de resistencia al desgaste y a los ara\u00f1azos, lo que garantiza la claridad del motivo a largo plazo, a la vez que forma un contraste de textura con el sustrato mate para aumentar el impacto visual.<\/p>\n<h3 id=\"6-industry-experience-and-quality-assurance-\">6.\u00a0<strong>Experiencia en el sector y garant\u00eda de calidad<\/strong><\/h3>\n<p>El fabricante cuenta con m\u00e1s de 16 a\u00f1os de experiencia en la personalizaci\u00f3n de envases, ha superado la certificaci\u00f3n del sistema de gesti\u00f3n de calidad ISO 9001 y ha servido a marcas de m\u00faltiples campos, como el cuidado materno-infantil, la belleza y los vaporizadores electr\u00f3nicos. Cumple normas de seguridad como CE y RoHS para garantizar que los productos cumplen los requisitos internacionales de exportaci\u00f3n.<\/p>\n<h3 id=\"7-intelligent-production-and-after-sales-service-\">7.\u00a0<strong>Producci\u00f3n inteligente y servicio posventa<\/strong><\/h3>\n<p>El despliegue de sistemas ERP y MES realiza la gesti\u00f3n digital de todo el proceso de pedido, acortando el ciclo desde el dise\u00f1o y las pruebas hasta la producci\u00f3n en serie en 30%. Proporcionar servicios postventa personalizados, incluyendo sugerencias de optimizaci\u00f3n de la estructura de embalaje, reemplazo da\u00f1ado y procesamiento acelerado de pedidos de emergencia, y apoyar el seguimiento log\u00edstico global.<\/p>\n<p>&nbsp;<\/p>","protected":false},"excerpt":{"rendered":"<p>Creamos una caja de regalo de protecci\u00f3n infantil funcional, art\u00edstica y segura a trav\u00e9s de la innovaci\u00f3n de materiales, la potenciaci\u00f3n cultural y la producci\u00f3n inteligente para satisfacer las necesidades de la marca en cuanto a envases diferenciados y mejora de la experiencia del usuario.<\/p>","protected":false},"featured_media":794,"template":"","meta":{"_kad_post_transparent":"default","_kad_post_title":"","_kad_post_layout":"default","_kad_post_sidebar_id":"","_kad_post_content_style":"default","_kad_post_vertical_padding":"default","_kad_post_feature":"","_kad_post_feature_position":"","_kad_post_header":false,"_kad_post_footer":false,"_kad_post_classname":""},"product_brand":[],"product_cat":[15,20,40,17],"product_tag":[292,291,293],"class_list":{"0":"post-788","1":"product","2":"type-product","3":"status-publish","4":"has-post-thumbnail","6":"product_cat-red-light-therapy","7":"product_cat-led-face-light-therapy","8":"product_cat-red-light-therapy-panel","9":"product_cat-services","10":"product_tag-child-resistant-boxes","11":"product_tag-custom-boxes","12":"product_tag-drawer-box-manufacturer","14":"first","15":"instock","16":"shipping-taxable","17":"product-type-simple","18":"entry","19":"content-bg","20":"loop-entry"},"_links":{"self":[{"href":"https:\/\/red-lighttherapy.com\/es_es\/wp-json\/wp\/v2\/product\/788","targetHints":{"allow":["GET"]}}],"collection":[{"href":"https:\/\/red-lighttherapy.com\/es_es\/wp-json\/wp\/v2\/product"}],"about":[{"href":"https:\/\/red-lighttherapy.com\/es_es\/wp-json\/wp\/v2\/types\/product"}],"wp:featuredmedia":[{"embeddable":true,"href":"https:\/\/red-lighttherapy.com\/es_es\/wp-json\/wp\/v2\/media\/794"}],"wp:attachment":[{"href":"https:\/\/red-lighttherapy.com\/es_es\/wp-json\/wp\/v2\/media?parent=788"}],"wp:term":[{"taxonomy":"product_brand","embeddable":true,"href":"https:\/\/red-lighttherapy.com\/es_es\/wp-json\/wp\/v2\/product_brand?post=788"},{"taxonomy":"product_cat","embeddable":true,"href":"https:\/\/red-lighttherapy.com\/es_es\/wp-json\/wp\/v2\/product_cat?post=788"},{"taxonomy":"product_tag","embeddable":true,"href":"https:\/\/red-lighttherapy.com\/es_es\/wp-json\/wp\/v2\/product_tag?post=788"}],"curies":[{"name":"wp","href":"https:\/\/api.w.org\/{rel}","templated":true}]}}