{"id":782,"date":"2025-04-14T13:27:51","date_gmt":"2025-04-14T13:27:51","guid":{"rendered":"https:\/\/red-lighttherapy.com\/?post_type=product&#038;p=782"},"modified":"2025-04-15T02:36:25","modified_gmt":"2025-04-15T02:36:25","slug":"leatherette-paper-jewelry-earrings-slider-rigid-box-dealer","status":"publish","type":"product","link":"https:\/\/red-lighttherapy.com\/es_es\/leatherette-paper-jewelry-earrings-slider-rigid-box-dealer\/","title":{"rendered":"Papel de cuero sint\u00e9tico Joyer\u00eda Pendientes Slider Caja R\u00edgida Distribuidor"},"content":{"rendered":"<h2 id=\"-artificial-leather-paper-jewelry-earrings-slide-cover-hard-box-high-end-customized-packaging-solutions-\"><strong>Joyas de cuero artificial de papel pendientes de diapositivas cubierta dura caja | High-end soluciones de embalaje personalizado<\/strong><\/h2>\n<h2 id=\"-1-seiko-drawer-style-box-design-zero-error-and-anti-slip-rail-\"><strong>1. Dise\u00f1o de caja de caj\u00f3n de papel Seiko, error cero y riel antideslizante.<\/strong><\/h2>\n<ul>\n<li>La estructura de apertura y cierre del caj\u00f3n de papel, fabricada con tecnolog\u00eda de molde de precisi\u00f3n, combinada con un sistema de ra\u00edles de alta precisi\u00f3n, consigue una experiencia suave de empuje y tracci\u00f3n, garantizando que no se produzcan atascos y cero errores al abrir y cerrar.<\/li>\n<li>El limitador de carril incorporado evita eficazmente el deslizamiento accidental o los tirones excesivos, garantizando la seguridad absoluta de las joyas durante su transporte o exposici\u00f3n.<\/li>\n<\/ul>\n<h2 id=\"-2-humanized-corner-processing-safety-and-toughness-coexist-\"><strong>2. Procesamiento de esquinas humanizado, coexisten seguridad y dureza<\/strong><\/h2>\n<ul>\n<li>Las esquinas del cuerpo de la caja adoptan\u00a0<strong>tecnolog\u00eda de biselado por microarco<\/strong>, que maximiza la est\u00e9tica resistente del \u00e1ngulo recto a la vez que elimina el peligro oculto de que las esquinas afiladas corten las manos y mejora la comodidad de sujeci\u00f3n.<\/li>\n<li>Todo el cuerpo de la caja est\u00e1 recubierto con una superficie de papel de piel artificial mate, delicada y resistente al desgaste y a las manchas, que tiene en cuenta la textura de alta gama y la experiencia pr\u00e1ctica.<\/li>\n<\/ul>\n<h2 id=\"-3-environmentally-certified-special-paper-substrate-delivering-sustainable-value-\"><strong>3. Sustrato de papel especial con certificaci\u00f3n medioambiental, que aporta valor sostenible<\/strong><\/h2>\n<ul>\n<li>El material principal es\u00a0<strong>Papel de polipiel especial certificado FSC<\/strong>Las materias primas proceden de bosques gestionados de forma sostenible y cumplen las normas medioambientales mundiales.<\/li>\n<li>Mediante procesos de producci\u00f3n respetuosos con el medio ambiente, se reducen las emisiones de carbono, lo que ayuda a las marcas a establecer una imagen ecol\u00f3gica, ajust\u00e1ndose con precisi\u00f3n a las preferencias de consumo sostenible de la Generaci\u00f3n Z y de las personas con alto poder adquisitivo.<\/li>\n<\/ul>\n<h2 id=\"-4-luxurious-hot-stamping-technology-visual-texture-upgraded-\"><strong>4. Lujosa tecnolog\u00eda de estampaci\u00f3n en caliente, textura visual mejorada.<\/strong><\/h2>\n<ul>\n<li>La superficie de la caja puede personalizarse<strong>\u00a0estampaci\u00f3n en caliente\/plata\/color oro tecnolog\u00eda<\/strong>El sistema de impresi\u00f3n en relieve permite una presentaci\u00f3n de alta precisi\u00f3n de logotipos de marca, motivos o textos art\u00edsticos, creando un efecto de relieve tridimensional.<\/li>\n<li>Combinando la superficie de papel mate con el brillo met\u00e1lico, se forma una jerarqu\u00eda visual de fuerte contraste, que confiere al envase atributos de regalo de alta gama y reconocimiento de marca.<\/li>\n<\/ul>\n<h2 id=\"-5-embedded-eva-anti-seismic-lining-all-round-protection-of-jewelry-\"><strong>5. Forro antis\u00edsmico EVA incrustado, protecci\u00f3n integral de las joyas.<\/strong><\/h2>\n<ul>\n<li>El moldeado de precisi\u00f3n integrado\u00a0<strong>Forro amortiguador integrado de EVA<\/strong>\u00a0se adapta a los contornos de joyas con formas especiales, como pendientes y pulseras, para evitar sacudidas, roces y extrusiones durante el transporte.<\/li>\n<li>El grosor del forro es opcional (2 mm-5 mm), y admite un dise\u00f1o compartimentado y en capas, que es adecuado para las necesidades de almacenamiento de m\u00faltiples categor\u00edas de combinaciones de joyas, garantizando que los productos se entreguen intactos a los clientes.<\/li>\n<\/ul>\n<h2 id=\"-6-full-dimensional-customized-services-to-meet-brand-differentiation-needs-\"><strong>6. Servicios personalizados en todas las dimensiones para satisfacer las necesidades de diferenciaci\u00f3n de la marca<\/strong><\/h2>\n<ul>\n<li><strong>Dise\u00f1o de caja flexible<\/strong>: Admite m\u00faltiples m\u00e9todos de apertura y cierre, como el tipo caj\u00f3n, el tipo flip, el tipo succi\u00f3n magn\u00e9tica, etc., y el tama\u00f1o puede personalizarse (m\u00ednimo 5 cm\u00b3, m\u00e1ximo 30 cm\u00b3).<\/li>\n<li><strong>Emparejamiento personalizado de manualidades<\/strong>: Procesos de superficie opcionales, como gofrado, impresi\u00f3n UV, serigraf\u00eda, grabado por l\u00e1ser, etc., y simult\u00e1neamente ofrecemos soluciones de combinaci\u00f3n de papel, metal, tela y otros materiales.<\/li>\n<li><strong>Impresi\u00f3n exclusiva de la marca<\/strong>: Desde la impresi\u00f3n externa del cuerpo de la caja hasta la etiqueta de la cinta de revestimiento, la implantaci\u00f3n profunda de los elementos de la marca VI se apoya en todo el proceso para crear una imagen de marca integrada.<\/li>\n<\/ul>\n<h2 id=\"-application-scenarios-and-customer-value-\"><strong>Escenarios de aplicaci\u00f3n y valor para el cliente<\/strong><\/h2>\n<p>\ud83d\udd38\u00a0<strong>Marcas de joyer\u00eda<\/strong>--Incrementar el valor a\u00f1adido de los productos y reforzar el posicionamiento en el mercado de gama alta; \ud83d\udd38\u00a0<strong>Empresas de personalizaci\u00f3n de regalos<\/strong>--Atraer a los clientes que hacen regalos mediante envases diferenciados y aumentar el precio unitario del cliente; \ud83d\udd38\u00a0<strong>Canales de comercio electr\u00f3nico<\/strong>--Optimizar el rendimiento de la protecci\u00f3n log\u00edstica y reducir la tasa de p\u00e9rdidas posventa; \ud83d\udd38\u00a0<strong>Marcas respetuosas con el medio ambiente<\/strong>--Utilizar envases certificados FSC para transmitir conceptos sostenibles y mejorar el reconocimiento del usuario.<\/p>","protected":false},"excerpt":{"rendered":"<p>Esta caja r\u00edgida para joyer\u00eda con tapa deslizante de papel s\u00edmil piel est\u00e1 especialmente dise\u00f1ada para joyer\u00eda exquisita como pendientes, pulseras y anillos. Combina la artesan\u00eda y los conceptos de protecci\u00f3n del medio ambiente para crear una soluci\u00f3n de embalaje que combina la protecci\u00f3n de la seguridad, la est\u00e9tica de lujo y la alta personalizaci\u00f3n. Es adecuada para la venta al por menor de marca, regalos de gama alta y escenarios de personalizaci\u00f3n privada, ofreciendo a sus productos de joyer\u00eda garant\u00eda de calidad y tensi\u00f3n visual desde el interior hacia el exterior.<\/p>","protected":false},"featured_media":804,"template":"","meta":{"_kad_post_transparent":"default","_kad_post_title":"","_kad_post_layout":"default","_kad_post_sidebar_id":"","_kad_post_content_style":"default","_kad_post_vertical_padding":"default","_kad_post_feature":"","_kad_post_feature_position":"","_kad_post_header":false,"_kad_post_footer":false,"_kad_post_classname":""},"product_brand":[],"product_cat":[15,20,17],"product_tag":[298,299,297],"class_list":{"0":"post-782","1":"product","2":"type-product","3":"status-publish","4":"has-post-thumbnail","6":"product_cat-red-light-therapy","7":"product_cat-led-face-light-therapy","8":"product_cat-services","9":"product_tag-earrings-slider-rigid-box","10":"product_tag-jewelry-earrings-rigid-box-dealer","11":"product_tag-leatherette-paper-jewelry-box","13":"first","14":"instock","15":"shipping-taxable","16":"product-type-simple","17":"entry","18":"content-bg","19":"loop-entry"},"_links":{"self":[{"href":"https:\/\/red-lighttherapy.com\/es_es\/wp-json\/wp\/v2\/product\/782","targetHints":{"allow":["GET"]}}],"collection":[{"href":"https:\/\/red-lighttherapy.com\/es_es\/wp-json\/wp\/v2\/product"}],"about":[{"href":"https:\/\/red-lighttherapy.com\/es_es\/wp-json\/wp\/v2\/types\/product"}],"wp:featuredmedia":[{"embeddable":true,"href":"https:\/\/red-lighttherapy.com\/es_es\/wp-json\/wp\/v2\/media\/804"}],"wp:attachment":[{"href":"https:\/\/red-lighttherapy.com\/es_es\/wp-json\/wp\/v2\/media?parent=782"}],"wp:term":[{"taxonomy":"product_brand","embeddable":true,"href":"https:\/\/red-lighttherapy.com\/es_es\/wp-json\/wp\/v2\/product_brand?post=782"},{"taxonomy":"product_cat","embeddable":true,"href":"https:\/\/red-lighttherapy.com\/es_es\/wp-json\/wp\/v2\/product_cat?post=782"},{"taxonomy":"product_tag","embeddable":true,"href":"https:\/\/red-lighttherapy.com\/es_es\/wp-json\/wp\/v2\/product_tag?post=782"}],"curies":[{"name":"wp","href":"https:\/\/api.w.org\/{rel}","templated":true}]}}