{"id":776,"date":"2025-04-14T12:26:14","date_gmt":"2025-04-14T12:26:14","guid":{"rendered":"https:\/\/red-lighttherapy.com\/?post_type=product&#038;p=776"},"modified":"2025-04-14T12:50:33","modified_gmt":"2025-04-14T12:50:33","slug":"china-kraft-paper-folding-carton-for-lip-balm-gloss-eyeliner","status":"publish","type":"product","link":"https:\/\/red-lighttherapy.com\/es_es\/china-kraft-paper-folding-carton-for-lip-balm-gloss-eyeliner\/","title":{"rendered":"China Papel Kraft Cart\u00f3n Plegable para B\u00e1lsamo Labial Brillo Eyeliner"},"content":{"rendered":"<h2 id=\"-product-description-of-chinese-kraft-paper-folding-carton-\"><strong>Descripci\u00f3n de producto del cart\u00f3n plegable del papel de Kraft de China para el l\u00e1piz de ojos del lustre del b\u00e1lsamo del labio<\/strong><\/h2>\n<h2 id=\"-1-natural-materials-and-environmental-certification-\"><strong>1. Materiales naturales y certificaci\u00f3n medioambiental<\/strong><\/h2>\n<p>Este producto est\u00e1 fabricado con pasta artesanal natural, y las materias primas se obtienen a partir de recursos forestales constantes. El proceso de producci\u00f3n sigue estrictamente las normas de certificaci\u00f3n FSC, que garantizan la trazabilidad medioambiental de toda la gama, desde las materias primas hasta los productos acabados. El papel es resistente y naturalmente mate, por lo que no s\u00f3lo conserva la textura original del papel kraft, sino que tambi\u00e9n cumple los requisitos de la UE en materia de reciclabilidad y ausencia de residuos de metales pesados en los materiales de envasado.<\/p>\n<h2 id=\"-2-hot-stamping-process-and-visual-presentation-\"><strong>2. Proceso de estampaci\u00f3n en caliente y presentaci\u00f3n visual<\/strong><\/h2>\n<p>Para mejorar la\u00a0<strong>lujo y reconocimiento de marca<\/strong>\u00a0del envase, utilizamos\u00a0<strong>proceso de estampaci\u00f3n en caliente personalizado<\/strong>. Mediante una precisa tecnolog\u00eda de estampaci\u00f3n en caliente de l\u00e1minas met\u00e1licas, el logotipo de la marca, el dibujo o el texto pueden presentarse en la superficie de la caja, lo que confiere al producto un impacto visual de alta calidad. La parte estampada en caliente es muy resistente al desgaste y, con la textura natural del papel kraft, forma un efecto de contraste discreto y elegante.<\/p>\n<h2 id=\"-3-moisture-proof-performance-and-surface-treatment-\"><strong>3. Comportamiento a prueba de humedad y tratamiento de la superficie<\/strong><\/h2>\n<p>La superficie de la caja de embalaje adopta\u00a0<strong>tecnolog\u00eda de laminaci\u00f3n respetuosa con el medio ambiente<\/strong>\u00a0para formar una capa protectora transparente, que a\u00edsla eficazmente la intrusi\u00f3n de humedad y garantiza que el cuerpo de la caja pueda permanecer recto y no se deforme en un entorno h\u00famedo (como el cuarto de ba\u00f1o o el almacenamiento a alta temperatura). El material laminado cumple las normas de seguridad alimentaria, no es t\u00f3xico ni nocivo, y mejora la resistencia al rayado de la superficie de la caja.<\/p>\n<h2 id=\"-4-flexible-size-customization-service-\"><strong>4. Servicio de personalizaci\u00f3n de tama\u00f1o flexible<\/strong><\/h2>\n<p>Apoyamos\u00a0<strong>personalizaci\u00f3n a tama\u00f1o real<\/strong>Adem\u00e1s, puede ajustar el di\u00e1metro interior y la altura de la caja de embalaje seg\u00fan las especificaciones de la barra de labios o el l\u00e1piz de ojos (como el di\u00e1metro o la longitud) proporcionadas por el cliente. Por ejemplo:<\/p>\n<ul>\n<li><strong>Caja de pintalabios<\/strong>: Gama de tama\u00f1os comunes 15<em>15<\/em>80 mm a 25<em>25<\/em>120 mm;<\/li>\n<li><strong>Caja de delineadores<\/strong>: Adecuado para productos delgados, talla recomendada 12<em>12<\/em>130 mm a 18<em>18<\/em>150 mm.<\/li>\n<\/ul>\n<h2 id=\"-5-diversified-box-type-selection-\"><strong>5. Selecci\u00f3n diversificada del tipo de caja<\/strong><\/h2>\n<p>Adem\u00e1s de la caja plegable b\u00e1sica, ofrecemos lo siguiente\u00a0<strong>soluciones de gama alta tipo caja<\/strong>\u00a0para responder a las necesidades de posicionamiento de las distintas marcas:<\/p>\n<ul>\n<li><strong>Caja con tapa y base<\/strong>: El dise\u00f1o dividido superior e inferior tiene un fuerte sentido de ceremonia de apertura y cierre, adecuado para envases de regalo de gama alta;<\/li>\n<li><strong>Cajonera<\/strong>: La estructura tipo caj\u00f3n lleva incorporada una ranura para tarjetas para fijar el producto, lo que resulta pr\u00e1ctico e interesante;<\/li>\n<li><strong>Caja con cierre magn\u00e9tico<\/strong>: La tapa de la caja tiene un im\u00e1n incorporado, que cierra firmemente y es f\u00e1cil de abrir y cerrar, adecuado para escenarios de venta al por menor frecuentes. Otros tipos de caja opcionales incluyen cajas de doble inserci\u00f3n, cajas con forma de libro, etc., que admiten el dise\u00f1o de estructuras especiales de apertura y cierre seg\u00fan las necesidades.<\/li>\n<\/ul>\n<h2 id=\"-6-comprehensive-advantages-and-applicable-scenarios-\"><strong>6. Ventajas generales y escenarios aplicables<\/strong><\/h2>\n<ul>\n<li><strong>Protecci\u00f3n del medio ambiente<\/strong>: 100% materiales biodegradables, en consonancia con los requisitos de las plataformas de comercio electr\u00f3nico transfronterizo (como Amazon y AliExpress) en materia de envases sostenibles;<\/li>\n<li><strong>Potenciaci\u00f3n de la marca<\/strong>: Admite la impresi\u00f3n de LOGOTIPOS, la combinaci\u00f3n de colores planos Pantone y la tecnolog\u00eda UV local para mejorar la unidad visual de la marca;<\/li>\n<li><strong>Amplia aplicaci\u00f3n<\/strong>: Adecuado para mostradores de cosm\u00e9ticos, comercio electr\u00f3nico, cajas de regalo para las fiestas y envases de productos de edici\u00f3n limitada.<\/li>\n<\/ul>","protected":false},"excerpt":{"rendered":"<p>Esta caja de papel kraft para l\u00e1pices de labios y delineadores de ojos tiene un tratamiento de revestimiento de la superficie que hace que el producto sea a prueba de humedad y no se deforme en un entorno h\u00famedo. El proceso de estampaci\u00f3n en caliente confiere al envase una presentaci\u00f3n visual lujosa y de alta calidad.<\/p>","protected":false},"featured_media":780,"template":"","meta":{"_kad_post_transparent":"default","_kad_post_title":"","_kad_post_layout":"default","_kad_post_sidebar_id":"","_kad_post_content_style":"default","_kad_post_vertical_padding":"default","_kad_post_feature":"","_kad_post_feature_position":"","_kad_post_header":false,"_kad_post_footer":false,"_kad_post_classname":""},"product_brand":[],"product_cat":[15,28,24,17],"product_tag":[288,290,289],"class_list":{"0":"post-776","1":"product","2":"type-product","3":"status-publish","4":"has-post-thumbnail","6":"product_cat-red-light-therapy","7":"product_cat-customize","8":"product_cat-red-light-therapy-bed","9":"product_cat-services","10":"product_tag-cosmetic-packaging-solution","11":"product_tag-custom-lip-gloss-boxes","12":"product_tag-lip-gloss-boxes-bespoke","14":"first","15":"instock","16":"shipping-taxable","17":"product-type-simple","18":"entry","19":"content-bg","20":"loop-entry"},"_links":{"self":[{"href":"https:\/\/red-lighttherapy.com\/es_es\/wp-json\/wp\/v2\/product\/776","targetHints":{"allow":["GET"]}}],"collection":[{"href":"https:\/\/red-lighttherapy.com\/es_es\/wp-json\/wp\/v2\/product"}],"about":[{"href":"https:\/\/red-lighttherapy.com\/es_es\/wp-json\/wp\/v2\/types\/product"}],"wp:featuredmedia":[{"embeddable":true,"href":"https:\/\/red-lighttherapy.com\/es_es\/wp-json\/wp\/v2\/media\/780"}],"wp:attachment":[{"href":"https:\/\/red-lighttherapy.com\/es_es\/wp-json\/wp\/v2\/media?parent=776"}],"wp:term":[{"taxonomy":"product_brand","embeddable":true,"href":"https:\/\/red-lighttherapy.com\/es_es\/wp-json\/wp\/v2\/product_brand?post=776"},{"taxonomy":"product_cat","embeddable":true,"href":"https:\/\/red-lighttherapy.com\/es_es\/wp-json\/wp\/v2\/product_cat?post=776"},{"taxonomy":"product_tag","embeddable":true,"href":"https:\/\/red-lighttherapy.com\/es_es\/wp-json\/wp\/v2\/product_tag?post=776"}],"curies":[{"name":"wp","href":"https:\/\/api.w.org\/{rel}","templated":true}]}}