{"id":770,"date":"2025-04-14T11:10:04","date_gmt":"2025-04-14T11:10:04","guid":{"rendered":"https:\/\/red-lighttherapy.com\/?post_type=product&#038;p=770"},"modified":"2025-04-14T12:25:23","modified_gmt":"2025-04-14T12:25:23","slug":"vendor-folding-carton-for-bluetooth-earphone-electronics","status":"publish","type":"product","link":"https:\/\/red-lighttherapy.com\/es_es\/vendor-folding-carton-for-bluetooth-earphone-electronics\/","title":{"rendered":"Vendedor de cart\u00f3n plegable para auriculares Bluetooth Electr\u00f3nica"},"content":{"rendered":"<h2 id=\"-1-double-card-box-design-imported-heidelberg-printing-process-\"><strong>1. Dise\u00f1o de caja de doble tarjeta y proceso de impresi\u00f3n Heidelberg importado.<\/strong><\/h2>\n<p>La innovadora estructura de la caja de cart\u00f3n doble se combina con la tecnolog\u00eda de impresi\u00f3n de alta precisi\u00f3n de la m\u00e1quina de impresi\u00f3n Heidelberg, importada de Alemania, para garantizar que el dise\u00f1o sea brillante y vivo con una alta reproducci\u00f3n del color. La m\u00e1quina de impresi\u00f3n Heidelberg es conocida por su control digital, sus puntos n\u00edtidos y su volumen de tinta preciso, que pueden satisfacer los estrictos requisitos de la marca en cuanto a efectos visuales del envase y mejorar significativamente el estilo y el reconocimiento del producto.<\/p>\n<h2 id=\"-2-window-film-display-function-\"><strong>2. Funci\u00f3n de visualizaci\u00f3n de la pel\u00edcula en el escaparate<\/strong><\/h2>\n<p>El cuerpo de la caja est\u00e1 dise\u00f1ado con una estructura de ventana, a la que se adhiere una pel\u00edcula transparente de alta definici\u00f3n (como material de PVC o PET) para mostrar intuitivamente la apariencia del producto auricular y mejorar el primer atractivo visual del consumidor. La pel\u00edcula est\u00e1 firmemente combinada con el cart\u00f3n blanco y es resistente a los ara\u00f1azos y a la transmisi\u00f3n de la luz. Resulta id\u00f3nea para la exposici\u00f3n en comercios electr\u00f3nicos y en escenarios de venta al por menor fuera de l\u00ednea para mejorar la experiencia del usuario.<\/p>\n<h2 id=\"-3-350g-white-cardboard-material-process-details-\"><strong>3. Cart\u00f3n blanco de 350 g Material y detalles del proceso<\/strong><\/h2>\n<p>El cuerpo de la caja est\u00e1 hecho de cart\u00f3n blanco de 350 g de alto gramaje, que tiene una excelente rigidez y una fuerte resistencia a la presi\u00f3n, protegiendo eficazmente los productos internos. La superficie del cart\u00f3n blanco es muy lisa, y combinada con el proceso de impresi\u00f3n offset de la imprenta Heidelberg, puede conseguir delicados colores degradados y efectos de estampaci\u00f3n en caliente\/plateado del logotipo de la marca. El forro adopta una estructura plegable personalizada, teniendo en cuenta tanto la protecci\u00f3n como el aprovechamiento del espacio.<\/p>\n<h2 id=\"-4-card-box-flat-design-cost-optimization-\"><strong>4. Dise\u00f1o plano de cajas de cart\u00f3n y optimizaci\u00f3n de costes<\/strong><\/h2>\n<p>El dise\u00f1o de plegado de la caja de cart\u00f3n permite el env\u00edo plano, y la tasa de compresi\u00f3n del volumen de transporte alcanza m\u00e1s de 70%, lo que reduce significativamente los costes log\u00edsticos. El proceso de moldeado integrado reduce el proceso de montaje, y con la l\u00ednea de producci\u00f3n automatizada (como la impresi\u00f3n offset, el troquelado y el equipo integrado de encolado de cajas), la capacidad de producci\u00f3n diaria puede alcanzar m\u00e1s de 10.000 piezas, realizando una reducci\u00f3n de costes a gran escala.<\/p>\n<h2 id=\"-5-supply-chain-and-quality-assurance-\"><strong>5. Cadena de suministro y garant\u00eda de calidad<\/strong><\/h2>\n<p>Con 16 a\u00f1os de experiencia en f\u00e1bricas de origen y un sistema maduro de cadena de suministro, todo el proceso, desde la adquisici\u00f3n del papel hasta el embalaje del producto acabado, es controlable. La f\u00e1brica ha superado la certificaci\u00f3n ISO y controla estrictamente las materias primas del cart\u00f3n blanco (como el cart\u00f3n blanco de base gris o el papel de pulpa de madera importado) y los errores de impresi\u00f3n (\u00b10,01 mm) para garantizar la consistencia de los lotes. Admite la personalizaci\u00f3n de lotes peque\u00f1os y responde con flexibilidad a las necesidades de los clientes.<\/p>\n<h2 id=\"-6-foreign-trade-services-and-one-stop-support-\"><strong>6. Servicios de comercio exterior y ventanilla \u00fanica<\/strong><\/h2>\n<p>El equipo profesional de comercio exterior ofrece servicios multiling\u00fces (ingl\u00e9s, espa\u00f1ol, etc.) y cubre los principales mercados, como Europa, Am\u00e9rica y el Sudeste Asi\u00e1tico. Apoyar las calificaciones de exportaci\u00f3n transfronteriza y la certificaci\u00f3n de cumplimiento de la plataforma (como los requisitos de embalaje de Amazon y eBay), y proporcionar servicios de proceso completo, como pruebas de dise\u00f1o, log\u00edstica de declaraci\u00f3n de aduanas y compensaci\u00f3n posventa para reducir la complejidad de las operaciones del cliente.<\/p>\n<h2><strong>7. Servicios de valor a\u00f1adido y referencias de casos<\/strong><\/h2>\n<ul>\n<li><strong>Apoyo al dise\u00f1o<\/strong>: Puede aportar soluciones est\u00e9ticas sencillas (como caja de textura blanca mate, estructura magn\u00e9tica de apertura y cierre) o elementos tecnol\u00f3gicos (como indicadores luminosos semitransparentes);<\/li>\n<li><strong>Opciones de protecci\u00f3n del medio ambiente<\/strong>: Proporcionamos papel certificado FSC e impresi\u00f3n con tinta al agua, de acuerdo con las normas de protecci\u00f3n medioambiental de la UE;<\/li>\n<li><strong>Cooperaci\u00f3n en materia de almacenamiento<\/strong>: Soporta inventario gestionado y modo VMI, acortando el ciclo de entrega a 7-10 d\u00edas.<\/li>\n<\/ul>","protected":false},"excerpt":{"rendered":"<p>Este dise\u00f1o es una caja de cart\u00f3n de doble inserci\u00f3n. Toda la caja est\u00e1 hecha de cart\u00f3n blanco de 350 g, que es r\u00edgido y tiene un buen efecto de impresi\u00f3n. La ventana y la pel\u00edcula pueden mostrar mejor el producto.<\/p>","protected":false},"featured_media":771,"template":"","meta":{"_kad_post_transparent":"default","_kad_post_title":"","_kad_post_layout":"default","_kad_post_sidebar_id":"","_kad_post_content_style":"default","_kad_post_vertical_padding":"default","_kad_post_feature":"","_kad_post_feature_position":"","_kad_post_header":false,"_kad_post_footer":false,"_kad_post_classname":""},"product_brand":[],"product_cat":[15,24,17],"product_tag":[285,286,287],"class_list":{"0":"post-770","1":"product","2":"type-product","3":"status-publish","4":"has-post-thumbnail","6":"product_cat-red-light-therapy","7":"product_cat-red-light-therapy-bed","8":"product_cat-services","9":"product_tag-folding-carton-for-bluetooth","10":"product_tag-folding-carton-for-earphone","11":"product_tag-vendor-folding-carton","13":"first","14":"instock","15":"shipping-taxable","16":"product-type-simple","17":"entry","18":"content-bg","19":"loop-entry"},"_links":{"self":[{"href":"https:\/\/red-lighttherapy.com\/es_es\/wp-json\/wp\/v2\/product\/770","targetHints":{"allow":["GET"]}}],"collection":[{"href":"https:\/\/red-lighttherapy.com\/es_es\/wp-json\/wp\/v2\/product"}],"about":[{"href":"https:\/\/red-lighttherapy.com\/es_es\/wp-json\/wp\/v2\/types\/product"}],"wp:featuredmedia":[{"embeddable":true,"href":"https:\/\/red-lighttherapy.com\/es_es\/wp-json\/wp\/v2\/media\/771"}],"wp:attachment":[{"href":"https:\/\/red-lighttherapy.com\/es_es\/wp-json\/wp\/v2\/media?parent=770"}],"wp:term":[{"taxonomy":"product_brand","embeddable":true,"href":"https:\/\/red-lighttherapy.com\/es_es\/wp-json\/wp\/v2\/product_brand?post=770"},{"taxonomy":"product_cat","embeddable":true,"href":"https:\/\/red-lighttherapy.com\/es_es\/wp-json\/wp\/v2\/product_cat?post=770"},{"taxonomy":"product_tag","embeddable":true,"href":"https:\/\/red-lighttherapy.com\/es_es\/wp-json\/wp\/v2\/product_tag?post=770"}],"curies":[{"name":"wp","href":"https:\/\/api.w.org\/{rel}","templated":true}]}}