{"id":750,"date":"2025-04-14T09:34:38","date_gmt":"2025-04-14T09:34:38","guid":{"rendered":"https:\/\/red-lighttherapy.com\/?post_type=product&#038;p=750"},"modified":"2025-04-14T09:46:20","modified_gmt":"2025-04-14T09:46:20","slug":"custom-recycled-kraft-paper-candle-cardboard-boxes-wholesale","status":"publish","type":"product","link":"https:\/\/red-lighttherapy.com\/es_es\/custom-recycled-kraft-paper-candle-cardboard-boxes-wholesale\/","title":{"rendered":"Cajas de cart\u00f3n reciclado para velas al por mayor"},"content":{"rendered":"<h2 id=\"customized-recycled-kraft-paper-candle-packaging-box-products\">Productos de embalaje de velas de papel kraft reciclado personalizados<\/h2>\n<h2 id=\"-1-full-link-eco-friendly-material-degradable-recycled-kraft-paper-card-box-\"><strong>1. Material ecol\u00f3gico de enlace completo: caja de cart\u00f3n de papel kraft reciclado degradable.<\/strong><\/h2>\n<p>Utilizando\u00a0<strong>Papel kraft reciclado con certificaci\u00f3n FSC<\/strong>\u00a0como material de base, las materias primas proceden de recursos forestales gestionados de forma sostenible, y el gramaje del papel oscila entre 250 y 450 g y puede personalizarse, teniendo en cuenta tanto la resistencia como las propiedades de protecci\u00f3n del medio ambiente.\u00a0<strong>Impresi\u00f3n con tinta ecol\u00f3gica a base de agua<\/strong>\u00a0en el proceso de producci\u00f3n, sin residuos de metales pesados, de conformidad con la normativa REACH de la UE y las normas de la FDA estadounidense. El producto puede degradarse completamente en\u00a0<strong>6-12 meses<\/strong>\u00a0en el medio natural, con una tasa de reciclado superior a 90%, cumpliendo los requisitos de la econom\u00eda circular.<\/p>\n<h2 id=\"-2-innovative-window-design-balancing-the-sense-of-ritual-and-trust-\"><strong>2. Dise\u00f1o innovador de ventanas: equilibrio entre el sentido del ritual y la confianza<\/strong><\/h2>\n<ul>\n<li><strong>Ventana visual<\/strong>: Utilizando la tecnolog\u00eda de ahuecado por l\u00e1ser para crear una ventana de forma especial (redonda\/forma de p\u00e9talo opcional), cubierta con\u00a0<strong>film transparente de PE degradable<\/strong>Adem\u00e1s de conservar la sorpresa de abrir la caja, permite al consumidor observar directamente la textura de la vela y la integridad del cuerpo de cera.<\/li>\n<\/ul>\n<h2 id=\"-3-natural-aesthetics-presentation-petal-color-jump-process-\"><strong>3. Presentaci\u00f3n est\u00e9tica natural: proceso de salto de color de los p\u00e9talos<\/strong><\/h2>\n<ul>\n<li><strong>Tratamiento de superficies<\/strong>: A trav\u00e9s de\u00a0<strong>Acristalamiento local UV + proceso de estampaci\u00f3n en caliente<\/strong>,\u00a0<strong>Morandi patr\u00f3n de p\u00e9talos de color<\/strong>\u00a0se superpone a la base de color natural del papel kraft para simular la textura natural de las plantas. La zona de salto de color est\u00e1 serigrafiada con tinta de soja, y el valor de diferencia de color \u0394E\u22641,5, lo que refuerza la imagen natural a la vez que evita la fatiga visual.<\/li>\n<li><strong>Mejora t\u00e1ctil<\/strong>: La zona de los p\u00e9talos a\u00f1ade\u00a0<strong>tratamiento de microestampado<\/strong>y el tacto simula la textura de los p\u00e9talos reales para aumentar el valor de la experiencia sensorial del envase.<\/li>\n<\/ul>\n<h2 id=\"-4-functional-extension-design-empty-box-transformation-guide-\"><strong>4. Dise\u00f1o de extensi\u00f3n funcional: Gu\u00eda de transformaci\u00f3n de cajas vac\u00edas<\/strong><\/h2>\n<p>Proporcione\u00a0<strong>Instrucciones de transformaci\u00f3n DIY<\/strong>\u00a0para guiar a los consumidores a transformar cajas vac\u00edas en<\/p>\n<ul>\n<li><strong>Caja de almacenamiento<\/strong>: La caja lleva preinstalado un tabique desmontable (el material es el mismo que el del cuerpo de la caja), adecuado para guardar objetos peque\u00f1os como joyas y art\u00edculos de papeler\u00eda;<\/li>\n<li><strong>Contenedor de plantaci\u00f3n<\/strong>: El fondo de la caja est\u00e1 preconfigurado con una l\u00ednea de troquelado de orificios de drenaje, y se combina con una caja ciega de semillas para dar una segunda vida al envase. El plan de transformaci\u00f3n est\u00e1 vinculado a la plataforma interactiva de medios sociales de la marca a trav\u00e9s de un\u00a0<strong>C\u00f3digo QR<\/strong>\u00a0para potenciar la participaci\u00f3n de los usuarios.<\/li>\n<\/ul>\n<h2 id=\"-5-compliance-label-system-meet-the-requirements-of-the-european-and-american-markets-\"><strong>5. Sistema de etiquetado conforme: cumple los requisitos de los mercados europeo y estadounidense.<\/strong><\/h2>\n<ul>\n<li><strong>Etiqueta de informaci\u00f3n<\/strong>: La impresi\u00f3n del cuerpo de la caja incluye\u00a0<strong>Marca CE, marca de reciclaje (\u267b), icono de certificaci\u00f3n FSC<\/strong>y la lista de ingredientes (incluida la base de cera, la fragancia, el tiempo de combusti\u00f3n, etc.);<\/li>\n<li><strong>Atributos personalizados hechos a mano<\/strong>:\u00a0<strong>Codificaci\u00f3n de lotes de sellos de pintura<\/strong>\u00a0+ estampado en caliente con la firma del artesano, cada producto se marca con un n\u00famero independiente (como HN-XXXXX-CR) para realzar la sensaci\u00f3n de temperatura artesanal;<\/li>\n<li><strong>Instrucciones multiling\u00fces<\/strong>: Las advertencias de seguridad y las instrucciones de uso est\u00e1n marcadas en ingl\u00e9s\/espa\u00f1ol\/franc\u00e9s, de conformidad con la \"Directiva sobre envases y residuos de envases\" de la UE y los requisitos de la CPSC de EE. UU.<\/li>\n<\/ul>\n<h2 id=\"-6-efficient-production-and-cost-advantages-\"><strong>6. Producci\u00f3n eficiente y ventajas econ\u00f3micas<\/strong><\/h2>\n<ul>\n<li><strong>Dise\u00f1o de cajas<\/strong>: Adoptar\u00a0<strong>estructura de caja de cart\u00f3n de una sola pieza<\/strong>, la placa de troquelado es adecuada para la plegadora encoladora autom\u00e1tica de alta velocidad, con una capacidad de producci\u00f3n diaria de 5 millones de piezas, y se puede producir una cantidad m\u00ednima de pedido de 500 piezas;<\/li>\n<li><strong>Ventaja del precio unitario<\/strong>: El precio unitario de los pedidos de gran volumen (m\u00e1s de 1 mill\u00f3n de piezas) puede ser tan bajo como\u00a0<strong>US$0.1\/pieza<\/strong>\u00a0(basada en caja est\u00e1ndar de papel kraft de 350 g), admite LOGO estampado en caliente, apertura de ventana y otras necesidades personalizadas sin recargo;<\/li>\n<li><strong>Optimizaci\u00f3n log\u00edstica<\/strong>: El grosor del cuerpo de la caja en el estado desplegado es \u22643mm, lo que ahorra 60% de espacio de almacenamiento en comparaci\u00f3n con el embalaje tradicional, y es adecuado para el comercio electr\u00f3nico transfronterizo entrega directa de paquetes peque\u00f1os.<\/li>\n<\/ul>","protected":false},"excerpt":{"rendered":"<p>La caja de cart\u00f3n est\u00e1 hecha de papel kraft degradable, f\u00e1cil de reciclar y totalmente respetuoso con el medio ambiente. El dise\u00f1o de la ventana mantiene la sensaci\u00f3n de sorpresa al abrir la caja y resuelve el problema de \"confianza visual\" del consumidor.<\/p>","protected":false},"featured_media":757,"template":"","meta":{"_kad_post_transparent":"default","_kad_post_title":"","_kad_post_layout":"default","_kad_post_sidebar_id":"","_kad_post_content_style":"default","_kad_post_vertical_padding":"default","_kad_post_feature":"","_kad_post_feature_position":"","_kad_post_header":false,"_kad_post_footer":false,"_kad_post_classname":""},"product_brand":[],"product_cat":[15,24,17],"product_tag":[280,279,281],"class_list":{"0":"post-750","1":"product","2":"type-product","3":"status-publish","4":"has-post-thumbnail","6":"product_cat-red-light-therapy","7":"product_cat-red-light-therapy-bed","8":"product_cat-services","9":"product_tag-candle-cardboard-boxes","10":"product_tag-custom-candle-boxes-wholesale","11":"product_tag-custom-candle-cardboard-boxes","13":"first","14":"instock","15":"shipping-taxable","16":"product-type-simple","17":"entry","18":"content-bg","19":"loop-entry"},"_links":{"self":[{"href":"https:\/\/red-lighttherapy.com\/es_es\/wp-json\/wp\/v2\/product\/750","targetHints":{"allow":["GET"]}}],"collection":[{"href":"https:\/\/red-lighttherapy.com\/es_es\/wp-json\/wp\/v2\/product"}],"about":[{"href":"https:\/\/red-lighttherapy.com\/es_es\/wp-json\/wp\/v2\/types\/product"}],"wp:featuredmedia":[{"embeddable":true,"href":"https:\/\/red-lighttherapy.com\/es_es\/wp-json\/wp\/v2\/media\/757"}],"wp:attachment":[{"href":"https:\/\/red-lighttherapy.com\/es_es\/wp-json\/wp\/v2\/media?parent=750"}],"wp:term":[{"taxonomy":"product_brand","embeddable":true,"href":"https:\/\/red-lighttherapy.com\/es_es\/wp-json\/wp\/v2\/product_brand?post=750"},{"taxonomy":"product_cat","embeddable":true,"href":"https:\/\/red-lighttherapy.com\/es_es\/wp-json\/wp\/v2\/product_cat?post=750"},{"taxonomy":"product_tag","embeddable":true,"href":"https:\/\/red-lighttherapy.com\/es_es\/wp-json\/wp\/v2\/product_tag?post=750"}],"curies":[{"name":"wp","href":"https:\/\/api.w.org\/{rel}","templated":true}]}}