{"id":744,"date":"2025-04-14T09:22:01","date_gmt":"2025-04-14T09:22:01","guid":{"rendered":"https:\/\/red-lighttherapy.com\/?post_type=product&#038;p=744"},"modified":"2025-04-14T09:34:22","modified_gmt":"2025-04-14T09:34:22","slug":"wholesale-custom-packaging-box-for-cuticle-oil-pen-lip-gloss","status":"publish","type":"product","link":"https:\/\/red-lighttherapy.com\/es_es\/wholesale-custom-packaging-box-for-cuticle-oil-pen-lip-gloss\/","title":{"rendered":"Mayorista Caja de Embalaje Personalizada para Aceite de Cut\u00edcula L\u00e1piz Brillo de Labios"},"content":{"rendered":"<h2 id=\"-wholesale-custom-packaging-box-products-for-nail-polish-pens-and-lip-gloss-\"><strong>Venta al por mayor de productos personalizados caja de embalaje para las plumas de esmalte de u\u00f1as y brillo de labios<\/strong><\/h2>\n<h2 id=\"-1-innovative-folding-card-box-design-to-optimize-storage-and-logistics-efficiency-\"><strong>1. Innovador dise\u00f1o de caja de cart\u00f3n plegable para optimizar el almacenamiento y la eficiencia log\u00edstica.<\/strong><\/h2>\n<p>El dise\u00f1o de la caja de cart\u00f3n plegable puede aplanarse completamente cuando est\u00e1 vac\u00eda, con un \u00edndice de compresi\u00f3n de m\u00e1s de 50%, lo que reduce enormemente el espacio de almacenamiento ocupado. Se transporta de forma plana durante el env\u00edo, y la capacidad de carga log\u00edstica \u00fanica se incrementa en 30%, lo que supone un ahorro efectivo en costes de transporte. El cuerpo de la caja optimiza la precisi\u00f3n de plegado mediante el proceso combinado de \"l\u00ednea de trazado + l\u00ednea de cuchillas\" para garantizar que la estructura sea estable tras el moldeado y adaptarse a los requisitos de embalaje de alta velocidad de la l\u00ednea de producci\u00f3n automatizada.<\/p>\n<h2 id=\"-2-pink-main-color-and-cherry-elements-convey-the-concept-of-sweet-care-\"><strong>2. El color principal rosa y los elementos de cereza transmiten el concepto de dulce cuidado<\/strong><\/h2>\n<p>El cuerpo de la caja es principalmente rosa degradado, con un dibujo de cerezas pintado a mano, y la plenitud y dulzura de la fruta se presentan mediante t\u00e9cnicas de difuminado en acuarela. La zona central visual adopta un\u00a0<strong>dise\u00f1o de alto contraste<\/strong>La combinaci\u00f3n del rojo cereza y el color base polvo mate crea una asociaci\u00f3n emocional de \"dulce cuidado\" y refuerza el recuerdo de la marca. El lateral se completa con el logotipo dorado de la marca estampado en caliente para realzar la textura de gama alta.<\/p>\n<h2 id=\"-third-layered-information-layout-to-enhance-brand-recognition-\"><strong>3. Disposici\u00f3n de la informaci\u00f3n por capas para mejorar el reconocimiento de la marca<\/strong><\/h2>\n<ul>\n<li><strong>Capa de enfoque visual<\/strong>: El \u00e1rea superior 20% se centra en mostrar el nombre de la marca y la eficacia del producto principal (como \"retenci\u00f3n del color 24H\" y \"esencia vegetal\"), utilizando tecnolog\u00eda de impresi\u00f3n en relieve tridimensional, que atrae tanto al tacto como a la vista;<\/li>\n<li><strong>Capa de descripci\u00f3n de funciones<\/strong>: En la parte central se utilizan iconos sencillos + un breve texto para presentar las caracter\u00edsticas de seguridad y resistencia al agua de los ingredientes, y el tipo de letra utiliza una fuente sin gracias redondeada para mejorar la legibilidad;<\/li>\n<li><strong>Capa de informaci\u00f3n reglamentaria<\/strong>: La fecha de producci\u00f3n, el n\u00famero de licencia, etc. est\u00e1n dispuestos en caracteres peque\u00f1os en la parte inferior, lo que cumple con las normas de la industria al tiempo que evita interferencias con la visi\u00f3n principal.<\/li>\n<\/ul>\n<h2 id=\"-fourth-matte-film-surface-treatment-taking-into-account-both-texture-and-practicality-\"><strong>4. Tratamiento superficial de pel\u00edcula mate, teniendo en cuenta tanto la textura como la practicidad.<\/strong><\/h2>\n<p>La superficie de la caja est\u00e1 cubierta con\u00a0<strong>Pel\u00edcula mate de BOPP<\/strong>de tacto tan delicado como la seda y con las siguientes funciones:<\/p>\n<ul>\n<li><strong>Impermeable y resistente al aceite<\/strong>: Resiste eficazmente las salpicaduras de l\u00edquidos cosm\u00e9ticos y puede limpiarse con un pa\u00f1o;<\/li>\n<li><strong>Resistente a los ara\u00f1azos y al desgaste<\/strong>: La tecnolog\u00eda de revestimiento UV reduce la p\u00e9rdida por fricci\u00f3n en el transporte y mantiene el dibujo duradero y brillante;<\/li>\n<li><strong>Certificaci\u00f3n medioambiental<\/strong>: Ha superado las pruebas de la norma REACH, no es t\u00f3xico ni nocivo y puede entrar en contacto directo con la pasta.<\/li>\n<\/ul>\n<h2 id=\"-v-portable-structure-suitable-for-multiple-categories-of-cosmetics-\"><strong>5. Estructura port\u00e1til adecuada para m\u00faltiples categor\u00edas de cosm\u00e9ticos<\/strong><\/h2>\n<p>La caja est\u00e1 dise\u00f1ada con un\u00a0<strong>Forro de algod\u00f3n perlado EPE<\/strong>, que puede colocar con precisi\u00f3n los l\u00e1pices de esmalte de u\u00f1as, esmalte de labios, aceite para el cuidado de las cut\u00edculas y otros productos de diferentes especificaciones (soporta la personalizaci\u00f3n de 5-15cm de altura). La parte superior est\u00e1 reservada para la estructura de encaje magn\u00e9tico, que se puede abrir y cerrar con una sola mano, adecuado para llevar el maquillaje.\u00a0<strong>Versi\u00f3n en envase de porciones peque\u00f1as<\/strong>\u00a0(como la minicaja de regalo de 4 envases) para satisfacer las necesidades de los envases de prueba de los supermercados.<\/p>\n<h2 id=\"-vi-highly-customized-service-empowering-brand-differentiation-\"><strong>6. Servicio altamente personalizado, que potencia la diferenciaci\u00f3n de la marca<\/strong><\/h2>\n<p>Gracias a nuestros 16 a\u00f1os de experiencia en la producci\u00f3n de envases, ofrecemos un servicio integral de personalizaci\u00f3n:<\/p>\n<ul>\n<li><strong>Selecci\u00f3n de materiales<\/strong>bamb\u00fa, cart\u00f3n blanco, papel de ca\u00f1a de az\u00facar y otros sustratos respetuosos con el medio ambiente son opcionales, con una dureza superior a 300G;<\/li>\n<li><strong>Actualizaci\u00f3n del proceso<\/strong>: Admite m\u00e1s de 20 tecnolog\u00edas de tratamiento de superficies, como estampaci\u00f3n en caliente, serigraf\u00eda, gofrado l\u00e1ser, etc;<\/li>\n<li><strong>Ampliaci\u00f3n de funciones<\/strong>: Se pueden incrustar chips RFID para lograr una trazabilidad antifalsificaci\u00f3n, o a\u00f1adir revestimientos sensibles a la temperatura para adaptarse al transporte en cadena de fr\u00edo.<\/li>\n<\/ul>\n<h2 id=\"-seven-mature-supply-chain-guarantee-one-stop-delivery-without-worries-\"><strong>7. Garant\u00eda de cadena de suministro madura, entrega \u00fanica sin preocupaciones<\/strong><\/h2>\n<p>Como fabricante profesional con 16 a\u00f1os de experiencia en la industria, hemos servido a m\u00e1s de 500.000 marcas de belleza, y nuestros principales productos incluyen:<\/p>\n<ul>\n<li><strong>Tipo de caja cl\u00e1sica<\/strong>Caja de regalo con tapa superior e inferior, caja cil\u00edndrica, caja de cart\u00f3n tipo caj\u00f3n, bolsa de papel con forma especial;<\/li>\n<li><strong>Ventaja de productividad<\/strong>: Termine las pruebas en 72 horas y consiga una producci\u00f3n en serie de 10.000 pedidos en 15 d\u00edas;<\/li>\n<li><strong>Asistencia posventa<\/strong>: Proporcionar servicios de ciclo completo, como orientaci\u00f3n para la gesti\u00f3n del color y soluciones de almacenamiento a prueba de humedad.<\/li>\n<\/ul>","protected":false},"excerpt":{"rendered":"<p>Tipo de caja de cart\u00f3n plegable, env\u00edo plano, ahorrando espacio de almacenamiento y gastos de env\u00edo. El cuerpo de la caja es de color rosa como color principal, con estampado de cerezas, creando la asociaci\u00f3n emocional de \"dulce cuidado\" y formando un agudo contraste visual. El dise\u00f1o port\u00e1til es adecuado para transportar cosm\u00e9ticos, pintalabios, aceite para cut\u00edculas, etc.<\/p>","protected":false},"featured_media":747,"template":"","meta":{"_kad_post_transparent":"default","_kad_post_title":"","_kad_post_layout":"default","_kad_post_sidebar_id":"","_kad_post_content_style":"default","_kad_post_vertical_padding":"default","_kad_post_feature":"","_kad_post_feature_position":"","_kad_post_header":false,"_kad_post_footer":false,"_kad_post_classname":""},"product_brand":[],"product_cat":[15,28,24,17],"product_tag":[278,276,277],"class_list":{"0":"post-744","1":"product","2":"type-product","3":"status-publish","4":"has-post-thumbnail","6":"product_cat-red-light-therapy","7":"product_cat-customize","8":"product_cat-red-light-therapy-bed","9":"product_cat-services","10":"product_tag-custom-cosmetic-packaging-wholesale","11":"product_tag-custom-cuticle-oil-pen-packaging-box","12":"product_tag-lip-gloss-packaging-box","14":"first","15":"instock","16":"shipping-taxable","17":"product-type-simple","18":"entry","19":"content-bg","20":"loop-entry"},"_links":{"self":[{"href":"https:\/\/red-lighttherapy.com\/es_es\/wp-json\/wp\/v2\/product\/744","targetHints":{"allow":["GET"]}}],"collection":[{"href":"https:\/\/red-lighttherapy.com\/es_es\/wp-json\/wp\/v2\/product"}],"about":[{"href":"https:\/\/red-lighttherapy.com\/es_es\/wp-json\/wp\/v2\/types\/product"}],"wp:featuredmedia":[{"embeddable":true,"href":"https:\/\/red-lighttherapy.com\/es_es\/wp-json\/wp\/v2\/media\/747"}],"wp:attachment":[{"href":"https:\/\/red-lighttherapy.com\/es_es\/wp-json\/wp\/v2\/media?parent=744"}],"wp:term":[{"taxonomy":"product_brand","embeddable":true,"href":"https:\/\/red-lighttherapy.com\/es_es\/wp-json\/wp\/v2\/product_brand?post=744"},{"taxonomy":"product_cat","embeddable":true,"href":"https:\/\/red-lighttherapy.com\/es_es\/wp-json\/wp\/v2\/product_cat?post=744"},{"taxonomy":"product_tag","embeddable":true,"href":"https:\/\/red-lighttherapy.com\/es_es\/wp-json\/wp\/v2\/product_tag?post=744"}],"curies":[{"name":"wp","href":"https:\/\/api.w.org\/{rel}","templated":true}]}}