{"id":738,"date":"2025-04-14T07:36:58","date_gmt":"2025-04-14T07:36:58","guid":{"rendered":"https:\/\/red-lighttherapy.com\/?post_type=product&#038;p=738"},"modified":"2025-04-14T08:09:56","modified_gmt":"2025-04-14T08:09:56","slug":"custom-hair-growth-essential-oil-cardboard-box-suppliers","status":"publish","type":"product","link":"https:\/\/red-lighttherapy.com\/es_es\/custom-hair-growth-essential-oil-cardboard-box-suppliers\/","title":{"rendered":"Aceite esencial para el crecimiento del cabello Personalizado Caja de cart\u00f3n Proveedores"},"content":{"rendered":"<h2 id=\"-customized-hair-growth-essential-oil-double-insert-card-box-a-perfect-fusion-of-environmental-aesthetics-and-practical-value-\"><strong>Caja de cart\u00f3n para aceite esencial para el crecimiento del cabello<\/strong><\/h2>\n<h2 id=\"-1-multifunctional-adaptation-interpreting-the-infinite-possibilities-of-packaging-\"><strong>1. Adaptaci\u00f3n multifuncional, interpretaci\u00f3n de las infinitas posibilidades del envasado<\/strong><\/h2>\n<p>Nuestro dise\u00f1o de caja de tarjetas de doble inserci\u00f3n se basa en la flexibilidad y la compatibilidad, y puede adaptarse a diversos tipos de productos, como aceites esenciales para el crecimiento del cabello, perfumes, cosm\u00e9ticos y otros productos de belleza de alto valor. La estructura interna de la caja de tarjetas se ha optimizado cient\u00edficamente, y el dise\u00f1o ajustable de la ranura para tarjetas puede fijar f\u00e1cilmente botellas o productos tubulares de diferentes especificaciones, garantizando la seguridad del transporte y proporcionando al mismo tiempo a los usuarios finales una c\u00f3moda experiencia de apertura y cierre. Tanto si se trata de un expositor de un solo producto como de un conjunto combinado, este envase puede adaptarse con precisi\u00f3n para ayudar a las marcas a ampliar sus diversificadas l\u00edneas de productos.<\/p>\n<h2 id=\"-2-card-box-design-a-low-cost-and-high-efficiency-innovative-solution-\"><strong>2. Dise\u00f1o de cajas de cart\u00f3n: una soluci\u00f3n innovadora de bajo coste y alta eficiencia<\/strong><\/h2>\n<p>La estructura plana de la caja de cart\u00f3n se utiliza para subvertir el complejo proceso del embalaje tradicional. El cuerpo de la caja puede transformarse completamente en una forma plana durante el transporte, puede reducir en gran medida la tasa de ocupaci\u00f3n del espacio de almacenamiento y log\u00edstica, y los costes de transporte pueden reducirse en 40%. El proceso de montaje es simple y eficiente, y los usuarios s\u00f3lo pueden completar el embalaje del producto terminado en unas pocas etapas, mejorar significativamente la eficiencia de la cadena de suministro. Adem\u00e1s, el material de la caja de cart\u00f3n se selecciona a partir de papel ligero respetuoso con el medio ambiente, lo que reduce el desperdicio de material al tiempo que garantiza la capacidad de carga y la durabilidad, y hace realidad \"la reducci\u00f3n de costes a trav\u00e9s del dise\u00f1o y la mejora de la eficiencia a trav\u00e9s de la innovaci\u00f3n\".<\/p>\n<h2 id=\"-three-minimalist-aesthetic-design-conveying-brand-style-with-visual-rhythm-\"><strong>3. Dise\u00f1o est\u00e9tico minimalista: transmitir el estilo de la marca con ritmo visual.<\/strong><\/h2>\n<p>El dise\u00f1o de la caja sigue el concepto minimalista de \"menos es m\u00e1s\", con un suave color de base rosa como nota dominante y una delicada textura vertical blanca, formando un elegante ritmo visual. El elemento de rayas verticales se inspira en la forma del cabello que crece de forma natural, haci\u00e9ndose eco del atractivo principal del \"cuidado saludable del cabello\" del aceite esencial para el crecimiento del cabello, al tiempo que transmite el tono ligero y puro de la marca. El proceso de tratamiento superficial de textura mate confiere al envase un temperamento discreto y lujoso, lo que permite que el producto destaque en el lineal y llegue con precisi\u00f3n a los grupos de consumidores de gama media y alta que persiguen una vida refinada.<\/p>\n<h2 id=\"-four-deep-brand-customization-full-chain-empowerment-from-packaging-to-value-\"><strong>4. Personalizaci\u00f3n profunda de la marca: potenciaci\u00f3n de toda la cadena, desde el envasado hasta el valor<\/strong><\/h2>\n<p>No s\u00f3lo somos proveedores, sino tambi\u00e9n cofabricantes de imagen de marca. Gracias a nuestras flexibles l\u00edneas de producci\u00f3n y sistemas de dise\u00f1o digital, podemos ofrecerle servicios integrales de personalizaci\u00f3n, desde cajas para tarjetas y regalos hasta el embalaje completo de productos:<\/p>\n<ul>\n<li><strong>S\u00edmbolos visuales exclusivos<\/strong>: Integrar el LOGO de la marca, el color y los elementos naturales (como t\u00f3tems vegetales y texturas de tinta) en el dise\u00f1o de la caja para construir un sistema de s\u00edmbolos de salud y belleza diferenciado;<\/li>\n<li><strong>Actualizaci\u00f3n flexible del proceso<\/strong>: Admite m\u00e1s de 20 combinaciones de procesos, como estampaci\u00f3n en caliente, gofrado y ventanas huecas, para satisfacer las necesidades basadas en escenas de ediciones limitadas, cajas de regalo navide\u00f1as, etc;<\/li>\n<li><strong>Selecci\u00f3n de materiales sostenibles<\/strong>: Ofrezca opciones respetuosas con el medio ambiente, como papel certificado FSC y tinta degradable, para reforzar la imagen ecol\u00f3gica de la marca.<\/li>\n<\/ul>\n<h2 id=\"-v-natural-inspiration-and-environmental-protection-concept-let-packaging-become-the-narrator-of-brand-stories-\"><strong>5. Inspiraci\u00f3n natural y concepto de protecci\u00f3n medioambiental: Que el envase se convierta en el narrador de las historias de marca<\/strong><\/h2>\n<p>Con la \"simbiosis natural\" como filosof\u00eda de dise\u00f1o, la textura y el color del cuerpo de la caja se extraen de im\u00e1genes naturales como las venas de crecimiento de las plantas y el brillo del roc\u00edo matutino, y se construye un s\u00edmbolo cognitivo completo de salud y belleza mediante un lenguaje de dise\u00f1o abstracto. En cuanto a los materiales, insistimos en el uso de recursos renovables para garantizar que el envase cumpla las normas de reciclaje con bajas emisiones de carbono desde la producci\u00f3n hasta la eliminaci\u00f3n, lo que est\u00e1 en consonancia con el concepto de protecci\u00f3n medioambiental de \"ingredientes naturales\" y \"cuidado del cabello con cero cargas\" de los aceites esenciales para el crecimiento del cabello, ayudando a las marcas a transmitir valores de responsabilidad social.<\/p>\n<h2 id=\"-why-choose-us-\"><strong>\u00bfPor qu\u00e9 elegirnos?<\/strong><\/h2>\n<ul>\n<li><strong>Amplia experiencia en el sector<\/strong>: 10 a\u00f1os de profundo cultivo en el campo de los envases de belleza y cuidado personal, al servicio de m\u00e1s de 50.000 marcas en todo el mundo;<\/li>\n<li><strong>Servicio de enlace completo<\/strong>: Desde el an\u00e1lisis de la demanda y el dise\u00f1o estructural hasta la producci\u00f3n en serie y la entrega, seguimiento profesional personalizado durante todo el proceso;<\/li>\n<li><strong>Estricto control de calidad<\/strong>: Certificaci\u00f3n del sistema de calidad ISO 9001 para garantizar que cada caja cumple las normas de calidad de gama alta.<\/li>\n<\/ul>","protected":false},"excerpt":{"rendered":"<p>En una era de actualizaci\u00f3n del consumo y concienciaci\u00f3n medioambiental, un envase que combine valor est\u00e9tico, funciones pr\u00e1cticas y conceptos sostenibles se convertir\u00e1 en un punto de contacto clave para que las marcas conecten con la mente de los usuarios. Elija nuestra soluci\u00f3n de caja de cart\u00f3n de doble inserci\u00f3n para conseguir mayores primas a menor coste, haciendo de cada producto un soporte que transmita calidez de marca.<\/p>","protected":false},"featured_media":739,"template":"","meta":{"_kad_post_transparent":"default","_kad_post_title":"","_kad_post_layout":"default","_kad_post_sidebar_id":"","_kad_post_content_style":"default","_kad_post_vertical_padding":"default","_kad_post_feature":"","_kad_post_feature_position":"","_kad_post_header":false,"_kad_post_footer":false,"_kad_post_classname":""},"product_brand":[],"product_cat":[15,28,24,17],"product_tag":[275,273,274],"class_list":{"0":"post-738","1":"product","2":"type-product","3":"status-publish","4":"has-post-thumbnail","6":"product_cat-red-light-therapy","7":"product_cat-customize","8":"product_cat-red-light-therapy-bed","9":"product_cat-services","10":"product_tag-custom-cosmetic-paper-boxes","11":"product_tag-custom-hair-oil-cardboard-box","12":"product_tag-growth-essential-oil-box-suppliers","14":"first","15":"instock","16":"shipping-taxable","17":"product-type-simple","18":"entry","19":"content-bg","20":"loop-entry"},"_links":{"self":[{"href":"https:\/\/red-lighttherapy.com\/es_es\/wp-json\/wp\/v2\/product\/738","targetHints":{"allow":["GET"]}}],"collection":[{"href":"https:\/\/red-lighttherapy.com\/es_es\/wp-json\/wp\/v2\/product"}],"about":[{"href":"https:\/\/red-lighttherapy.com\/es_es\/wp-json\/wp\/v2\/types\/product"}],"wp:featuredmedia":[{"embeddable":true,"href":"https:\/\/red-lighttherapy.com\/es_es\/wp-json\/wp\/v2\/media\/739"}],"wp:attachment":[{"href":"https:\/\/red-lighttherapy.com\/es_es\/wp-json\/wp\/v2\/media?parent=738"}],"wp:term":[{"taxonomy":"product_brand","embeddable":true,"href":"https:\/\/red-lighttherapy.com\/es_es\/wp-json\/wp\/v2\/product_brand?post=738"},{"taxonomy":"product_cat","embeddable":true,"href":"https:\/\/red-lighttherapy.com\/es_es\/wp-json\/wp\/v2\/product_cat?post=738"},{"taxonomy":"product_tag","embeddable":true,"href":"https:\/\/red-lighttherapy.com\/es_es\/wp-json\/wp\/v2\/product_tag?post=738"}],"curies":[{"name":"wp","href":"https:\/\/api.w.org\/{rel}","templated":true}]}}