{"id":732,"date":"2025-04-14T07:23:02","date_gmt":"2025-04-14T07:23:02","guid":{"rendered":"https:\/\/red-lighttherapy.com\/?post_type=product&#038;p=732"},"modified":"2025-04-14T07:35:30","modified_gmt":"2025-04-14T07:35:30","slug":"custom-makeup-beauty-blender-sponge-packaging-boxes-factory","status":"publish","type":"product","link":"https:\/\/red-lighttherapy.com\/es_es\/custom-makeup-beauty-blender-sponge-packaging-boxes-factory\/","title":{"rendered":"Maquillaje personalizado belleza esponja Blender embalaje cajas de f\u00e1brica"},"content":{"rendered":"<h2 id=\"customized-makeup-egg-sponge-packaging-box\">Huevo de maquillaje personalizado esponja caja de embalaje<\/h2>\n<h2 id=\"1-high-quality-materials-and-transparent-display-design-\">1.\u00a0<strong>Materiales de alta calidad y dise\u00f1o de pantalla transparente<\/strong><\/h2>\n<p>Este producto est\u00e1 fabricado con cart\u00f3n blanco de 350 g de alto gramaje. El papel es grueso y n\u00edtido, tanto por su resistencia a la presi\u00f3n como por su est\u00e9tica. La parte frontal de la caja tiene un dise\u00f1o innovador con\u00a0<strong>tecnolog\u00eda de l\u00e1minas para ventanas<\/strong>Se utiliza pel\u00edcula de PVC o PET de alta transparencia, que no s\u00f3lo puede mostrar claramente la forma y el color del huevo de maquillaje interno, sino que tambi\u00e9n desempe\u00f1a un papel en la prevenci\u00f3n del polvo y la humedad. El borde del \u00e1rea de la ventana adopta un proceso de corte de precisi\u00f3n para garantizar un ajuste perfecto sin rebabas, mejorar el atractivo de la exposici\u00f3n del producto y facilitar a los clientes la selecci\u00f3n intuitiva.<\/p>\n<h2 id=\"2-high-end-printing-technology-empowers-brand-image-\">2.\u00a0<strong>La tecnolog\u00eda de impresi\u00f3n de gama alta potencia la imagen de marca<\/strong><\/h2>\n<p>La impresi\u00f3n de la superficie de la caja adopta\u00a0<strong>m\u00e1quina de impresi\u00f3n Heidelberg importada<\/strong>Equipado con un sistema de gesti\u00f3n de color totalmente autom\u00e1tico de cuatro colores, restaura con precisi\u00f3n el logotipo de la marca, el patr\u00f3n y el color degradado. La tinta de impresi\u00f3n ha pasado la certificaci\u00f3n de protecci\u00f3n del medio ambiente SGS, con un color rico y sin olor irritante. Con el proceso de esmaltado local UV, se consigue la combinaci\u00f3n de brillo espejo y textura mate, dando a la caja de embalaje una estratificaci\u00f3n visual de alto nivel. La precisi\u00f3n del control de la diferencia de color alcanza \u0394E\u22641,5, lo que garantiza la consistencia de la producci\u00f3n por lotes y ayuda al posicionamiento de gama alta de la marca.<\/p>\n<h2 id=\"3-environmentally-friendly-lining-and-efficient-structural-design-\">3.\u00a0<strong>Revestimiento respetuoso con el medio ambiente y dise\u00f1o estructural eficiente<\/strong><\/h2>\n<p>El revestimiento adopta\u00a0<strong>tecnolog\u00eda de troquelado de tarjetas de papel respetuosa con el medio ambiente<\/strong>y forma una estructura de soporte en forma de panal mediante un plegado preciso, que fija firmemente el huevo de belleza para evitar que se sacuda durante el transporte. La tarjeta de papel utiliza cart\u00f3n de pasta cruda con certificaci\u00f3n FSC, que puede reciclarse y degradarse por completo, en sustituci\u00f3n del tradicional forro de espuma, y cumple las normas de protecci\u00f3n medioambiental REACH de la UE. El conjunto\u00a0<strong>caja de cart\u00f3n dise\u00f1o plano<\/strong>\u00a0se adopta, que es una forma de plegado de una sola pieza cuando no est\u00e1 montado, lo que reduce en gran medida la ocupaci\u00f3n de espacio de almacenamiento y transporte, y la reducci\u00f3n de los costes de log\u00edstica en m\u00e1s de 30%. Tras recibir la mercanc\u00eda, los clientes pueden ensamblarla r\u00e1pidamente a mano sin ayuda de pegamento, lo que resulta c\u00f3modo de manejar.<\/p>\n<h2 id=\"4-source-factory-guarantee-and-full-link-service-\">4.\u00a0<strong>Garant\u00eda de f\u00e1brica en origen y servicio de enlace completo<\/strong><\/h2>\n<p>Confiar en\u00a0<strong>16 a\u00f1os de experiencia en fabricaci\u00f3n de envases<\/strong>, la f\u00e1brica est\u00e1 equipada con troqueladoras totalmente autom\u00e1ticas, encoladoras de cajas y l\u00edneas de inspecci\u00f3n de calidad, alcanzando una capacidad de producci\u00f3n diaria de m\u00e1s de 100.000 cajas est\u00e1ndar, y el ciclo de entrega se comprime a 7-10 d\u00edas laborables. La cadena de suministro integra recursos previos como papel, pel\u00edcula y tinta, con costes 15%-20% inferiores a la media del mercado, y admite una producci\u00f3n flexible con un pedido m\u00ednimo de 1.000 piezas. Superada la certificaci\u00f3n del sistema de gesti\u00f3n de calidad ISO9001, la inspecci\u00f3n de calidad completa abarca desde la entrada de las materias primas hasta el env\u00edo de los productos acabados, y la tasa de defectos se controla dentro del 0,3%.<\/p>\n<h2 id=\"5-integrated-foreign-trade-service-solution-\">5.\u00a0<strong>Soluci\u00f3n integrada de servicios de comercio exterior<\/strong><\/h2>\n<p>El equipo profesional de comercio exterior ofrece\u00a0<strong>servicios transfronterizos de ventanilla \u00fanica<\/strong>, que abarca la comprobaci\u00f3n del dise\u00f1o, la declaraci\u00f3n aduanera de exportaci\u00f3n, la log\u00edstica internacional y la asistencia posventa. Soporta el acoplamiento de negocios multiling\u00fce en ingl\u00e9s, espa\u00f1ol, \u00e1rabe, etc., y est\u00e1 familiarizado con las normas de acceso al mercado en Europa, Estados Unidos, Oriente Medio y el Sudeste Asi\u00e1tico (como la FDA, la certificaci\u00f3n CE). Puede ayudar a los clientes a completar la implantaci\u00f3n de la marca VI, las etiquetas personalizadas contra la falsificaci\u00f3n y la optimizaci\u00f3n del embalaje conforme a la plataforma de comercio electr\u00f3nico transfronterizo, ayudando a la disposici\u00f3n global de la marca.<\/p>\n<h2 id=\"-summary-of-core-advantages-\"><strong>Resumen de las principales ventajas<\/strong><\/h2>\n<ul>\n<li><strong>Optimizaci\u00f3n de costes<\/strong>: Estructura plana + suministro directo desde la fuente, lo que reduce los costes totales en 25%<\/li>\n<li><strong>Cumplimiento de la normativa medioambiental<\/strong>: Materiales biodegradables en todo el proceso, auditor\u00edas de responsabilidad social BSCI y Sedex superadas<\/li>\n<li><strong>Garant\u00eda de calidad<\/strong>: Impresi\u00f3n Heidelberg + l\u00ednea de producci\u00f3n automatizada, la precisi\u00f3n del color alcanza la correspondencia Pantone 99%<\/li>\n<li><strong>Servicio \u00e1gil<\/strong>: Los bocetos de dise\u00f1o en 3D se entregan en 48 horas y las pruebas se completan en 72 horas.<\/li>\n<\/ul>","protected":false},"excerpt":{"rendered":"<p>El dise\u00f1o de la caja de cart\u00f3n utiliza cartulina blanca de 350 g en su totalidad, lo que permite reducir costes y realizar env\u00edos planos, reduciendo en gran medida los costes de transporte. La ventana con pel\u00edcula puede mostrar mejor el producto, y el forro interior est\u00e1 dise\u00f1ado con tarjetas de papel, lo que resulta c\u00f3modo para fijar el producto y m\u00e1s respetuoso con el medio ambiente.<\/p>","protected":false},"featured_media":733,"template":"","meta":{"_kad_post_transparent":"default","_kad_post_title":"","_kad_post_layout":"default","_kad_post_sidebar_id":"","_kad_post_content_style":"default","_kad_post_vertical_padding":"default","_kad_post_feature":"","_kad_post_feature_position":"","_kad_post_header":false,"_kad_post_footer":false,"_kad_post_classname":""},"product_brand":[],"product_cat":[15,28,24,17],"product_tag":[272,271,270],"class_list":{"0":"post-732","1":"product","2":"type-product","3":"status-publish","4":"has-post-thumbnail","6":"product_cat-red-light-therapy","7":"product_cat-customize","8":"product_cat-red-light-therapy-bed","9":"product_cat-services","10":"product_tag-custom-beauty-sponge-packaging-factory","11":"product_tag-custom-blender-packaging","12":"product_tag-makeup-beauty-packaging-boxes","14":"first","15":"instock","16":"shipping-taxable","17":"product-type-simple","18":"entry","19":"content-bg","20":"loop-entry"},"_links":{"self":[{"href":"https:\/\/red-lighttherapy.com\/es_es\/wp-json\/wp\/v2\/product\/732","targetHints":{"allow":["GET"]}}],"collection":[{"href":"https:\/\/red-lighttherapy.com\/es_es\/wp-json\/wp\/v2\/product"}],"about":[{"href":"https:\/\/red-lighttherapy.com\/es_es\/wp-json\/wp\/v2\/types\/product"}],"wp:featuredmedia":[{"embeddable":true,"href":"https:\/\/red-lighttherapy.com\/es_es\/wp-json\/wp\/v2\/media\/733"}],"wp:attachment":[{"href":"https:\/\/red-lighttherapy.com\/es_es\/wp-json\/wp\/v2\/media?parent=732"}],"wp:term":[{"taxonomy":"product_brand","embeddable":true,"href":"https:\/\/red-lighttherapy.com\/es_es\/wp-json\/wp\/v2\/product_brand?post=732"},{"taxonomy":"product_cat","embeddable":true,"href":"https:\/\/red-lighttherapy.com\/es_es\/wp-json\/wp\/v2\/product_cat?post=732"},{"taxonomy":"product_tag","embeddable":true,"href":"https:\/\/red-lighttherapy.com\/es_es\/wp-json\/wp\/v2\/product_tag?post=732"}],"curies":[{"name":"wp","href":"https:\/\/api.w.org\/{rel}","templated":true}]}}