{"id":725,"date":"2025-04-14T07:08:40","date_gmt":"2025-04-14T07:08:40","guid":{"rendered":"https:\/\/red-lighttherapy.com\/?post_type=product&#038;p=725"},"modified":"2025-04-14T07:22:23","modified_gmt":"2025-04-14T07:22:23","slug":"custom-skin-care-beauty-oil-folding-cartons-box-wholesale","status":"publish","type":"product","link":"https:\/\/red-lighttherapy.com\/es_es\/custom-skin-care-beauty-oil-folding-cartons-box-wholesale\/","title":{"rendered":"Caja de cart\u00f3n plegable de aceite de belleza para el cuidado de la piel al por mayor"},"content":{"rendered":"<h2 id=\"customized-skin-care-beauty-oil-folding-carton-wholesale-product-description\">Cart\u00f3n plegable de aceite de belleza para el cuidado de la piel al por mayor<\/h2>\n<h2 id=\"1-visual-aesthetics-platinum-minimalist-color-matching-strengthening-brand-tone-\">1.\u00a0<strong>Est\u00e9tica visual: Combinaci\u00f3n minimalista de colores platino, refuerzo del tono de la marca<\/strong><\/h2>\n<ul>\n<li><strong>Dise\u00f1o del color principal<\/strong>: El cuerpo de la caja adopta un sustrato de papel especial blanco puro, con tecnolog\u00eda de estampaci\u00f3n en caliente parcial, mediante el contraste del brillo met\u00e1lico y la textura mate, transmite una imagen de marca pura y de gama alta. Pueden aplicarse elementos de estampaci\u00f3n en caliente al logotipo de la marca, l\u00edneas geom\u00e9tricas o patrones abstractos para realzar la jerarqu\u00eda visual y los puntos de memoria t\u00e1ctil.<\/li>\n<li><strong>Visualizaci\u00f3n de ventanas<\/strong>: La parte superior o lateral del cuerpo de la caja est\u00e1 dise\u00f1ada con una ventana hueca, cubierta con una pel\u00edcula transparente respetuosa con el medio ambiente. Los usuarios pueden ver directamente el dise\u00f1o interno del frasco de aceite esencial o del cuentagotas sin abrir la caja, lo que aumenta el atractivo de la exposici\u00f3n en los estantes y satisface la demanda de transparencia del producto por parte de los consumidores.<\/li>\n<\/ul>\n<h2 id=\"2-environmental-certification-fsc-sustainable-paper-practice-green-concept-\">2.\u00a0<strong>Certificaci\u00f3n medioambiental: Papel sostenible FSC, Concepto Pr\u00e1ctico Verde<\/strong><\/h2>\n<ul>\n<li>La caja adopta papel certificado FSC para garantizar que las materias primas proceden de bosques gestionados de forma sostenible, lo que cumple las normas medioambientales de la UE y los requisitos de las plataformas de comercio electr\u00f3nico transfronterizo en materia de envases ecol\u00f3gicos.<\/li>\n<li>Apoyar la impresi\u00f3n con tintas respetuosas con el medio ambiente y la tecnolog\u00eda de barniz UV para reducir las emisiones de COV, lo que est\u00e1 en consonancia con los objetivos estrat\u00e9gicos ESG de la marca.<\/li>\n<\/ul>\n<h2 id=\"3-technology-innovation-self-locking-folding-structure-efficient-cost-reduction-\">3.\u00a0<strong>Innovaci\u00f3n tecnol\u00f3gica: estructura plegable autobloqueante, reducci\u00f3n eficaz de los costes<\/strong><\/h2>\n<ul>\n<li><strong>Tecnolog\u00eda de troquelado de precisi\u00f3n<\/strong>: Mediante el dise\u00f1o de l\u00ednea de hendido de troquelado de alta precisi\u00f3n (error \u22641 mm), se realiza la funci\u00f3n de autobloqueo del plegado del cuerpo de la caja. La tapa inferior y la tapa superior adoptan una estructura de gancho de cierre a presi\u00f3n, que se puede formar firmemente sin pegamento de uni\u00f3n, lo que reduce los costes de montaje manual y la contaminaci\u00f3n adhesiva.<\/li>\n<li><strong>Adaptabilidad r\u00e1pida de prototipos<\/strong>: Admite el plegado por lotes de l\u00edneas de producci\u00f3n automatizadas, con una producci\u00f3n diaria de hasta 50.000.000 de piezas, satisfaciendo las necesidades de entrega r\u00e1pida de grandes cantidades de mercanc\u00edas.<\/li>\n<\/ul>\n<h2 id=\"4-tactile-upgrade-combination-of-hot-stamping-technology-and-special-paper-\">4.\u00a0<strong>Mejora t\u00e1ctil: Combinaci\u00f3n de tecnolog\u00eda de estampaci\u00f3n en caliente y papel especial<\/strong><\/h2>\n<ul>\n<li>El proceso de estampaci\u00f3n en caliente de la superficie utiliza material de papel de aluminio electroqu\u00edmico, y forma un efecto de brillo met\u00e1lico de espejo mediante el gofrado a alta temperatura para mejorar la estratificaci\u00f3n t\u00e1ctil del envase. El proceso de gofrado UV local o en relieve puede personalizarse para formar un contraste de superficie mate y brillante con la zona de estampaci\u00f3n en caliente, lo que aumenta la sensaci\u00f3n de ceremonia al abrir la caja.<\/li>\n<\/ul>\n<h2 id=\"-production-and-customization-services-\"><strong>5. Servicios de producci\u00f3n y personalizaci\u00f3n<\/strong><\/h2>\n<ul>\n<li><strong>Ventajas de la f\u00e1brica de origen<\/strong>: 16 a\u00f1os de experiencia profesional en la fabricaci\u00f3n de envases, equipados con l\u00edneas de producci\u00f3n de cadena completa, como impresi\u00f3n offset, estampaci\u00f3n en caliente, impresi\u00f3n UV, etc., apoyando los servicios de ventanilla \u00fanica desde el dise\u00f1o hasta el encajado. Proporcionamos pruebas gratuitas (entrega convencional en 3 d\u00edas) y sugerencias de optimizaci\u00f3n del dise\u00f1o para garantizar que el producto sea muy coherente con la marca VI.<\/li>\n<li><strong>Ventaja de costes<\/strong>: Adquisici\u00f3n a gran escala de papel con certificaci\u00f3n FSC y procesos de producci\u00f3n automatizados, con una cantidad m\u00ednima de pedido de tan solo 500 unidades y un precio unitario tan bajo como $0,10 USD\/unidad, lo que supone una opci\u00f3n rentable para las peque\u00f1as y medianas marcas.<\/li>\n<li><strong>Servicios de valor a\u00f1adido<\/strong>: Admite el suministro dedicado a la exportaci\u00f3n transfronteriza, la personalizaci\u00f3n de la bandeja interior a prueba de humedad y golpes (como bandeja de papel o forro de EVA) y la impresi\u00f3n manual en varios idiomas.<\/li>\n<\/ul>\n<h2 id=\"-technical-parameters-\"><strong>6. 6. Par\u00e1metros t\u00e9cnicos<\/strong><\/h2>\n<table>\n<thead>\n<tr>\n<th>Proyecto<\/th>\n<th>Especificaciones<\/th>\n<\/tr>\n<\/thead>\n<tbody>\n<tr>\n<td>Material<\/td>\n<td>Cart\u00f3n blanco\/papel doble cobre cart\u00f3n gris certificado FSC<\/td>\n<\/tr>\n<tr>\n<td>Proceso<\/td>\n<td>Estampaci\u00f3n en caliente + impresi\u00f3n UV + troquelado autoblocante<\/td>\n<\/tr>\n<tr>\n<td>Di\u00e1metro interior<\/td>\n<td>Personalizable<\/td>\n<\/tr>\n<tr>\n<td>Ciclo de producci\u00f3n<\/td>\n<td>3 d\u00edas para pruebas, 7-14 d\u00edas para granel<\/td>\n<\/tr>\n<tr>\n<td>Cantidad m\u00ednima de pedido<\/td>\n<td>500 unidades (para pedidos de prueba de lotes peque\u00f1os)<\/td>\n<\/tr>\n<tr>\n<td>Certificaci\u00f3n medioambiental<\/td>\n<td>Doble certificaci\u00f3n FSC-COC\/PEFC<\/td>\n<\/tr>\n<\/tbody>\n<\/table>\n<h2 id=\"-application-scenarios-\"><strong>Escenarios de aplicaci\u00f3n<\/strong><\/h2>\n<p>Aplicable a aceites esenciales para el cuidado de la piel de gama alta, perfumes, esencias y otras categor\u00edas, ampliamente utilizado en la entrega directa de comercio electr\u00f3nico, expositor de mostrador fuera de l\u00ednea y combinaci\u00f3n de set de regalo, ayudando a las marcas a dar forma a una imagen de lujo ligero y transmitir propuestas de valor de protecci\u00f3n medioambiental.<\/p>","protected":false},"excerpt":{"rendered":"<p>Este envase plegable para aceite de cuidado de la piel est\u00e1 dise\u00f1ado para marcas de cuidado de la piel de gama alta. Utiliza una base blanca con un esquema minimalista de color dorado, integrando conceptos de protecci\u00f3n medioambiental y tecnolog\u00eda innovadora para crear una soluci\u00f3n de envasado que combina textura de lujo y practicidad. Producido por una f\u00e1brica de 16 a\u00f1os de antig\u00fcedad, que conf\u00eda en una tecnolog\u00eda madura y en las ventajas de la producci\u00f3n a gran escala, ofrece servicios personalizados rentables para ayudar a las marcas a mejorar su competitividad en el mercado.<\/p>","protected":false},"featured_media":727,"template":"","meta":{"_kad_post_transparent":"default","_kad_post_title":"","_kad_post_layout":"default","_kad_post_sidebar_id":"","_kad_post_content_style":"default","_kad_post_vertical_padding":"default","_kad_post_feature":"","_kad_post_feature_position":"","_kad_post_header":false,"_kad_post_footer":false,"_kad_post_classname":""},"product_brand":[],"product_cat":[15,28,24,17],"product_tag":[269,267,268],"class_list":{"0":"post-725","1":"product","2":"type-product","3":"status-publish","4":"has-post-thumbnail","6":"product_cat-red-light-therapy","7":"product_cat-customize","8":"product_cat-red-light-therapy-bed","9":"product_cat-services","10":"product_tag-custom-face-oil-boxes","11":"product_tag-custom-skin-care-cartons-box","12":"product_tag-custom-skincare-oil-boxes-wholesale","14":"first","15":"instock","16":"shipping-taxable","17":"product-type-simple","18":"entry","19":"content-bg","20":"loop-entry"},"_links":{"self":[{"href":"https:\/\/red-lighttherapy.com\/es_es\/wp-json\/wp\/v2\/product\/725","targetHints":{"allow":["GET"]}}],"collection":[{"href":"https:\/\/red-lighttherapy.com\/es_es\/wp-json\/wp\/v2\/product"}],"about":[{"href":"https:\/\/red-lighttherapy.com\/es_es\/wp-json\/wp\/v2\/types\/product"}],"wp:featuredmedia":[{"embeddable":true,"href":"https:\/\/red-lighttherapy.com\/es_es\/wp-json\/wp\/v2\/media\/727"}],"wp:attachment":[{"href":"https:\/\/red-lighttherapy.com\/es_es\/wp-json\/wp\/v2\/media?parent=725"}],"wp:term":[{"taxonomy":"product_brand","embeddable":true,"href":"https:\/\/red-lighttherapy.com\/es_es\/wp-json\/wp\/v2\/product_brand?post=725"},{"taxonomy":"product_cat","embeddable":true,"href":"https:\/\/red-lighttherapy.com\/es_es\/wp-json\/wp\/v2\/product_cat?post=725"},{"taxonomy":"product_tag","embeddable":true,"href":"https:\/\/red-lighttherapy.com\/es_es\/wp-json\/wp\/v2\/product_tag?post=725"}],"curies":[{"name":"wp","href":"https:\/\/api.w.org\/{rel}","templated":true}]}}