{"id":719,"date":"2025-04-14T06:56:26","date_gmt":"2025-04-14T06:56:26","guid":{"rendered":"https:\/\/red-lighttherapy.com\/?post_type=product&#038;p=719"},"modified":"2025-04-14T07:08:31","modified_gmt":"2025-04-14T07:08:31","slug":"luxury-custom-cosmetic-face-serum-cream-folding-mailer-box","status":"publish","type":"product","link":"https:\/\/red-lighttherapy.com\/es_es\/luxury-custom-cosmetic-face-serum-cream-folding-mailer-box\/","title":{"rendered":"Estuche plegable de lujo para cosm\u00e9ticos y cremas faciales"},"content":{"rendered":"<h2 id=\"product-description-of-luxury-customized-cosmetics-facial-essence-cream-folding-mailing-box\">Descripci\u00f3n de producto de lujo modificado para requisitos particulares de la crema de la esencia facial de los cosm\u00e9ticos que dobla la caja que env\u00eda<\/h2>\n<h2 id=\"-1-folding-airplane-box-structure-efficient-and-convenient-innovation-\"><strong>1. Estructura de la caja de correo plegable: innovaci\u00f3n eficiente y conveniente.<\/strong><\/h2>\n<ol>\n<li><strong>Proceso de plegado preciso, montaje r\u00e1pido<\/strong> La caja de embalaje adopta el dise\u00f1o cl\u00e1sico de caja de correo plegable, con pliegues claros preprensados en el borde, sin ayuda de pegamento ni herramientas, y puede completar el moldeado tridimensional en 30 segundos. La exclusiva estructura tipo cerradura garantiza la estabilidad del cuerpo de la caja, evita la dispersi\u00f3n accidental durante el transporte y tiene en cuenta tanto la protecci\u00f3n del medio ambiente como la eficiencia.<\/li>\n<li><strong>Divisi\u00f3n cient\u00edfica del almac\u00e9n, adaptaci\u00f3n flexible<\/strong>\u00a0El espacio interior puede personalizarse con particiones en capas seg\u00fan las necesidades del cliente (como ranuras independientes para frascos de crema de esencias, cajas de pesta\u00f1as o pinceles de maquillaje) para evitar colisiones entre productos. El tama\u00f1o admite ajustes personalizados, el m\u00ednimo se puede personalizar a 10cm\u00d75cm (juego de pesta\u00f1as port\u00e1til), y el m\u00e1ximo se puede ampliar a 30cm\u00d720cm (combinaci\u00f3n de cajas de regalo de varias piezas), adapt\u00e1ndose a las diferentes necesidades del escenario.<\/li>\n<\/ol>\n<h2 id=\"-second-luxurious-appearance-matte-black-and-gold-aesthetics-\"><strong>2. Aspecto lujoso: negro mate y est\u00e9tica dorada<\/strong><\/h2>\n<ol>\n<li><strong>Tratamiento de la superficie<\/strong>\u00a0El cuerpo de la caja adopta una base de cart\u00f3n negro mate de 320 g de alto gramaje, de tacto tan delicado como el terciopelo, y est\u00e1 equipado con tecnolog\u00eda de laminado UV, que es impermeable, antiincrustante y resistente al desgaste. La superficie se perfila con el logotipo de la marca o un dise\u00f1o personalizado con tecnolog\u00eda de estampaci\u00f3n en caliente, y las l\u00edneas doradas se asoman sobre el fondo mate, creando un impacto visual discreto y lujoso.<\/li>\n<li><strong>Mejora del logotipo de la marca<\/strong>\u00a0Se puede a\u00f1adir tecnolog\u00eda de relieve (como patrones c\u00f3ncavos y convexos para simular la textura de la piel), o incrustar c\u00f3digos QR invisibles en combinaci\u00f3n con la tecnolog\u00eda AR para mejorar la sensaci\u00f3n de interacci\u00f3n y los atributos tecnol\u00f3gicos, lo que est\u00e1 en consonancia con la b\u00fasqueda de la \"experiencia inmersiva\" por parte de los usuarios de gama alta.<\/li>\n<\/ol>\n<h2 id=\"-three-double-protection-double-protection-of-materials-and-structure-\"><strong>3. Doble protecci\u00f3n: doble protecci\u00f3n de materiales y estructura<\/strong><\/h2>\n<ol>\n<li><strong>Capa intermedia de papel ondulado natural<\/strong>\u00a0El cuerpo de la caja adopta cart\u00f3n ondulado de doble capa tipo AB (grosor de 3 mm), y la estructura de nido de abeja puede absorber m\u00e1s de 80% de la fuerza de impacto externo. Aunque sufra un transporte violento, el producto interno puede permanecer intacto. El material cuenta con la certificaci\u00f3n FSC y es 100% degradable, lo que se ajusta al concepto de lujo sostenible.<\/li>\n<li><strong>Tecnolog\u00eda de refuerzo de esquinas<\/strong>\u00a0Las esquinas est\u00e1n fabricadas con tecnolog\u00eda de laminaci\u00f3n de papel de doble capa, con tiras anticompresi\u00f3n incrustadas como refuerzo, y la capacidad de carga alcanza los 5 kg, lo que resiste eficazmente la deformaci\u00f3n por apilamiento. Se a\u00f1aden tiras de esponja antivibraci\u00f3n en las juntas entre la tapa de la caja y el cuerpo de la caja para aislar a\u00fan m\u00e1s la vibraci\u00f3n y la humedad, lo que resulta adecuado para el transporte transfronterizo de larga distancia.<\/li>\n<\/ol>\n<h2 id=\"-technical-parameters-\"><strong>Par\u00e1metros t\u00e9cnicos<\/strong><\/h2>\n<table>\n<thead>\n<tr>\n<th>Proyecto<\/th>\n<th>Especificaciones<\/th>\n<\/tr>\n<\/thead>\n<tbody>\n<tr>\n<td>Material<\/td>\n<td>Papel ondulado AB de doble capa (certificado FSC)<\/td>\n<\/tr>\n<tr>\n<td>Tecnolog\u00eda de superficie<\/td>\n<td>Barniz UV mate + estampaci\u00f3n en caliente \/ gofrado parcial<\/td>\n<\/tr>\n<tr>\n<td>Capacidad de carga<\/td>\n<td>\u22645kg<\/td>\n<\/tr>\n<tr>\n<td>Certificaci\u00f3n medioambiental<\/td>\n<td>SGS, REACH, RoHS<\/td>\n<\/tr>\n<tr>\n<td>Cantidad m\u00ednima de pedido<\/td>\n<td>500 piezas (tama\u00f1os mixtos disponibles)<\/td>\n<\/tr>\n<\/tbody>\n<\/table>\n<h2 id=\"-applicable-scenarios-\"><strong>Escenarios aplicables<\/strong><\/h2>\n<ul>\n<li><strong>Entrega especial de productos de lujo para el cuidado de la piel<\/strong>como crema de esencias, ampollas y otros art\u00edculos de alto precio;<\/li>\n<li><strong>Estuche de regalo limitado<\/strong>combinaci\u00f3n cruzada (esencia + crema de ojos + herramientas personalizadas);<\/li>\n<li><strong>Servicio de suscripci\u00f3n de belleza<\/strong>Soluciones personalizadas para el cuidado de la piel, entregadas mensualmente.<\/li>\n<\/ul>","protected":false},"excerpt":{"rendered":"<p>Esta caja postal plegable est\u00e1 especialmente dise\u00f1ada para cosm\u00e9ticos personalizados de gama alta. Su n\u00facleo es la \"est\u00e9tica minimalista\" y la \"protecci\u00f3n cient\u00edfica\", y combina a la perfecci\u00f3n el sentido art\u00edstico con la funcionalidad. Su dise\u00f1o se inspira en la tendencia mundial de envases personalizados, combinada con el concepto de protecci\u00f3n de grado aeron\u00e1utico, para ofrecer una protecci\u00f3n integral a productos de belleza exquisitos, como productos de lujo para el cuidado de la piel, cremas de esencia facial, pesta\u00f1as, etc., al tiempo que proporciona una sensaci\u00f3n de ceremonia de desembalaje y experiencia exclusiva de marca.<\/p>","protected":false},"featured_media":720,"template":"","meta":{"_kad_post_transparent":"default","_kad_post_title":"","_kad_post_layout":"default","_kad_post_sidebar_id":"","_kad_post_content_style":"default","_kad_post_vertical_padding":"default","_kad_post_feature":"","_kad_post_feature_position":"","_kad_post_header":false,"_kad_post_footer":false,"_kad_post_classname":""},"product_brand":[],"product_cat":[15,28,17],"product_tag":[186,265,266],"class_list":{"0":"post-719","1":"product","2":"type-product","3":"status-publish","4":"has-post-thumbnail","6":"product_cat-red-light-therapy","7":"product_cat-customize","8":"product_cat-services","9":"product_tag-cosmetic-boxes-supplies","10":"product_tag-custom-face-serum-folding-mailer-box","11":"product_tag-face-cream-mailer-boxes","13":"first","14":"instock","15":"shipping-taxable","16":"product-type-simple","17":"entry","18":"content-bg","19":"loop-entry"},"_links":{"self":[{"href":"https:\/\/red-lighttherapy.com\/es_es\/wp-json\/wp\/v2\/product\/719","targetHints":{"allow":["GET"]}}],"collection":[{"href":"https:\/\/red-lighttherapy.com\/es_es\/wp-json\/wp\/v2\/product"}],"about":[{"href":"https:\/\/red-lighttherapy.com\/es_es\/wp-json\/wp\/v2\/types\/product"}],"wp:featuredmedia":[{"embeddable":true,"href":"https:\/\/red-lighttherapy.com\/es_es\/wp-json\/wp\/v2\/media\/720"}],"wp:attachment":[{"href":"https:\/\/red-lighttherapy.com\/es_es\/wp-json\/wp\/v2\/media?parent=719"}],"wp:term":[{"taxonomy":"product_brand","embeddable":true,"href":"https:\/\/red-lighttherapy.com\/es_es\/wp-json\/wp\/v2\/product_brand?post=719"},{"taxonomy":"product_cat","embeddable":true,"href":"https:\/\/red-lighttherapy.com\/es_es\/wp-json\/wp\/v2\/product_cat?post=719"},{"taxonomy":"product_tag","embeddable":true,"href":"https:\/\/red-lighttherapy.com\/es_es\/wp-json\/wp\/v2\/product_tag?post=719"}],"curies":[{"name":"wp","href":"https:\/\/api.w.org\/{rel}","templated":true}]}}