{"id":714,"date":"2025-04-14T06:40:13","date_gmt":"2025-04-14T06:40:13","guid":{"rendered":"https:\/\/red-lighttherapy.com\/?post_type=product&#038;p=714"},"modified":"2025-04-14T06:56:17","modified_gmt":"2025-04-14T06:56:17","slug":"wholesale-underclothes-bikini-brief-sports-shorts-mailer-box","status":"publish","type":"product","link":"https:\/\/red-lighttherapy.com\/es_es\/wholesale-underclothes-bikini-brief-sports-shorts-mailer-box\/","title":{"rendered":"Mayorista Ropa Interior Bikini Calzoncillos Deportivos Mailer Box"},"content":{"rendered":"<h2 id=\"-1-visual-impact-classic-red-and-blue-contrast-design-\"><strong>1. Impacto visual: dise\u00f1o cl\u00e1sico en contraste rojo y azul<\/strong><\/h2>\n<p>La caja de embalaje utiliza una combinaci\u00f3n de colores rojo de alta esterilizaci\u00f3n y azul marino oscuro en contraste para crear un fuerte efecto visual opuesto. El rojo es un s\u00edmbolo de entusiasmo y vitalidad de la marca, expresa profesionalidad y creencia en el azul, y combinado con la tecnolog\u00eda de rasgado de esteras, no s\u00f3lo evita las sensaciones de reflejo barato, sino que tambi\u00e9n aumenta la estabilidad del color. Este dise\u00f1o es adecuado para el mercado de ropa deportiva, aumentando la atracci\u00f3n del rendimiento del estante, expresa con precisi\u00f3n los tonos j\u00f3venes y de alta energ\u00eda de la marca.<\/p>\n<h2 id=\"-2-structural-innovation-embedded-opening-and-closing-airplane-box-shape-\"><strong>2. Innovaci\u00f3n estructural: apertura y cierre integrados en forma de caja de avi\u00f3n<\/strong><\/h2>\n<p>El cuerpo de la caja adopta la forma est\u00e1ndar de las cajas de avi\u00f3n, y las esquinas est\u00e1n redondeadas para evitar el riesgo de da\u00f1os causados por la fricci\u00f3n durante el transporte. La tapa de la caja est\u00e1 dise\u00f1ada como una estructura de apertura y cierre empotrada, y el cierre sin costuras se consigue mediante un troquelado preciso:<\/p>\n<ul>\n<li><strong>Sellado<\/strong>: La hebilla incrustada garantiza que la tapa de la caja quede bien ajustada para evitar la entrada de polvo o vapor de agua;<\/li>\n<li><strong>Conveniencia<\/strong>: No se necesitan herramientas para abrirlo y cerrarlo, y puede manejarse f\u00e1cilmente con una sola mano, lo que resulta c\u00f3modo para que los clientes lo inspeccionen r\u00e1pidamente o lo vuelvan a embalar;<\/li>\n<li><strong>Durabilidad<\/strong>: Los bordes y las esquinas est\u00e1n engrosados y reforzados, y pueden reutilizarse entre 3 y 5 veces, lo que reduce los costes de p\u00e9rdida de envases.<\/li>\n<\/ul>\n<h2 id=\"-3-material-science-lightweight-and-compression-resistance-\"><strong>3. Ciencia de los materiales: Ligereza y resistencia a la compresi\u00f3n<\/strong><\/h2>\n<p>El cuerpo de la caja adopta una estructura de papel ondulado, el papel de la superficie es papel kraft de alta resistencia de 200 g y el papel del n\u00facleo es pasta reciclada respetuosa con el medio ambiente:<\/p>\n<ul>\n<li><strong>Prueba de compresi\u00f3n<\/strong>: La capacidad de carga est\u00e1tica es de hasta 50 kg, y la prueba de ca\u00edda din\u00e1mica supera los 1,2 m de altura;<\/li>\n<li><strong>Certificaci\u00f3n medioambiental<\/strong>: El material ha superado la certificaci\u00f3n FSC y puede ser 100% reciclado y degradado, cumpliendo los requisitos de embalaje ecol\u00f3gico del comercio electr\u00f3nico transfronterizo.<\/li>\n<\/ul>\n<h2 id=\"-4-warehousing-optimization-expandable-flat-design-\"><strong>4. Optimizaci\u00f3n del almacenamiento: dise\u00f1o plano ampliable<\/strong><\/h2>\n<p>La caja de embalaje adopta una estructura enchufable sin cola, que admite la expansi\u00f3n completa en una forma plana, y la tasa de compresi\u00f3n de volumen durante el transporte es tan alta como 80%.<\/p>\n<ul>\n<li><strong>Escenario de almacenamiento<\/strong>: 1 metro c\u00fabico de espacio puede albergar 2.000 cajas planas, lo que supone un ahorro de 60% de espacio de almacenamiento en comparaci\u00f3n con las cajas tridimensionales;<\/li>\n<li><strong>Escenario de transporte<\/strong>: Se adaptan a los pal\u00e9s log\u00edsticos est\u00e1ndar, permiten embalar y transportar los productos por separado y reducen los costes log\u00edsticos;<\/li>\n<li><strong>Eficacia de montaje<\/strong>: El cliente final puede plegarla y darle forma manualmente en 10 segundos sin ayuda de cinta ni herramientas.<\/li>\n<\/ul>\n<h2 id=\"-5-brand-empowerment-customized-logo-and-printing-process-\"><strong>5. Potenciaci\u00f3n de la marca: LOGO personalizado y proceso de impresi\u00f3n.<\/strong><\/h2>\n<p>El cuerpo de la caja tiene un \u00e1rea reservada de impresi\u00f3n UV de alto brillo, que admite la personalizaci\u00f3n del logotipo de la marca, el eslogan o el c\u00f3digo QR:<\/p>\n<ul>\n<li><strong>Selecci\u00f3n de procesos<\/strong>Estampaci\u00f3n en caliente, serigraf\u00eda, gofrado y otros procesos opcionales, adaptados a los requisitos de textura de las marcas de ropa interior de gama alta;<\/li>\n<li><strong>Transmisi\u00f3n de informaci\u00f3n<\/strong>: La columna de informaci\u00f3n del producto est\u00e1 dise\u00f1ada en la parte posterior, y se puede imprimir la tabla de tallas, las instrucciones de lavado o la declaraci\u00f3n de protecci\u00f3n del medio ambiente;<\/li>\n<li><strong>Funci\u00f3n antifalsificaci\u00f3n<\/strong>: Soporta tinta fluorescente invisible o marca l\u00e1ser antifalsificaci\u00f3n para proteger los derechos de propiedad intelectual de la marca.<\/li>\n<\/ul>\n<h2 id=\"-6-flexible-customization-adapt-to-multiple-market-positioning-\"><strong>6. Personalizaci\u00f3n flexible: adaptarse a m\u00faltiples posicionamientos de mercado<\/strong><\/h2>\n<p>Para diferentes l\u00edneas de productos y estrategias de mercado, ofrecemos una gama completa de servicios de personalizaci\u00f3n:<\/p>\n<ul>\n<li><strong>Selecci\u00f3n del tipo de caja<\/strong>Caja de avi\u00f3n b\u00e1sica, caja tipo caj\u00f3n, caja escaparate (se adapta al embalaje de bikinis transparentes);<\/li>\n<li><strong>Mejora del material<\/strong>L\u00ednea de alta gama: puede elegir papel micro ondulado tipo E (1,5 mm) o a\u00f1adir revestimiento impermeable;<\/li>\n<li><strong>Adaptaci\u00f3n de la impresi\u00f3n<\/strong>:<\/li>\n<li><strong>Mercado de masas<\/strong>: Se adopta la cuatricrom\u00eda CMYK, y el coste es controlable;<\/li>\n<li><strong>L\u00ednea ligera de lujo<\/strong>: Pantone spot color + UV local, mejoran el nivel visual;<\/li>\n<li><strong>Serie sobre protecci\u00f3n del medio ambiente<\/strong>: Utilizar tinta de soja para la impresi\u00f3n, destacando el concepto de desarrollo sostenible.<\/li>\n<\/ul>\n<h2 id=\"-applicable-scenarios-and-market-value-\"><strong>Escenarios aplicables y valor de mercado<\/strong><\/h2>\n<p>Esta serie de cajas de embalaje est\u00e1 dise\u00f1ada para ropa deportiva, ropa interior al por mayor y comercio electr\u00f3nico transfronterizo, y es adecuada para:<\/p>\n<ul>\n<li><strong>Venta directa de marcas<\/strong>: Mejore la experiencia de desembalaje del cliente mediante un envase muy reconocible y aumente la tasa de recompra;<\/li>\n<li><strong>Canales de distribuci\u00f3n<\/strong>: El transporte plano reduce el coste de los enlaces intermedios y se adapta a las necesidades de las agencias multinivel;<\/li>\n<li><strong>Mercados de ultramar<\/strong>: Gracias a su estructura resistente a la presi\u00f3n y su dise\u00f1o ligero, cumple las estrictas normas de la log\u00edstica transfronteriza.<\/li>\n<\/ul>\n<p>Gracias a la profunda integraci\u00f3n del dise\u00f1o estructural cient\u00edfico, los materiales respetuosos con el medio ambiente y la visi\u00f3n de marca, la serie de cajas de embalaje \"Red and Blue Vitality\" se convertir\u00e1 en una doble herramienta para mejorar la eficacia de su cadena de suministro y aportar valor de marca.<\/p>","protected":false},"excerpt":{"rendered":"<p>En respuesta a las necesidades de venta al por mayor y transporte de productos de confecci\u00f3n ligeros, como sujetadores deportivos, bikinis, slips y pantalones cortos deportivos, hemos lanzado una serie de cajas de env\u00edo especiales de nuevo dise\u00f1o \"Red and Blue Vitality\". Este producto es funcional como el n\u00facleo, integrando la est\u00e9tica de la marca y los conceptos de protecci\u00f3n del medio ambiente, ayudando a mejorar la imagen de marca y optimizar la eficiencia de la cadena de suministro.<\/p>","protected":false},"featured_media":716,"template":"","meta":{"_kad_post_transparent":"default","_kad_post_title":"","_kad_post_layout":"default","_kad_post_sidebar_id":"","_kad_post_content_style":"default","_kad_post_vertical_padding":"default","_kad_post_feature":"","_kad_post_feature_position":"","_kad_post_header":false,"_kad_post_footer":false,"_kad_post_classname":""},"product_brand":[],"product_cat":[15,30,17],"product_tag":[263,264,262],"class_list":{"0":"post-714","1":"product","2":"type-product","3":"status-publish","4":"has-post-thumbnail","6":"product_cat-red-light-therapy","7":"product_cat-dropshipping","8":"product_cat-services","9":"product_tag-custom-sports-shorts-mailer-box","10":"product_tag-underclothes-packaging","11":"product_tag-wholesale-bikini-mailer-box","13":"first","14":"instock","15":"shipping-taxable","16":"product-type-simple","17":"entry","18":"content-bg","19":"loop-entry"},"_links":{"self":[{"href":"https:\/\/red-lighttherapy.com\/es_es\/wp-json\/wp\/v2\/product\/714","targetHints":{"allow":["GET"]}}],"collection":[{"href":"https:\/\/red-lighttherapy.com\/es_es\/wp-json\/wp\/v2\/product"}],"about":[{"href":"https:\/\/red-lighttherapy.com\/es_es\/wp-json\/wp\/v2\/types\/product"}],"wp:featuredmedia":[{"embeddable":true,"href":"https:\/\/red-lighttherapy.com\/es_es\/wp-json\/wp\/v2\/media\/716"}],"wp:attachment":[{"href":"https:\/\/red-lighttherapy.com\/es_es\/wp-json\/wp\/v2\/media?parent=714"}],"wp:term":[{"taxonomy":"product_brand","embeddable":true,"href":"https:\/\/red-lighttherapy.com\/es_es\/wp-json\/wp\/v2\/product_brand?post=714"},{"taxonomy":"product_cat","embeddable":true,"href":"https:\/\/red-lighttherapy.com\/es_es\/wp-json\/wp\/v2\/product_cat?post=714"},{"taxonomy":"product_tag","embeddable":true,"href":"https:\/\/red-lighttherapy.com\/es_es\/wp-json\/wp\/v2\/product_tag?post=714"}],"curies":[{"name":"wp","href":"https:\/\/api.w.org\/{rel}","templated":true}]}}