{"id":709,"date":"2025-04-14T06:16:33","date_gmt":"2025-04-14T06:16:33","guid":{"rendered":"https:\/\/red-lighttherapy.com\/?post_type=product&#038;p=709"},"modified":"2025-04-14T06:39:50","modified_gmt":"2025-04-14T06:39:50","slug":"factory-custom-apparel-shoe-sweater-bra-clothes-mailer-box","status":"publish","type":"product","link":"https:\/\/red-lighttherapy.com\/es_es\/factory-custom-apparel-shoe-sweater-bra-clothes-mailer-box\/","title":{"rendered":"F\u00e1brica Custom Apparel Shoe Sweater Bra Clothes Mailer Box"},"content":{"rendered":"<h2 id=\"-rainbow-gradient-series-clothing-transport-box-products-\">F\u00e1brica Custom Apparel Shoe Sweater Bra Clothes Mailer Box<\/h2>\n<h2 id=\"-i-appearance-design-fusion-of-rainbow-gradient-aesthetics-and-brand-imprint-\"><strong>1. Dise\u00f1o de la apariencia: fusi\u00f3n de la est\u00e9tica de degradado del arco iris y la impresi\u00f3n de la marca.<\/strong><\/h2>\n<ol>\n<li><strong>Dise\u00f1o de caja con degradado de arco iris<\/strong>\u00a0El cuerpo de la caja utiliza tecnolog\u00eda de impresi\u00f3n de alta precisi\u00f3n para crear una transici\u00f3n de color en gradiente, que conecta de forma natural los colores c\u00e1lidos con los fr\u00edos, como el resplandor de la ma\u00f1ana ti\u00f1endo el cielo. El sistema de colores degradados se ajusta a las preferencias est\u00e9ticas de los grupos de consumidores j\u00f3venes, transmite vitalidad, creatividad y actitud de moda, y forma un eco visual con los diversos estilos de ropa, zapatos y otros productos.<\/li>\n<li><strong>LOGOTIPO de la marca dise\u00f1o din\u00e1mico de fusi\u00f3n<\/strong>\u00a0El logotipo de la marca utiliza el proceso de \"tinta \u00f3ptica que cambia de color\". El color del logotipo cambia con el \u00e1ngulo de la luz y se funde de forma natural con la capa de degradado del fondo, como la luz que aparece y desaparece con la luz de la ma\u00f1ana. Este dise\u00f1o rompe con las limitaciones de los logotipos monocromos tradicionales, realza la estratificaci\u00f3n visual y los puntos de memoria, y hace realidad la profunda vinculaci\u00f3n de los s\u00edmbolos de la marca y la est\u00e9tica del envase.<\/li>\n<\/ol>\n<h2 id=\"-second-structural-optimization-efficient-assembly-and-durable-protection-\"><strong>2. Optimizaci\u00f3n estructural: montaje eficaz y protecci\u00f3n duradera<\/strong><\/h2>\n<ol>\n<li><strong>Estructura de plegado r\u00e1pido en forma de caja de avi\u00f3n<\/strong>\u00a0Basado en el dise\u00f1o de pliegue patentado, el cuerpo de la caja se puede montar pleg\u00e1ndolo a lo largo de la marca preprensada, sin cola ni herramientas. El tiempo medido de montaje de una sola caja es \u226415 segundos, lo que resulta 60% m\u00e1s eficiente que el embalaje tradicional, reduciendo en gran medida los costes de mano de obra y almacenamiento.<\/li>\n<li><strong>Sistema de protecci\u00f3n de la caja de doble capa<\/strong><\/li>\n<li><strong>Caja exterior<\/strong>: La superficie est\u00e1 recubierta con una pel\u00edcula de poliuretano de base acuosa resistente al desgaste de 0,2 mm de grosor (proceso respetuoso con el medio ambiente), con una resistencia a los ara\u00f1azos de dureza 5H y un grado de impermeabilidad IPX4, que puede soportar la fricci\u00f3n y los entornos h\u00famedos en log\u00edstica y transporte.<\/li>\n<li><strong>Caja interior<\/strong>: Forro de cart\u00f3n duro de grado alimentario de color blanco puro, sin impurezas ni interferencias de diferencia de color, centrado en el cuerpo del producto en el momento del desembalaje. En la pared interior se a\u00f1ade una estructura de amortiguaci\u00f3n de nido de abeja, con una capacidad de carga de 8 kg, que es adecuado para los requisitos de resistencia a la presi\u00f3n de diferentes categor\u00edas, tales como su\u00e9teres y zapatos.<\/li>\n<\/ol>\n<h2 id=\"-iii-environmental-qualification-and-production-guarantee-\"><strong>3. Calificaci\u00f3n medioambiental y garant\u00eda de producci\u00f3n<\/strong><\/h2>\n<ol>\n<li><strong>Certificaci\u00f3n forestal FSC y gesti\u00f3n de calidad ISO<\/strong>\u00a0100% de las materias primas del cuerpo de la caja han superado la certificaci\u00f3n FSC-COC de la cadena de supervisi\u00f3n de producci\u00f3n y venta, y la tinta de impresi\u00f3n cumple las normas de protecci\u00f3n medioambiental REACH de la UE. La f\u00e1brica cuenta con la certificaci\u00f3n del sistema de gesti\u00f3n de calidad ISO 9001 y del sistema de gesti\u00f3n medioambiental ISO 14001. 16 a\u00f1os de experiencia en producci\u00f3n garantizan que la tolerancia de diferencia de color de cada lote de envases es \u22645% y la tasa de entrega a tiempo es \u226598%.<\/li>\n<li><strong>Ampliaci\u00f3n del servicio personalizado<\/strong>\u00a0Opciones de actualizaci\u00f3n personalizadas:<\/li>\n<li><strong>Ampliaci\u00f3n de funciones<\/strong>Tablero divisorio incorporado, gancho para bolsa de polvo;<\/li>\n<li><strong>Actualizaci\u00f3n del proceso<\/strong>: textura estampada en caliente\/gofrada, estructura magn\u00e9tica de apertura y cierre;<\/li>\n<li><strong>Adaptaci\u00f3n del tama\u00f1o<\/strong>: Proporcionar 20 + biblioteca de tama\u00f1o est\u00e1ndar, apoyar la personalizaci\u00f3n no est\u00e1ndar (error \u00b1 1 mm).<\/li>\n<\/ol>\n<h2 id=\"-fourth-application-scenarios-and-value-empowerment-\"><strong>4. Escenarios de aplicaci\u00f3n y potenciaci\u00f3n del valor<\/strong><\/h2>\n<p>Esta serie de envases es adecuada para marcas de lujo ligero a moda r\u00e1pida, como ropa, ropa interior, zapatos, jers\u00e9is, etc., especialmente adecuados para los siguientes escenarios:<\/p>\n<ul>\n<li><strong>Publicidad directa en comercio electr\u00f3nico<\/strong>: El aspecto degradado del arco iris aumenta la tasa de unboxing en las redes sociales;<\/li>\n<li><strong>Expositor de la tienda<\/strong>: El sistema visual unificado de la marca refuerza la imagen de la terminal;<\/li>\n<li><strong>Marca compartida limitada<\/strong>: El dise\u00f1o din\u00e1mico del LOGO se adapta a las necesidades de cooperaci\u00f3n transfronteriza en materia de propiedad intelectual.<\/li>\n<\/ul>","protected":false},"excerpt":{"rendered":"<p>El tipo de caja de correo puede plegarse y montarse r\u00e1pidamente siguiendo simplemente el dise\u00f1o del pliegue, lo que ahorra costes de transporte y almacenamiento. El cuerpo de la caja adopta un dise\u00f1o de colores degradados del arco iris para presentar un efecto visual de moda y vibrante, que est\u00e1 en consonancia con el posicionamiento creativo. El revestimiento de la superficie es resistente al desgaste y a la humedad, por lo que resulta adecuado para el transporte y la protecci\u00f3n de prendas de vestir.<\/p>","protected":false},"featured_media":710,"template":"","meta":{"_kad_post_transparent":"default","_kad_post_title":"","_kad_post_layout":"default","_kad_post_sidebar_id":"","_kad_post_content_style":"default","_kad_post_vertical_padding":"default","_kad_post_feature":"","_kad_post_feature_position":"","_kad_post_header":false,"_kad_post_footer":false,"_kad_post_classname":""},"product_brand":[],"product_cat":[15,30,17],"product_tag":[259,260,261],"class_list":{"0":"post-709","1":"product","2":"type-product","3":"status-publish","4":"has-post-thumbnail","6":"product_cat-red-light-therapy","7":"product_cat-dropshipping","8":"product_cat-services","9":"product_tag-custom-apparel-clothes-mailer-box","10":"product_tag-mailer-box-for-shoe","11":"product_tag-sweater-bra-packaging-boxes","13":"first","14":"instock","15":"shipping-taxable","16":"product-type-simple","17":"entry","18":"content-bg","19":"loop-entry"},"_links":{"self":[{"href":"https:\/\/red-lighttherapy.com\/es_es\/wp-json\/wp\/v2\/product\/709","targetHints":{"allow":["GET"]}}],"collection":[{"href":"https:\/\/red-lighttherapy.com\/es_es\/wp-json\/wp\/v2\/product"}],"about":[{"href":"https:\/\/red-lighttherapy.com\/es_es\/wp-json\/wp\/v2\/types\/product"}],"wp:featuredmedia":[{"embeddable":true,"href":"https:\/\/red-lighttherapy.com\/es_es\/wp-json\/wp\/v2\/media\/710"}],"wp:attachment":[{"href":"https:\/\/red-lighttherapy.com\/es_es\/wp-json\/wp\/v2\/media?parent=709"}],"wp:term":[{"taxonomy":"product_brand","embeddable":true,"href":"https:\/\/red-lighttherapy.com\/es_es\/wp-json\/wp\/v2\/product_brand?post=709"},{"taxonomy":"product_cat","embeddable":true,"href":"https:\/\/red-lighttherapy.com\/es_es\/wp-json\/wp\/v2\/product_cat?post=709"},{"taxonomy":"product_tag","embeddable":true,"href":"https:\/\/red-lighttherapy.com\/es_es\/wp-json\/wp\/v2\/product_tag?post=709"}],"curies":[{"name":"wp","href":"https:\/\/api.w.org\/{rel}","templated":true}]}}