{"id":704,"date":"2025-04-14T06:06:17","date_gmt":"2025-04-14T06:06:17","guid":{"rendered":"https:\/\/red-lighttherapy.com\/?post_type=product&#038;p=704"},"modified":"2025-04-14T06:16:05","modified_gmt":"2025-04-14T06:16:05","slug":"supplier-custom-luxury-mailer-packaging-for-champagne-wine","status":"publish","type":"product","link":"https:\/\/red-lighttherapy.com\/es_es\/supplier-custom-luxury-mailer-packaging-for-champagne-wine\/","title":{"rendered":"Proveedor Envases de lujo personalizados para vino Champagne"},"content":{"rendered":"<h2 id=\"-customized-luxury-mailing-packaging-solution-for-champagne-\"><strong>Soluci\u00f3n de envasado de lujo a medida para champ\u00e1n<\/strong><\/h2>\n<h2 id=\"-1-structured-padding-system-the-perfect-balance-of-precise-protection-and-surprise-when-unboxing-\"><strong>1. Sistema de acolchado estructurado: el equilibrio perfecto entre protecci\u00f3n precisa y sorpresa al abrir la caja.<\/strong><\/h2>\n<p>La estructura patentada de revestimiento ondulado plegable se utiliza para fijar con precisi\u00f3n la botella mediante un soporte mec\u00e1nico multidimensional:<\/p>\n<ul>\n<li><strong>Dise\u00f1o de cierre tridimensional<\/strong>: La ranura de nido de abeja se personaliza de acuerdo con la curvatura de la botella de champ\u00e1n, combinada con el dispositivo de soporte de arco superior para garantizar la estabilidad vertical de la botella, y no hay riesgo de desplazamiento incluso si se invierte o se agita violentamente.<\/li>\n<li><strong>Doble capa amortiguadora<\/strong>: El revestimiento adopta un cart\u00f3n compuesto de flauta E + flauta B (grosor ajustable de 1,5 a 2,5 mm), y absorbe la energ\u00eda del impacto a trav\u00e9s de la capa intermedia de nido de abeja. Las pruebas de laboratorio demuestran que puede soportar un impacto de ca\u00edda de 1,2 metros (conforme a las normas ISTA 3A).<\/li>\n<li><strong>Ritual de desembalaje<\/strong>: El dise\u00f1o minimalista de apertura plegable permite a los usuarios desplegar el forro tirando ligeramente de la cinta lateral. La botella se eleva de forma natural por efecto de la gravedad y se cubre con papel transl\u00facido de \u00e1cido sulf\u00farico para crear una sorpresa visual de \"exposici\u00f3n flotante\".<\/li>\n<\/ul>\n<h2 id=\"-second-smart-airplane-box-structure-3-second-molding-efficiency-revolution-\"><strong>2. Estructura de caja de avi\u00f3n inteligente: Moldeado en 3 segundos, revoluci\u00f3n en eficiencia<\/strong><\/h2>\n<p>El sistema de plegado sin cola basado en el principio del mecanismo de uni\u00f3n de cuatro barras subvierte el proceso de envasado tradicional:<\/p>\n<ul>\n<li><strong>Montaje sin herramientas<\/strong>: El cart\u00f3n ondulado pre-indentado se puede formar autom\u00e1ticamente presionando el cierre inferior, y el tiempo de montaje de una sola caja es \u22645 segundos, lo que aumenta la eficiencia en 300%.<\/li>\n<li><strong>Compatibilidad modular<\/strong>: Admite especificaciones de una botella a 6 botellas (altura adaptable de 20-50 cm), y las alas laterales del cuerpo de la caja tienen hebillas magn\u00e9ticas incorporadas, que est\u00e1n reforzadas y son f\u00e1ciles de abrir y cerrar para volver a inspeccionar.<\/li>\n<li><strong>Log\u00edstica global<\/strong>: El espesor despu\u00e9s del plegado es de s\u00f3lo 3 cm, lo que reduce el espacio de almacenamiento y transporte ocupado, y la capacidad de carga del contenedor unitario se incrementa en 40%.<\/li>\n<\/ul>\n<h2 id=\"-third-environmental-protection-performance-and-artistic-details-a-comprehensive-upgrade-from-function-to-aesthetics-\"><strong>3. Rendimiento de protecci\u00f3n medioambiental y detalles art\u00edsticos: una mejora integral de la funci\u00f3n a la est\u00e9tica<\/strong><\/h2>\n<ol>\n<li><strong>Materiales respetuosos con el medio ambiente<\/strong>:<\/li>\n<li>100% papel ondulado reciclable con certificado FSC, el revestimiento superficial a base de agua es resistente a la humedad y a la presi\u00f3n.<\/li>\n<li>La huella de carbono es 62% inferior a la de los envases de espuma tradicionales, lo que cumple los requisitos de la normativa europea sobre RPE.<\/li>\n<li><strong>Dise\u00f1o art\u00edstico<\/strong>:<\/li>\n<li><strong>Huevo inferior<\/strong>: El grabado por l\u00e1ser de la silueta abstracta de un gato negro crea un v\u00ednculo narrativo y refuerza el recuerdo de la marca.<\/li>\n<li><strong>Lenguaje visual minimalista<\/strong>: Color principal negro mate y dorado con proceso parcial de estampaci\u00f3n en caliente, la caja exterior s\u00f3lo conserva el LOGO de la marca y el c\u00f3digo QR de trazabilidad de la bodega, interpretando un lujo discreto.<\/li>\n<\/ol>\n<h2 id=\"-fourth-full-link-customization-service-a-one-stop-solution-from-design-to-delivery-\"><strong>4. Servicio de personalizaci\u00f3n de enlace completo: una soluci\u00f3n integral desde el dise\u00f1o hasta la entrega.<\/strong><\/h2>\n<ol>\n<li><strong>Profundas opciones de personalizaci\u00f3n<\/strong>:<\/li>\n<li><strong>Adaptaci\u00f3n del tipo de botella<\/strong>: Admite la correspondencia de bases de datos de m\u00e1s de 20 tipos de botellas especiales, como botellas de champ\u00e1n est\u00e1ndar, botellas de rosado de boca estrecha, botellas grandes Magnum, etc.<\/li>\n<li><strong>Implantaci\u00f3n de marcas<\/strong>: Ofrece estampaci\u00f3n en caliente, serigraf\u00eda, gofrado y otros procesos de personalizaci\u00f3n de LOGOTIPOS, y admite la correspondencia de colores planos Pantone.<\/li>\n<li><strong>Ampliaci\u00f3n de funciones<\/strong>: Los m\u00f3dulos inteligentes opcionales, como las etiquetas sensoras de temperatura y los chips antifalsificaci\u00f3n NFC, pueden satisfacer las necesidades de los clientes de gama alta.<\/li>\n<li><strong>Apoyo profesional al comercio exterior<\/strong>:<\/li>\n<li><strong>Certificaci\u00f3n de conformidad global<\/strong>: Ha superado las pruebas de materiales en contacto con alimentos de REACH y la FDA, y admite t\u00e9rminos comerciales como DDP\/DAP.<\/li>\n<li><strong>Cadena de suministro \u00e1gil<\/strong>: Base de producci\u00f3n en Guangdong (China), respuesta a las pruebas en 48 horas, pedido m\u00ednimo de 500 unidades, compatibilidad con env\u00edos directos transfronterizos de comercio electr\u00f3nico.<\/li>\n<\/ol>","protected":false},"excerpt":{"rendered":"<p>El tipo de caja mailer no necesita pegamento y puede formarse en pocos segundos, lo que mejora enormemente la eficacia del envasado. El acolchado estructurado del interior de la caja fija con precisi\u00f3n la botella de vino para garantizar la seguridad del transporte. El dise\u00f1o sencillo puede a\u00f1adir una sensaci\u00f3n de sorpresa al embalaje de la botella de vino cuando se abre. El fondo de la caja est\u00e1 ingeniosamente decorado con un dibujo abstracto de la silueta de un gatito negro, que forma un interesante eco con el nombre del producto.<\/p>","protected":false},"featured_media":705,"template":"","meta":{"_kad_post_transparent":"default","_kad_post_title":"","_kad_post_layout":"default","_kad_post_sidebar_id":"","_kad_post_content_style":"default","_kad_post_vertical_padding":"default","_kad_post_feature":"","_kad_post_feature_position":"","_kad_post_header":false,"_kad_post_footer":false,"_kad_post_classname":""},"product_brand":[],"product_cat":[15,17],"product_tag":[256,257,258],"class_list":{"0":"post-704","1":"product","2":"type-product","3":"status-publish","4":"has-post-thumbnail","6":"product_cat-red-light-therapy","7":"product_cat-services","8":"product_tag-custom-champagne-packaging","9":"product_tag-luxury-wine-mailer-packaging","10":"product_tag-supplier-custom-champagne-wine-packaging","12":"first","13":"instock","14":"shipping-taxable","15":"product-type-simple","16":"entry","17":"content-bg","18":"loop-entry"},"_links":{"self":[{"href":"https:\/\/red-lighttherapy.com\/es_es\/wp-json\/wp\/v2\/product\/704","targetHints":{"allow":["GET"]}}],"collection":[{"href":"https:\/\/red-lighttherapy.com\/es_es\/wp-json\/wp\/v2\/product"}],"about":[{"href":"https:\/\/red-lighttherapy.com\/es_es\/wp-json\/wp\/v2\/types\/product"}],"wp:featuredmedia":[{"embeddable":true,"href":"https:\/\/red-lighttherapy.com\/es_es\/wp-json\/wp\/v2\/media\/705"}],"wp:attachment":[{"href":"https:\/\/red-lighttherapy.com\/es_es\/wp-json\/wp\/v2\/media?parent=704"}],"wp:term":[{"taxonomy":"product_brand","embeddable":true,"href":"https:\/\/red-lighttherapy.com\/es_es\/wp-json\/wp\/v2\/product_brand?post=704"},{"taxonomy":"product_cat","embeddable":true,"href":"https:\/\/red-lighttherapy.com\/es_es\/wp-json\/wp\/v2\/product_cat?post=704"},{"taxonomy":"product_tag","embeddable":true,"href":"https:\/\/red-lighttherapy.com\/es_es\/wp-json\/wp\/v2\/product_tag?post=704"}],"curies":[{"name":"wp","href":"https:\/\/api.w.org\/{rel}","templated":true}]}}