{"id":698,"date":"2025-04-14T05:57:18","date_gmt":"2025-04-14T05:57:18","guid":{"rendered":"https:\/\/red-lighttherapy.com\/?post_type=product&#038;p=698"},"modified":"2025-04-14T06:06:07","modified_gmt":"2025-04-14T06:06:07","slug":"hot-selling-mailer-baseball-hat-shipping-boxes-suppliers","status":"publish","type":"product","link":"https:\/\/red-lighttherapy.com\/es_es\/hot-selling-mailer-baseball-hat-shipping-boxes-suppliers\/","title":{"rendered":"Venta caliente Mailer Sombrero de b\u00e9isbol Cajas de env\u00edo Proveedores"},"content":{"rendered":"<h2 id=\"-macaron-color-baseball-cap-transport-box-product-description-\"><strong>Macaron Color Venta caliente Mailer Gorra de b\u00e9isbol Caja de env\u00edo Descripci\u00f3n del producto<\/strong><\/h2>\n<h2 id=\"-1-macaron-color-visual-aesthetics-\"><strong>1. Est\u00e9tica visual del color macaron<\/strong><\/h2>\n<p>El cuerpo de la caja utiliza\u00a0<strong>verde claro (verde menta)<\/strong>\u00a0y\u00a0<strong>azul claro (azul sosa)<\/strong>\u00a0como colores principales, inspirados en la naturaleza y el oc\u00e9ano, para transmitir una experiencia visual refrescante y elegante. La combinaci\u00f3n de colores hace referencia a las tendencias internacionales, y el dise\u00f1o de baja saturaci\u00f3n evita la fatiga visual, lo que resulta adecuado para el deporte, el ocio, el consumo femenino y otras marcas.<\/p>\n<h2 id=\"-2-single-material-environmentally-friendly-structure-\"><strong>2. Estructura de un solo material respetuosa con el medio ambiente<\/strong><\/h2>\n<p>Utilizando\u00a0<strong>100% cart\u00f3n ondulado reciclable<\/strong>\u00a0(modelo de flauta A\/B\/E),\u00a0<strong>proceso de compuestos totalmente poliolef\u00ednicos<\/strong>\u00a0consigue una estructura de un solo material, evitando los problemas de reciclaje y clasificaci\u00f3n causados por los materiales compuestos tradicionales (como el papel de aluminio o el PET). Este dise\u00f1o cumple las normas de econom\u00eda circular de envases de la UE y puede introducirse directamente en el flujo de reciclaje de papel, lo que reduce las emisiones de carbono y el desperdicio de recursos.<\/p>\n<h2 id=\"-3-interesting-lining-and-minimalist-appearance-\"><strong>3. Forro interesante y aspecto minimalista<\/strong><\/h2>\n<ul>\n<li><strong>Caja exterior<\/strong>: Superficie mate minimalista con logotipo de la marca impreso a doble cara, sin decoraci\u00f3n redundante, que destaca el concepto de protecci\u00f3n del medio ambiente.<\/li>\n<li><strong>Forro interior<\/strong>: Personalizado\u00a0<strong>puntos de colores\/patrones geom\u00e9tricos<\/strong>\u00a0(colores de contraste opcionales naranja, rosa y amarillo), impresos con tinta al agua respetuosa con el medio ambiente, creando un contraste visual sorpresa en el momento de desembalar, mejorando la experiencia interactiva del consumidor.<\/li>\n<\/ul>\n<h2 id=\"-4-double-sided-printing-and-efficient-use-of-paper-\"><strong>4. Impresi\u00f3n a doble cara y uso eficiente del papel<\/strong><\/h2>\n<p>La impresi\u00f3n a doble cara se consigue mediante\u00a0<strong>Impresi\u00f3n offset CMYK + tecnolog\u00eda de impresi\u00f3n flexogr\u00e1fica<\/strong>Adem\u00e1s, el patr\u00f3n de la capa interior y la informaci\u00f3n de la marca de la capa exterior se presentan simult\u00e1neamente, y la tasa de utilizaci\u00f3n del papel aumenta en 30%. El proceso de impresi\u00f3n cumple las normas de certificaci\u00f3n forestal FSC, y la tinta ha superado la prueba RoHS de ausencia de metales pesados para garantizar la seguridad y la protecci\u00f3n del medio ambiente.<\/p>\n<h2 id=\"-5-foldable-reusable-opening-and-closing-structure-\"><strong>5. Estructura de apertura y cierre plegable y reutilizable<\/strong><\/h2>\n<ul>\n<li><strong>Dise\u00f1o de apertura y cierre<\/strong>: La tapa de la caja adopta\u00a0<strong>hebilla incorporada + banda magn\u00e9tica<\/strong>, que no necesita ser fijado con cinta adhesiva y puede ser desmontado y montado repetidamente m\u00e1s de 10 veces, lo que es adecuado para el almacenamiento de los consumidores, regalos y otras necesidades de reutilizaci\u00f3n de m\u00faltiples escenas.<\/li>\n<li><strong>Resistencia a la compresi\u00f3n<\/strong>: El cuerpo de la caja puede soportar una carga de hasta 15 kg, y las esquinas est\u00e1n reforzadas para evitar la extrusi\u00f3n y la deformaci\u00f3n durante el transporte, lo que es adecuado para las normas internacionales de entrega urgente.<\/li>\n<\/ul>\n<h2 id=\"-6-waterproof-material-and-multi-functional-adaptation-\"><strong>6. Material impermeable y adaptaci\u00f3n multifuncional<\/strong><\/h2>\n<ul>\n<li><strong>Tratamiento impermeable<\/strong>: La superficie del cart\u00f3n est\u00e1 recubierta con\u00a0<strong>pel\u00edcula brillante\/barniz mate<\/strong>, que alcanza el efecto IPX4 a prueba de salpicaduras, puede soportar la lluvia a corto plazo o el ambiente h\u00famedo, y es perfectamente adecuado para trajes de ba\u00f1o, calzado deportivo y otras categor\u00edas.<\/li>\n<li><strong>Tama\u00f1o flexible<\/strong>: Admite personalizaci\u00f3n (tama\u00f1o est\u00e1ndar de referencia 38,9\u00d727,8\u00d710,2 cm), se puede instalar en el interior una capa intermedia de EVA o una ventana de PVC para satisfacer las necesidades de transporte mixto de varias categor\u00edas.<\/li>\n<\/ul>\n<h2 id=\"-technical-parameters-and-certification-\"><strong>Par\u00e1metros t\u00e9cnicos y certificaci\u00f3n<\/strong><\/h2>\n<table>\n<thead>\n<tr>\n<th>Atributos<\/th>\n<th>Detalles de los par\u00e1metros<\/th>\n<\/tr>\n<\/thead>\n<tbody>\n<tr>\n<td><strong>Material<\/strong><\/td>\n<td>Papel ondulado de alta resistencia (flauta tipo C, cuantitativo 300g\/\u33a1)<\/td>\n<\/tr>\n<tr>\n<td><strong>Proceso de impresi\u00f3n<\/strong><\/td>\n<td>Impresi\u00f3n offset a doble cara + tintas planas Pantone, gofrado\/efecto UV local opcional<\/td>\n<\/tr>\n<tr>\n<td><strong>Certificaci\u00f3n medioambiental<\/strong><\/td>\n<td>FSC, ISO14021, RoHS, REACH<\/td>\n<\/tr>\n<tr>\n<td><strong>Cantidad m\u00ednima de pedido<\/strong><\/td>\n<td>500 piezas (admite personalizaci\u00f3n de muestras, entrega en 7 d\u00edas laborables)<\/td>\n<\/tr>\n<\/tbody>\n<\/table>","protected":false},"excerpt":{"rendered":"<p>Esta caja de transporte de gorras de b\u00e9isbol est\u00e1 dise\u00f1ada para productos ligeros de lujo, como ropa deportiva, trajes de ba\u00f1o, zapatos y sombreros. Integra conceptos de protecci\u00f3n medioambiental y creatividad est\u00e9tica, con frescos colores macaron, materiales reciclables y una estructura humanizada como principales argumentos de venta, teniendo en cuenta la practicidad y la sostenibilidad, ayudando a la marca a transmitir una actitud ecol\u00f3gica y a la moda.<\/p>","protected":false},"featured_media":699,"template":"","meta":{"_kad_post_transparent":"default","_kad_post_title":"","_kad_post_layout":"default","_kad_post_sidebar_id":"","_kad_post_content_style":"default","_kad_post_vertical_padding":"default","_kad_post_feature":"","_kad_post_feature_position":"","_kad_post_header":false,"_kad_post_footer":false,"_kad_post_classname":""},"product_brand":[],"product_cat":[15,30,17],"product_tag":[255,253,254],"class_list":{"0":"post-698","1":"product","2":"type-product","3":"status-publish","4":"has-post-thumbnail","6":"product_cat-red-light-therapy","7":"product_cat-dropshipping","8":"product_cat-services","9":"product_tag-baseball-hat-boxes-suppliers","10":"product_tag-baseball-hat-shipping-boxes","11":"product_tag-hot-selling-hat-shipping-boxes","13":"first","14":"instock","15":"shipping-taxable","16":"product-type-simple","17":"entry","18":"content-bg","19":"loop-entry"},"_links":{"self":[{"href":"https:\/\/red-lighttherapy.com\/es_es\/wp-json\/wp\/v2\/product\/698","targetHints":{"allow":["GET"]}}],"collection":[{"href":"https:\/\/red-lighttherapy.com\/es_es\/wp-json\/wp\/v2\/product"}],"about":[{"href":"https:\/\/red-lighttherapy.com\/es_es\/wp-json\/wp\/v2\/types\/product"}],"wp:featuredmedia":[{"embeddable":true,"href":"https:\/\/red-lighttherapy.com\/es_es\/wp-json\/wp\/v2\/media\/699"}],"wp:attachment":[{"href":"https:\/\/red-lighttherapy.com\/es_es\/wp-json\/wp\/v2\/media?parent=698"}],"wp:term":[{"taxonomy":"product_brand","embeddable":true,"href":"https:\/\/red-lighttherapy.com\/es_es\/wp-json\/wp\/v2\/product_brand?post=698"},{"taxonomy":"product_cat","embeddable":true,"href":"https:\/\/red-lighttherapy.com\/es_es\/wp-json\/wp\/v2\/product_cat?post=698"},{"taxonomy":"product_tag","embeddable":true,"href":"https:\/\/red-lighttherapy.com\/es_es\/wp-json\/wp\/v2\/product_tag?post=698"}],"curies":[{"name":"wp","href":"https:\/\/api.w.org\/{rel}","templated":true}]}}