{"id":693,"date":"2025-04-14T05:47:06","date_gmt":"2025-04-14T05:47:06","guid":{"rendered":"https:\/\/red-lighttherapy.com\/?post_type=product&#038;p=693"},"modified":"2025-04-14T05:56:47","modified_gmt":"2025-04-14T05:56:47","slug":"order-custom-cosmetic-skin-care-box-beauty-packaging-factory","status":"publish","type":"product","link":"https:\/\/red-lighttherapy.com\/es_es\/order-custom-cosmetic-skin-care-box-beauty-packaging-factory\/","title":{"rendered":"Orden de encargo cosm\u00e9ticos cuidado de la piel caja de embalaje de belleza de la f\u00e1brica"},"content":{"rendered":"<h2 id=\"-product-description-of-customized-skin-care-gift-box-series-\"><strong>Descripci\u00f3n de producto de la f\u00e1brica de empaquetado de la belleza de la caja cosm\u00e9tica de encargo del cuidado de piel<\/strong><\/h2>\n<h2 id=\"-i-environmental-protection-and-quality-are-equally-important-defining-a-new-standard-of-luxury-\"><strong>1. La protecci\u00f3n del medio ambiente y la calidad son igualmente importantes, definiendo un nuevo est\u00e1ndar de lujo<\/strong><\/h2>\n<p>Esta caja de regalo utiliza papel duro ecol\u00f3gico con certificaci\u00f3n FSC, y las materias primas proceden de bosques gestionados de forma sostenible, teniendo en cuenta tanto la responsabilidad ecol\u00f3gica como el excelente rendimiento. El cart\u00f3n se refuerza mediante un proceso compuesto multicapa, y la resistencia a la compresi\u00f3n aumenta con 40%. Puede soportar una fuerza externa de m\u00e1s de 5 kg durante el transporte, garantizando cero da\u00f1os al contenido. La estructura de la caja incorpora la tecnolog\u00eda de n\u00facleo de papel de nido de abeja, y la amortiguaci\u00f3n se ve reforzada por el soporte hexagonal tridimensional. Con un armaz\u00f3n de fibra de densidad media de alta densidad, consigue un equilibrio perfecto entre \"ligereza\" y \"resistencia\", proporcionando una protecci\u00f3n de nivel de fortaleza para los productos de cuidado de la piel.<\/p>\n<h2 id=\"-ii-the-integration-of-color-aesthetics-and-minimalist-design-\"><strong>2. La integraci\u00f3n de la est\u00e9tica del color y el dise\u00f1o minimalista<\/strong><\/h2>\n<p>El aspecto de la caja de regalo adopta tonos rosa y naranja en degradado macaron, basados en el color popular anual de Pantone, y presenta una transici\u00f3n natural del amanecer al atardecer mediante la tecnolog\u00eda de impresi\u00f3n digital en degradado. La superficie est\u00e1 recubierta con una capa de pel\u00edcula mate de calidad alimentaria, de tacto tan delicado como el terciopelo, que resiste eficazmente los ara\u00f1azos y elimina los restos de huellas dactilares, y mantiene la pureza visual durante mucho tiempo. La tapa se abre y cierra con una combinaci\u00f3n de hebilla magn\u00e9tica y bisagra de ca\u00edda lenta. Se eleva autom\u00e1ticamente cuando el \u00e1ngulo de apertura alcanza los 110\u00b0. El espejo incorporado y el producto pueden mostrarse de forma estable con una sola mano, lo que combina ritual y comodidad.<\/p>\n<h2 id=\"-three-modular-lining-system-unlocking-multiple-scenarios-\"><strong>3. Sistema de revestimiento modular, que desbloquea m\u00faltiples escenarios<\/strong><\/h2>\n<p>El innovador dise\u00f1o de forro reemplazable de doble capa, con esponja de flocado EVA como material base, admite tres esquemas de adaptaci\u00f3n:<\/p>\n<ol>\n<li><strong>\u00c1rea de combinaci\u00f3n de varias botellas<\/strong>: divisi\u00f3n en panal personalizada, fijaci\u00f3n precisa de botellas y latas de 30-100 ml de especificaci\u00f3n, desplazamiento anticolisi\u00f3n;<\/li>\n<li><strong>Zona de exposici\u00f3n de un solo producto<\/strong>: los tabiques extra\u00edbles permiten ajustar libremente el espacio y adaptarse a envases de formas especiales, como m\u00e1scaras faciales y esencias;<\/li>\n<li><strong>Capa de almacenamiento de herramientas<\/strong>: a\u00f1ada ranuras para tarjetas de silicona para guardar de forma estable instrumentos de belleza met\u00e1licos o cuentagotas de cristal. El forro est\u00e1 conectado al cuerpo de la caja a trav\u00e9s de una ranura, y puede sustituirse en 3 segundos, satisfaciendo las necesidades de m\u00faltiples escenarios como regalos de vacaciones, sets de viaje y pruebas de nuevos productos.<\/li>\n<\/ol>\n<h2 id=\"-fourth-details-empower-the-experience-craftsmanship-runs-through-the-whole-process-\"><strong>4. Los detalles potencian la experiencia, la artesan\u00eda recorre todo el proceso<\/strong><\/h2>\n<ul>\n<li><strong>Cadena de procesos respetuosa con el medio ambiente<\/strong>: Desde la impresi\u00f3n con tinta al agua hasta el moldeado por prensado en caliente sin cola, se utiliza pl\u00e1stico 0 en todo el proceso y se obtiene la certificaci\u00f3n SGS de biodegradabilidad;<\/li>\n<li><strong>Interacci\u00f3n humanizada<\/strong>: La tapa de la caja lleva incorporado un eje amortiguador, que se abre y se cierra silenciosamente y con fuerza uniforme, evitando la sensaci\u00f3n brusca de las cajas de muelles tradicionales;<\/li>\n<li><strong>Ampliaci\u00f3n del valor de la marca<\/strong>: Admite personalizaci\u00f3n de LOGOTIPO por l\u00e1ser, estampaci\u00f3n en caliente opcional, gofrado o tecnolog\u00eda de gofrado UV para mejorar el reconocimiento de la marca.<\/li>\n<\/ul>\n<h2 id=\"-technical-parameters-\"><strong>Par\u00e1metros t\u00e9cnicos<\/strong><\/h2>\n<table>\n<thead>\n<tr>\n<th>Proyecto<\/th>\n<th>Especificaciones<\/th>\n<\/tr>\n<\/thead>\n<tbody>\n<tr>\n<td>Material<\/td>\n<td>Cart\u00f3n mixto certificado FSC (grosor 2,5 mm)<\/td>\n<\/tr>\n<tr>\n<td>Tecnolog\u00eda de superficie<\/td>\n<td>Laminado mate de calidad alimentaria (resistencia a temperaturas de -20\u2103~80\u2103)<\/td>\n<\/tr>\n<tr>\n<td>Capacidad de carga<\/td>\n<td>Resistencia a la compresi\u00f3n en transporte est\u00e1tico 5kg\/din\u00e1mico 8G<\/td>\n<\/tr>\n<tr>\n<td>Compatibilidad del revestimiento<\/td>\n<td>Admite 3 tipos de m\u00f3dulos\/cargas de caja \u00fanica de hasta 12 piezas<\/td>\n<\/tr>\n<tr>\n<td>Cantidad m\u00ednima de pedido<\/td>\n<td>500 juegos (para pruebas de peque\u00f1os lotes)<\/td>\n<\/tr>\n<\/tbody>\n<\/table>","protected":false},"excerpt":{"rendered":"<p>Se trata de una caja postal dise\u00f1ada para productos de cuidado de la piel de gama alta. Est\u00e1 fabricada con papel duro respetuoso con el medio ambiente. El cuerpo de la caja es de color rosa macarr\u00f3n degradado y naranja, que se ajusta a la tendencia est\u00e9tica de la moda moderna. Utiliza papel ecol\u00f3gico certificado FSC con una fuerte estructura de compresi\u00f3n.<\/p>","protected":false},"featured_media":694,"template":"","meta":{"_kad_post_transparent":"default","_kad_post_title":"","_kad_post_layout":"default","_kad_post_sidebar_id":"","_kad_post_content_style":"default","_kad_post_vertical_padding":"default","_kad_post_feature":"","_kad_post_feature_position":"","_kad_post_header":false,"_kad_post_footer":false,"_kad_post_classname":""},"product_brand":[],"product_cat":[15,28,17],"product_tag":[252,250,251],"class_list":{"0":"post-693","1":"product","2":"type-product","3":"status-publish","4":"has-post-thumbnail","6":"product_cat-red-light-therapy","7":"product_cat-customize","8":"product_cat-services","9":"product_tag-beauty-packaging-factory","10":"product_tag-cosmetic-packaging-factory","11":"product_tag-custom-skin-care-box","13":"first","14":"instock","15":"shipping-taxable","16":"product-type-simple","17":"entry","18":"content-bg","19":"loop-entry"},"_links":{"self":[{"href":"https:\/\/red-lighttherapy.com\/es_es\/wp-json\/wp\/v2\/product\/693","targetHints":{"allow":["GET"]}}],"collection":[{"href":"https:\/\/red-lighttherapy.com\/es_es\/wp-json\/wp\/v2\/product"}],"about":[{"href":"https:\/\/red-lighttherapy.com\/es_es\/wp-json\/wp\/v2\/types\/product"}],"wp:featuredmedia":[{"embeddable":true,"href":"https:\/\/red-lighttherapy.com\/es_es\/wp-json\/wp\/v2\/media\/694"}],"wp:attachment":[{"href":"https:\/\/red-lighttherapy.com\/es_es\/wp-json\/wp\/v2\/media?parent=693"}],"wp:term":[{"taxonomy":"product_brand","embeddable":true,"href":"https:\/\/red-lighttherapy.com\/es_es\/wp-json\/wp\/v2\/product_brand?post=693"},{"taxonomy":"product_cat","embeddable":true,"href":"https:\/\/red-lighttherapy.com\/es_es\/wp-json\/wp\/v2\/product_cat?post=693"},{"taxonomy":"product_tag","embeddable":true,"href":"https:\/\/red-lighttherapy.com\/es_es\/wp-json\/wp\/v2\/product_tag?post=693"}],"curies":[{"name":"wp","href":"https:\/\/api.w.org\/{rel}","templated":true}]}}