{"id":688,"date":"2025-04-14T05:37:12","date_gmt":"2025-04-14T05:37:12","guid":{"rendered":"https:\/\/red-lighttherapy.com\/?post_type=product&#038;p=688"},"modified":"2025-04-20T06:02:45","modified_gmt":"2025-04-20T06:02:45","slug":"custom-chocolate-cookie-candy-mailer-box-manufacturer","status":"publish","type":"product","link":"https:\/\/red-lighttherapy.com\/es_es\/custom-chocolate-cookie-candy-mailer-box-manufacturer\/","title":{"rendered":"Fabricante de cajas personalizadas para galletas de chocolate y caramelos"},"content":{"rendered":"<h2 id=\"-1-visual-impact-design-the-vibrant-collision-of-red-white-and-blue-with-the-lollipop-pattern-\"><strong>1. Dise\u00f1o de impacto visual: la vibrante colisi\u00f3n de rojo, blanco y azul con el dibujo de piruleta.<\/strong><\/h2>\n<ul>\n<li><strong>Lenguaje de colores<\/strong>: El rojo, el blanco y el azul son los colores principales. El rojo simboliza la pasi\u00f3n y la dulzura, el blanco transmite pureza y sensaci\u00f3n de alta gama, y el azul a\u00f1ade vitalidad moderna. La combinaci\u00f3n de tres colores forma un fuerte contraste visual que atrae la atenci\u00f3n de los consumidores a primera vista.<\/li>\n<li><strong>Creatividad de patrones<\/strong>: La superficie de la caja adopta un dise\u00f1o de piruleta tridimensional, y la textura cristalina del caramelo se presenta mediante tecnolog\u00eda de impresi\u00f3n en cuatricrom\u00eda de alta precisi\u00f3n, con un efecto de brillo degradado, que refuerza la \"deliciosa asociaci\u00f3n\" del producto y estimula el apetito y el deseo de compra de los consumidores.<\/li>\n<\/ul>\n<h2 id=\"-2-convenient-and-practical-airplane-box-structure-fast-packaging-and-display-integration-\"><strong>2. Estructura de caja de avi\u00f3n c\u00f3moda y pr\u00e1ctica: integraci\u00f3n r\u00e1pida de embalaje y exposici\u00f3n.<\/strong><\/h2>\n<ul>\n<li><strong>Dise\u00f1o de apertura y cierre<\/strong>: La estructura patentada de la caja de avi\u00f3n s\u00f3lo necesita doblarse a lo largo del pliegue preestablecido para completar el embalaje. No se necesita pegamento ni herramientas. El montaje puede completarse en 10 segundos, lo que mejora enormemente la eficiencia del envasado.<\/li>\n<li><strong>Visualizaci\u00f3n f\u00e1cil<\/strong>: La tapa de la caja puede abrirse 180\u00b0 en plano, con una ventana transparente incorporada o un dise\u00f1o de tapa abatible totalmente abierta, lo que resulta pr\u00e1ctico para una visualizaci\u00f3n intuitiva del contenido cuando se exponen mercanc\u00edas. Es adecuada para estanter\u00edas de supermercados, emisiones en directo de comercio electr\u00f3nico y otras escenas.<\/li>\n<\/ul>\n<h2 id=\"-3-high-end-materials-and-craftsmanship-white-cardboard-enhances-product-premium-perception-\"><strong>3. Materiales y artesan\u00eda de alta gama: El cart\u00f3n blanco mejora la percepci\u00f3n premium del producto<\/strong><\/h2>\n<ul>\n<li><strong>Ventajas materiales<\/strong>: Cart\u00f3n blanco de calidad alimentaria seleccionado (peso superior a 350 g), con una superficie lisa y delicada, fuerte resistencia a la presi\u00f3n, y que ha superado las pruebas y la certificaci\u00f3n SGS para garantizar la seguridad en contacto directo con los alimentos.<\/li>\n<li><strong>Proceso de impresi\u00f3n<\/strong>: Tinta al agua respetuosa con el medio ambiente + proceso UV local, el estampado est\u00e1 lleno de color y es resistente al desgaste, y admite procesos personalizados como la estampaci\u00f3n en caliente y el gofrado para mejorar la identidad y la textura de la marca.<\/li>\n<\/ul>\n<h2 id=\"-4-minimalist-inner-box-design-make-the-product-the-focus-\"><strong>4. Dise\u00f1o minimalista de la caja interior: Haz que el producto sea el centro de atenci\u00f3n<\/strong><\/h2>\n<ul>\n<li><strong>Forro no impreso<\/strong>: La caja adopta un dise\u00f1o blanco puro sin impresi\u00f3n para evitar interferencias visuales, haciendo que destaquen el color y la forma de productos como el chocolate y las galletas, lo que se ajusta al concepto est\u00e9tico de \"menos es m\u00e1s\" para regalos de gama alta.<\/li>\n<li><strong>Estructura del b\u00fafer<\/strong>: Las bandejas interiores de EVA o de cart\u00f3n ondulado pueden personalizarse para colocar y fijar los productos con precisi\u00f3n para evitar sacudidas y da\u00f1os durante el transporte, al tiempo que se mantiene la sensaci\u00f3n de ceremonia al desembalar.<\/li>\n<\/ul>\n<h2 id=\"-5-all-round-customization-service-flexible-adaptation-to-diverse-needs-\"><strong>5. Servicio de personalizaci\u00f3n integral: adaptaci\u00f3n flexible a diversas necesidades<\/strong><\/h2>\n<ul>\n<li><strong>Personalizaci\u00f3n del tipo de caja<\/strong>Soporta m\u00e1s de 20 tipos de cajas, como cajas avi\u00f3n, cajas caj\u00f3n, cajas en forma de libro, etc., con un rango de tama\u00f1o de 5cm\u00b3 a 50cm\u00b3, satisfaciendo las necesidades de envasado desde mini caramelos a tartas de varias capas.<\/li>\n<li><strong>Modelo de cooperaci\u00f3n en profundidad<\/strong>: servicio gratuito de pruebas de dise\u00f1o, el servicio exclusivo de atenci\u00f3n al cliente 1 a 1 responde en 48 horas, desde la implantaci\u00f3n del LOGOTIPO, el dise\u00f1o gr\u00e1fico hasta la actualizaci\u00f3n del material, todos los ajustes se realizan bajo demanda para garantizar que el envase sea muy coherente con el tono de la marca.<\/li>\n<\/ul>\n<h2 id=\"-6-source-factory-advantage-dual-guarantee-of-quality-and-cost-\"><strong>6. Ventaja de la f\u00e1brica de origen: doble garant\u00eda de calidad y coste<\/strong><\/h2>\n<ul>\n<li><strong>16 a\u00f1os de experiencia<\/strong>Gracias a una cadena de suministro madura y a una l\u00ednea de producci\u00f3n automatizada, puede realizar env\u00edos ultrarr\u00e1pidos en 72 horas, con una capacidad de producci\u00f3n media diaria de 1 mill\u00f3n de piezas, lo que permite realizar pedidos de prueba de lotes peque\u00f1os y un suministro estable de lotes grandes.<\/li>\n<li><strong>Precio ventajoso<\/strong>Suministro directo de f\u00e1brica sin intermediarios, el precio de calidad similar es 30% inferior al del mercado, con un pedido m\u00ednimo de 500 piezas, y un descuento escalonado para grandes cantidades.<\/li>\n<li><strong>Compromiso de inspecci\u00f3n de calidad<\/strong>: Aprobado ISO9001 certificaci\u00f3n del sistema de gesti\u00f3n de calidad, cada lote de productos se somete a 12 pruebas, tales como resistencia a la compresi\u00f3n, resistencia a la humedad, la diferencia de color, etc para asegurar 100% entrega calificada.<\/li>\n<\/ul>","protected":false},"excerpt":{"rendered":"<p>Como f\u00e1brica de origen chino con 16 a\u00f1os de experiencia en el campo del envasado alimentario, nos centramos en ofrecer soluciones de envasado personalizadas que combinan est\u00e9tica y funcionalidad para chocolate, galletas, caramelos, pasteles y otros dulces.<\/p>","protected":false},"featured_media":692,"template":"","meta":{"_kad_post_transparent":"default","_kad_post_title":"","_kad_post_layout":"default","_kad_post_sidebar_id":"","_kad_post_content_style":"default","_kad_post_vertical_padding":"default","_kad_post_feature":"","_kad_post_feature_position":"","_kad_post_header":false,"_kad_post_footer":false,"_kad_post_classname":""},"product_brand":[],"product_cat":[15,17],"product_tag":[248,249,247],"class_list":{"0":"post-688","1":"product","2":"type-product","3":"status-publish","4":"has-post-thumbnail","6":"product_cat-red-light-therapy","7":"product_cat-services","8":"product_tag-cookie-box-manufacturer","9":"product_tag-custom-candy-mailer-box","10":"product_tag-custom-chocolate-mailer-box","12":"first","13":"instock","14":"shipping-taxable","15":"product-type-simple","16":"entry","17":"content-bg","18":"loop-entry"},"_links":{"self":[{"href":"https:\/\/red-lighttherapy.com\/es_es\/wp-json\/wp\/v2\/product\/688","targetHints":{"allow":["GET"]}}],"collection":[{"href":"https:\/\/red-lighttherapy.com\/es_es\/wp-json\/wp\/v2\/product"}],"about":[{"href":"https:\/\/red-lighttherapy.com\/es_es\/wp-json\/wp\/v2\/types\/product"}],"wp:featuredmedia":[{"embeddable":true,"href":"https:\/\/red-lighttherapy.com\/es_es\/wp-json\/wp\/v2\/media\/692"}],"wp:attachment":[{"href":"https:\/\/red-lighttherapy.com\/es_es\/wp-json\/wp\/v2\/media?parent=688"}],"wp:term":[{"taxonomy":"product_brand","embeddable":true,"href":"https:\/\/red-lighttherapy.com\/es_es\/wp-json\/wp\/v2\/product_brand?post=688"},{"taxonomy":"product_cat","embeddable":true,"href":"https:\/\/red-lighttherapy.com\/es_es\/wp-json\/wp\/v2\/product_cat?post=688"},{"taxonomy":"product_tag","embeddable":true,"href":"https:\/\/red-lighttherapy.com\/es_es\/wp-json\/wp\/v2\/product_tag?post=688"}],"curies":[{"name":"wp","href":"https:\/\/api.w.org\/{rel}","templated":true}]}}