{"id":683,"date":"2025-04-14T05:19:50","date_gmt":"2025-04-14T05:19:50","guid":{"rendered":"https:\/\/red-lighttherapy.com\/?post_type=product&#038;p=683"},"modified":"2025-04-14T05:48:46","modified_gmt":"2025-04-14T05:48:46","slug":"custom-printed-face-cream-skincare-packaging-box-factory","status":"publish","type":"product","link":"https:\/\/red-lighttherapy.com\/es_es\/custom-printed-face-cream-skincare-packaging-box-factory\/","title":{"rendered":"Crema facial impresa a medida F\u00e1brica de cajas de embalaje para cuidado de la piel"},"content":{"rendered":"<h2 id=\"1-blue-and-orange-contrast-and-animal-pattern-fusion-\">1.\u00a0<strong>Contraste azul y naranja y fusi\u00f3n de motivos animales<\/strong><\/h2>\n<p>Utilizando una combinaci\u00f3n de colores complementarios azul y naranja (distancia tonal de 180\u00b0), con azul cobalto muy saturado y naranja vibrante para crear un impacto visual, con texturas abstractas de animales cebra o guepardo, se forma una tensi\u00f3n visual din\u00e1mica en la superficie de la caja de embalaje. La imagen principal est\u00e1 cortada y dispuesta con bloques de color irregulares, y se presenta una sensaci\u00f3n de luz tridimensional mediante la superposici\u00f3n de colores degradados y la tecnolog\u00eda de revestimiento UV local. Por ejemplo, la parte frontal del cuerpo de la caja utiliza patrones azules con base naranja para simular la luz y la sombra de la jungla al atardecer, y el lateral utiliza patrones naranjas con base azul como eco, transmitiendo la colisi\u00f3n de la belleza salvaje y la moda urbana.<\/p>\n<h2 id=\"2-asymmetric-patches-and-stripes-design-\">2.\u00a0<strong>Dise\u00f1o asim\u00e9trico de parches y rayas<\/strong><\/h2>\n<p>Rompiendo con la composici\u00f3n sim\u00e9trica tradicional, la superficie de la caja est\u00e1 escalonada con parches rasgados y rayas oblicuas, combinados con tecnolog\u00eda de grabado en relieve para realzar la estratificaci\u00f3n t\u00e1ctil. Por ejemplo, la parte superior de la tapa de la caja utiliza la tecnolog\u00eda de grabado por l\u00e1ser para presentar un ahuecado geom\u00e9trico irregular, que revela el papel de soporte interior de color naranja fluorescente, formando un huevo de Pascua visual \"oculto\". El borde est\u00e1 dise\u00f1ado con una estructura de cuchilla de dientes ondulados, que no s\u00f3lo se hace eco de la imagen de las marcas de las garras de los animales, sino que tambi\u00e9n mejora la resistencia a la compresi\u00f3n del cuerpo de la caja.<\/p>\n<h2 id=\"3-logo-high-frequency-repetition-and-three-dimensional-presentation-\">3.\u00a0<strong>LOGO repetici\u00f3n de alta frecuencia y presentaci\u00f3n tridimensional<\/strong><\/h2>\n<p>El LOGO de la marca adopta un dise\u00f1o de repetici\u00f3n de alta frecuencia: el logotipo principal est\u00e1 centrado en la tapa de la caja con tecnolog\u00eda de plata caliente, el lateral est\u00e1 dispuesto en una matriz de LOGO en miniatura (repetido cada 10 cm), y el fondo lleva incrustado un LOGO fluorescente invisible (desarrollado bajo luz ultravioleta) con un proceso de coloraci\u00f3n empotrado. La superficie del logotipo combina la tecnolog\u00eda de estampado en relieve y en l\u00e1mina de oro, con un grosor de 0,3 mm, un tacto tridimensional y un aumento de la resistencia al desgaste de 40%.<\/p>\n<h2 id=\"4-foldable-airplane-box-structure-\">4.\u00a0<strong>Estructura de caja de avi\u00f3n plegable<\/strong><\/h2>\n<p>Se adopta el dise\u00f1o de caja de avi\u00f3n 0421 est\u00e1ndar internacional, con un tama\u00f1o desplegado de 200\u00d7150\u00d750mm, y un grosor de s\u00f3lo 15mm despu\u00e9s del plegado, ahorrando 85% de espacio de almacenamiento. Los paneles laterales del cuerpo de la caja est\u00e1n hechos de cart\u00f3n corrugado de tres capas (estructura compuesta de flauta B + flauta C), con una resistencia a la compresi\u00f3n vertical de 5000N\/m\u00b2, que puede soportar el transporte apilado de 5 capas. La apertura y el cierre est\u00e1n dise\u00f1ados con un sello de cuchilla de dientes destructivos, y los consumidores pueden abrirla rasgando a lo largo de la l\u00ednea preestablecida, lo que resulta antirrobo y c\u00f3modo.<\/p>\n<h2 id=\"5-lightweight-and-high-strength-corrugated-paper-\">5.\u00a0<strong>Papel ondulado ligero y muy resistente<\/strong><\/h2>\n<p>Se selecciona papel kraft de grado AA (cantidad 220 g\/m\u00b2) y papel de n\u00facleo ondulado de alta resistencia (\u00edndice de presi\u00f3n de anillo \u22658,5N-m\/g). Mediante la optimizaci\u00f3n de la forma de onda ondulada de tipo UV, el rendimiento de amortiguaci\u00f3n mejora en 30% en comparaci\u00f3n con las cajas de papel tradicionales. La superficie est\u00e1 cubierta con una pel\u00edcula mate respetuosa con el medio ambiente, el coeficiente antifricci\u00f3n es de 0,6 y la tasa de p\u00e9rdida de transporte puede controlarse dentro de 0,5%.<\/p>\n<h2 id=\"6-high-definition-printing-and-functional-coating-\">6.\u00a0<strong>Impresi\u00f3n de alta definici\u00f3n y revestimiento funcional<\/strong><\/h2>\n<p>Se utiliza una m\u00e1quina offset Heidelberg de cinco colores (resoluci\u00f3n de 4.800 ppp) para conseguir una precisi\u00f3n de l\u00ednea de 0,1 mm, y la diferencia azul-naranja \u0394E\u22641,5 (norma ISO 12647). El \u00e1rea del patr\u00f3n clave se superpone con serigraf\u00eda local, el grosor de la capa de tinta es de 0,15 mm y la saturaci\u00f3n del color se incrementa con 20%. El revestimiento antibacteriano se imprime en la pared interior de la caja (de conformidad con las normas 21CFR de la FDA) para inhibir eficazmente el crecimiento de microorganismos.<\/p>\n<h2 id=\"7-customized-service-agile-response-cooperation-process-\">7.\u00a0<strong>\u3010Servicio personalizado Respuesta \u00e1gil \u3011Proceso de cooperaci\u00f3n<\/strong><\/h2>\n<ul>\n<li><strong>Pruebas de dise\u00f1o<\/strong>: Proporcione renderizados en 3D y pruebas f\u00edsicas en un plazo de 3 d\u00edas laborables (admite la adaptaci\u00f3n autom\u00e1tica del tipo de caja de los archivos AI)<\/li>\n<li><strong>Ciclo de producci\u00f3n en serie<\/strong>: Pedido m\u00ednimo de 500 unidades, entrega en 5-7 d\u00edas (admite servicio urgente de 72 horas)<\/li>\n<li><strong>Optimizaci\u00f3n de costes<\/strong>: Gracias a la tecnolog\u00eda de preimpresi\u00f3n, se pueden mezclar 6 tipos de cajas en el mismo lote, y la tasa de utilizaci\u00f3n del cart\u00f3n alcanza los 95%.<\/li>\n<\/ul>","protected":false},"excerpt":{"rendered":"<p>Este envase de crema facial para el cuidado de la piel utiliza el azul y el naranja como colores principales. El fuerte contraste puede atraer r\u00e1pidamente la atenci\u00f3n de los consumidores. El dise\u00f1o de patr\u00f3n irregular puede dar a la marca una etiqueta visual vanguardista y personalizada.<\/p>","protected":false},"featured_media":686,"template":"","meta":{"_kad_post_transparent":"default","_kad_post_title":"","_kad_post_layout":"default","_kad_post_sidebar_id":"","_kad_post_content_style":"default","_kad_post_vertical_padding":"default","_kad_post_feature":"","_kad_post_feature_position":"","_kad_post_header":false,"_kad_post_footer":false,"_kad_post_classname":""},"product_brand":[],"product_cat":[15,28,17],"product_tag":[245,244,246],"class_list":{"0":"post-683","1":"product","2":"type-product","3":"status-publish","4":"has-post-thumbnail","6":"product_cat-red-light-therapy","7":"product_cat-customize","8":"product_cat-services","9":"product_tag-custom-skincare-packaging","10":"product_tag-face-cream-packaging-box","11":"product_tag-face-cream-skincare-box-factory","13":"first","14":"instock","15":"shipping-taxable","16":"product-type-simple","17":"entry","18":"content-bg","19":"loop-entry"},"_links":{"self":[{"href":"https:\/\/red-lighttherapy.com\/es_es\/wp-json\/wp\/v2\/product\/683","targetHints":{"allow":["GET"]}}],"collection":[{"href":"https:\/\/red-lighttherapy.com\/es_es\/wp-json\/wp\/v2\/product"}],"about":[{"href":"https:\/\/red-lighttherapy.com\/es_es\/wp-json\/wp\/v2\/types\/product"}],"wp:featuredmedia":[{"embeddable":true,"href":"https:\/\/red-lighttherapy.com\/es_es\/wp-json\/wp\/v2\/media\/686"}],"wp:attachment":[{"href":"https:\/\/red-lighttherapy.com\/es_es\/wp-json\/wp\/v2\/media?parent=683"}],"wp:term":[{"taxonomy":"product_brand","embeddable":true,"href":"https:\/\/red-lighttherapy.com\/es_es\/wp-json\/wp\/v2\/product_brand?post=683"},{"taxonomy":"product_cat","embeddable":true,"href":"https:\/\/red-lighttherapy.com\/es_es\/wp-json\/wp\/v2\/product_cat?post=683"},{"taxonomy":"product_tag","embeddable":true,"href":"https:\/\/red-lighttherapy.com\/es_es\/wp-json\/wp\/v2\/product_tag?post=683"}],"curies":[{"name":"wp","href":"https:\/\/api.w.org\/{rel}","templated":true}]}}