{"id":678,"date":"2025-04-14T05:02:19","date_gmt":"2025-04-14T05:02:19","guid":{"rendered":"https:\/\/red-lighttherapy.com\/?post_type=product&#038;p=678"},"modified":"2025-04-14T05:19:39","modified_gmt":"2025-04-14T05:19:39","slug":"custom-tuck-top-holographic-paper-mailing-boxes-for-wigs","status":"publish","type":"product","link":"https:\/\/red-lighttherapy.com\/es_es\/custom-tuck-top-holographic-paper-mailing-boxes-for-wigs\/","title":{"rendered":"Cajas de papel hologr\u00e1ficas personalizadas para pelucas"},"content":{"rendered":"<h2 id=\"1-multifunctional-integrated-mailer-box-structural-design-mailer-box-structural-optimization-\">1. Dise\u00f1o estructural de caja de correo integrada multifuncional<\/h2>\n<p>El cuerpo principal del paquete adopta la innovadora estructura de la caja de correo, y la tapa de apertura y cierre puede desplegarse 180\u00b0 mediante pliegues precisos, teniendo en cuenta el sentido ritual de la peluca y la practicidad del transporte. El cuerpo de la caja est\u00e1 dise\u00f1ado mediante c\u00e1lculo mec\u00e1nico, y los elementos met\u00e1licos de los bordes est\u00e1n integrados en las esquinas, lo que no s\u00f3lo mejora la resistencia a la compresi\u00f3n, sino que a\u00f1ade ligeros detalles de lujo. Una vez desplegada, la parte interior de la tapa puede utilizarse como espacio de extensi\u00f3n visual de la marca. Tras el plegado, el grosor se reduce en 60%, lo que se adapta perfectamente al escenario log\u00edstico del comercio electr\u00f3nico.<\/p>\n<h2 id=\"2-the-visual-impact-of-the-holographic-paper-material-holographic-paper-material-innovation-\">2. El impacto visual del material de papel hologr\u00e1fico<\/h2>\n<p>El forro interior de la tapa utiliza un innovador papel hologr\u00e1fico de ancho completo (papel hologr\u00e1fico), y el efecto de luz arco iris din\u00e1mica se consigue mediante la tecnolog\u00eda de laminaci\u00f3n de rejilla de nanonivel. Cuando los consumidores abren la tapa, el material presenta un punto de luz con gradiente azul\/morado\/rosa con el cambio de \u00e1ngulo, simulando el efecto de flujo de la aurora, muy acorde con los atributos de moda de la peluca. El material lleva un revestimiento especial antiara\u00f1azos para garantizar que el efecto de colorido se mantenga intacto durante el transporte, y el \u00edndice de conversi\u00f3n en el momento de desembalar es 2,3 veces superior al de referencia del sector.<\/p>\n<h2 id=\"3-deep-black-visual-identity-system\">3. Sistema de identidad visual negro intenso<\/h2>\n<p>El cuerpo de la caja adopta el color negro est\u00e1ndar, y el negro definitivo se consigue mediante el proceso de sobreimpresi\u00f3n, que coincide profundamente con las preferencias est\u00e9ticas de los clientes objetivo de pelucas.<\/p>\n<h2 id=\"4-silver-hot-stamping-foil-technology\">4. Tecnolog\u00eda de l\u00e1mina plateada de estampaci\u00f3n en caliente<\/h2>\n<p>El logotipo de la marca utiliza la pel\u00edcula de estampaci\u00f3n en caliente de plata alemana Kurz, que se adhiere con precisi\u00f3n. La nitidez del borde de la fuente es alta, formando un efecto de inmersi\u00f3n a la luz de la luna sobre el fondo negro.<\/p>\n<h3 id=\"5-smart-folding-engineering\">5. Ingenier\u00eda de plegado inteligente<\/h3>\n<p>Se puede plegar varias veces y la experiencia de operaci\u00f3n de \"formaci\u00f3n en un segundo\" hace que la vida de plegado supere las 50 pruebas de ciclo, lo que es adecuado para diferentes necesidades de combinaci\u00f3n de productos. Tras el plegado, el volumen se comprime a 22% del estado original, y con la l\u00ednea de envasado automatizada, puede lograr un envasado a alta velocidad de 60 cajas por minuto.<\/p>","protected":false},"excerpt":{"rendered":"<p>Esta caja est\u00e1 hecha de papel corrugado, que puede amortiguar eficazmente el impacto durante el transporte y proteger el embalaje de su peluca. El papel hologr\u00e1fico tiene un gran atractivo visual y refuerza el recuerdo de la marca.<\/p>","protected":false},"featured_media":679,"template":"","meta":{"_kad_post_transparent":"default","_kad_post_title":"","_kad_post_layout":"default","_kad_post_sidebar_id":"","_kad_post_content_style":"default","_kad_post_vertical_padding":"default","_kad_post_feature":"","_kad_post_feature_position":"","_kad_post_header":false,"_kad_post_footer":false,"_kad_post_classname":""},"product_brand":[],"product_cat":[15,17],"product_tag":[242,243,241],"class_list":{"0":"post-678","1":"product","2":"type-product","3":"status-publish","4":"has-post-thumbnail","6":"product_cat-red-light-therapy","7":"product_cat-services","8":"product_tag-custom-holographic-boxes","9":"product_tag-holographic-box-packaging","10":"product_tag-mailing-boxes-for-wigs","12":"first","13":"instock","14":"shipping-taxable","15":"product-type-simple","16":"entry","17":"content-bg","18":"loop-entry"},"_links":{"self":[{"href":"https:\/\/red-lighttherapy.com\/es_es\/wp-json\/wp\/v2\/product\/678","targetHints":{"allow":["GET"]}}],"collection":[{"href":"https:\/\/red-lighttherapy.com\/es_es\/wp-json\/wp\/v2\/product"}],"about":[{"href":"https:\/\/red-lighttherapy.com\/es_es\/wp-json\/wp\/v2\/types\/product"}],"wp:featuredmedia":[{"embeddable":true,"href":"https:\/\/red-lighttherapy.com\/es_es\/wp-json\/wp\/v2\/media\/679"}],"wp:attachment":[{"href":"https:\/\/red-lighttherapy.com\/es_es\/wp-json\/wp\/v2\/media?parent=678"}],"wp:term":[{"taxonomy":"product_brand","embeddable":true,"href":"https:\/\/red-lighttherapy.com\/es_es\/wp-json\/wp\/v2\/product_brand?post=678"},{"taxonomy":"product_cat","embeddable":true,"href":"https:\/\/red-lighttherapy.com\/es_es\/wp-json\/wp\/v2\/product_cat?post=678"},{"taxonomy":"product_tag","embeddable":true,"href":"https:\/\/red-lighttherapy.com\/es_es\/wp-json\/wp\/v2\/product_tag?post=678"}],"curies":[{"name":"wp","href":"https:\/\/api.w.org\/{rel}","templated":true}]}}