{"id":673,"date":"2025-04-14T04:06:29","date_gmt":"2025-04-14T04:06:29","guid":{"rendered":"https:\/\/red-lighttherapy.com\/?post_type=product&#038;p=673"},"modified":"2025-04-14T05:02:07","modified_gmt":"2025-04-14T05:02:07","slug":"eco-friendly-cosmetic-perfume-shipping-packaging-suppliers","status":"publish","type":"product","link":"https:\/\/red-lighttherapy.com\/es_es\/eco-friendly-cosmetic-perfume-shipping-packaging-suppliers\/","title":{"rendered":"Envases ecol\u00f3gicos para cosm\u00e9ticos y perfumes Proveedores"},"content":{"rendered":"<h2 id=\"environmentally-friendly-cosmetics-and-perfume-transportation-packaging-solutions\">Envases ecol\u00f3gicos para cosm\u00e9ticos y perfumes Proveedores<\/h2>\n<h2 id=\"-1-glue-free-packaging-technology-ultra-fast-packaging-experience-\"><strong>1. Tecnolog\u00eda de envasado sin cola, experiencia de envasado ultrarr\u00e1pida.<\/strong><\/h2>\n<p>Se adopta la estructura patentada de caja de avi\u00f3n con cierre a presi\u00f3n, y se utiliza el dise\u00f1o de pliegue preciso y el dispositivo de cierre a presi\u00f3n autobloqueante para lograr \"sin necesidad de pegamento, un pliegue y cierre\", y el embalaje puede completarse en s\u00f3lo 30 segundos, lo que es m\u00e1s de 60% m\u00e1s eficiente que el embalaje tradicional con cinta adhesiva. Esta tecnolog\u00eda no s\u00f3lo elimina la contaminaci\u00f3n por cinta adhesiva, sino que tambi\u00e9n consigue la c\u00f3moda experiencia de desembalaje de \"un tir\u00f3n y abrir\" mediante el dise\u00f1o de l\u00ednea de rasgado antirrobo, que se adapta perfectamente a los escenarios de entrega de alta frecuencia del comercio electr\u00f3nico.<\/p>\n<h2 id=\"-2-high-strength-corrugated-paper-materials-triple-protection-system-\"><strong>2. Materiales de papel corrugado de alta resistencia, triple sistema de protecci\u00f3n.<\/strong><\/h2>\n<p>Se selecciona cart\u00f3n ondulado compuesto A\/B\/C (cantidad 280-360g\/m\u00b2), y la fuerza del impacto se dispersa a trav\u00e9s de la estructura ondulada UV. Los datos de laboratorio muestran que la estructura ondulada de cinco capas puede soportar una resistencia a la compresi\u00f3n vertical de 5000N\/m\u00b2, lo que equivale a soportar una presi\u00f3n de media tonelada de peso sobre una superficie de 1 metro cuadrado. El proceso de recubrimiento de la superficie mejora la resistencia a la humedad (tolerancia a la humedad \u2265 85%RH), y la capa interior de amortiguaci\u00f3n en forma de panal absorbe eficazmente las vibraciones del transporte, garantizando que el frasco de vidrio para perfumes no sufra ning\u00fan da\u00f1o en la prueba de ca\u00edda de 1,2 metros.<\/p>\n<h2 id=\"-3-flat-folding-storage-space-utilization-increased-by-70-\"><strong>3. Almacenamiento plegable plana, la utilizaci\u00f3n del espacio se increment\u00f3 en 70%<\/strong><\/h2>\n<p>El tama\u00f1o desplegado es de 1200\u00d7800 mm, y el grosor despu\u00e9s del plegado es de s\u00f3lo 3,2 cm, lo que permite apilarlas con una densidad de almacenamiento de 200 piezas\/metro c\u00fabico. El exclusivo dise\u00f1o de la l\u00ednea de plegado en \"forma de Z\" permite el desplegado inverso, y puede volver a su estado plano sin necesidad de desmontarlo durante el reciclado, lo que reduce el coste total de almacenamiento y log\u00edstica. En comparaci\u00f3n con los envases tradicionales, la capacidad de almacenamiento necesaria para la misma cantidad de productos se reduce en 45%, lo que resulta especialmente adecuado para las necesidades de almacenamiento flexible de productos calientes de temporada o promociones por tiempo limitado.<\/p>\n<h2 id=\"-4-full-chain-environmental-certification-controllable-degradation-cycle-\"><strong>4. Certificaci\u00f3n medioambiental de toda la cadena, ciclo de degradaci\u00f3n controlable<\/strong><\/h2>\n<p>El material ha superado la certificaci\u00f3n forestal FSC, y utiliza tinta de impresi\u00f3n al agua y adhesivo de almid\u00f3n de ma\u00edz para garantizar un \u00edndice de degradaci\u00f3n natural de m\u00e1s de 95% en 180 d\u00edas. La evaluaci\u00f3n del ciclo de vida (ECV) del envase muestra que la huella de carbono de todo el proceso, desde la recogida de la materia prima hasta el tratamiento de los residuos, es 82% menor que la de los envases de pl\u00e1stico PE. Con la misma tecnolog\u00eda de envasado sin cola de la marca ON&amp;DO, se consigue un circuito cerrado sin contaminaci\u00f3n por cola desde la producci\u00f3n hasta el reciclado.<\/p>\n<h2 id=\"-5-soft-pink-visual-system-awakening-emotional-resonance-\"><strong>5. Sistema visual rosa suave, que despierta resonancias emocionales<\/strong><\/h2>\n<p>Proporciona 12 niveles de color personalizados, desde el Pantone 13-2807TCX \"First Love Pink\" al 14-1312TCX \"Rose Quartz Pink\", utilizando tecnolog\u00eda de laminaci\u00f3n mate para presentar el \"c\u00e1lido tacto de la piel\" descrito en la p\u00e1gina 4. Puede combinarse con estampaci\u00f3n en caliente, UV parcial y otros procesos para imprimir texturas florales o el logotipo de la marca en la caja. Las investigaciones emp\u00edricas demuestran que el \u00edndice de conversi\u00f3n de desembalaje de los perfumes con envase rosa es 23% superior al de los colores neutros, lo que resulta especialmente adecuado para nodos de marketing emocional como el D\u00eda de San Valent\u00edn y el D\u00eda de la Madre.<\/p>\n<h2 id=\"-6-flexible-customization-service-empowering-brand-differentiation-\"><strong>6. Servicio de personalizaci\u00f3n flexible, que potencia la diferenciaci\u00f3n de la marca<\/strong><\/h2>\n<p>Admite la personalizaci\u00f3n completa del proceso, desde el concepto hasta la implantaci\u00f3n:<\/p>\n<ul>\n<li><strong>Innovaci\u00f3n tipo caja<\/strong>: puede desarrollar estructuras de formas especiales, como prismas hexagonales y formas de coraz\u00f3n.<\/li>\n<li><strong>Ampliaci\u00f3n de funciones<\/strong>Tapa abatible magn\u00e9tica integrada, ranura desmontable para tarjetas de recarga<\/li>\n<li><strong>Integraci\u00f3n inteligente<\/strong>equipados con chip NFC para lograr la trazabilidad contra falsificaciones, o combinados con tecnolog\u00eda AR para presentar historias din\u00e1micas de fragancias.<\/li>\n<li><strong>Adaptaci\u00f3n de la escena<\/strong>: Proporcionan una cobertura de tama\u00f1o completo, desde el envase de prueba de 5 ml hasta la caja de regalo de 1000 ml, satisfaciendo las necesidades de m\u00faltiples escenarios, como el correo directo de comercio electr\u00f3nico, el expositor de mostrador, el transporte transfronterizo, etc.<\/li>\n<\/ul>\n<h2 id=\"-technical-parameters-\"><strong>Par\u00e1metros t\u00e9cnicos<\/strong><\/h2>\n<table>\n<thead>\n<tr>\n<th>Art\u00edculo<\/th>\n<th>Valor est\u00e1ndar<\/th>\n<th>Base de la prueba<\/th>\n<\/tr>\n<\/thead>\n<tbody>\n<tr>\n<td>Resistencia a la compresi\u00f3n<\/td>\n<td>\u2265485kgf (carga completa)<\/td>\n<td>GB\/T 6546-2021<\/td>\n<\/tr>\n<tr>\n<td>Contenido en humedad<\/td>\n<td>8,5\u00b11,2%<\/td>\n<td>ISO 287:2017<\/td>\n<\/tr>\n<tr>\n<td>Ciclo de degradaci\u00f3n<\/td>\n<td>\u2264180 d\u00edas en el suelo<\/td>\n<td>ASTM D6400<\/td>\n<\/tr>\n<tr>\n<td>Precisi\u00f3n de impresi\u00f3n<\/td>\n<td>175 l\u00edneas de puntos de alta definici\u00f3n<\/td>\n<td>Certificaci\u00f3n de color G7<\/td>\n<\/tr>\n<\/tbody>\n<\/table>\n<h2 id=\"-cooperation-process-\"><strong>Proceso de cooperaci\u00f3n<\/strong><\/h2>\n<ol>\n<li><strong>Diagn\u00f3stico de la demanda<\/strong>: Proporcionar un informe sobre la estrategia de envasado en un plazo de 48 horas (incluido un an\u00e1lisis de los productos de la competencia y sugerencias de optimizaci\u00f3n de costes).<\/li>\n<li><strong>Verificaci\u00f3n de pruebas<\/strong>: Entregue los planos de la estructura en 3D y las cajas de muestras f\u00edsicas en un plazo de 5 d\u00edas laborables<\/li>\n<li><strong>Garant\u00eda de producci\u00f3n en serie<\/strong>: F\u00e1brica propia equipada con una imprenta Heidelberg de 7 colores, con capacidad para 500.000-500.000 pedidos flexibles.<\/li>\n<li><strong>Seguimiento postventa<\/strong>: Proporcionar 12 meses de seguro de calidad y plan de indemnizaci\u00f3n por da\u00f1os y perjuicios<\/li>\n<\/ol>","protected":false},"excerpt":{"rendered":"<p>Esta caja de correo est\u00e1 hecha de papel corrugado, que puede amortiguar eficazmente el impacto durante el transporte y proteger sus productos de perfumer\u00eda y belleza. Cuando se pliega, se convierte en una placa plana, que ocupa poco espacio y reduce los costes de almacenamiento.<\/p>","protected":false},"featured_media":674,"template":"","meta":{"_kad_post_transparent":"default","_kad_post_title":"","_kad_post_layout":"default","_kad_post_sidebar_id":"","_kad_post_content_style":"default","_kad_post_vertical_padding":"default","_kad_post_feature":"","_kad_post_feature_position":"","_kad_post_header":false,"_kad_post_footer":false,"_kad_post_classname":""},"product_brand":[],"product_cat":[15,28,17],"product_tag":[240,238,239],"class_list":{"0":"post-673","1":"product","2":"type-product","3":"status-publish","4":"has-post-thumbnail","6":"product_cat-red-light-therapy","7":"product_cat-customize","8":"product_cat-services","9":"product_tag-cosmetic-perfume-shipping-boxes","10":"product_tag-eco-friendly-cosmetic-packaging","11":"product_tag-perfume-packaging-suppliers","13":"first","14":"instock","15":"shipping-taxable","16":"product-type-simple","17":"entry","18":"content-bg","19":"loop-entry"},"_links":{"self":[{"href":"https:\/\/red-lighttherapy.com\/es_es\/wp-json\/wp\/v2\/product\/673","targetHints":{"allow":["GET"]}}],"collection":[{"href":"https:\/\/red-lighttherapy.com\/es_es\/wp-json\/wp\/v2\/product"}],"about":[{"href":"https:\/\/red-lighttherapy.com\/es_es\/wp-json\/wp\/v2\/types\/product"}],"wp:featuredmedia":[{"embeddable":true,"href":"https:\/\/red-lighttherapy.com\/es_es\/wp-json\/wp\/v2\/media\/674"}],"wp:attachment":[{"href":"https:\/\/red-lighttherapy.com\/es_es\/wp-json\/wp\/v2\/media?parent=673"}],"wp:term":[{"taxonomy":"product_brand","embeddable":true,"href":"https:\/\/red-lighttherapy.com\/es_es\/wp-json\/wp\/v2\/product_brand?post=673"},{"taxonomy":"product_cat","embeddable":true,"href":"https:\/\/red-lighttherapy.com\/es_es\/wp-json\/wp\/v2\/product_cat?post=673"},{"taxonomy":"product_tag","embeddable":true,"href":"https:\/\/red-lighttherapy.com\/es_es\/wp-json\/wp\/v2\/product_tag?post=673"}],"curies":[{"name":"wp","href":"https:\/\/api.w.org\/{rel}","templated":true}]}}