{"id":668,"date":"2025-04-14T03:52:12","date_gmt":"2025-04-14T03:52:12","guid":{"rendered":"https:\/\/red-lighttherapy.com\/?post_type=product&#038;p=668"},"modified":"2025-04-14T04:06:16","modified_gmt":"2025-04-14T04:06:16","slug":"custom-cosmetics-lip-gloss-mailer-packaging-boxes-wholesale","status":"publish","type":"product","link":"https:\/\/red-lighttherapy.com\/es_es\/custom-cosmetics-lip-gloss-mailer-packaging-boxes-wholesale\/","title":{"rendered":"Cosm\u00e9ticos personalizados Lip Gloss Mailer Cajas de embalaje al por mayor"},"content":{"rendered":"<h2 id=\"customized-cosmetic-lip-gloss-mailing-box-mailer-box-product-description\">Cosm\u00e9ticos personalizados Lip Gloss Mailing Box Descripci\u00f3n del producto<\/h2>\n<h2 id=\"-1-integrated-folding-design-environmentally-friendly-and-efficient-\"><strong>1. Dise\u00f1o plegable integrado, respetuoso con el medio ambiente y eficiente<\/strong><\/h2>\n<p>Adopta una innovadora estructura de caja de avi\u00f3n,\u00a0<strong>moldeado plegable integrado<\/strong>\u00a0se consigue mediante un proceso de troquelado de precisi\u00f3n, y no se necesitan pegamento ni clavos para el montaje auxiliar, y el montaje puede completarse en 3 segundos. El dise\u00f1o del cuerpo de la caja tiene en cuenta tanto la estabilidad estructural como la comodidad y el montaje, mejora la eficacia del envasado y reduce los costes de mano de obra. El material es cart\u00f3n ondulado reciclado 100%, que se ajusta a las tendencias mundiales de protecci\u00f3n del medio ambiente y cumple los requisitos normativos de los envases ecol\u00f3gicos en Oriente Medio..<\/p>\n<h2 id=\"-2-high-strength-pressure-resistant-material-all-round-protection-\"><strong>2. Material de alta resistencia a la presi\u00f3n, protecci\u00f3n integral<\/strong><\/h2>\n<p>El cuerpo de la caja es de <strong>cart\u00f3n ondulado<\/strong>Con un dise\u00f1o de estructura compuesta A\/B\/C (la flauta A tiene una fuerte resistencia al impacto, la flauta B tiene un excelente soporte de presi\u00f3n plana), y la resistencia a la compresi\u00f3n alcanza el nivel l\u00edder de la industria. A trav\u00e9s de\u00a0<strong>tecnolog\u00eda de incrustaci\u00f3n de costillas<\/strong>\u00a0(como fibra de bamb\u00fa o costillas met\u00e1licas) y el refuerzo de la capa de fibra en forma de rejilla, puede soportar la presi\u00f3n de apilamiento y el impacto de colisi\u00f3n durante el transporte, y proteger eficazmente las partes vulnerables, como los frascos de brillo de labios y los cabezales de los pinceles.<\/p>\n<h2 id=\"-3-middle-eastern-style-geometric-pattern-design-to-enhance-brand-recognition-\"><strong>3. Dise\u00f1o geom\u00e9trico de estilo de Oriente Medio para mejorar el reconocimiento de la marca<\/strong><\/h2>\n<p>La impresi\u00f3n de superficie incorpora\u00a0<strong>Elementos est\u00e9ticos geom\u00e9tricos isl\u00e1micos<\/strong>El dise\u00f1o de los mosaicos, con estrellas octogonales, patrones sim\u00e9tricos hexagonales y l\u00edneas de caligraf\u00eda \u00e1rabe, se combina con la inspiraci\u00f3n tradicional de los mosaicos para crear un dise\u00f1o con profundidad cultural y modernidad a la vez. La paleta de colores hace referencia a las preferencias del mercado de Oriente Pr\u00f3ximo, utilizando\u00a0<strong>oro c\u00e1lido, marr\u00f3n oscuro, burdeos<\/strong>\u00a0y otros tonos lujosos, con revestimiento UV mate parcial para resaltar el posicionamiento de gama alta del producto.<\/p>\n<h2 id=\"-4-double-sided-printing-technology-environmental-protection-and-functionality-\"><strong>4. Tecnolog\u00eda de impresi\u00f3n a doble cara, protecci\u00f3n del medio ambiente y funcionalidad.<\/strong><\/h2>\n<p>Ayuda\u00a0<strong>impresi\u00f3n a todo color por las dos caras<\/strong>La capa interior puede llevar impresas historias de marca, instrucciones de uso o etiquetas en varios idiomas, y la capa exterior muestra la informaci\u00f3n principal y los patrones visuales del producto para aprovechar al m\u00e1ximo el espacio del envase.\u00a0<strong>Tinta al agua<\/strong>\u00a0y\u00a0<strong>revestimiento ecol\u00f3gico a base de soja<\/strong>\u00a0se utilizan para cumplir las normas medioambientales REACH de la UE. Al mismo tiempo,\u00a0<strong>tecnolog\u00eda de impresi\u00f3n digital<\/strong>\u00a0se utiliza para garantizar que el patr\u00f3n no tiene diferencia de color, bordes claros, y la saturaci\u00f3n de color se incrementa en 30%.<\/p>\n<h2 id=\"-5-high-definition-printing-technology-to-enhance-visual-communication-\"><strong>5. Tecnolog\u00eda de impresi\u00f3n de alta definici\u00f3n para mejorar la comunicaci\u00f3n visual<\/strong><\/h2>\n<p>Utilice\u00a0<strong>impresi\u00f3n offset + tecnolog\u00eda de estampaci\u00f3n en fr\u00edo<\/strong>\u00a0para lograr detalles de patr\u00f3n de precisi\u00f3n de 0,1 mm, como el logotipo de textura met\u00e1lica, el efecto de brillo labial degradado, etc. A trav\u00e9s de\u00a0<strong>Calibraci\u00f3n de la carta de colores Pantone<\/strong>\u00a0y la tecnolog\u00eda de sobreimpresi\u00f3n en cuatricrom\u00eda, garantizan que el n\u00famero de color de la marca (como rojo rosa, naranja coral) se mantenga constante en diferentes lotes para evitar problemas de diferencias de color. La superficie puede procesarse con\u00a0<strong>gofrado, UV local, glaseado<\/strong>etc. para mejorar la experiencia t\u00e1ctil y el atractivo de las estanter\u00edas.<\/p>\n<h2 id=\"-6-in-depth-customized-service-flexible-adaptation-needs-\"><strong>6. Servicio personalizado en profundidad, necesidades de adaptaci\u00f3n flexibles<\/strong><\/h2>\n<ul>\n<li><strong>Personalizaci\u00f3n del tipo de caja<\/strong>: Proporcionar caja de avi\u00f3n est\u00e1ndar, tipo caj\u00f3n, tapa superior e inferior y otras estructuras, apoyar el dise\u00f1o de la ventana de forma especial para mostrar el n\u00famero de color de los labios.<\/li>\n<li><strong>Adaptaci\u00f3n del tama\u00f1o<\/strong>: Proporcionar 105-200mm rango de personalizaci\u00f3n de altura de acuerdo a las especificaciones de brillo de labios (como 10ml tubo delgado o 30ml botella de grasa) para optimizar la utilizaci\u00f3n del espacio de transporte.<\/li>\n<li><strong>Mejora del material<\/strong>: Pel\u00edcula de aluminio opcional cart\u00f3n a prueba de humedad o fibra de ca\u00f1a de az\u00facar material respetuoso con el medio ambiente para adaptarse al clima de alta temperatura y humedad en el Medio Oriente.<\/li>\n<li><strong>Combinaci\u00f3n artesanal<\/strong>: Admite estampaci\u00f3n en caliente, serigraf\u00eda, gofrado y otras superposiciones multiartesanales para satisfacer las necesidades especiales de las cajas de regalo de edici\u00f3n limitada o navide\u00f1as.<\/li>\n<\/ul>\n<h2 id=\"-7-cooperation-process-\"><strong>7. Proceso de cooperaci\u00f3n<\/strong>:<\/h2>\n<ol>\n<li><strong>Demanda de confirmaci\u00f3n<\/strong>: Proporcione el tama\u00f1o del producto, el proyecto de dise\u00f1o y la cantidad, obtenga el diagrama de estructura 3D y la muestra de material.<\/li>\n<li><strong>Prueba de ensayo<\/strong>: Entregue la caja de muestra f\u00edsica en un plazo de 7 d\u00edas laborables, incluido el informe de prueba de ca\u00edda y resistencia a la compresi\u00f3n.<\/li>\n<li><strong>Producci\u00f3n en serie<\/strong>: Pedido m\u00ednimo de 1.000 unidades, soporte de papel certificado FSC y servicio de trazabilidad de la huella de carbono.<\/li>\n<\/ol>\n<h2 id=\"-8-core-advantages-\"><strong>8. Ventajas principales<\/strong>:<\/h2>\n<ul>\n<li><strong>Optimizaci\u00f3n de costes<\/strong>: La estructura integrada reduce los consumibles 20%, y el dise\u00f1o sin cola reduce el riesgo de contaminaci\u00f3n en el almacenamiento.<\/li>\n<li><strong>Adaptaci\u00f3n cultural<\/strong>: Equipo de dise\u00f1o localizado en Oriente Medio para garantizar que los motivos y colores respeten los tab\u00faes religiosos y est\u00e9ticos.<\/li>\n<li><strong>Garant\u00eda de la cadena de suministro<\/strong>: F\u00e1brica propia con certificaci\u00f3n ISO 9001\/BSCI.<\/li>\n<\/ul>","protected":false},"excerpt":{"rendered":"<p>Esta caja de correo adopta un dise\u00f1o de plegado integrado, no requiere pegamento, tarda 3 segundos en formarse, y el material de cart\u00f3n ondulado de alta resistencia tiene una buena resistencia a la compresi\u00f3n para proteger sus productos de da\u00f1os. Es muy adecuado para sus aceites esenciales, m\u00e1scaras faciales, brillo de labios y otros envases cosm\u00e9ticos.<\/p>","protected":false},"featured_media":669,"template":"","meta":{"_kad_post_transparent":"default","_kad_post_title":"","_kad_post_layout":"default","_kad_post_sidebar_id":"","_kad_post_content_style":"default","_kad_post_vertical_padding":"default","_kad_post_feature":"","_kad_post_feature_position":"","_kad_post_header":false,"_kad_post_footer":false,"_kad_post_classname":""},"product_brand":[],"product_cat":[15,28,17],"product_tag":[89,237,236],"class_list":{"0":"post-668","1":"product","2":"type-product","3":"status-publish","4":"has-post-thumbnail","6":"product_cat-red-light-therapy","7":"product_cat-customize","8":"product_cat-services","9":"product_tag-custom-cosmetics-packaging","10":"product_tag-custom-lip-gloss-boxes-wholesale","11":"product_tag-lip-gloss-mailer-boxes","13":"first","14":"instock","15":"shipping-taxable","16":"product-type-simple","17":"entry","18":"content-bg","19":"loop-entry"},"_links":{"self":[{"href":"https:\/\/red-lighttherapy.com\/es_es\/wp-json\/wp\/v2\/product\/668","targetHints":{"allow":["GET"]}}],"collection":[{"href":"https:\/\/red-lighttherapy.com\/es_es\/wp-json\/wp\/v2\/product"}],"about":[{"href":"https:\/\/red-lighttherapy.com\/es_es\/wp-json\/wp\/v2\/types\/product"}],"wp:featuredmedia":[{"embeddable":true,"href":"https:\/\/red-lighttherapy.com\/es_es\/wp-json\/wp\/v2\/media\/669"}],"wp:attachment":[{"href":"https:\/\/red-lighttherapy.com\/es_es\/wp-json\/wp\/v2\/media?parent=668"}],"wp:term":[{"taxonomy":"product_brand","embeddable":true,"href":"https:\/\/red-lighttherapy.com\/es_es\/wp-json\/wp\/v2\/product_brand?post=668"},{"taxonomy":"product_cat","embeddable":true,"href":"https:\/\/red-lighttherapy.com\/es_es\/wp-json\/wp\/v2\/product_cat?post=668"},{"taxonomy":"product_tag","embeddable":true,"href":"https:\/\/red-lighttherapy.com\/es_es\/wp-json\/wp\/v2\/product_tag?post=668"}],"curies":[{"name":"wp","href":"https:\/\/api.w.org\/{rel}","templated":true}]}}