{"id":663,"date":"2025-04-14T03:37:04","date_gmt":"2025-04-14T03:37:04","guid":{"rendered":"https:\/\/red-lighttherapy.com\/?post_type=product&#038;p=663"},"modified":"2025-04-14T03:51:59","modified_gmt":"2025-04-14T03:51:59","slug":"supplies-premium-quality-mailer-boxes-for-underwear-t-shirt","status":"publish","type":"product","link":"https:\/\/red-lighttherapy.com\/es_es\/supplies-premium-quality-mailer-boxes-for-underwear-t-shirt\/","title":{"rendered":"Suministros Cajas de env\u00edo de primera calidad para ropa interior Camiseta"},"content":{"rendered":"<h2 id=\"-foldable-double-sided-hot-stamping-custom-airplane-box-\"><strong>Foldable Supplies Cajas de env\u00edo de primera calidad para ropa interior Camiseta<\/strong><\/h2>\n<h2 id=\"-1-sustainable-folding-design-new-experience-of-recycling-\"><strong>1. Dise\u00f1o plegable sostenible Nueva experiencia de reciclaje<\/strong><\/h2>\n<p>Esta caja de avi\u00f3n adopta una estructura plegable patentada, mediante hebilla de precisi\u00f3n y dise\u00f1o de pliegue modular, puede plegarse y reutilizarse m\u00e1s de 10 veces sin da\u00f1arse. Una vez desplegada, es una caja tridimensional (admite un tama\u00f1o est\u00e1ndar de 32<em>25<\/em>10cm), y el volumen se reduce a 1\/4 del tama\u00f1o original despu\u00e9s del plegado, lo que ahorra mucho espacio de almacenamiento (reduciendo los costes de almacenamiento en 60% en comparaci\u00f3n con el embalaje tradicional). Con material de cart\u00f3n de exportaci\u00f3n de cinco capas de grado AA, la resistencia a la compresi\u00f3n alcanza 2000 Newtons, y no tiene deformaci\u00f3n despu\u00e9s de la prueba de ambiente extremo de -40\u2103 a 80\u2103, que es adecuado para diversos escenarios de transporte, tales como el transporte mar\u00edtimo y a\u00e9reo.<\/p>\n<h2 id=\"-2-low-cost-and-efficient-production-intelligent-supply-chain-optimization-\"><strong>2. Producci\u00f3n eficiente y de bajo coste Optimizaci\u00f3n inteligente de la cadena de suministro<\/strong><\/h2>\n<ul>\n<li><strong>Adaptaci\u00f3n de la l\u00ednea de producci\u00f3n automatizada<\/strong>: Adoptando equipos integrados de troquelado + plegado totalmente autom\u00e1ticos, la capacidad de producci\u00f3n diaria alcanza las 200.000 piezas, y el coste de mano de obra se reduce en 45%;<\/li>\n<li><strong>Modo de inventario cero<\/strong>: El ciclo de producci\u00f3n personalizado bajo demanda es de 3-7 d\u00edas, soportando una cantidad m\u00ednima de pedido de 500 piezas, aliviando la presi\u00f3n financiera.<\/li>\n<\/ul>\n<h2 id=\"-three-double-sided-printing-hot-stamping-technology-brand-visual-upgrade-\"><strong>3. Impresi\u00f3n a doble cara + tecnolog\u00eda de estampaci\u00f3n en caliente actualizaci\u00f3n visual de la marca.<\/strong><\/h2>\n<ul>\n<li><strong>Impresi\u00f3n a doble cara de alta definici\u00f3n<\/strong>: Utilizando el sistema de color CMYK\/Pantone con tecnolog\u00eda de laminado UV, la resoluci\u00f3n alcanza los 300 ppp, admitiendo LOGO, par\u00e1metros de producto, ilustraciones art\u00edsticas y otros dise\u00f1os de combinaci\u00f3n de elementos m\u00faltiples;<\/li>\n<li><strong>Tecnolog\u00eda de estampaci\u00f3n en caliente tridimensional<\/strong>: Utilizando papel de aluminio electroqu\u00edmico alem\u00e1n Kurz, respetuoso con el medio ambiente, la resistencia al desgaste del texto\/estampado en caliente local se multiplica por 3, la reflectividad de la luz alcanza 90%, y el impacto visual es comparable al de los envases de art\u00edculos de lujo;<\/li>\n<li><strong>Funci\u00f3n antifalsificaci\u00f3n inteligente<\/strong>: Las etiquetas opcionales de estampaci\u00f3n en caliente sensibles a la temperatura y que cambian de color o la incrustaci\u00f3n de un chip NFC pueden mejorar la experiencia interactiva del consumidor.<\/li>\n<\/ul>\n<h2 id=\"-fourth-macaron-aesthetics-humanized-details-\"><strong>4. Est\u00e9tica macaron + detalles humanizados<\/strong><\/h2>\n<ul>\n<li><strong>Dise\u00f1o del color principal<\/strong>: la niebla lavanda de baja saturaci\u00f3n es el color principal, y se integra la escala de grises 5% para crear una textura brumosa. El atractivo visual medido aumenta con 37%;<\/li>\n<li><strong>Esquinas redondeadas de seguridad<\/strong>: Los bordes son redondeados + proceso de laminaci\u00f3n mate, y la resistencia a los ara\u00f1azos se incrementa en 50%, que cumple con las normas de seguridad infantil de la UE;<\/li>\n<li><strong>C\u00f3moda estructura de apertura y cierre<\/strong>: dise\u00f1o de tapa magn\u00e9tica + asa antideslizante, se abre y cierra con una sola mano en s\u00f3lo 0,5 segundos, y la satisfacci\u00f3n de los usuarios en la encuesta alcanz\u00f3 los 92%.<\/li>\n<\/ul>\n<h2 id=\"-v-customized-services-for-the-entire-industry-flexible-adaptation-scenarios-\"><strong>5. Escenarios de adaptaci\u00f3n flexibles<\/strong><\/h2>\n<table>\n<thead>\n<tr>\n<th><strong>Adaptaci\u00f3n del sector<\/strong><\/th>\n<th><strong>Dimensiones personalizadas<\/strong><\/th>\n<th><strong>Vitrina<\/strong><\/th>\n<\/tr>\n<\/thead>\n<tbody>\n<tr>\n<td>Marca de ropa interior<\/td>\n<td>Barrera antihumedad incorporada + orificios transpirables<\/td>\n<td>Encaje posici\u00f3n fija + forro antibacteriano<\/td>\n<\/tr>\n<tr>\n<td>Ropa deportiva<\/td>\n<td>Estructura reforzada resistente a la presi\u00f3n<\/td>\n<td>Tabique plegable para guardar la ropa de yoga<\/td>\n<\/tr>\n<tr>\n<td>Belleza y cuidado personal<\/td>\n<td>Tama\u00f1o mini + caja interior de espejo<\/td>\n<td>Ranura de algod\u00f3n perlado a prueba de golpes para pintalabios<\/td>\n<\/tr>\n<tr>\n<td>Personalizaci\u00f3n de regalos<\/td>\n<td>Ventana de forma especial + orificio para la cinta<\/td>\n<td>Estampaci\u00f3n en caliente limitada Holiday<\/td>\n<\/tr>\n<\/tbody>\n<\/table>\n<p><strong>Compromiso medioambiental<\/strong>: Gracias al papel con certificaci\u00f3n FSC y a la tecnolog\u00eda de tinta al agua, la huella de carbono se reduce en 42% en comparaci\u00f3n con los envases tradicionales, y favorece el reciclaje biodegradable 100%.<\/p>\n<p><strong>Personalizar ahora<\/strong>: Proporcionamos modificaciones gratuitas del borrador del dise\u00f1o, pruebas en 48 horas y servicios log\u00edsticos DDP globales, \u00a1convirtiendo el envase de su marca en un embajador de ventas silencioso!<\/p>","protected":false},"excerpt":{"rendered":"<p>Esta caja de correo, cuyo color principal es la niebla de lavanda macaron, puede plegarse y reutilizarse varias veces, reduciendo el consumo de envases desechables. Tiene un bajo precio unitario durante la producci\u00f3n en masa, lo que ahorra espacio de almacenamiento y costes de transporte. La operaci\u00f3n de plegado es sencilla y ahorra mano de obra.<\/p>","protected":false},"featured_media":664,"template":"","meta":{"_kad_post_transparent":"default","_kad_post_title":"","_kad_post_layout":"default","_kad_post_sidebar_id":"","_kad_post_content_style":"default","_kad_post_vertical_padding":"default","_kad_post_feature":"","_kad_post_feature_position":"","_kad_post_header":false,"_kad_post_footer":false,"_kad_post_classname":""},"product_brand":[],"product_cat":[15,30,17],"product_tag":[233,235,234],"class_list":{"0":"post-663","1":"product","2":"type-product","3":"status-publish","4":"has-post-thumbnail","6":"product_cat-red-light-therapy","7":"product_cat-dropshipping","8":"product_cat-services","9":"product_tag-premium-quality-mailer-boxes","10":"product_tag-supplies-shipping-t-shirt","11":"product_tag-underwear-mailer-boxes","13":"first","14":"instock","15":"shipping-taxable","16":"product-type-simple","17":"entry","18":"content-bg","19":"loop-entry"},"_links":{"self":[{"href":"https:\/\/red-lighttherapy.com\/es_es\/wp-json\/wp\/v2\/product\/663","targetHints":{"allow":["GET"]}}],"collection":[{"href":"https:\/\/red-lighttherapy.com\/es_es\/wp-json\/wp\/v2\/product"}],"about":[{"href":"https:\/\/red-lighttherapy.com\/es_es\/wp-json\/wp\/v2\/types\/product"}],"wp:featuredmedia":[{"embeddable":true,"href":"https:\/\/red-lighttherapy.com\/es_es\/wp-json\/wp\/v2\/media\/664"}],"wp:attachment":[{"href":"https:\/\/red-lighttherapy.com\/es_es\/wp-json\/wp\/v2\/media?parent=663"}],"wp:term":[{"taxonomy":"product_brand","embeddable":true,"href":"https:\/\/red-lighttherapy.com\/es_es\/wp-json\/wp\/v2\/product_brand?post=663"},{"taxonomy":"product_cat","embeddable":true,"href":"https:\/\/red-lighttherapy.com\/es_es\/wp-json\/wp\/v2\/product_cat?post=663"},{"taxonomy":"product_tag","embeddable":true,"href":"https:\/\/red-lighttherapy.com\/es_es\/wp-json\/wp\/v2\/product_tag?post=663"}],"curies":[{"name":"wp","href":"https:\/\/api.w.org\/{rel}","templated":true}]}}