{"id":652,"date":"2025-04-14T03:15:00","date_gmt":"2025-04-14T03:15:00","guid":{"rendered":"https:\/\/red-lighttherapy.com\/?post_type=product&#038;p=652"},"modified":"2025-04-14T03:25:26","modified_gmt":"2025-04-14T03:25:26","slug":"elegant-custom-bracelets-necklace-packaging-boxes-wholesale","status":"publish","type":"product","link":"https:\/\/red-lighttherapy.com\/es_es\/elegant-custom-bracelets-necklace-packaging-boxes-wholesale\/","title":{"rendered":"Elegante pulseras personalizadas collar cajas de embalaje al por mayor"},"content":{"rendered":"<h2><strong>Descripci\u00f3n de producto de la joyer\u00eda modificada para requisitos particulares elegante de las pulseras del collar que empaqueta las cajas al por mayor<\/strong><\/h2>\n<p>En el sector de la joyer\u00eda, el envase no es s\u00f3lo un contenedor de joyas, sino tambi\u00e9n una extensi\u00f3n del estilo de la marca y de la experiencia del usuario. En <strong>joyero minimalista con tapa y base<\/strong>\u00a0que hemos creado con gran esmero se centra en la artesan\u00eda y el dise\u00f1o est\u00e9tico, adapt\u00e1ndose perfectamente a m\u00faltiples categor\u00edas de joyer\u00eda como pulseras, collares y pendientes, lo que confiere a sus productos un mayor valor a\u00f1adido.<\/p>\n<h2 id=\"-1-minimalist-shape-universal-adaptation-\"><strong>1. Forma minimalista, adaptaci\u00f3n universal<\/strong><\/h2>\n<p>La caja cl\u00e1sica con tapa y tapa est\u00e1 dise\u00f1ada con l\u00edneas sencillas y pulcras, sin adornos superfluos, y es adecuada para productos de joyer\u00eda de distintos tama\u00f1os y formas. Las tapas superior e inferior encajan con precisi\u00f3n, y el espacio de apertura y cierre muestra un sentido ritual. El dise\u00f1o inclinado de la tapa es conveniente para la exposici\u00f3n, ya sea en mostrador o en l\u00ednea, puede presentar intuitivamente los deslumbrantes detalles de las joyas.<\/p>\n<h2 id=\"-2-color-aesthetics-classic-eye-catching-\"><strong>2. Est\u00e9tica del color, cl\u00e1sico llamativo<\/strong><\/h2>\n<p>El cuerpo de la caja es principalmente de color beige y dorado claro, con un suave y elegante lujo discreto, que complementa el brillo met\u00e1lico de las joyas. La cinta roja se utiliza como toque final, que no s\u00f3lo contin\u00faa el sentido ritual de la caja de regalo tradicional, sino que tambi\u00e9n realza el impacto visual mediante el contraste de colores. La cinta puede personalizarse para imprimir el logotipo de la marca, lo que puede reforzar el punto de recuerdo de la marca a partir de los detalles y mejorar la exposici\u00f3n.<\/p>\n<h2 id=\"-three-lining-technology-double-protection-\"><strong>3. Tecnolog\u00eda de revestimiento, doble protecci\u00f3n<\/strong><\/h2>\n<p>La caja est\u00e1 forrada de terciopelo negro, que es delicado y suave, eficazmente antideslizante y resistente a los golpes, y evita que las joyas se da\u00f1en por el roce y las sacudidas durante el transporte o la exposici\u00f3n. El fondo negro intenso resalta el brillo de las joyas, y el nivel visual es claro, resaltando a\u00fan m\u00e1s la textura de alta gama del producto.<\/p>\n<h2 id=\"-fourth-light-and-environmentally-friendly-practical-and-convenient-\"><strong>4. Ligero y respetuoso con el medio ambiente, pr\u00e1ctico y c\u00f3modo<\/strong><\/h2>\n<p>El cuerpo de la caja es de cart\u00f3n ligero respetuoso con el medio ambiente, que combina firmeza y portabilidad, tiene una excelente resistencia a la presi\u00f3n, puede reutilizarse y se ajusta al concepto de sostenibilidad. El dise\u00f1o de tama\u00f1o exquisito facilita su transporte o almacenamiento como caja de almacenaje durante mucho tiempo, lo que ampl\u00eda el ciclo de vida del envase y reduce el desperdicio de recursos.<\/p>\n<h2 id=\"-five-brand-empowerment-value-upgrade-\"><strong>5. Potenciaci\u00f3n de la marca, mejora del valor<\/strong><\/h2>\n<p>La propia caja de embalaje puede entregarse como regalo independiente para mejorar la experiencia de unboxing del cliente y la favorabilidad de la marca. Desde el logotipo de la cinta hasta el proceso de estampaci\u00f3n en caliente de la caja, cada detalle puede integrarse con elementos espec\u00edficos de la marca (como LOGO estampado en caliente\/plata caliente, serigraf\u00eda, etc.) para formar s\u00edmbolos visuales diferenciados y ayudar a asentar la imagen de marca.<\/p>\n<h2 id=\"-six-customized-service-flexible-and-efficient-\"><strong>6. Servicio personalizado, flexible y eficaz<\/strong><\/h2>\n<p>Admite pedidos de lotes peque\u00f1os (500 piezas para un solo modelo) y ofrece opciones de proceso diversificadas:<\/p>\n<ul>\n<li><strong>Personalizaci\u00f3n del logotipo<\/strong>Impresi\u00f3n de cintas, estampaci\u00f3n en caliente de cajas, grabado por l\u00e1ser y otros procesos para satisfacer las necesidades de personalizaci\u00f3n de las marcas;<\/li>\n<li><strong>Pruebas r\u00e1pidas<\/strong>2-3 d\u00edas para completar la producci\u00f3n de muestras, ciclo de producci\u00f3n de lotes 7-14 d\u00edas, ritmo de ventas flexible;<\/li>\n<li><strong>Adaptaci\u00f3n mundial<\/strong>: Cumplen las normas europeas y americanas de protecci\u00f3n del medio ambiente (como la ausencia de revestimiento de metales pesados, materiales reciclables), aptos para la exportaci\u00f3n transfronteriza.<\/li>\n<\/ul>\n<h2 id=\"-conclusion-\"><strong>Conclusi\u00f3n<\/strong><\/h2>\n<p>Esta caja de embalaje de joyer\u00eda con tapa superior e inferior, con una est\u00e9tica minimalista y funciones pr\u00e1cticas como n\u00facleo, mejora de forma integral la competitividad en el mercado de los productos de joyer\u00eda desde la visi\u00f3n, el tacto hasta el valor de marca. Tanto si se trata de un embalaje espec\u00edfico de la marca como de un regalo independiente, puede convertirse en sin\u00f3nimo de \"exquisitez y calidad\" en el coraz\u00f3n de los consumidores. \u00a1Le invitamos sinceramente a cooperar y alcanzar la altura de marca con detalles!<\/p>","protected":false},"excerpt":{"rendered":"<p>El cuerpo de la caja es de color beige y dorado claro con un lazo rojo, que resulta cl\u00e1sico, elegante y llamativo. Su forma minimalista es adecuada para diversas categor\u00edas de joyas, como collares, pulseras y pendientes.<\/p>","protected":false},"featured_media":653,"template":"","meta":{"_kad_post_transparent":"default","_kad_post_title":"","_kad_post_layout":"default","_kad_post_sidebar_id":"","_kad_post_content_style":"default","_kad_post_vertical_padding":"default","_kad_post_feature":"","_kad_post_feature_position":"","_kad_post_header":false,"_kad_post_footer":false,"_kad_post_classname":""},"product_brand":[],"product_cat":[15,19,17],"product_tag":[227,228,229],"class_list":{"0":"post-652","1":"product","2":"type-product","3":"status-publish","4":"has-post-thumbnail","6":"product_cat-red-light-therapy","7":"product_cat-red-light-therapy-stand","8":"product_cat-services","9":"product_tag-custom-bracelets-packaging-boxes","10":"product_tag-necklace-packaging-boxes-wholesale","11":"product_tag-ribbon-jewelry-boxes","13":"first","14":"instock","15":"shipping-taxable","16":"product-type-simple","17":"entry","18":"content-bg","19":"loop-entry"},"_links":{"self":[{"href":"https:\/\/red-lighttherapy.com\/es_es\/wp-json\/wp\/v2\/product\/652","targetHints":{"allow":["GET"]}}],"collection":[{"href":"https:\/\/red-lighttherapy.com\/es_es\/wp-json\/wp\/v2\/product"}],"about":[{"href":"https:\/\/red-lighttherapy.com\/es_es\/wp-json\/wp\/v2\/types\/product"}],"wp:featuredmedia":[{"embeddable":true,"href":"https:\/\/red-lighttherapy.com\/es_es\/wp-json\/wp\/v2\/media\/653"}],"wp:attachment":[{"href":"https:\/\/red-lighttherapy.com\/es_es\/wp-json\/wp\/v2\/media?parent=652"}],"wp:term":[{"taxonomy":"product_brand","embeddable":true,"href":"https:\/\/red-lighttherapy.com\/es_es\/wp-json\/wp\/v2\/product_brand?post=652"},{"taxonomy":"product_cat","embeddable":true,"href":"https:\/\/red-lighttherapy.com\/es_es\/wp-json\/wp\/v2\/product_cat?post=652"},{"taxonomy":"product_tag","embeddable":true,"href":"https:\/\/red-lighttherapy.com\/es_es\/wp-json\/wp\/v2\/product_tag?post=652"}],"curies":[{"name":"wp","href":"https:\/\/api.w.org\/{rel}","templated":true}]}}