{"id":634,"date":"2025-04-13T08:18:35","date_gmt":"2025-04-13T08:18:35","guid":{"rendered":"https:\/\/red-lighttherapy.com\/?post_type=product&#038;p=634"},"modified":"2025-04-13T08:47:17","modified_gmt":"2025-04-13T08:47:17","slug":"luxury-foldable-shopping-paper-bags-for-apparel-cosmetic","status":"publish","type":"product","link":"https:\/\/red-lighttherapy.com\/es_es\/luxury-foldable-shopping-paper-bags-for-apparel-cosmetic\/","title":{"rendered":"Bolsas de papel plegables de lujo para ropa y cosm\u00e9ticos"},"content":{"rendered":"<h2 id=\"1-shopping-paper-bags-\">1.\u00a0<strong>Bolsas de papel para la compra<\/strong><\/h2>\n<p>Dise\u00f1adas para el comercio minorista de gama alta, las bolsas de papel para la compra est\u00e1n fabricadas con papel engrosado respetuoso con el medio ambiente y certificado FSC (peso 200-450 g), que puede personalizarse en forma rectangular, hexagonal o con estructuras de formas especiales, adecuadas para la exposici\u00f3n de la imagen de marca de ropa, cosm\u00e9ticos y otros productos. La superficie de la bolsa de papel puede integrarse con el logotipo de la marca estampado en caliente, gofrado y otros procesos, y admite tecnolog\u00eda de codificaci\u00f3n antifalsificaci\u00f3n incorporada.<\/p>\n<h2 id=\"2-foldable-and-flat-shipping-\">2.\u00a0<strong>Env\u00edo plegable y plano<\/strong><\/h2>\n<p>Adoptando un dise\u00f1o de estructura de plegado tubular, el grosor despu\u00e9s del plegado es de s\u00f3lo 1-2mm, soportando miles de piezas de embalaje apilable, reduciendo los costes de transporte en m\u00e1s de 70%. Los dise\u00f1os clave incluyen:<\/p>\n<h2 id=\"3-hot-stamping-process-\">3. Oro h<strong>ot stamping foil process<\/strong><\/h2>\n<p>Adopta la l\u00e1mina de estampaci\u00f3n en caliente de oro alem\u00e1n Kurz, combinada con el molde de alta precisi\u00f3n \u22640,1 mm para lograr un efecto de relieve tridimensional. Las innovaciones tecnol\u00f3gicas incluyen:<\/p>\n<ul>\n<li><strong>Tecnolog\u00eda de superposici\u00f3n de doble color<\/strong>oro espejo + oro esmerilado estampaci\u00f3n en caliente por capas para realzar la estratificaci\u00f3n visual;<\/li>\n<li><strong>Microtallado contra la falsificaci\u00f3n<\/strong>: c\u00f3digo de micromarca incrustado;<\/li>\n<li><strong>Certificaci\u00f3n medioambiental<\/strong>: utilizando adhesivos a base de agua y superando la prueba SGS de migraci\u00f3n de metales pesados, de acuerdo con las normas REACH de la UE.<\/li>\n<\/ul>\n<h2 id=\"4-ribbon-handle-\">4.\u00a0<strong>Asa de cinta<\/strong><\/h2>\n<p>El asa est\u00e1 hecha de poli\u00e9ster tejido de alta densidad o de material mezclado de algod\u00f3n y lino, la anchura puede personalizarse entre 8 y 15 mm, y la capacidad de carga es de hasta 8 kg. Los procesos innovadores incluyen:<\/p>\n<ul>\n<li><strong>Fijaci\u00f3n por prensado en caliente<\/strong>: evitan el problema de f\u00e1cil desgarro de la perforaci\u00f3n tradicional, como la estructura precisa de la bisagra de la pantalla plegable Sanlipu;<\/li>\n<li><strong>Dise\u00f1o multifuncional<\/strong>Etiquetas de marca integradas, borlas o cierres magn\u00e9ticos en el extremo, adecuadas para escenas de cajas de regalo de lujo. Por ejemplo, las marcas de ropa suelen utilizar cintas ensanchadas para mejorar la comodidad de agarre.<\/li>\n<\/ul>\n<h2 id=\"5-highly-customized-service-\">5.\u00a0<strong>Servicio altamente personalizado<\/strong><\/h2>\n<p>Proporcionar soluciones de personalizaci\u00f3n flexibles de enlace completo:<\/p>\n<ul>\n<li><strong>Adaptaci\u00f3n funcional<\/strong>: Las bolsas para ropa tienen ganchos para perchas incorporados, y los estuches para cosm\u00e9ticos est\u00e1n dise\u00f1ados con ranuras independientes para el forro;<\/li>\n<li><strong>Combinaci\u00f3n de procesos<\/strong>: Admite 12 procesos, como la impresi\u00f3n de colores planos Pantone + UV local + ahuecado por l\u00e1ser, como el dise\u00f1o de superficie AB de las bolsas de papel de marca compartida Disney;<\/li>\n<li><strong>Respuesta r\u00e1pida<\/strong>: ciclo de pruebas de 72 horas, admite 500 unidades de pedido m\u00ednimo, se adapta a las necesidades de edici\u00f3n limitada de las tiendas pop-up.<\/li>\n<\/ul>\n<h2 id=\"6-surface-lamination-\">6.\u00a0<strong>Laminado de superficies<\/strong><\/h2>\n<p>Adopta la tecnolog\u00eda de laminaci\u00f3n mate o brillante con base de agua para lograr una triple mejora del rendimiento:<\/p>\n<ul>\n<li><strong>Protecci\u00f3n<\/strong>: Superficie a prueba de salpicaduras de nivel IPX4, resistente a -20\u2103 a 50\u2103 de diferencia de temperatura;<\/li>\n<li><strong>Optimizaci\u00f3n t\u00e1ctil<\/strong>: Recubrimiento mate similar a la piel, super\u00f3 la prueba de desgaste Martindale 5000;<\/li>\n<li><strong>Compatibilidad con el medio ambiente<\/strong>: El material de laminado es reciclable y degradable, y cumple los requisitos de la \"Orden de restricci\u00f3n de pl\u00e1sticos\" de China.<\/li>\n<\/ul>\n<h2 id=\"7-pink-main-color-design-\">7.\u00a0<strong>Dise\u00f1o de color principal rosa<\/strong><\/h2>\n<p>Se selecciona el rosa ballet Pantone 13-2805 TCX, que ha sido verificado por la psicolog\u00eda del color para aumentar el deseo de compra de 73% de las consumidoras. La combinaci\u00f3n de colores incluye:<\/p>\n<ul>\n<li><strong>Igualdad de colores<\/strong>: Champ\u00e1n dorado estampado en caliente + cinta blanca nacarada para crear un ambiente ligero y lujoso;<\/li>\n<li><strong>Contraste de colores<\/strong>: Asas azul neblina\/verde menta, adecuadas para las marcas de tendencia de la generaci\u00f3n Z. Por ejemplo, la serie Chanel 2025 de primavera y verano utiliza un dise\u00f1o de contraste de sat\u00e9n rosa hielo y ribetes plateados.<\/li>\n<\/ul>\n<h2 id=\"8-advantages-of-chinese-source-manufacturers-\">8.\u00a0<strong>Ventajas de los fabricantes chinos<\/strong><\/h2>\n<p>Empresas punteras como Nanwang Technology y Mingdai Paper Products han:<\/p>\n<ul>\n<li><strong>Garant\u00eda de capacidad<\/strong>: 12 l\u00edneas de producci\u00f3n totalmente autom\u00e1ticas, si la capacidad de producci\u00f3n supera los 20 millones de piezas;<\/li>\n<li><strong>Certificaci\u00f3n de conformidad<\/strong>: Poseer los certificados de responsabilidad social ISO 14001 y Sedex, en l\u00ednea con las normas de acceso a las marcas europeas y americanas;<\/li>\n<li><strong>Obst\u00e1culos t\u00e9cnicos<\/strong>: Desarroll\u00f3 de forma independiente la tecnolog\u00eda de fabricaci\u00f3n de bolsas de formato ultra grande, acaparando 30% de la cuota de mercado coreana de bolsas de papel para ropa.<\/li>\n<\/ul>","protected":false},"excerpt":{"rendered":"<p>Nuestra bolsa de papel para embalaje puede plegarse y colocarse plana para su env\u00edo, reduciendo as\u00ed los costes de transporte. Se optimiza mediante l\u00edneas de preindentaci\u00f3n para garantizar que permanezca inalterada despu\u00e9s de desplegarse, y el proceso de estampaci\u00f3n en caliente en la superficie mejora la estratificaci\u00f3n visual.<\/p>","protected":false},"featured_media":638,"template":"","meta":{"_kad_post_transparent":"default","_kad_post_title":"","_kad_post_layout":"default","_kad_post_sidebar_id":"","_kad_post_content_style":"default","_kad_post_vertical_padding":"default","_kad_post_feature":"","_kad_post_feature_position":"","_kad_post_header":false,"_kad_post_footer":false,"_kad_post_classname":""},"product_brand":[],"product_cat":[15,28,30,17],"product_tag":[220,218,219],"class_list":{"0":"post-634","1":"product","2":"type-product","3":"status-publish","4":"has-post-thumbnail","6":"product_cat-red-light-therapy","7":"product_cat-customize","8":"product_cat-dropshipping","9":"product_cat-services","10":"product_tag-luxury-apparel-cosmetic-paper-bags","11":"product_tag-shopping-paper-bags-for-apparel","12":"product_tag-shopping-paper-bags-for-cosmetic","14":"first","15":"instock","16":"shipping-taxable","17":"product-type-simple","18":"entry","19":"content-bg","20":"loop-entry"},"_links":{"self":[{"href":"https:\/\/red-lighttherapy.com\/es_es\/wp-json\/wp\/v2\/product\/634","targetHints":{"allow":["GET"]}}],"collection":[{"href":"https:\/\/red-lighttherapy.com\/es_es\/wp-json\/wp\/v2\/product"}],"about":[{"href":"https:\/\/red-lighttherapy.com\/es_es\/wp-json\/wp\/v2\/types\/product"}],"wp:featuredmedia":[{"embeddable":true,"href":"https:\/\/red-lighttherapy.com\/es_es\/wp-json\/wp\/v2\/media\/638"}],"wp:attachment":[{"href":"https:\/\/red-lighttherapy.com\/es_es\/wp-json\/wp\/v2\/media?parent=634"}],"wp:term":[{"taxonomy":"product_brand","embeddable":true,"href":"https:\/\/red-lighttherapy.com\/es_es\/wp-json\/wp\/v2\/product_brand?post=634"},{"taxonomy":"product_cat","embeddable":true,"href":"https:\/\/red-lighttherapy.com\/es_es\/wp-json\/wp\/v2\/product_cat?post=634"},{"taxonomy":"product_tag","embeddable":true,"href":"https:\/\/red-lighttherapy.com\/es_es\/wp-json\/wp\/v2\/product_tag?post=634"}],"curies":[{"name":"wp","href":"https:\/\/api.w.org\/{rel}","templated":true}]}}