{"id":628,"date":"2025-04-13T07:49:49","date_gmt":"2025-04-13T07:49:49","guid":{"rendered":"https:\/\/red-lighttherapy.com\/?post_type=product&#038;p=628"},"modified":"2025-04-13T08:18:26","modified_gmt":"2025-04-13T08:18:26","slug":"custom-printed-vape-pen-cartridge-packaging-box-manufacturer","status":"publish","type":"product","link":"https:\/\/red-lighttherapy.com\/es_es\/custom-printed-vape-pen-cartridge-packaging-box-manufacturer\/","title":{"rendered":"Fabricante de Cajas de Embalaje para Cartuchos de Vape Pen Impresas a Medida"},"content":{"rendered":"<h2 id=\"16-years-of-craftsmanship-to-create-a-child-resistant-child-resistant-e-cigarette-pen-ink-cartridge-packaging-solution\">Personalizado impreso Vape Pen Cartucho Caja de Embalaje Fabricante Soluci\u00f3n de Embalaje<\/h2>\n<h2><strong>1. Resistente a los ni\u00f1os <\/strong><strong>Dise\u00f1o<\/strong><\/h2>\n<p>Adoptando un innovador dise\u00f1o de estructura de hebilla, requiere una fuerza y un \u00e1ngulo espec\u00edficos para abrirse, lo que evita eficazmente el riesgo de que los ni\u00f1os lo toquen por error. El orificio ovalado en el lateral de la caja de embalaje se combina con el tipo de caja extra\u00edble, que no s\u00f3lo satisface las necesidades de los adultos para un acceso c\u00f3modo, sino que tambi\u00e9n cumple las normas internacionales de embalaje de seguridad infantil mediante el dise\u00f1o de barrera f\u00edsica.<\/p>\n<h2 id=\"-2-drawer-paper-boxes-design-\"><strong>2. Dise\u00f1o de cajas de papel para cajones<\/strong><\/h2>\n<p>El tipo de caja de papel para cajones se centra en la experiencia de apertura y cierre suaves. La abertura de tira larga negra se combina con el color de fondo degradado, que tiene tanto belleza visual como funciones pr\u00e1cticas. La estructura del cuerpo de la caja es estable, se puede abrir y cerrar repetidamente sin soltura, y se adapta perfectamente al uso de alta frecuencia de los cartuchos de tinta de la pluma e-cigarrillo.<\/p>\n<h2 id=\"-3-premium-art-paper-\"><strong>3. Papel art\u00edstico de alta calidad<\/strong><\/h2>\n<p>Papel estucado seleccionado de 300 g o m\u00e1s, con pel\u00edcula mate\/brillante en la superficie, resistente al desgaste y a la presi\u00f3n, y alta reproducci\u00f3n del color de impresi\u00f3n. El material es respetuoso con el medio ambiente y no t\u00f3xico, y se pasa la certificaci\u00f3n ROHS, asegurando que no se desvanecen o deformado durante el almacenamiento prolongado, mejora la textura de gama alta del producto....<\/p>\n<h2 id=\"-4-360-customizable-printing-\"><strong>4. Impresi\u00f3n personalizable en 360<\/strong><\/h2>\n<p>Admite la impresi\u00f3n multidireccional en la superficie, el lateral y el fondo de la caja, y puede sustituir libremente las palabras \"TEXTO\" y \"LOGOTIPO\", compatible con efectos de degradado de monocromo a todo color. Tanto si se trata de logotipos de marca, advertencias o dibujos animados, pueden restaurarse con precisi\u00f3n para lograr un alto grado de unidad visual entre el envase y la marca.<\/p>\n<h2 id=\"-5-tailored-foam-insert-\"><strong>5. Inserto de espuma a medida<\/strong><\/h2>\n<p>Seg\u00fan el tama\u00f1o, la forma y la disposici\u00f3n del cartucho\/bol\u00edgrafo, ofrecemos servicios de personalizaci\u00f3n del forro de EVA\/PEP. La precisi\u00f3n de troquelado del forro es de \u00b10,5 mm, lo que fija eficazmente el producto para evitar golpes y colisiones, al tiempo que optimiza la utilizaci\u00f3n del espacio y reduce la tasa de p\u00e9rdidas por transporte.<\/p>\n<h2 id=\"-6-cartoon-ip-empowerment-marketing-cartoon-visual-impact-\"><strong>6. Cartoon IP Empowerment Marketing (Cartoon Impacto Visual)<\/strong><\/h2>\n<p>Dise\u00f1os de dibujos animados originales o autorizados, como simp\u00e1ticos animales, ilustraciones de moda, etc., que abarcan degradados de rosa y morado, marr\u00f3n y fr\u00edo y otras combinaciones de colores. Los v\u00edvidos efectos visuales llegan directamente a los grupos de consumidores j\u00f3venes, ayudando a las marcas a establecer r\u00e1pidamente puntos de recuerdo entre los productos de la competencia.<\/p>\n<p><em>##\u00a0<\/em>7. Fabricante l\u00edder en China en el campo del envasado de cigarrillos electr\u00f3nicos, con m\u00e1s de 300 marcas en todo el mundo y m\u00e1s de 50 millones de cajas de envasado personalizadas en total. Desde las pruebas de dise\u00f1o hasta la inspecci\u00f3n de calidad de la producci\u00f3n en serie, toda la cadena de f\u00e1bricas propias est\u00e1 controlada para garantizar una respuesta en 48 horas y una entrega ultrarr\u00e1pida en 7-15 d\u00edas.<\/p>","protected":false},"excerpt":{"rendered":"<p>Esta caja de papel para cajones a prueba de ni\u00f1os est\u00e1 fabricada con papel estucado de alta calidad y laminado, teniendo en cuenta una alta reproducci\u00f3n crom\u00e1tica y la protecci\u00f3n del medio ambiente. Admite la personalizaci\u00f3n de la impresi\u00f3n en toda la escena y est\u00e1 equipada con un troquelado preciso del forro para evitar golpes y presiones. Gracias a la innovaci\u00f3n estructural y la optimizaci\u00f3n de materiales, consigue un triple equilibrio entre protecci\u00f3n de seguridad, atractivo visual y eficacia de transporte.<\/p>","protected":false},"featured_media":631,"template":"","meta":{"_kad_post_transparent":"default","_kad_post_title":"","_kad_post_layout":"default","_kad_post_sidebar_id":"","_kad_post_content_style":"default","_kad_post_vertical_padding":"default","_kad_post_feature":"","_kad_post_feature_position":"","_kad_post_header":false,"_kad_post_footer":false,"_kad_post_classname":""},"product_brand":[],"product_cat":[15,40,17],"product_tag":[216,217,215],"class_list":{"0":"post-628","1":"product","2":"type-product","3":"status-publish","4":"has-post-thumbnail","6":"product_cat-red-light-therapy","7":"product_cat-red-light-therapy-panel","8":"product_cat-services","9":"product_tag-cartridge-packaging-manufacturer","10":"product_tag-custom-vape-packaging","11":"product_tag-vape-pen-cartridge-packaging","13":"first","14":"instock","15":"shipping-taxable","16":"product-type-simple","17":"entry","18":"content-bg","19":"loop-entry"},"_links":{"self":[{"href":"https:\/\/red-lighttherapy.com\/es_es\/wp-json\/wp\/v2\/product\/628","targetHints":{"allow":["GET"]}}],"collection":[{"href":"https:\/\/red-lighttherapy.com\/es_es\/wp-json\/wp\/v2\/product"}],"about":[{"href":"https:\/\/red-lighttherapy.com\/es_es\/wp-json\/wp\/v2\/types\/product"}],"wp:featuredmedia":[{"embeddable":true,"href":"https:\/\/red-lighttherapy.com\/es_es\/wp-json\/wp\/v2\/media\/631"}],"wp:attachment":[{"href":"https:\/\/red-lighttherapy.com\/es_es\/wp-json\/wp\/v2\/media?parent=628"}],"wp:term":[{"taxonomy":"product_brand","embeddable":true,"href":"https:\/\/red-lighttherapy.com\/es_es\/wp-json\/wp\/v2\/product_brand?post=628"},{"taxonomy":"product_cat","embeddable":true,"href":"https:\/\/red-lighttherapy.com\/es_es\/wp-json\/wp\/v2\/product_cat?post=628"},{"taxonomy":"product_tag","embeddable":true,"href":"https:\/\/red-lighttherapy.com\/es_es\/wp-json\/wp\/v2\/product_tag?post=628"}],"curies":[{"name":"wp","href":"https:\/\/api.w.org\/{rel}","templated":true}]}}