{"id":622,"date":"2025-04-13T07:31:16","date_gmt":"2025-04-13T07:31:16","guid":{"rendered":"https:\/\/red-lighttherapy.com\/?post_type=product&#038;p=622"},"modified":"2025-04-13T07:49:37","modified_gmt":"2025-04-13T07:49:37","slug":"food-grade-kraft-tea-coffee-paper-tube-boxes-manufacturer","status":"publish","type":"product","link":"https:\/\/red-lighttherapy.com\/es_es\/food-grade-kraft-tea-coffee-paper-tube-boxes-manufacturer\/","title":{"rendered":"Grado de Alimentos Kraft T\u00e9 Caf\u00e9 Tubo de Papel Cajas Fabricante"},"content":{"rendered":"<h2 id=\"fsc-iso-certified-food-grade-kraft-paper-tea-and-coffee-cylinder-packaging\">Envase cil\u00edndrico de papel kraft para t\u00e9 y caf\u00e9 con certificaci\u00f3n FSC ISO para uso alimentario<\/h2>\n<h2 id=\"1-paper-tube-packaging\">1. Envasado en tubo de papel<\/h2>\n<ul>\n<li>La superficie de exposici\u00f3n tridimensional de 360\u00b0 refuerza la visi\u00f3n de la marca, y la forma inclinada cumple los requisitos de fluidez de alimentos granulados como almendras\/hojas de t\u00e9<\/li>\n<li>El dise\u00f1o de la tapa desmontable verde oscuro permite abrirla y cerrarla con una sola mano, y el sellado a prueba de polvo cumple las normas de almacenamiento alimentario<\/li>\n<li>El di\u00e1metro del cilindro es adecuado para l\u00edneas de llenado automatizadas, y la estabilidad de apilamiento reduce la tasa de da\u00f1os por transporte en 30%<\/li>\n<\/ul>\n<h2 id=\"2-dual-value-of-food-grade-kraft-paper-material\">2. Doble valor del material de papel kraft alimentario<\/h2>\n<ul>\n<li>La fibra de pulpa de madera original ha superado la certificaci\u00f3n de contacto con alimentos de la FDA, y no hay riesgo de migraci\u00f3n del agente fluorescente.<\/li>\n<li>La capa central de 3,2 mm de grosor proporciona resistencia a la compresi\u00f3n (soporta 5,5 kg sin deformarse), y la textura natural de la capa exterior resalta el tono de los productos ecol\u00f3gicos<\/li>\n<li>El \u00edndice de degradabilidad es superior a 98%, es decir, 65% menos que la huella de carbono de los envases de pl\u00e1stico.<\/li>\n<\/ul>\n<h2 id=\"3-mirror-level-inner-wall-treatment-technology\">3. Tecnolog\u00eda de tratamiento de la pared interior a nivel de espejo<\/h2>\n<ul>\n<li>El proceso de laminado de PE de calidad alimentaria forma una capa de barrera de 0,03 mm para evitar la penetraci\u00f3n de aceite y el escape de aromas<\/li>\n<li>La tecnolog\u00eda de pulido de malla 1200 consigue un acabado Ra\u22640,8\u03bcm para evitar las migas de frutos secos\/residuos de t\u00e9<\/li>\n<li>Ha superado la prueba de fijaci\u00f3n microbiana de SGS y cumple las normas de higiene del sistema APPCC<\/li>\n<\/ul>\n<h2 id=\"4-advantages-of-6-color-high-definition-printing-system\">4. Ventajas del sistema de impresi\u00f3n de alta definici\u00f3n de 6 colores<\/h2>\n<ul>\n<li>El proceso CMYK+color directo+estampaci\u00f3n en caliente restaura con precisi\u00f3n la textura de ramas y hojas (anchura m\u00ednima de l\u00ednea 0,1 mm)<\/li>\n<li>La tinta de curado UV supera la prueba de seguridad de metales pesados EN71-3 de la UE y no se emborrona cuando se expone al agua<\/li>\n<li>El sistema de posicionamiento inteligente garantiza la ausencia de rebabas en los bordes del texto multiling\u00fce<\/li>\n<\/ul>\n<h2 id=\"5-triple-protection-of-water-based-laminating-process\">5. Triple protecci\u00f3n del proceso de laminado al agua<\/h2>\n<ul>\n<li>La pel\u00edcula de polipropileno de orientaci\u00f3n biaxial de 12\u03bcm mejora la resistencia al desgaste de la superficie hasta la dureza de l\u00e1piz 4H.<\/li>\n<li>El rendimiento a prueba de humedad supera el entorno de humedad 85%RH, \u00edndice de transmisi\u00f3n de vapor de agua &lt;5g\/m\u00b2-24h<\/li>\n<li>El rango de resistencia a la temperatura se ampl\u00eda a -18\u2103~120\u2103, adecuado para almacenamiento congelado y escenarios de recalentamiento en microondas.<\/li>\n<\/ul>\n<h2 id=\"6-manufacturing-advantages-of-shenzhen-source-factory\">6. Ventajas de fabricaci\u00f3n de la f\u00e1brica de origen de Shenzhen<\/h2>\n<ul>\n<li>La producci\u00f3n de eslabones completos (despulpado \u2192 enrollado \u2192 impresi\u00f3n \u2192 laminado) acorta el plazo de entrega a 7 d\u00edas laborables.<\/li>\n<li>50+ conjuntos de bibliotecas de moldes soportan la personalizaci\u00f3n de \u03a660-\u03a6300mm de di\u00e1metro del cilindro, y la cantidad m\u00ednima de pedido se reduce a 500pcs.<\/li>\n<li>Adyacente al puerto de Yantian para lograr la entrega en 7 d\u00edas de pedidos europeos y americanos, apoyando los servicios de comercio internacional de DDP.<\/li>\n<\/ul>\n<h2 id=\"7-fsc-iso-dual-certification-strategic-value\">7. Valor estrat\u00e9gico de la doble certificaci\u00f3n FSC+ISO<\/h2>\n<ul>\n<li>La certificaci\u00f3n FSC-COC garantiza que 100% de la pulpa procede de bosques gestionados de forma sostenible<\/li>\n<li>Sistema de gesti\u00f3n de la calidad de los envases farmac\u00e9uticos ISO15378, trazabilidad de los lotes con precisi\u00f3n de minutos<\/li>\n<li>El logotipo de la certificaci\u00f3n puede imprimirse en el envase, lo que ayuda a los clientes a entrar en supermercados de gama alta como Whole Foods<\/li>\n<\/ul>","protected":false},"excerpt":{"rendered":"<p>Con papel kraft certificado FSC como base y tecnolog\u00eda de laminado de calidad alimentaria, creamos un envase de tubo de papel biodegradable y respetuoso con el medio ambiente, adecuado para productos granulados como el t\u00e9 y el caf\u00e9 en grano. El dise\u00f1o de tapa desmontable permite abrirlo y cerrarlo con una sola mano, lo que mejora la imagen de marca.<\/p>","protected":false},"featured_media":623,"template":"","meta":{"_kad_post_transparent":"default","_kad_post_title":"","_kad_post_layout":"default","_kad_post_sidebar_id":"","_kad_post_content_style":"default","_kad_post_vertical_padding":"default","_kad_post_feature":"","_kad_post_feature_position":"","_kad_post_header":false,"_kad_post_footer":false,"_kad_post_classname":""},"product_brand":[],"product_cat":[15,17],"product_tag":[213,214,205],"class_list":{"0":"post-622","1":"product","2":"type-product","3":"status-publish","4":"has-post-thumbnail","6":"product_cat-red-light-therapy","7":"product_cat-services","8":"product_tag-coffee-boxes-manufacturer","9":"product_tag-custom-tea-coffee-paper-tube","10":"product_tag-tea-paper-tube","12":"first","13":"instock","14":"shipping-taxable","15":"product-type-simple","16":"entry","17":"content-bg","18":"loop-entry"},"_links":{"self":[{"href":"https:\/\/red-lighttherapy.com\/es_es\/wp-json\/wp\/v2\/product\/622","targetHints":{"allow":["GET"]}}],"collection":[{"href":"https:\/\/red-lighttherapy.com\/es_es\/wp-json\/wp\/v2\/product"}],"about":[{"href":"https:\/\/red-lighttherapy.com\/es_es\/wp-json\/wp\/v2\/types\/product"}],"wp:featuredmedia":[{"embeddable":true,"href":"https:\/\/red-lighttherapy.com\/es_es\/wp-json\/wp\/v2\/media\/623"}],"wp:attachment":[{"href":"https:\/\/red-lighttherapy.com\/es_es\/wp-json\/wp\/v2\/media?parent=622"}],"wp:term":[{"taxonomy":"product_brand","embeddable":true,"href":"https:\/\/red-lighttherapy.com\/es_es\/wp-json\/wp\/v2\/product_brand?post=622"},{"taxonomy":"product_cat","embeddable":true,"href":"https:\/\/red-lighttherapy.com\/es_es\/wp-json\/wp\/v2\/product_cat?post=622"},{"taxonomy":"product_tag","embeddable":true,"href":"https:\/\/red-lighttherapy.com\/es_es\/wp-json\/wp\/v2\/product_tag?post=622"}],"curies":[{"name":"wp","href":"https:\/\/api.w.org\/{rel}","templated":true}]}}