{"id":610,"date":"2025-04-13T07:04:49","date_gmt":"2025-04-13T07:04:49","guid":{"rendered":"https:\/\/red-lighttherapy.com\/?post_type=product&#038;p=610"},"modified":"2025-04-13T07:17:38","modified_gmt":"2025-04-13T07:17:38","slug":"custom-scarves-apparel-t-shirt-paper-tube-packaging-wholesale","status":"publish","type":"product","link":"https:\/\/red-lighttherapy.com\/es_es\/custom-scarves-apparel-t-shirt-paper-tube-packaging-wholesale\/","title":{"rendered":"Bufandas personalizadas Ropa Camiseta Tubo de papel Embalaje al por mayor"},"content":{"rendered":"<h2 id=\"customized-scarf-clothing-t-shirt-paper-tube-packaging-product-description\">Customized bufanda ropa camiseta tubo de papel de embalaje descripci\u00f3n del producto<\/h2>\n<h2 id=\"1-fresh-visual-experience-\">1.\u00a0<strong>Experiencia visual fresca<\/strong><\/h2>\n<ul>\n<li>El cuerpo de la caja adopta un dise\u00f1o azul claro, presentando un efecto visual tranquilo y transparente, que encaja perfectamente con el posicionamiento puro y suave de los productos materno-infantiles. La superficie est\u00e1 cubierta de densos dibujos animados (gatitos, osos, nubes, estrellas, etc.), y la delicada textura se consigue mediante una tecnolog\u00eda de impresi\u00f3n de alta precisi\u00f3n, que transmite diversi\u00f3n infantil y un ambiente c\u00e1lido.<\/li>\n<li><strong>Dise\u00f1o de ventanas<\/strong>: El cuerpo de la caja adopta una ventana transparente en parte, para que los consumidores puedan observar directamente el material y los detalles de las bufandas, camisetas y otros productos internos, y mejorar la confianza de compra y la experiencia interactiva.<\/li>\n<\/ul>\n<h2 id=\"2-environmentally-friendly-materials-and-high-quality-printing-\">2.\u00a0<strong>Materiales respetuosos con el medio ambiente e impresi\u00f3n de alta calidad<\/strong><\/h2>\n<ul>\n<li>Utilizando\u00a0<strong>Papel estucado ecol\u00f3gico con certificaci\u00f3n FSC<\/strong>, la superficie es lisa y plana, la absorci\u00f3n de la tinta es uniforme y el grado de reproducci\u00f3n del color es superior a 95%, lo que garantiza que el dibujo sea brillante y duradero.<\/li>\n<li>El material ha superado el\u00a0<strong>Certificaci\u00f3n ISO del sistema de gesti\u00f3n de la calidad<\/strong>, cumple las normas de seguridad de los productos maternales e infantiles, no es t\u00f3xico ni nocivo, y puede reciclarse y degradarse, lo que ayuda a la marca a crear una doble etiqueta \"verde + calidad\".<\/li>\n<\/ul>\n<h2 id=\"3-flexible-customization-solution-\">3.\u00a0<strong>Soluci\u00f3n de personalizaci\u00f3n flexible<\/strong><\/h2>\n<ul>\n<li><strong>Tipo y tama\u00f1o de caja<\/strong>: Admite la personalizaci\u00f3n de varios tipos de cajas, como cajas cil\u00edndricas y cajas cuadradas, con tama\u00f1os que van de la S a la XXL, adecuadas para diferentes formas de productos, como bufandas, camisetas y ropa de beb\u00e9.<\/li>\n<li><strong>Imprenta y artesan\u00eda<\/strong>: Estampaci\u00f3n en caliente personalizable, gofrado UV, barnizado local y otros procesos para satisfacer diversas necesidades como LOGO de marca, co-branding IP y temas festivos.<\/li>\n<\/ul>\n<h2 id=\"4-direct-supply-from-chinese-source-factory-\">4.\u00a0<strong>Suministro directo de f\u00e1brica de origen chino<\/strong><\/h2>\n<ul>\n<li>Producido en nuestra propia f\u00e1brica, utilizando equipos totalmente automatizados y sistemas de almacenamiento inteligentes para garantizar que el ciclo de entrega de los pedidos a granel se acorta en 30% y el coste se reduce en 20%.<\/li>\n<li>Proporcionar un servicio integral, desde las pruebas de dise\u00f1o hasta la distribuci\u00f3n log\u00edstica, reducir el eslab\u00f3n intermediario y mejorar la eficacia de la comunicaci\u00f3n y el control de costes.<\/li>\n<\/ul>\n<h2 id=\"-certification-and-brand-empowerment-\"><strong>5. Certificaci\u00f3n y potenciaci\u00f3n de la marca<\/strong><\/h2>\n<ol>\n<li><strong>Doble certificaci\u00f3n<\/strong><\/li>\n<li><strong>Certificaci\u00f3n forestal FSC<\/strong>: Garantizar que los materiales de envasado proceden de bosques gestionados de forma sostenible y transmitir el concepto de responsabilidad medioambiental.<\/li>\n<li><strong>Certificaci\u00f3n de calidad ISO 9001<\/strong>: La normalizaci\u00f3n de todo el proceso, desde la adquisici\u00f3n de materias primas hasta la producci\u00f3n, garantiza la durabilidad y consistencia del producto.<\/li>\n<\/ol>\n<h2 id=\"-application-scenarios-and-customer-value-\"><strong>Escenarios de aplicaci\u00f3n y valor para el cliente<\/strong><\/h2>\n<ul>\n<li><strong>Marca de ropa para madres y beb\u00e9s<\/strong>: Los elementos de dibujos animados y los tonos azul claro encajan con el tono de los productos infantiles, y el dise\u00f1o de la ventana facilita la exhibici\u00f3n de las caracter\u00edsticas suaves y respetuosas con la piel del producto.<\/li>\n<li><strong>Marca de ropa de moda<\/strong>: El tipo de caja y el proceso de impresi\u00f3n personalizados pueden mejorar el reconocimiento de la marca, como la edici\u00f3n limitada de vacaciones y los envases IP de marca compartida.<\/li>\n<li><strong>Regalos y comercio electr\u00f3nico transfronterizo<\/strong>: Los materiales respetuosos con el medio ambiente y las etiquetas de doble certificaci\u00f3n cumplen los requisitos de acceso al mercado en Europa y Estados Unidos, lo que ayuda a las marcas a salir al exterior.<\/li>\n<\/ul>","protected":false},"excerpt":{"rendered":"<p>Este envase de tubo de papel utiliza el azul claro como color principal, que tiene un efecto visual fresco y tranquilo y puede crear r\u00e1pidamente una atm\u00f3sfera ligera y transparente. La superficie de la caja est\u00e1 cubierta de densos dibujos animados (como gatitos, osos, nubes, estrellas, flores, etc.). El estilo es fresco y bonito, lo que concuerda con el posicionamiento de los productos materno-infantiles.<\/p>","protected":false},"featured_media":612,"template":"","meta":{"_kad_post_transparent":"default","_kad_post_title":"","_kad_post_layout":"default","_kad_post_sidebar_id":"","_kad_post_content_style":"default","_kad_post_vertical_padding":"default","_kad_post_feature":"","_kad_post_feature_position":"","_kad_post_header":false,"_kad_post_footer":false,"_kad_post_classname":""},"product_brand":[],"product_cat":[15,30,17],"product_tag":[210,209,208],"class_list":{"0":"post-610","1":"product","2":"type-product","3":"status-publish","4":"has-post-thumbnail","6":"product_cat-red-light-therapy","7":"product_cat-dropshipping","8":"product_cat-services","9":"product_tag-apparel-paper-tube-wholesale","10":"product_tag-apparel-t-shirt-paper-tube","11":"product_tag-custom-scarves-packaging","13":"first","14":"instock","15":"shipping-taxable","16":"product-type-simple","17":"entry","18":"content-bg","19":"loop-entry"},"_links":{"self":[{"href":"https:\/\/red-lighttherapy.com\/es_es\/wp-json\/wp\/v2\/product\/610","targetHints":{"allow":["GET"]}}],"collection":[{"href":"https:\/\/red-lighttherapy.com\/es_es\/wp-json\/wp\/v2\/product"}],"about":[{"href":"https:\/\/red-lighttherapy.com\/es_es\/wp-json\/wp\/v2\/types\/product"}],"wp:featuredmedia":[{"embeddable":true,"href":"https:\/\/red-lighttherapy.com\/es_es\/wp-json\/wp\/v2\/media\/612"}],"wp:attachment":[{"href":"https:\/\/red-lighttherapy.com\/es_es\/wp-json\/wp\/v2\/media?parent=610"}],"wp:term":[{"taxonomy":"product_brand","embeddable":true,"href":"https:\/\/red-lighttherapy.com\/es_es\/wp-json\/wp\/v2\/product_brand?post=610"},{"taxonomy":"product_cat","embeddable":true,"href":"https:\/\/red-lighttherapy.com\/es_es\/wp-json\/wp\/v2\/product_cat?post=610"},{"taxonomy":"product_tag","embeddable":true,"href":"https:\/\/red-lighttherapy.com\/es_es\/wp-json\/wp\/v2\/product_tag?post=610"}],"curies":[{"name":"wp","href":"https:\/\/api.w.org\/{rel}","templated":true}]}}