{"id":602,"date":"2025-04-12T14:02:24","date_gmt":"2025-04-12T14:02:24","guid":{"rendered":"https:\/\/red-lighttherapy.com\/?post_type=product&#038;p=602"},"modified":"2025-04-12T18:07:09","modified_gmt":"2025-04-12T18:07:09","slug":"food-grade-tea-candle-kraft-paper-tube-packaging-supplier","status":"publish","type":"product","link":"https:\/\/red-lighttherapy.com\/es_es\/food-grade-tea-candle-kraft-paper-tube-packaging-supplier\/","title":{"rendered":"Proveedor de envases de tubo de papel kraft para velas de t\u00e9 de calidad alimentaria"},"content":{"rendered":"<h2 id=\"food-grade-tea-candle-kraft-paper-tube-packaging-product-description\">Proveedor de envases de tubo de papel kraft para velas de t\u00e9 de calidad alimentaria Descripci\u00f3n del producto<\/h2>\n<h2 id=\"1-structural-design-split-buckle-structure-\">1.\u00a0<strong>Dise\u00f1o estructural: estructura de hebilla partida<\/strong><\/h2>\n<ul>\n<li><strong>Dise\u00f1o separado de las cubiertas superior e inferior<\/strong>: La tapa y el cuerpo de la caja adoptan una estructura independiente, y el di\u00e1metro de la tapa es ligeramente mayor que el del cuerpo de la caja (la tolerancia se controla dentro de 0,5 mm). El proceso de troquelado de precisi\u00f3n se utiliza para conseguir un pandeo sin costuras que garantice que no haya holguras ni aperturas accidentales durante el transporte.<\/li>\n<li><strong>Sistema de bloqueo de la ranura para tarjetas de poca profundidad<\/strong>: En el interior de la tapa hay una ranura circular de poca profundidad para tarjetas (profundidad 1-2 mm), que forma un cierre con la pesta\u00f1a superior del cuerpo de la caja. El usuario puede abrirla con una ligera presi\u00f3n, y rebota y se bloquea autom\u00e1ticamente al cerrarse, combinando comodidad y decoratividad.<\/li>\n<\/ul>\n<h2 id=\"2-environmentally-friendly-material-degradable-food-grade-kraft-paper-\">2.\u00a0<strong>Material respetuoso con el medio ambiente: papel kraft degradable apto para uso alimentario<\/strong><\/h2>\n<ul>\n<li><strong>Materias primas y artesan\u00eda<\/strong>: Fabricado \u00edntegramente con pulpa de madera o fibra reciclada con certificaci\u00f3n FSC, ha superado las pruebas de seguridad alimentaria (de conformidad con las normas GB 4806.8), no contiene agentes fluorescentes, plastificantes ni otras sustancias nocivas, y puede entrar en contacto directo con el cuerpo de la vela.<\/li>\n<li><strong>Rendimiento de degradaci\u00f3n<\/strong>: Completamente degradado en 6-12 meses en el medio natural, el producto de degradaci\u00f3n es fibra natural, y no hay riesgo de contaminaci\u00f3n del suelo.<\/li>\n<\/ul>\n<h2 id=\"3-function-optimization-inner-wall-reinforcement-and-protection-\">3.\u00a0<strong>Optimizaci\u00f3n de funciones: refuerzo y protecci\u00f3n de la pared interior<\/strong><\/h2>\n<ul>\n<li><strong>Tratamiento liso de la pared interior<\/strong>: Se forma un revestimiento de PE de calidad alimentaria de 0,05 mm de grosor mediante un proceso de laminado para garantizar que la pared interior sea lisa y no tenga rebabas, evitar ara\u00f1azos en la superficie de la vela y mejorar la resistencia a la compresi\u00f3n (capacidad de carga de hasta 5 kg).<\/li>\n<li><strong>A prueba de humedad<\/strong>: Papel kraft peso \u2265 250g\/m\u00b2, con revestimiento interior de la pared, puede bloquear el impacto de los cambios de humedad en la textura de la vela.<\/li>\n<\/ul>\n<h2 id=\"4-visual-design-minimalist-natural-aesthetics-\">4.\u00a0<strong>Dise\u00f1o visual: est\u00e9tica natural minimalista<\/strong><\/h2>\n<ul>\n<li><strong>Color e impresi\u00f3n<\/strong>: El cuerpo de la caja utiliza un color base de pasta original marr\u00f3n claro (Pantone 16-1125 TPX), y la superficie est\u00e1 impresa en monocromo con tinta al agua. El estampado consiste principalmente en l\u00edneas vegetales como helechos y hojas de olivo, y el espacio en blanco local representa \u226540%, creando un equilibrio visual de \"menos es m\u00e1s\".<\/li>\n<li><strong>Presentaci\u00f3n de texturas<\/strong>: Se mantiene la textura natural del papel kraft y se utiliza el proceso de laminaci\u00f3n mate para realzar la delicadeza t\u00e1ctil y la sensaci\u00f3n de alta gama.<\/li>\n<\/ul>\n<h2 id=\"-technical-parameters-\"><strong>5. 5. Par\u00e1metros t\u00e9cnicos<\/strong><\/h2>\n<table>\n<thead>\n<tr>\n<th>Proyecto<\/th>\n<th>Especificaciones<\/th>\n<\/tr>\n<\/thead>\n<tbody>\n<tr>\n<td>Material<\/td>\n<td>Papel kraft de calidad alimentaria (todo pulpa de madera\/fibra reciclada)<\/td>\n<\/tr>\n<tr>\n<td>Di\u00e1metro<\/td>\n<td>50-150 mm (posibilidad de personalizaci\u00f3n)<\/td>\n<\/tr>\n<tr>\n<td>Altura<\/td>\n<td>80-300 mm (personalizable)<\/td>\n<\/tr>\n<tr>\n<td>Grosor de la pared<\/td>\n<td>1,2-2,5 mm (ajustable)<\/td>\n<\/tr>\n<tr>\n<td>Capacidad de carga<\/td>\n<td>\u22645kg<\/td>\n<\/tr>\n<tr>\n<td>Cantidad m\u00ednima de pedido<\/td>\n<td>500 piezas (se admiten pruebas en lotes peque\u00f1os)<\/td>\n<\/tr>\n<\/tbody>\n<\/table>\n<h2 id=\"-supplier-service-advantages-\"><strong>6. Ventajas del servicio del proveedor<\/strong><\/h2>\n<ul>\n<li><strong>Apoyo a la personalizaci\u00f3n<\/strong>: Proporcionamos un servicio integral de personalizaci\u00f3n del tama\u00f1o, el patr\u00f3n y el proceso, y entregamos las pruebas en un plazo de 3 a 5 d\u00edas laborables.<\/li>\n<li><strong>Certificaci\u00f3n medioambiental<\/strong>: Aprobado el sistema de gesti\u00f3n medioambiental ISO 14001 y la certificaci\u00f3n FDA de materiales en contacto con alimentos.<\/li>\n<li><strong>Garant\u00eda de capacidad<\/strong>: Producci\u00f3n diaria \u2265 100.000 piezas, con posibilidad de suministro especial transfronterizo y producci\u00f3n acelerada de pedidos urgentes.<\/li>\n<\/ul>\n<h2 id=\"-application-scenarios-\"><strong>Escenarios de aplicaci\u00f3n<\/strong><\/h2>\n<ul>\n<li><strong>Marcas de velas de t\u00e9 de alta gama<\/strong>: Adecuado para el envasado de velas ecol\u00f3gicas como la cera de soja natural y la cera de abeja.<\/li>\n<li><strong>Mercado de regalos y festivales<\/strong>: Puede combinarse con elementos decorativos como cuerda de c\u00e1\u00f1amo y flores secas para aumentar el valor a\u00f1adido de los regalos.<\/li>\n<li><strong>Comercio sostenible<\/strong>: En l\u00ednea con el concepto de \"residuo cero\", es adecuado para canales como las tiendas de productos ecol\u00f3gicos y los mercados medioambientales.<\/li>\n<\/ul>","protected":false},"excerpt":{"rendered":"<p>Este producto es una caja de embalaje cil\u00edndrica ecol\u00f3gica dise\u00f1ada para velas de t\u00e9. Est\u00e1 fabricada con papel kraft de calidad alimentaria, combinado con una estructura innovadora y una est\u00e9tica minimalista, para lograr la unidad de funcionalidad y sostenibilidad. Adecuada para escenas como velas perfumadas, velas artesanales, velas de regalo, etc., teniendo en cuenta la protecci\u00f3n, la comodidad y la belleza visual.<\/p>","protected":false},"featured_media":604,"template":"","meta":{"_kad_post_transparent":"default","_kad_post_title":"","_kad_post_layout":"default","_kad_post_sidebar_id":"","_kad_post_content_style":"default","_kad_post_vertical_padding":"default","_kad_post_feature":"","_kad_post_feature_position":"","_kad_post_header":false,"_kad_post_footer":false,"_kad_post_classname":""},"product_brand":[],"product_cat":[15,17],"product_tag":[206,207,205],"class_list":{"0":"post-602","1":"product","2":"type-product","3":"status-publish","4":"has-post-thumbnail","6":"product_cat-red-light-therapy","7":"product_cat-services","8":"product_tag-candle-paper-tube-packaging","9":"product_tag-food-grade-tea-supplier","10":"product_tag-tea-paper-tube","12":"first","13":"instock","14":"shipping-taxable","15":"product-type-simple","16":"entry","17":"content-bg","18":"loop-entry"},"_links":{"self":[{"href":"https:\/\/red-lighttherapy.com\/es_es\/wp-json\/wp\/v2\/product\/602","targetHints":{"allow":["GET"]}}],"collection":[{"href":"https:\/\/red-lighttherapy.com\/es_es\/wp-json\/wp\/v2\/product"}],"about":[{"href":"https:\/\/red-lighttherapy.com\/es_es\/wp-json\/wp\/v2\/types\/product"}],"wp:featuredmedia":[{"embeddable":true,"href":"https:\/\/red-lighttherapy.com\/es_es\/wp-json\/wp\/v2\/media\/604"}],"wp:attachment":[{"href":"https:\/\/red-lighttherapy.com\/es_es\/wp-json\/wp\/v2\/media?parent=602"}],"wp:term":[{"taxonomy":"product_brand","embeddable":true,"href":"https:\/\/red-lighttherapy.com\/es_es\/wp-json\/wp\/v2\/product_brand?post=602"},{"taxonomy":"product_cat","embeddable":true,"href":"https:\/\/red-lighttherapy.com\/es_es\/wp-json\/wp\/v2\/product_cat?post=602"},{"taxonomy":"product_tag","embeddable":true,"href":"https:\/\/red-lighttherapy.com\/es_es\/wp-json\/wp\/v2\/product_tag?post=602"}],"curies":[{"name":"wp","href":"https:\/\/api.w.org\/{rel}","templated":true}]}}