{"id":596,"date":"2025-04-12T12:06:18","date_gmt":"2025-04-12T12:06:18","guid":{"rendered":"https:\/\/red-lighttherapy.com\/?post_type=product&#038;p=596"},"modified":"2025-04-12T14:02:15","modified_gmt":"2025-04-12T14:02:15","slug":"paper-tube-packaging-cosmetic-perfume-packaging-wholesale","status":"publish","type":"product","link":"https:\/\/red-lighttherapy.com\/es_es\/paper-tube-packaging-cosmetic-perfume-packaging-wholesale\/","title":{"rendered":"Envasado de tubos de papel Envasado de perfumes cosm\u00e9ticos al por mayor"},"content":{"rendered":"<h2 id=\"paper-tube-packaging-cosmetics-and-perfume-packaging-wholesale-product-description\">Envases de tubos de papel para cosm\u00e9ticos y perfumes Descripci\u00f3n del producto al por mayor<\/h2>\n<h2 id=\"1-design-concept-the-perfect-fusion-of-simplicity-and-luxury-\">1.\u00a0<strong>Concepto de dise\u00f1o: la fusi\u00f3n perfecta de sencillez y lujo<\/strong><\/h2>\n<p>Nuestro envase cil\u00edndrico para latas de papel se basa en l\u00edneas suaves y adopta un dise\u00f1o ergon\u00f3mico de proporci\u00f3n \u00e1urea. Es f\u00e1cil de abrir y cerrar y c\u00f3modo de coger. Es adecuado para productos excelentes como perfumes y cosm\u00e9ticos de gama alta. El tama\u00f1o general libera la decoraci\u00f3n infructuosa y adopta una est\u00e9tica m\u00ednima en la forma. El color negro principal est\u00e1 decorado con tecnolog\u00eda de estampaci\u00f3n en caliente, que no s\u00f3lo expone el car\u00e1cter discreto y sobrio de la marca, sino que tambi\u00e9n describe una magn\u00edfica textura a trav\u00e9s del brillo del metal, que encaja perfectamente en la posici\u00f3n del mercado.<\/p>\n<h2 id=\"2-core-technology-environmentally-friendly-materials-and-high-end-hot-stamping-technology-\">2.\u00a0<strong>Tecnolog\u00eda principal: materiales respetuosos con el medio ambiente y tecnolog\u00eda de estampaci\u00f3n en caliente de alta gama<\/strong><\/h2>\n<ol>\n<li><strong>Contenido de papel estucado respetuoso con el medio ambiente<\/strong>: El cuerpo de la caja est\u00e1 hecho de papel grueso ecol\u00f3gico (250-400 g), que tiene una gran dureza y lubricaci\u00f3n, lo que garantiza que el envase sea resistente a la presi\u00f3n y a la humedad, y protege eficazmente los materiales de la extrusi\u00f3n durante el transporte o de la humedad ambiental. El papel ha superado la certificaci\u00f3n de seguridad alimentaria, no es t\u00f3xico ni tiene olor, y cumple las normas internacionales de envasado ecol\u00f3gico.<\/li>\n<li><strong>Proceso de estampaci\u00f3n en caliente sin tinta<\/strong>: A trav\u00e9s de moldes de silicona de alta temperatura, la l\u00e1mina met\u00e1lica se estampa con precisi\u00f3n para presentar im\u00e1genes y textos tridimensionales de estampaci\u00f3n en caliente sin tinta. Este proceso es muy respetuoso con el medio ambiente, y el color del metal es duradero y no se desti\u00f1e. Es especialmente adecuado para productos de gama alta, como cosm\u00e9ticos y perfumes, que necesitan resaltar el logotipo de la marca. El patr\u00f3n de estampaci\u00f3n en caliente puede personalizarse como LOGO, patr\u00f3n o l\u00ednea de arte abstracto para mejorar el reconocimiento del envase y el efecto de exposici\u00f3n.<\/li>\n<\/ol>\n<h2 id=\"iii-customized-service-accurately-match-market-demand-\">3. <strong>Servicio personalizado: Adaptaci\u00f3n precisa a la demanda del mercado<\/strong><\/h2>\n<ol>\n<li><strong>Forro interior con dise\u00f1o de movimiento cero<\/strong>: Proporcionamos EVA, algod\u00f3n perlado, tela flocada y otros materiales de forro para elegir, adaptados seg\u00fan la forma del producto para conseguir un efecto de fijaci\u00f3n de \"desplazamiento cero\". Por ejemplo, los frascos de perfume pueden utilizar un soporte interior de esponja contorneada para evitar sacudidas; los cosm\u00e9ticos fr\u00e1giles pueden combinarse con una capa amortiguadora de flocado para tener en cuenta la protecci\u00f3n y el ritual de desembalaje.<\/li>\n<li><strong>Adaptaci\u00f3n del mercado regional<\/strong>: Ajuste flexible de los detalles del envase en funci\u00f3n de las preferencias culturales y los h\u00e1bitos de consumo del mercado del cliente. Por ejemplo:<\/li>\n<li><strong>Mercados europeo y americano<\/strong>: prefieren las l\u00edneas minimalistas de estampaci\u00f3n en caliente y el negro mate;<\/li>\n<li><strong>Mercados asi\u00e1ticos<\/strong>prefieren patrones complejos de estampaci\u00f3n en caliente y materiales brillantes. Apoyar la personalizaci\u00f3n de todo el proceso de tama\u00f1o, patr\u00f3n a la artesan\u00eda para ayudar a la estrategia de localizaci\u00f3n de la marca.<\/li>\n<\/ol>\n<h2 id=\"iv-source-factory-advantages-quality-and-cost-\">4. <strong>Ventajas de la f\u00e1brica de origen: calidad y coste<\/strong><\/h2>\n<p>Como una de las tres principales f\u00e1bricas de origen de envases de papel de China, integramos los siguientes recursos b\u00e1sicos:<\/p>\n<ul>\n<li><strong>Producci\u00f3n a escala<\/strong>: 50.000 metros cuadrados de f\u00e1bricas autogestionadas, con una capacidad de producci\u00f3n diaria de m\u00e1s de 10.000 piezas, y soporte para la entrega en 48 horas de pedidos urgentes;<\/li>\n<li><strong>Ventaja de costes<\/strong>: Eliminando la diferencia de precios de los intermediarios, el precio unitario de los envases de papel estucado para estampaci\u00f3n en caliente es 20%-30% inferior al precio medio del mercado;<\/li>\n<li><strong>Garant\u00eda de calidad<\/strong>: A trav\u00e9s del control de procesos estandarizado ISO, se ofrece un servicio gratuito de entrega de muestras para ayudar a los clientes a realizar inspecciones de f\u00e1brica in situ.<\/li>\n<\/ul>\n<h2 id=\"5-application-scenarios-and-case-studies-\">5.\u00a0<strong>Escenarios de aplicaci\u00f3n y casos pr\u00e1cticos<\/strong><\/h2>\n<ul>\n<li><strong>Serie Perfume<\/strong>: Caja cil\u00edndrica de 30 ml (5 cm de di\u00e1metro \u00d7 12 cm de altura), con forro de terciopelo y LOGO de la marca estampado en oro;<\/li>\n<li><strong>Set de cuidado de la piel de alta gama<\/strong>Lata de papel de doble capa, con esencia en la capa superior y envases de recambio en la inferior, y un dise\u00f1o de tapa magn\u00e9tica de apertura y cierre;<\/li>\n<li><strong>Caja regalo navide\u00f1a<\/strong>Caja en forma de coraz\u00f3n con tecnolog\u00eda de gofrado dorado, con tarjetas de felicitaci\u00f3n personalizadas y cintas en el interior para realzar el valor del regalo.<\/li>\n<\/ul>\n<h2 id=\"6-cooperation-process-\">6.\u00a0<strong>Proceso de cooperaci\u00f3n<\/strong><\/h2>\n<ol>\n<li><strong>Comunicaci\u00f3n de la demanda<\/strong>: Proporcione el tama\u00f1o del producto, el borrador del dise\u00f1o o una muestra;<\/li>\n<li><strong>Confirmaci\u00f3n de pruebas<\/strong>: Env\u00ede la caja de muestras f\u00edsicas en un plazo de 3 a 5 d\u00edas laborables;<\/li>\n<li><strong>Producci\u00f3n en serie<\/strong>: La entrega se realiza entre 7 y 10 d\u00edas despu\u00e9s de la firma del contrato;<\/li>\n<li><strong>Asistencia posventa<\/strong>: Prestar servicios de valor a\u00f1adido como el almacenamiento y la reposici\u00f3n.<\/li>\n<\/ol>","protected":false},"excerpt":{"rendered":"<p>El envase de tubo de papel de l\u00edneas suaves es adecuado para sujetar y abrir con la mano. Es f\u00e1cil de abrir y cerrar. El dise\u00f1o es sencillo y elegante. El proceso de l\u00e1mina dorada estampada en caliente no requiere impresi\u00f3n con tinta. Es muy adecuado para la impresi\u00f3n en marcas de gama alta, como cajas de envases de cosm\u00e9ticos y perfumes.<\/p>","protected":false},"featured_media":597,"template":"","meta":{"_kad_post_transparent":"default","_kad_post_title":"","_kad_post_layout":"default","_kad_post_sidebar_id":"","_kad_post_content_style":"default","_kad_post_vertical_padding":"default","_kad_post_feature":"","_kad_post_feature_position":"","_kad_post_header":false,"_kad_post_footer":false,"_kad_post_classname":""},"product_brand":[],"product_cat":[15,28,17],"product_tag":[202,203,204],"class_list":{"0":"post-596","1":"product","2":"type-product","3":"status-publish","4":"has-post-thumbnail","6":"product_cat-red-light-therapy","7":"product_cat-customize","8":"product_cat-services","9":"product_tag-cosmetic-paper-tube","10":"product_tag-perfume-packaging-wholesale","11":"product_tag-perfume-paper-tube","13":"first","14":"instock","15":"shipping-taxable","16":"product-type-simple","17":"entry","18":"content-bg","19":"loop-entry"},"_links":{"self":[{"href":"https:\/\/red-lighttherapy.com\/es_es\/wp-json\/wp\/v2\/product\/596","targetHints":{"allow":["GET"]}}],"collection":[{"href":"https:\/\/red-lighttherapy.com\/es_es\/wp-json\/wp\/v2\/product"}],"about":[{"href":"https:\/\/red-lighttherapy.com\/es_es\/wp-json\/wp\/v2\/types\/product"}],"wp:featuredmedia":[{"embeddable":true,"href":"https:\/\/red-lighttherapy.com\/es_es\/wp-json\/wp\/v2\/media\/597"}],"wp:attachment":[{"href":"https:\/\/red-lighttherapy.com\/es_es\/wp-json\/wp\/v2\/media?parent=596"}],"wp:term":[{"taxonomy":"product_brand","embeddable":true,"href":"https:\/\/red-lighttherapy.com\/es_es\/wp-json\/wp\/v2\/product_brand?post=596"},{"taxonomy":"product_cat","embeddable":true,"href":"https:\/\/red-lighttherapy.com\/es_es\/wp-json\/wp\/v2\/product_cat?post=596"},{"taxonomy":"product_tag","embeddable":true,"href":"https:\/\/red-lighttherapy.com\/es_es\/wp-json\/wp\/v2\/product_tag?post=596"}],"curies":[{"name":"wp","href":"https:\/\/api.w.org\/{rel}","templated":true}]}}