{"id":589,"date":"2025-04-12T11:23:53","date_gmt":"2025-04-12T11:23:53","guid":{"rendered":"https:\/\/red-lighttherapy.com\/?post_type=product&#038;p=589"},"modified":"2025-04-12T12:06:10","modified_gmt":"2025-04-12T12:06:10","slug":"supplier-custom-textured-paper-tube-packaging-essential-oil","status":"publish","type":"product","link":"https:\/\/red-lighttherapy.com\/es_es\/supplier-custom-textured-paper-tube-packaging-essential-oil\/","title":{"rendered":"Proveedor Tubo de papel texturizado para aceite esencial"},"content":{"rendered":"<h2 id=\"-customized-textured-paper-tube-essential-oil-packaging-product-description-\"><strong>Tubo de papel texturizado personalizado para el envasado de aceites esenciales Descripci\u00f3n del producto<\/strong><\/h2>\n<h2 id=\"-1-healing-visual-experience-\"><strong>1. Experiencia visual curativa<\/strong><\/h2>\n<p>Este envase cil\u00edndrico es principalmente de color rosa macaron. El tono rosa suave y de baja saturaci\u00f3n puede reducir eficazmente la fatiga visual. Con un dise\u00f1o de l\u00edneas sencillas, crea una atm\u00f3sfera sensorial relajante y curativa, que encaja con las propiedades curativas naturales de los productos de aceites esenciales. La superficie de la caja de envasado adopta la tecnolog\u00eda de textura mate, que tiene un tacto delicado y mejora a\u00fan m\u00e1s la doble experiencia de confort visual y t\u00e1ctil.<\/p>\n<h2 id=\"-2-innovative-top-and-bottom-cover-structure-\"><strong>2. Estructura innovadora de la cubierta superior e inferior<\/strong><\/h2>\n<p>Se adopta el dise\u00f1o de tapa superior e inferior dividida. Cuando el cuerpo de la caja est\u00e1 cerrado, queda bien ajustado. No hay decoraci\u00f3n redundante en la l\u00ednea divisoria, y el contorno liso se perfila con l\u00edneas geom\u00e9tricas minimalistas. La forma cil\u00edndrica se combina con el proceso de cierre de microarco para presentar una suave sensaci\u00f3n de capas. El momento de apertura y cierre tiene tanto un sentido ritual como pr\u00e1ctico, lo que resulta adecuado para las necesidades de exposici\u00f3n de fragancias, velas y otros productos.<\/p>\n<h2 id=\"-3-embossed-texture-technology-\"><strong>3. Tecnolog\u00eda de textura en relieve<\/strong><\/h2>\n<p>La superficie del envase est\u00e1 recubierta de una textura en relieve poco profunda, con finas ondulaciones horizontales que simulan ondulaciones naturales, y parcialmente salpicada de motivos florales oscuros radiales, que forman un efecto de gradiente de luces y sombras a trav\u00e9s de la profundidad de microtallado de 0,3-0,5 mm. El dise\u00f1o de la textura no s\u00f3lo mejora la experiencia de agarre antideslizante, sino que tambi\u00e9n presenta una textura tridimensional bajo diferentes \u00e1ngulos de luz, dando al envase una expresi\u00f3n art\u00edstica discreta y profunda.<\/p>\n<h2 id=\"-4-highly-customized-solutions-\"><strong>4. Soluciones altamente personalizadas<\/strong><\/h2>\n<p>Admite una personalizaci\u00f3n completa, desde el tama\u00f1o y la estructura hasta el proceso de impresi\u00f3n:<\/p>\n<ul>\n<li><strong>Adaptabilidad<\/strong>: El di\u00e1metro\/altura interior puede ajustarse para adaptarse a frascos de aceite esencial de 30 ml-200 ml, tarros de crema facial de 50-500 g o velas de aromaterapia de 5-15 cm de di\u00e1metro;<\/li>\n<li><strong>Ampliaci\u00f3n de funciones<\/strong>: Forro opcional EVA capa a prueba de golpes, apertura magn\u00e9tica y cierre de hebilla o cinta de sellado y otros detalles pueden ser equipados para satisfacer las necesidades de embalaje de regalo de gama alta;<\/li>\n<li><strong>Personalizaci\u00f3n visual<\/strong>: Admite impresi\u00f3n en colores especiales, estampaci\u00f3n en caliente\/barniz local UV y otros procesos, y puede integrarse con el LOGO de la marca o patrones personalizados.<\/li>\n<\/ul>\n<h2 id=\"-5-quality-assurance-and-delivery-service-\"><strong>5. Garant\u00eda de calidad y servicio de entrega<\/strong><\/h2>\n<p>Bas\u00e1ndose en 16 a\u00f1os de experiencia en envasado e impresi\u00f3n, la f\u00e1brica est\u00e1 equipada con m\u00e1quinas de troquelado totalmente autom\u00e1ticas, l\u00edneas de uni\u00f3n de impresi\u00f3n en huecograbado y equipos inteligentes de inspecci\u00f3n de calidad para lograr una r\u00e1pida comprobaci\u00f3n en 72 horas y una entrega de la producci\u00f3n en masa en 15 d\u00edas. Proporcionamos servicios integrales, desde propuestas de dise\u00f1o y selecci\u00f3n de materiales hasta distribuci\u00f3n log\u00edstica, para garantizar que la calidad de los envases y el ciclo de producci\u00f3n se puedan controlar con precisi\u00f3n.<\/p>\n<h2 id=\"-applicable-scenarios-\"><strong>Escenarios aplicables<\/strong><\/h2>\n<ul>\n<li>Serie de aceites esenciales\/fragancias: La estructura de la tapa superior e inferior protege el cuerpo de la botella, y la textura en relieve realza la textura de la pantalla<\/li>\n<li>Caja de regalo para el cuidado de la piel: Dise\u00f1o minimalista a juego con el color macaron, en l\u00ednea con el tono de las marcas de belleza de alta gama<\/li>\n<li>Edici\u00f3n limitada navide\u00f1a: Cree una l\u00ednea de productos diferenciada mediante una combinaci\u00f3n personalizada de textura y color.<\/li>\n<\/ul>","protected":false},"excerpt":{"rendered":"<p>El envase de tubo de papel adopta una estructura de cubierta superior e inferior dividida, que presenta un efecto visual suave y estratificado. La superficie est\u00e1 recubierta de una textura en relieve poco profunda, que a\u00f1ade un \u00e1ngulo visual<\/p>","protected":false},"featured_media":593,"template":"","meta":{"_kad_post_transparent":"default","_kad_post_title":"","_kad_post_layout":"default","_kad_post_sidebar_id":"","_kad_post_content_style":"default","_kad_post_vertical_padding":"default","_kad_post_feature":"","_kad_post_feature_position":"","_kad_post_header":false,"_kad_post_footer":false,"_kad_post_classname":""},"product_brand":[],"product_cat":[15,28,17],"product_tag":[199,201,200],"class_list":{"0":"post-589","1":"product","2":"type-product","3":"status-publish","4":"has-post-thumbnail","6":"product_cat-red-light-therapy","7":"product_cat-customize","8":"product_cat-services","9":"product_tag-essential-oil-cylinder-boxes","10":"product_tag-essential-oil-paper-tube-packaging","11":"product_tag-supplier-essential-oil-packaging","13":"first","14":"instock","15":"shipping-taxable","16":"product-type-simple","17":"entry","18":"content-bg","19":"loop-entry"},"_links":{"self":[{"href":"https:\/\/red-lighttherapy.com\/es_es\/wp-json\/wp\/v2\/product\/589","targetHints":{"allow":["GET"]}}],"collection":[{"href":"https:\/\/red-lighttherapy.com\/es_es\/wp-json\/wp\/v2\/product"}],"about":[{"href":"https:\/\/red-lighttherapy.com\/es_es\/wp-json\/wp\/v2\/types\/product"}],"wp:featuredmedia":[{"embeddable":true,"href":"https:\/\/red-lighttherapy.com\/es_es\/wp-json\/wp\/v2\/media\/593"}],"wp:attachment":[{"href":"https:\/\/red-lighttherapy.com\/es_es\/wp-json\/wp\/v2\/media?parent=589"}],"wp:term":[{"taxonomy":"product_brand","embeddable":true,"href":"https:\/\/red-lighttherapy.com\/es_es\/wp-json\/wp\/v2\/product_brand?post=589"},{"taxonomy":"product_cat","embeddable":true,"href":"https:\/\/red-lighttherapy.com\/es_es\/wp-json\/wp\/v2\/product_cat?post=589"},{"taxonomy":"product_tag","embeddable":true,"href":"https:\/\/red-lighttherapy.com\/es_es\/wp-json\/wp\/v2\/product_tag?post=589"}],"curies":[{"name":"wp","href":"https:\/\/api.w.org\/{rel}","templated":true}]}}