{"id":571,"date":"2025-04-12T09:00:49","date_gmt":"2025-04-12T09:00:49","guid":{"rendered":"https:\/\/red-lighttherapy.com\/?post_type=product&#038;p=571"},"modified":"2025-04-12T10:07:39","modified_gmt":"2025-04-12T10:07:39","slug":"clothing-t-shirt-apparel-socks-underwear-paper-tube-supplier","status":"publish","type":"product","link":"https:\/\/red-lighttherapy.com\/es_es\/clothing-t-shirt-apparel-socks-underwear-paper-tube-supplier\/","title":{"rendered":"Ropa Camiseta Ropa Calcetines Ropa interior Tubo de papel Proveedor"},"content":{"rendered":"<h2 id=\"-product-description-of-paper-tube-for-clothing-t-shirts-apparel-socks-and-underwear-\"><strong>Ropa Camiseta Ropa Calcetines Ropa interior Tubo de papel Proveedor Descripci\u00f3n del producto<\/strong><\/h2>\n<h2 id=\"1-separate-cylindrical-box-design-simple-and-practical-\">1.\u00a0<strong>Dise\u00f1o de envase de tubo de papel independiente, sencillo y pr\u00e1ctico<\/strong><\/h2>\n<p>Se adopta la estructura de tapa separada, y la proporci\u00f3n entre el cuerpo de la caja y la tapa se calcula cient\u00edficamente, lo que hace que la apertura y el cierre sean suaves y el sellado fuerte. El dise\u00f1o de la tapa se adapta al contorno del envase, lo que no s\u00f3lo garantiza la integridad del envase, sino que tambi\u00e9n transmite el concepto est\u00e9tico moderno a trav\u00e9s de l\u00edneas minimalistas (consulte los principios de dise\u00f1o de la estructura de envasado separada).<\/p>\n<h2 id=\"2-black-and-white-contrast-vision-strengthen-brand-recognition-\">2.\u00a0<strong>Visi\u00f3n de contraste en blanco y negro, refuerza el reconocimiento de la marca<\/strong><\/h2>\n<p>El cuerpo de la caja se basa en el blanco puro, con un c\u00edrculo de l\u00edneas negras alrededor de la parte superior, y el atractivo visual se realza mediante un dise\u00f1o de alto contraste. Este dise\u00f1o se inspira en la tendencia de la est\u00e9tica de los envases de gama alta, apto para el lujo ligero, las marcas de moda y otros estilos, y adecuado para la tonalidad sencilla de camisetas, ropa interior y otras categor\u00edas (similar a la l\u00f3gica de aplicaci\u00f3n de colores contrastados de los envases de caja de color).<\/p>\n<h2 id=\"3-high-definition-printing-and-typesetting-highlighting-the-brand-logo-\">3.\u00a0<strong>Impresi\u00f3n y composici\u00f3n tipogr\u00e1fica de alta definici\u00f3n, destacando el logotipo de la marca<\/strong><\/h2>\n<p>La superficie adopta la tecnolog\u00eda de impresi\u00f3n UV, el texto y el dibujo son claros y resistentes al desgaste, y se puede seleccionar el efecto mate\/brillo. El dise\u00f1o sigue el principio de \"menos es m\u00e1s\", con fuentes modernas sin gracias como caracter\u00edstica principal, garantizando que el logotipo de la marca est\u00e9 centrado y sea llamativo, al tiempo que se deja espacio en blanco para aumentar la sensaci\u00f3n de lujo (inspir\u00e1ndose en los est\u00e1ndares de impresi\u00f3n del dise\u00f1o de envases galardonado).<\/p>\n<h2 id=\"4-professional-box-type-adaptation-to-improve-product-matching-\">4.\u00a0<strong>Adaptaci\u00f3n profesional del tipo de caja para mejorar la correspondencia de los productos<\/strong><\/h2>\n<p>Se ofrecen recomendaciones personalizadas de tipos de cajas en funci\u00f3n de las caracter\u00edsticas del producto:<\/p>\n<ul>\n<li><strong>Camiseta\/sudadera<\/strong>: Se recomienda un cilindro elevado con un di\u00e1metro de 20-30 cm, con una tapa de apertura y cierre magn\u00e9ticos para facilitar el plegado y el almacenamiento de la ropa;<\/li>\n<li><strong>Calcetines\/ropa interior<\/strong>: Se utiliza un cilindro de tipo caj\u00f3n estratificado con revestimiento de compartimentos incorporado para conseguir un almacenamiento clasificado de varios art\u00edculos;<\/li>\n<li><strong>Regalos de gama alta<\/strong>: Combinado con la estructura de caja de regalo de la tapa superior e inferior, se mejora el sentido de la ceremonia de unboxing (consulte la biblioteca de tipos de cajas multifuncionales).<\/li>\n<\/ul>\n<h2 id=\"5-fsc-certified-material-environmental-protection-and-quality-\">5.\u00a0<strong>Material certificado FSC, protecci\u00f3n del medio ambiente y calidad<\/strong><\/h2>\n<p>Las materias primas de la caja de embalaje est\u00e1n certificadas por la certificaci\u00f3n forestal FSC para garantizar que el origen de la madera es sostenible y cumple las normas de acceso al mercado de la UE y Norteam\u00e9rica. El material certificado tiene caracter\u00edsticas tanto de alta dureza como de ligereza, lo que ofrece soluciones diferenciadas para marcas respetuosas con el medio ambiente y clientes de gama alta (ventajas de la cadena de suministro con certificaci\u00f3n FSC).<\/p>\n<h2 id=\"6-modular-lining-system-all-round-protection-\">6.\u00a0<strong>Sistema de revestimiento modular, protecci\u00f3n integral<\/strong><\/h2>\n<p>El interior puede combinarse con diversos materiales de forro:<\/p>\n<ul>\n<li><strong>Tipo fijo<\/strong>: Ranura troquelada de esponja EVA o algod\u00f3n nacarado, colocaci\u00f3n precisa y a prueba de golpes;<\/li>\n<li><strong>Tipo blando<\/strong>: tela flocada o relleno de rafia, adecuado para ropa interior;<\/li>\n<li><strong>Tipo de pantalla<\/strong>Bandeja bl\u00edster de PET transparente, que presenta de forma intuitiva los detalles del producto (diversas soluciones de revestimiento).<\/li>\n<\/ul>\n<h2 id=\"7-16-years-of-smart-manufacturing-experience-full-process-quality-control-\">7.\u00a0<strong>16 a\u00f1os de experiencia en fabricaci\u00f3n inteligente, control de calidad de todo el proceso<\/strong><\/h2>\n<p>Apoy\u00e1ndose en un sistema de producci\u00f3n maduro, un control estricto desde la prueba del dise\u00f1o hasta la producci\u00f3n en serie, garantizando que el ciclo de entrega se acorte en 30% y la tasa de defectos sea inferior a 0,5%. Apoyar la personalizaci\u00f3n de peque\u00f1os lotes y la optimizaci\u00f3n de la log\u00edstica transfronteriza, proporcionando servicios de embalaje de ventanilla \u00fanica para las marcas globales (referencia de experiencia en la cadena de suministro).<\/p>\n<h2 id=\"-advantages-of-cooperation-\"><strong>Ventajas de la cooperaci\u00f3n<\/strong>:<\/h2>\n<ul>\n<li><strong>Apoyo al dise\u00f1o<\/strong>: Renderizados 3D gratuitos y muestras de materiales;<\/li>\n<li><strong>Optimizaci\u00f3n de costes<\/strong>: La compra a gran escala reduce el precio unitario, con un pedido m\u00ednimo de 500 unidades;<\/li>\n<li><strong>Respuesta r\u00e1pida<\/strong>: La creaci\u00f3n de prototipos se completa en 72 horas y la producci\u00f3n en serie se entrega en 15 d\u00edas.<\/li>\n<\/ul>","protected":false},"excerpt":{"rendered":"<p>La caja de envasado de tubos de papel adopta una tapa independiente. La proporci\u00f3n del envase y la tapa est\u00e1 coordinada, reflejando el sencillo dise\u00f1o del envase. El cuerpo de la caja es principalmente de color blanco puro, y un c\u00edrculo de l\u00edneas negras rodea el borde superior, formando un marcado contraste para realzar el atractivo. La superficie de la caja est\u00e1 claramente impresa, y el dise\u00f1o del texto es sencillo y moderno, lo que puede realzar el logotipo de la marca. Esta caja de embalaje es muy adecuada para el embalaje de ropa, camisetas, prendas de vestir, calcetines y ropa interior.<\/p>","protected":false},"featured_media":575,"template":"","meta":{"_kad_post_transparent":"default","_kad_post_title":"","_kad_post_layout":"default","_kad_post_sidebar_id":"","_kad_post_content_style":"default","_kad_post_vertical_padding":"default","_kad_post_feature":"","_kad_post_feature_position":"","_kad_post_header":false,"_kad_post_footer":false,"_kad_post_classname":""},"product_brand":[],"product_cat":[15,30,17],"product_tag":[190,192,191],"class_list":{"0":"post-571","1":"product","2":"type-product","3":"status-publish","4":"has-post-thumbnail","6":"product_cat-red-light-therapy","7":"product_cat-dropshipping","8":"product_cat-services","9":"product_tag-clothing-paper-tube","10":"product_tag-socks-underwear-paper-tube-packaging","11":"product_tag-t-shirt-paper-tube-supplier","13":"first","14":"instock","15":"shipping-taxable","16":"product-type-simple","17":"entry","18":"content-bg","19":"loop-entry"},"_links":{"self":[{"href":"https:\/\/red-lighttherapy.com\/es_es\/wp-json\/wp\/v2\/product\/571","targetHints":{"allow":["GET"]}}],"collection":[{"href":"https:\/\/red-lighttherapy.com\/es_es\/wp-json\/wp\/v2\/product"}],"about":[{"href":"https:\/\/red-lighttherapy.com\/es_es\/wp-json\/wp\/v2\/types\/product"}],"wp:featuredmedia":[{"embeddable":true,"href":"https:\/\/red-lighttherapy.com\/es_es\/wp-json\/wp\/v2\/media\/575"}],"wp:attachment":[{"href":"https:\/\/red-lighttherapy.com\/es_es\/wp-json\/wp\/v2\/media?parent=571"}],"wp:term":[{"taxonomy":"product_brand","embeddable":true,"href":"https:\/\/red-lighttherapy.com\/es_es\/wp-json\/wp\/v2\/product_brand?post=571"},{"taxonomy":"product_cat","embeddable":true,"href":"https:\/\/red-lighttherapy.com\/es_es\/wp-json\/wp\/v2\/product_cat?post=571"},{"taxonomy":"product_tag","embeddable":true,"href":"https:\/\/red-lighttherapy.com\/es_es\/wp-json\/wp\/v2\/product_tag?post=571"}],"curies":[{"name":"wp","href":"https:\/\/api.w.org\/{rel}","templated":true}]}}