{"id":565,"date":"2025-04-12T08:34:45","date_gmt":"2025-04-12T08:34:45","guid":{"rendered":"https:\/\/red-lighttherapy.com\/?post_type=product&#038;p=565"},"modified":"2025-04-12T09:00:36","modified_gmt":"2025-04-12T09:00:36","slug":"custom-child-resistant-vape-cartridge-packaging-box-factory","status":"publish","type":"product","link":"https:\/\/red-lighttherapy.com\/es_es\/custom-child-resistant-vape-cartridge-packaging-box-factory\/","title":{"rendered":"Personalizado a prueba de ni\u00f1os Vape cartucho de embalaje de la caja de f\u00e1brica"},"content":{"rendered":"<h2 id=\"-child-safe-electronic-cigarette-cartridge-packaging-box-professional-customized-solution-\">Personalizado a prueba de ni\u00f1os Vape cartucho de embalaje de la caja de f\u00e1brica<\/h2>\n<h2 id=\"1-double-child-proof-device-compliance-certification-guarantee-\">1.\u00a0<strong>Doble dispositivo de seguridad para ni\u00f1os, garant\u00eda de certificaci\u00f3n de conformidad<\/strong><\/h2>\n<ul>\n<li>Adopte\u00a0<strong>estructura de apertura giratoria a presi\u00f3n<\/strong>\u00a0o\u00a0<strong>cierre magn\u00e9tico + desbloqueo por deslizamiento<\/strong>\u00a0Pase.\u00a0<strong>US 16 CFR 1700.20<\/strong>\u00a0y\u00a0<strong>UE ISO 8317<\/strong>\u00a0normas de prueba de protecci\u00f3n infantil. La tasa de fallos de apertura de los ni\u00f1os es \u226580%, y los adultos pueden abrirlo f\u00e1cilmente mediante operaciones intuitivas (como alinear flechas, aplicar una fuerza espec\u00edfica), lo que cumple los requisitos de acceso al mercado en Europa y Estados Unidos.<\/li>\n<li>Embedded\u00a0<strong>bloqueo de seguridad antimanipulaci\u00f3n<\/strong>\u00a0para desbloquear la caja extra\u00edble, es necesario juntar dos dedos para evitar que los ni\u00f1os la manipulen indebidamente.<\/li>\n<\/ul>\n<h2 id=\"2-immersive-pull-out-box-experience-\">2.\u00a0<strong>Experiencia de caja extra\u00edble inmersiva<\/strong><\/h2>\n<ul>\n<li><strong>Carril de amortiguaci\u00f3n + muelle de liberaci\u00f3n lenta<\/strong>\u00a0dise\u00f1o, la caja de cartuchos se desliza hacia fuera a una velocidad uniforme de 0,5 segundos\/cm, y se empareja con\u00a0<strong>ventana esmerilada semitransparente<\/strong>La elegancia del producto se asemeja a la de una exposici\u00f3n, lo que refuerza la sensaci\u00f3n de ceremonia de desembalaje.<\/li>\n<li>El cuerpo de la caja adopta\u00a0<strong>estructura extra\u00edble segmentada<\/strong>La primera capa muestra el logotipo de la marca y el nombre del producto, y la segunda capa revela gradualmente el cuerpo del cartucho, aumentando la diversi\u00f3n de exploraci\u00f3n del usuario.<\/li>\n<\/ul>\n<h2 id=\"3-visual-friendliness-and-material-safety-\">3.\u00a0<strong>Simpat\u00eda visual y seguridad de los materiales<\/strong><\/h2>\n<ul>\n<li>El color principal de la caja exterior es\u00a0<strong>revestimiento blanco mate<\/strong>que ha sido\u00a0<strong>Ensayo de sustancias peligrosas EN71-3<\/strong>no tiene reflejos irritantes y puede reducir la fatiga visual a largo plazo.<\/li>\n<li>El material puede seleccionarse\u00a0<strong>Forro de EVA de calidad alimentaria + revestimiento de tejido de Lycra<\/strong>\u00a0o\u00a0<strong>Proceso de flocado de cart\u00f3n blanco de 250 g\/m\u00b2.<\/strong>que tiene un tacto delicado y un rendimiento de amortiguaci\u00f3n antica\u00edda.<\/li>\n<\/ul>\n<h2 id=\"4-full-dimensional-customization-service-\">4.\u00a0<strong>Servicio de personalizaci\u00f3n completa<\/strong><\/h2>\n<ul>\n<li><strong>Adaptaci\u00f3n flexible del tama\u00f1o<\/strong>: Admite la personalizaci\u00f3n de cajas con 5-50 cartuchos, compatible con paquetes individuales hasta conjuntos en serie, con un control de tolerancia de \u00b10,3 mm.<\/li>\n<li><strong>Revestimiento modular<\/strong>: Dise\u00f1o\u00a0<strong>Ranura de rejilla EVA<\/strong>\u00a0o\u00a0<strong>ranura para esponja<\/strong>\u00a0seg\u00fan la forma del cartucho (cilindro\/caja cuadrada\/forma especial) para conseguir una fijaci\u00f3n de desplazamiento cero y mejorar la resistencia a los golpes del transporte por 60%.<\/li>\n<li><strong>Dise\u00f1o exclusivo de la marca<\/strong>: Proporcionar\u00a0<strong>l\u00e1ser l\u00e1ser LOGO<\/strong>,\u00a0<strong>Textura en relieve UV<\/strong>\u00a0y\u00a0<strong>serigraf\u00eda<\/strong>\u00a0procesos, admite la impresi\u00f3n de etiquetas de conformidad para plataformas como Amazon y estaciones independientes.<\/li>\n<\/ul>\n<h2 id=\"5-global-compliance-support-\">5.\u00a0<strong>Apoyo global al cumplimiento de la normativa<\/strong><\/h2>\n<ul>\n<li>Proporcione\u00a0<strong>CPC (EE.UU.)<\/strong>,\u00a0<strong>CE (UE)<\/strong>\u00a0y\u00a0<strong>CSA Z76.1 (Canad\u00e1)<\/strong>\u00a0documentos de certificaci\u00f3n, que abarcan informes de pruebas como la ignifugaci\u00f3n de los envases y la migraci\u00f3n qu\u00edmica, para garantizar la legalidad de la circulaci\u00f3n transfronteriza de productos derivados del cannabis.<\/li>\n<\/ul>\n<h2 id=\"-service-advantages-\"><strong>Ventajas del servicio<\/strong><\/h2>\n<ul>\n<li><strong>16 a\u00f1os de funcionamiento directo de f\u00e1brica<\/strong>Capacidad de producci\u00f3n diaria de 1.000.000 de piezas, pedido m\u00ednimo de 500 piezas y entrega extremadamente r\u00e1pida en 7-14 d\u00edas.<\/li>\n<li><strong>Potenciaci\u00f3n total del proceso<\/strong>desde el dise\u00f1o de planos, pasando por las pruebas, hasta la producci\u00f3n en serie, equipados con asesores de ventas 1 a 1 y equipos de control de calidad, que proporcionan\u00a0<strong>dise\u00f1o de envases-producci\u00f3n-log\u00edstica<\/strong>\u00a0servicios de circuito cerrado.<\/li>\n<\/ul>","protected":false},"excerpt":{"rendered":"<p>Nuestro envase de papel de caj\u00f3n a prueba de ni\u00f1os para vapear cannabis est\u00e1 equipado con un dispositivo a prueba de ni\u00f1os para garantizar que sea dif\u00edcil de abrir para los ni\u00f1os pero f\u00e1cil de abrir para los adultos. Cumple plenamente las leyes y normativas. Se puede personalizar en gran medida para adaptarse a su embalaje de productos de vaporizaci\u00f3n de cannabis.<\/p>","protected":false},"featured_media":569,"template":"","meta":{"_kad_post_transparent":"default","_kad_post_title":"","_kad_post_layout":"default","_kad_post_sidebar_id":"","_kad_post_content_style":"default","_kad_post_vertical_padding":"default","_kad_post_feature":"","_kad_post_feature_position":"","_kad_post_header":false,"_kad_post_footer":false,"_kad_post_classname":""},"product_brand":[],"product_cat":[15,40,17],"product_tag":[188,189,169],"class_list":{"0":"post-565","1":"product","2":"type-product","3":"status-publish","4":"has-post-thumbnail","6":"product_cat-red-light-therapy","7":"product_cat-red-light-therapy-panel","8":"product_cat-services","9":"product_tag-custom-1ml-vape-cartridge-packaging","10":"product_tag-custom-disposable-vape-boxes","11":"product_tag-vape-cartridge-packaging","13":"first","14":"instock","15":"shipping-taxable","16":"product-type-simple","17":"entry","18":"content-bg","19":"loop-entry"},"_links":{"self":[{"href":"https:\/\/red-lighttherapy.com\/es_es\/wp-json\/wp\/v2\/product\/565","targetHints":{"allow":["GET"]}}],"collection":[{"href":"https:\/\/red-lighttherapy.com\/es_es\/wp-json\/wp\/v2\/product"}],"about":[{"href":"https:\/\/red-lighttherapy.com\/es_es\/wp-json\/wp\/v2\/types\/product"}],"wp:featuredmedia":[{"embeddable":true,"href":"https:\/\/red-lighttherapy.com\/es_es\/wp-json\/wp\/v2\/media\/569"}],"wp:attachment":[{"href":"https:\/\/red-lighttherapy.com\/es_es\/wp-json\/wp\/v2\/media?parent=565"}],"wp:term":[{"taxonomy":"product_brand","embeddable":true,"href":"https:\/\/red-lighttherapy.com\/es_es\/wp-json\/wp\/v2\/product_brand?post=565"},{"taxonomy":"product_cat","embeddable":true,"href":"https:\/\/red-lighttherapy.com\/es_es\/wp-json\/wp\/v2\/product_cat?post=565"},{"taxonomy":"product_tag","embeddable":true,"href":"https:\/\/red-lighttherapy.com\/es_es\/wp-json\/wp\/v2\/product_tag?post=565"}],"curies":[{"name":"wp","href":"https:\/\/api.w.org\/{rel}","templated":true}]}}