{"id":559,"date":"2025-04-12T08:13:57","date_gmt":"2025-04-12T08:13:57","guid":{"rendered":"https:\/\/red-lighttherapy.com\/?post_type=product&#038;p=559"},"modified":"2025-04-12T08:34:31","modified_gmt":"2025-04-12T08:34:31","slug":"wholesale-premium-custom-perfume-cosmetic-boxes-supplies","status":"publish","type":"product","link":"https:\/\/red-lighttherapy.com\/es_es\/wholesale-premium-custom-perfume-cosmetic-boxes-supplies\/","title":{"rendered":"Mayorista Cajas de Cosm\u00e9ticos Perfumer\u00eda Personalizadas Suministros"},"content":{"rendered":"<h2 id=\"-customized-perfume-and-cosmetics-box-product-description-\"><strong>Descripci\u00f3n del producto<\/strong><\/h2>\n<p>Para satisfacer las necesidades de envasado de perfumes y cosm\u00e9ticos de gama alta, hemos lanzado soluciones de envasado personalizadas que combinan funcionalidad, est\u00e9tica y valor de marca, y crean las siguientes ventajas fundamentales para los clientes mayoristas:<\/p>\n<h2 id=\"1-coated-paper-material-sturdy-and-durable-\">1.\u00a0<strong>Material de papel revestido, resistente y duradero<\/strong><\/h2>\n<p>El material es papel estucado de alto gramaje, con una superficie suave y delicada y un \u00edndice de reproducci\u00f3n del color de impresi\u00f3n superior a 95%. El papel tiene una excelente rigidez y capacidad de carga. Una sola caja puede soportar hasta 1,5 kg, lo que resulta adecuado para el embalaje seguro de diversos envases fr\u00e1giles, como botellas de vidrio y botellas de cer\u00e1mica, al tiempo que satisface las necesidades de la exposici\u00f3n apilable multicapa.<\/p>\n<h2 id=\"2-herm-s-orange-design-strong-visual-impact-\">2.\u00a0<strong>Dise\u00f1o naranja Herm\u00e8s, fuerte impacto visual<\/strong><\/h2>\n<p>La caja exterior utiliza el ic\u00f3nico naranja de Herm\u00e8s, combinado con pegamento mate o tecnolog\u00eda de estampaci\u00f3n en caliente, para formar un \"foco visual\" en el estante. El naranja simboliza la vitalidad y el lujo, y puede mejorar eficazmente el reconocimiento de la marca. Los datos muestran que los envases de tono naranja pueden aumentar la tasa de permanencia del consumidor en 20%. El tipo de caja admite diversos m\u00e9todos de apertura, como tapas superior e inferior y tapas abatibles, y se combina con LOGO estampado en caliente o texturas en relieve para realzar la sensaci\u00f3n de ceremonia al abrir la caja.<\/p>\n<h2 id=\"3-customized-protection-of-eva-lining-\">3.\u00a0<strong>Protecci\u00f3n personalizada de forro EVA<\/strong><\/h2>\n<p>El forro est\u00e1 fabricado con material EVA de alta densidad, que tiene una resistencia a los impactos 1,5 veces superior a la norma del sector y puede absorber 70% de la energ\u00eda de vibraci\u00f3n del transporte. Ofrece opciones de dureza de 25\u00b0 a 80\u00b0, y dise\u00f1o de ranuras personalizadas para la forma del frasco de perfume, a fin de garantizar la fijaci\u00f3n sin desplazamiento; la superficie puede ser flocada (como textura de terciopelo) o mate esmerilada, teniendo en cuenta tanto la protecci\u00f3n como el tacto de alta gama.<\/p>\n<h2 id=\"4-diversified-printing-and-creative-design-\">4.\u00a0<strong>Impresi\u00f3n diversificada y dise\u00f1o creativo<\/strong><\/h2>\n<p>Admite cuatricrom\u00eda CMYK, UV parcial, gofrado 3D y otros procesos, y puede integrarse con ilustraciones art\u00edsticas, geometr\u00eda minimalista o elementos culturales exclusivos de la marca. Por ejemplo:<\/p>\n<ul>\n<li><strong>Tema del festival<\/strong>: Combinado con copos de nieve estampados en caliente y motivos florales para crear cajas de regalo de edici\u00f3n limitada;<\/li>\n<li><strong>Concepto de protecci\u00f3n del medio ambiente<\/strong>: Impresi\u00f3n con tintas renovables y combinaci\u00f3n con logotipos de material degradable;<\/li>\n<li><strong>Interacci\u00f3n inteligente<\/strong>: Incruste un c\u00f3digo QR AR, escanee el c\u00f3digo para saltar a la historia de la marca o al tutorial de uso.<\/li>\n<\/ul>\n<h2 id=\"5-one-stop-service-and-detail-control-\">5.\u00a0<strong>Servicio integral y control de detalles<\/strong><\/h2>\n<p>Bas\u00e1ndonos en 20 a\u00f1os de experiencia en envasado e impresi\u00f3n, ofrecemos servicios de proceso completo, desde el dise\u00f1o y las pruebas hasta la producci\u00f3n en serie:<\/p>\n<ul>\n<li><strong>Optimizaci\u00f3n estructural<\/strong>: Verificar la capacidad de carga de la caja y la suavidad de apertura y cierre mediante modelado 3D;<\/li>\n<li><strong>Inspecci\u00f3n de calidad<\/strong>: El laboratorio realiza pruebas de compresi\u00f3n, resistencia a la humedad y ca\u00eddas para garantizar la seguridad del transporte;<\/li>\n<li><strong>Producci\u00f3n flexible<\/strong>: Admite un pedido m\u00ednimo de 500, gran cantidad y buen precio, y entrega r\u00e1pida en 7-15 d\u00edas.<\/li>\n<\/ul>\n<h2 id=\"-why-choose-us-\"><strong>\u00bfPor qu\u00e9 elegirnos?<\/strong><\/h2>\n<ul>\n<li><strong>Equipo profesional<\/strong>: Dise\u00f1adores e ingenieros desarrollan conjuntamente, equilibrando est\u00e9tica y practicidad;<\/li>\n<li><strong>Ventaja de costes<\/strong>: Funcionamiento directo en f\u00e1brica, lo que reduce los eslabones intermedios y disminuye los costes globales en 15%-30%;<\/li>\n<li><strong>Garant\u00eda posventa<\/strong>: Proporcionamos un servicio de devoluci\u00f3n de pedido para solucionar da\u00f1os de transporte o defectos de fabricaci\u00f3n.<\/li>\n<\/ul>","protected":false},"excerpt":{"rendered":"<p>Dise\u00f1o de caja de papel con caj\u00f3n Apertura por deslizamiento Mejora la experiencia de abrir la caja. El cuerpo de la caja es de color naranja Herm\u00e8s, que tiene tanto vitalidad como calidez. Puede atraer la atenci\u00f3n de los clientes en la vitrina del estante. El forro se puede personalizar seg\u00fan sus necesidades para conseguir que el producto no se mueva y proteger sus frascos de perfumes y cosm\u00e9ticos de posibles da\u00f1os<\/p>","protected":false},"featured_media":562,"template":"","meta":{"_kad_post_transparent":"default","_kad_post_title":"","_kad_post_layout":"default","_kad_post_sidebar_id":"","_kad_post_content_style":"default","_kad_post_vertical_padding":"default","_kad_post_feature":"","_kad_post_feature_position":"","_kad_post_header":false,"_kad_post_footer":false,"_kad_post_classname":""},"product_brand":[],"product_cat":[15,28,20,17],"product_tag":[186,185,187],"class_list":{"0":"post-559","1":"product","2":"type-product","3":"status-publish","4":"has-post-thumbnail","6":"product_cat-red-light-therapy","7":"product_cat-customize","8":"product_cat-led-face-light-therapy","9":"product_cat-services","10":"product_tag-cosmetic-boxes-supplies","11":"product_tag-custom-perfume-boxes","12":"product_tag-wholesale-premium-boxes","14":"first","15":"instock","16":"shipping-taxable","17":"product-type-simple","18":"entry","19":"content-bg","20":"loop-entry"},"_links":{"self":[{"href":"https:\/\/red-lighttherapy.com\/es_es\/wp-json\/wp\/v2\/product\/559","targetHints":{"allow":["GET"]}}],"collection":[{"href":"https:\/\/red-lighttherapy.com\/es_es\/wp-json\/wp\/v2\/product"}],"about":[{"href":"https:\/\/red-lighttherapy.com\/es_es\/wp-json\/wp\/v2\/types\/product"}],"wp:featuredmedia":[{"embeddable":true,"href":"https:\/\/red-lighttherapy.com\/es_es\/wp-json\/wp\/v2\/media\/562"}],"wp:attachment":[{"href":"https:\/\/red-lighttherapy.com\/es_es\/wp-json\/wp\/v2\/media?parent=559"}],"wp:term":[{"taxonomy":"product_brand","embeddable":true,"href":"https:\/\/red-lighttherapy.com\/es_es\/wp-json\/wp\/v2\/product_brand?post=559"},{"taxonomy":"product_cat","embeddable":true,"href":"https:\/\/red-lighttherapy.com\/es_es\/wp-json\/wp\/v2\/product_cat?post=559"},{"taxonomy":"product_tag","embeddable":true,"href":"https:\/\/red-lighttherapy.com\/es_es\/wp-json\/wp\/v2\/product_tag?post=559"}],"curies":[{"name":"wp","href":"https:\/\/api.w.org\/{rel}","templated":true}]}}