{"id":546,"date":"2025-04-12T07:30:15","date_gmt":"2025-04-12T07:30:15","guid":{"rendered":"https:\/\/red-lighttherapy.com\/?post_type=product&#038;p=546"},"modified":"2025-04-12T08:13:49","modified_gmt":"2025-04-12T08:13:49","slug":"custom-lipstick-lip-balm-gloss-paper-tube-packaging-supplier","status":"publish","type":"product","link":"https:\/\/red-lighttherapy.com\/es_es\/custom-lipstick-lip-balm-gloss-paper-tube-packaging-supplier\/","title":{"rendered":"Tubo de papel para b\u00e1lsamo labial y brillo de labios"},"content":{"rendered":"<h2 id=\"-customized-lipstick-and-lip-balm-glossy-paper-tube-packaging-product-description-\"><strong>Personalizado l\u00e1piz labial y b\u00e1lsamo labial brillante tubo de papel de embalaje descripci\u00f3n del producto<\/strong><\/h2>\n<h2 id=\"-1-structural-design-cylindrical-top-and-bottom-lid-box-easy-to-operate-with-one-hand-\"><strong>1. Dise\u00f1o estructural: caja cil\u00edndrica con tapa superior e inferior, f\u00e1cil de manejar con una sola mano.<\/strong><\/h2>\n<ul>\n<li>La estructura cil\u00edndrica de la tapa superior e inferior, con las tapas superior e inferior separadas, optimiza la experiencia de apertura y cierre, y puede manejarse f\u00e1cilmente con una sola mano, lo que se ajusta al dise\u00f1o ergon\u00f3mico.<\/li>\n<li>Admite la personalizaci\u00f3n del tama\u00f1o (como di\u00e1metro de 15-32 mm, altura de 50-150 mm), adecuado para productos de barra de labios y b\u00e1lsamo labial de diferentes especificaciones.<\/li>\n<\/ul>\n<h2 id=\"-2-visual-aesthetics-red-and-pink-contrast-and-artistic-lines-\"><strong>2. Est\u00e9tica visual: contraste rojo y rosa y l\u00edneas art\u00edsticas<\/strong><\/h2>\n<ul>\n<li>El color principal es el rojo y el rosa muy saturados, combinados con la tecnolog\u00eda de degradado o empalme para crear un impacto visual juvenil y de moda.<\/li>\n<li>El cuerpo de la caja incorpora suaves l\u00edneas art\u00edsticas o motivos geom\u00e9tricos, y el dise\u00f1o de colores contrastados refuerza el tema de la belleza y transmite la vitalidad y el sentido art\u00edstico de la marca.<\/li>\n<\/ul>\n<h2 id=\"-3-craft-details-hot-silver-logo-and-layering-enhancement-\"><strong>3. Detalles artesanales: logotipo en plata caliente y realce en capas.<\/strong><\/h2>\n<ul>\n<li>La tecnolog\u00eda de plata caliente se utiliza para presentar con precisi\u00f3n detalles como el LOGO de la marca y el logotipo de texto, garantizando que los diminutos patrones sean claros y delicados, y el tacto tridimensional y rico en capas.<\/li>\n<li>El revestimiento UV, la pel\u00edcula mate y otros procesos de tratamiento superficial pueden superponerse para mejorar la textura y la resistencia al desgaste.<\/li>\n<\/ul>\n<h2 id=\"-4-material-and-printing-full-dimensional-customized-service-\"><strong>4. Material e impresi\u00f3n: servicio personalizado en todas las dimensiones<\/strong><\/h2>\n<ul>\n<li><strong>Selecci\u00f3n de materiales<\/strong>: Proporcionar papel kraft, pl\u00e1stico degradable, cart\u00f3n blanco y otros sustratos respetuosos con el medio ambiente, teniendo en cuenta la durabilidad y la sostenibilidad.<\/li>\n<li><strong>Proceso de impresi\u00f3n<\/strong>: Admite impresi\u00f3n en color, estampado en relieve, superficie brillante local UV y otros procesos, se adapta a patrones complejos y requisitos de color de la marca.<\/li>\n<\/ul>\n<h2 id=\"-5-production-and-quality-control-efficient-and-stable-large-scale-delivery-capabilities-\"><strong>5. Producci\u00f3n y control de calidad: capacidad de entrega eficiente y estable a gran escala.<\/strong><\/h2>\n<ul>\n<li><strong>L\u00ednea de producci\u00f3n automatizada<\/strong>: Equipada con equipos totalmente autom\u00e1ticos de moldeo por inyecci\u00f3n, impresi\u00f3n y montaje, con una capacidad de producci\u00f3n diaria de m\u00e1s de 5 millones de piezas, que permite responder r\u00e1pidamente a los pedidos urgentes.<\/li>\n<li><strong>Sistema de calidad<\/strong>: Desde la adquisici\u00f3n de materias primas (como tintas ecol\u00f3gicas certificadas por MSDS) hasta la entrega del producto acabado, se aplican 12 procesos de inspecci\u00f3n para garantizar que el error dimensional sea \u22640,1 mm y la diferencia de color de impresi\u00f3n \u0394E\u22641,5.<\/li>\n<\/ul>\n<h2 id=\"-6-value-added-services-one-stop-brand-empowerment-\"><strong>6. Servicios de valor a\u00f1adido: potenciaci\u00f3n de la marca a trav\u00e9s de una ventanilla \u00fanica<\/strong><\/h2>\n<ul>\n<li>Proporcionar servicios OEM\/ODM, apoyar la personalizaci\u00f3n de moldes, la autorizaci\u00f3n de marcas privadas y el uso especial transfronterizo.<\/li>\n<li>Proporcionar soluciones de embalaje exterior de apoyo (como bolsas de polvo, latas de papel de cinta, bandejas interiores de EVA) y optimizaci\u00f3n log\u00edstica para reducir las p\u00e9rdidas de transporte.<\/li>\n<\/ul>","protected":false},"excerpt":{"rendered":"<p>El envase de tubo de papel con tapa y base adopta una estructura separada de tapas superior e inferior, f\u00e1cil de manejar con una sola mano. El cuerpo de la caja es principalmente rojo y rosa, lo que tiene un fuerte impacto visual y se ajusta al tono de una marca joven y de moda.<\/p>","protected":false},"featured_media":548,"template":"","meta":{"_kad_post_transparent":"default","_kad_post_title":"","_kad_post_layout":"default","_kad_post_sidebar_id":"","_kad_post_content_style":"default","_kad_post_vertical_padding":"default","_kad_post_feature":"","_kad_post_feature_position":"","_kad_post_header":false,"_kad_post_footer":false,"_kad_post_classname":""},"product_brand":[],"product_cat":[15,28,17],"product_tag":[184,183,182],"class_list":{"0":"post-546","1":"product","2":"type-product","3":"status-publish","4":"has-post-thumbnail","6":"product_cat-red-light-therapy","7":"product_cat-customize","8":"product_cat-services","9":"product_tag-custom-lipstick-lip-balm-packaging-supplier","10":"product_tag-lip-balm-packaging","11":"product_tag-lipstick-paper-tube","13":"first","14":"instock","15":"shipping-taxable","16":"product-type-simple","17":"entry","18":"content-bg","19":"loop-entry"},"_links":{"self":[{"href":"https:\/\/red-lighttherapy.com\/es_es\/wp-json\/wp\/v2\/product\/546","targetHints":{"allow":["GET"]}}],"collection":[{"href":"https:\/\/red-lighttherapy.com\/es_es\/wp-json\/wp\/v2\/product"}],"about":[{"href":"https:\/\/red-lighttherapy.com\/es_es\/wp-json\/wp\/v2\/types\/product"}],"wp:featuredmedia":[{"embeddable":true,"href":"https:\/\/red-lighttherapy.com\/es_es\/wp-json\/wp\/v2\/media\/548"}],"wp:attachment":[{"href":"https:\/\/red-lighttherapy.com\/es_es\/wp-json\/wp\/v2\/media?parent=546"}],"wp:term":[{"taxonomy":"product_brand","embeddable":true,"href":"https:\/\/red-lighttherapy.com\/es_es\/wp-json\/wp\/v2\/product_brand?post=546"},{"taxonomy":"product_cat","embeddable":true,"href":"https:\/\/red-lighttherapy.com\/es_es\/wp-json\/wp\/v2\/product_cat?post=546"},{"taxonomy":"product_tag","embeddable":true,"href":"https:\/\/red-lighttherapy.com\/es_es\/wp-json\/wp\/v2\/product_tag?post=546"}],"curies":[{"name":"wp","href":"https:\/\/api.w.org\/{rel}","templated":true}]}}