{"id":539,"date":"2025-04-12T07:12:46","date_gmt":"2025-04-12T07:12:46","guid":{"rendered":"https:\/\/red-lighttherapy.com\/?post_type=product&#038;p=539"},"modified":"2025-04-12T07:30:03","modified_gmt":"2025-04-12T07:30:03","slug":"custom-wine-glasses-cup-drinkware-lid-and-base-box-wholesale","status":"publish","type":"product","link":"https:\/\/red-lighttherapy.com\/es_es\/custom-wine-glasses-cup-drinkware-lid-and-base-box-wholesale\/","title":{"rendered":"Copas de Vino Personalizadas Tapa y Base Caja de Bebidas al por mayor"},"content":{"rendered":"<h2 id=\"-customized-wine-glasses-and-wineware-box-with-lid-and-top-cover-product-description-\"><strong>Copas de vino personalizadas Copa Drinkware Tapa y Base Caja Descripci\u00f3n del producto al por mayor<\/strong><\/h2>\n<h2 id=\"-1-innovative-box-design-with-lid-and-top-cover-\"><strong>1. Innovador dise\u00f1o de caja con tapa y cubierta superior<\/strong><\/h2>\n<p>Adoptar\u00a0<strong>estructura separada de los p\u00e1rpados superior e inferior<\/strong>, se puede abrir y cerrar f\u00e1cilmente con una sola mano, teniendo en cuenta la comodidad y el sentido ritual. El interior de la caja se personaliza con precisi\u00f3n seg\u00fan el tama\u00f1o de la copa de vino, y se fija mediante esponja EVA o forro bl\u00edster para conseguir\u00a0<strong>protecci\u00f3n contra choques de desplazamiento cero<\/strong>\u00a0durante el transporte, garantizando que los productos de vidrio est\u00e9n seguros y no sufran da\u00f1os.<\/p>\n<h2 id=\"-2-three-dimensional-hot-stamping-process-details-highlight-the-brand-\"><strong>2. Proceso de estampaci\u00f3n en caliente tridimensional, los detalles resaltan la marca<\/strong><\/h2>\n<p>Utilizando\u00a0<strong>tecnolog\u00eda de estampaci\u00f3n en caliente tridimensional de alta precisi\u00f3n<\/strong>Puede presentar LOGOTIPO de marca a nivel de micras, patrones o texto, incluso l\u00edneas complejas y peque\u00f1os patrones pueden mostrarse claramente, dando a la caja de embalaje\u00a0<strong>textura met\u00e1lica y capas tridimensionales<\/strong>. En combinaci\u00f3n con la serigraf\u00eda, el gofrado y otros procesos, mejora el impacto visual y contribuye a realzar la imagen de gama alta de la marca.<\/p>\n<h2 id=\"-3-one-stop-customization-service-worry-free-throughout-the-process-\"><strong>3. Servicio de personalizaci\u00f3n integral, sin preocupaciones durante todo el proceso<\/strong><\/h2>\n<ul>\n<li><strong>Adaptaci\u00f3n precisa del tama\u00f1o<\/strong>: Admite la personalizaci\u00f3n de copas de vino de tama\u00f1o completo de 3oz a 10oz (85ml-285ml), y desarrolla moldes seg\u00fan los dibujos o muestras del cliente 1:1 para garantizar que el revestimiento y las copas de vino\u00a0<strong>encajar a la perfecci\u00f3n<\/strong>.<\/li>\n<li><strong>Soporte de dise\u00f1o gratuito<\/strong>: Un equipo profesional se encarga de la estructura del envase y del dise\u00f1o del esquema visual, integrando el tono de la marca para crear un envase diferenciado.<\/li>\n<li><strong>Inspecci\u00f3n previa de la calidad de las muestras<\/strong>: Las muestras gratuitas se env\u00edan con informes de inspecci\u00f3n de calidad, y la producci\u00f3n en masa se llevar\u00e1 a cabo despu\u00e9s de la confirmaci\u00f3n.<\/li>\n<\/ul>\n<h2 id=\"-4-intelligent-production-guarantees-efficiency-and-quality-\"><strong>4. La producci\u00f3n inteligente garantiza la eficacia y la calidad<\/strong><\/h2>\n<p>Confiar en\u00a0<strong>16 a\u00f1os de experiencia en el sector<\/strong>\u00a0y\u00a0<strong>sistema inteligente de gesti\u00f3n de la producci\u00f3n<\/strong>Todo el proceso, desde la adquisici\u00f3n de materias primas hasta la entrega del producto acabado, est\u00e1 automatizado y controlado. La f\u00e1brica est\u00e1 equipada con un sistema ERP de seguimiento de pedidos y un sistema MES de ejecuci\u00f3n de la producci\u00f3n para garantizar la entrega puntual de los pedidos y una tasa de cualificaci\u00f3n de los productos del 99,8%.<\/p>\n<h2 id=\"-5-successful-cases-and-word-of-mouth-endorsement-\"><strong>5. Casos de \u00e9xito y respaldo de boca en boca<\/strong><\/h2>\n<p>Servicios cubiertos\u00a0<strong>vino blanco, vino tinto, marcas de vino extranjero de gama alta<\/strong>Entre los clientes que colaboran con la empresa figuran conocidas empresas vin\u00edcolas y exportadores transfronterizos. Con la\u00a0<strong>fuente suministro directo de f\u00e1brica<\/strong>\u00a0ventaja, ofrecemos soluciones rentables, que admiten pedidos de prueba de lotes peque\u00f1os y producci\u00f3n en serie a gran escala.<\/p>\n<h2 id=\"-why-choose-us-\"><strong>\u00bfPor qu\u00e9 elegirnos?<\/strong><\/h2>\n<p>\u2705\u00a0<strong>Dise\u00f1o gratuito + pruebas gratuitas<\/strong>48 horas de respuesta r\u00e1pida a las necesidades<br \/>\n\u2705\u00a0<strong>F\u00e1brica con certificaci\u00f3n ISO<\/strong>, en consonancia con las normas de protecci\u00f3n medioambiental de las exportaciones transfronterizas<br \/>\n\u2705\u00a0<strong>100% inspecci\u00f3n de calidad antes del almacenamiento<\/strong>, \u00edndice de rotura prometido inferior a 0,1%<\/p>","protected":false},"excerpt":{"rendered":"<p>El tipo de caja con tapa y base adopta el m\u00e9todo de separar las tapas superior e inferior, que es f\u00e1cil de manejar con una sola mano. El proceso de estampaci\u00f3n en caliente puede mostrar perfectamente la fina artesan\u00eda frente a los clientes y aumentar la popularidad de su marca. Se puede personalizar para adaptarlo a sus envases de copas y utensilios de vino.<\/p>","protected":false},"featured_media":540,"template":"","meta":{"_kad_post_transparent":"default","_kad_post_title":"","_kad_post_layout":"default","_kad_post_sidebar_id":"","_kad_post_content_style":"default","_kad_post_vertical_padding":"default","_kad_post_feature":"","_kad_post_feature_position":"","_kad_post_header":false,"_kad_post_footer":false,"_kad_post_classname":""},"product_brand":[],"product_cat":[15,19,17],"product_tag":[178,176,177],"class_list":{"0":"post-539","1":"product","2":"type-product","3":"status-publish","4":"has-post-thumbnail","6":"product_cat-red-light-therapy","7":"product_cat-red-light-therapy-stand","8":"product_cat-services","9":"product_tag-custom-drinkware-box-wholesale","10":"product_tag-custom-wine-box","11":"product_tag-glasses-cup-lid-and-base-box","13":"first","14":"instock","15":"shipping-taxable","16":"product-type-simple","17":"entry","18":"content-bg","19":"loop-entry"},"_links":{"self":[{"href":"https:\/\/red-lighttherapy.com\/es_es\/wp-json\/wp\/v2\/product\/539","targetHints":{"allow":["GET"]}}],"collection":[{"href":"https:\/\/red-lighttherapy.com\/es_es\/wp-json\/wp\/v2\/product"}],"about":[{"href":"https:\/\/red-lighttherapy.com\/es_es\/wp-json\/wp\/v2\/types\/product"}],"wp:featuredmedia":[{"embeddable":true,"href":"https:\/\/red-lighttherapy.com\/es_es\/wp-json\/wp\/v2\/media\/540"}],"wp:attachment":[{"href":"https:\/\/red-lighttherapy.com\/es_es\/wp-json\/wp\/v2\/media?parent=539"}],"wp:term":[{"taxonomy":"product_brand","embeddable":true,"href":"https:\/\/red-lighttherapy.com\/es_es\/wp-json\/wp\/v2\/product_brand?post=539"},{"taxonomy":"product_cat","embeddable":true,"href":"https:\/\/red-lighttherapy.com\/es_es\/wp-json\/wp\/v2\/product_cat?post=539"},{"taxonomy":"product_tag","embeddable":true,"href":"https:\/\/red-lighttherapy.com\/es_es\/wp-json\/wp\/v2\/product_tag?post=539"}],"curies":[{"name":"wp","href":"https:\/\/api.w.org\/{rel}","templated":true}]}}