{"id":529,"date":"2025-04-12T06:52:35","date_gmt":"2025-04-12T06:52:35","guid":{"rendered":"https:\/\/red-lighttherapy.com\/?post_type=product&#038;p=529"},"modified":"2025-04-20T06:01:01","modified_gmt":"2025-04-20T06:01:01","slug":"lid-and-base-box-clothes-apparel-shapewear-packaging-factory","status":"publish","type":"product","link":"https:\/\/red-lighttherapy.com\/es_es\/lid-and-base-box-clothes-apparel-shapewear-packaging-factory\/","title":{"rendered":"Tapa y base de la caja de ropa Shapewear f\u00e1brica de envases"},"content":{"rendered":"<h2>Tapa y base de la caja de ropa Shapewear f\u00e1brica de envases<\/h2>\n<h2 id=\"1-appearance-design-\">1.\u00a0<strong>Dise\u00f1o<\/strong><\/h2>\n<p>El cuerpo de la caja adopta la cl\u00e1sica estructura de tapa superior e inferior, las tapas superior e inferior est\u00e1n firmemente mordidas, y la apertura y el cierre son c\u00f3modos y estables. El color principal general marr\u00f3n mate se combina con el LOGO o el patr\u00f3n del proceso de estampaci\u00f3n en caliente\/gofrado, que revela la textura ligera de lujo de forma discreta. Si necesita mejorar el nivel visual, puede a\u00f1adir tecnolog\u00eda de relieve o gofrado para realzar el tacto y el sentido tridimensional.<\/p>\n<h2 id=\"2-inner-lining-adaptation-\">2.\u00a0<strong>Adaptaci\u00f3n del revestimiento interior<\/strong><\/h2>\n<p>Seg\u00fan el tama\u00f1o y la posici\u00f3n de las categor\u00edas de ropa (como fajas, camisetas, faldas), ofrezca opciones de forro diversificadas:<\/p>\n<ul>\n<li><strong>Forro de flocado EVA<\/strong>: La superficie est\u00e1 recubierta de delicada franela, suave y resistente a los ara\u00f1azos, adecuada para tejidos de encaje o seda de alta gama;<\/li>\n<li><strong>Soporte interior de algod\u00f3n nacarado<\/strong>: Respetuoso con el medio ambiente y resistente a la presi\u00f3n, la ranura se puede personalizar para fijar la ropa y garantizar un transporte a prueba de golpes;<\/li>\n<li><strong>Tabique de capas de tela de seda<\/strong>: Con correas de pajarita, puede separar varias prendas de ropa y realzar la sensaci\u00f3n de ceremonia al desembalar.<\/li>\n<\/ul>\n<h2 id=\"3-decorative-details-\">3.\u00a0<strong>Detalles decorativos<\/strong><\/h2>\n<p>La tapa de la caja viene con una cinta de lazo de sat\u00e9n del mismo color o en color de contraste, que presenta una forma completa mediante un proceso de plegado tridimensional. La cola de la cinta puede llevar impreso el eslogan de una marca, lo que combina reconocimiento de marca y decoratividad. La caja interior puede incorporar una hebilla magn\u00e9tica o un asa de cinta para facilitar su apertura.<\/p>\n<h2 id=\"4-customized-service-\">4.\u00a0<strong>Servicio personalizado<\/strong><\/h2>\n<p>Apoy\u00e1ndose en 16 a\u00f1os de experiencia en impresi\u00f3n y envasado, admite la personalizaci\u00f3n de enlaces completos:<\/p>\n<ul>\n<li><strong>Tama\u00f1o flexible<\/strong>: Desde cajas compactas para ropa interior (como las de 16\u00d724 cm) hasta cajas para abrigos de gran capacidad (como las de 30\u00d750 cm), es adecuada para diferentes productos;<\/li>\n<li><strong>Actualizaci\u00f3n tecnol\u00f3gica<\/strong>: Impresi\u00f3n UV opcional, l\u00e1ser parcial, materiales degradables, etc., para satisfacer las necesidades de protecci\u00f3n del medio ambiente o de gama alta;<\/li>\n<li><strong>Elementos de marca<\/strong>: El cart\u00f3n del forro interior se puede imprimir con instrucciones de lavado o historias de la marca, y la caja exterior se puede imprimir con etiquetas antifalsificaci\u00f3n para mejorar la experiencia del cliente.<\/li>\n<\/ul>\n<h2 id=\"5-quality-assurance-\">5.\u00a0<strong>Garant\u00eda de calidad<\/strong><\/h2>\n<p>La cadena de suministro integra la producci\u00f3n de materias primas como papel, EVA y cinta, y ha superado la certificaci\u00f3n del sistema de calidad ISO9001 para garantizar un control de calidad completo desde la prueba del dise\u00f1o hasta la entrega masiva. Admite el seguimiento en tiempo real del progreso de la producci\u00f3n en WeChat, la entrega r\u00e1pida en 7-15 d\u00edas y la log\u00edstica directa a otros lugares.<\/p>\n<h2 id=\"-application-scenarios-\"><strong>Escenarios de aplicaci\u00f3n:<\/strong><\/h2>\n<p>Adecuado para el envasado de productos como moldeadores corporales, ropa de hogar y prendas de pr\u00eat-\u00e0-porter de gama alta, teniendo en cuenta las necesidades de mejora de la imagen de marca y protecci\u00f3n del transporte. Admite la personalizaci\u00f3n de manuscritos y muestras, y ofrece servicios gratuitos de optimizaci\u00f3n del dise\u00f1o y pruebas.<\/p>","protected":false},"excerpt":{"rendered":"<p>Toda la caja es de color marr\u00f3n, con una tapa y cajas de base de estilo, que es de bajo perfil y constante, muy de moda, y tiene un efecto tridimensional con accesorios de cinta de lazo. Es diversa y pr\u00e1ctica, a\u00f1adiendo un toque de color a su caja de embalaje.<\/p>","protected":false},"featured_media":534,"template":"","meta":{"_kad_post_transparent":"default","_kad_post_title":"","_kad_post_layout":"default","_kad_post_sidebar_id":"","_kad_post_content_style":"default","_kad_post_vertical_padding":"default","_kad_post_feature":"","_kad_post_feature_position":"","_kad_post_header":false,"_kad_post_footer":false,"_kad_post_classname":""},"product_brand":[],"product_cat":[15,30,19,17],"product_tag":[174,173,175],"class_list":{"0":"post-529","1":"product","2":"type-product","3":"status-publish","4":"has-post-thumbnail","6":"product_cat-red-light-therapy","7":"product_cat-dropshipping","8":"product_cat-red-light-therapy-stand","9":"product_cat-services","10":"product_tag-apparel-lid-and-base-box","11":"product_tag-clothes-packaging-factory","12":"product_tag-shapewear-packaging-factory","14":"first","15":"instock","16":"shipping-taxable","17":"product-type-simple","18":"entry","19":"content-bg","20":"loop-entry"},"_links":{"self":[{"href":"https:\/\/red-lighttherapy.com\/es_es\/wp-json\/wp\/v2\/product\/529","targetHints":{"allow":["GET"]}}],"collection":[{"href":"https:\/\/red-lighttherapy.com\/es_es\/wp-json\/wp\/v2\/product"}],"about":[{"href":"https:\/\/red-lighttherapy.com\/es_es\/wp-json\/wp\/v2\/types\/product"}],"wp:featuredmedia":[{"embeddable":true,"href":"https:\/\/red-lighttherapy.com\/es_es\/wp-json\/wp\/v2\/media\/534"}],"wp:attachment":[{"href":"https:\/\/red-lighttherapy.com\/es_es\/wp-json\/wp\/v2\/media?parent=529"}],"wp:term":[{"taxonomy":"product_brand","embeddable":true,"href":"https:\/\/red-lighttherapy.com\/es_es\/wp-json\/wp\/v2\/product_brand?post=529"},{"taxonomy":"product_cat","embeddable":true,"href":"https:\/\/red-lighttherapy.com\/es_es\/wp-json\/wp\/v2\/product_cat?post=529"},{"taxonomy":"product_tag","embeddable":true,"href":"https:\/\/red-lighttherapy.com\/es_es\/wp-json\/wp\/v2\/product_tag?post=529"}],"curies":[{"name":"wp","href":"https:\/\/api.w.org\/{rel}","templated":true}]}}