{"id":517,"date":"2025-04-12T06:12:15","date_gmt":"2025-04-12T06:12:15","guid":{"rendered":"https:\/\/red-lighttherapy.com\/?post_type=product&#038;p=517"},"modified":"2025-04-12T06:52:22","modified_gmt":"2025-04-12T06:52:22","slug":"child-resistant-510-vape-cartridge-packaging-boxes-wholesale","status":"publish","type":"product","link":"https:\/\/red-lighttherapy.com\/es_es\/child-resistant-510-vape-cartridge-packaging-boxes-wholesale\/","title":{"rendered":"Cajas de Embalaje para Cartuchos de Vape 510 Resistentes a Ni\u00f1os al por Mayor"},"content":{"rendered":"<h2 id=\"-child-safe-510-e-cigarette-cartridge-packaging-box-wholesale-product-description-\"><strong>Ni\u00f1o Resistente 510 Vape Cartucho Cajas de embalaje al por mayor Descripci\u00f3n del producto<\/strong><\/h2>\n<p>Siguiendo el doble concepto de innovaci\u00f3n y seguridad, lanzamos un\u00a0<strong>caja de embalaje a prueba de ni\u00f1os<\/strong>\u00a0dise\u00f1ado espec\u00edficamente para cartuchos 510 de cigarrillos electr\u00f3nicos, que integra funciones a prueba de ni\u00f1os, textura de alta gama y dise\u00f1o personalizado, adapt\u00e1ndose plenamente a las necesidades de los productos de cannabis y cigarrillos electr\u00f3nicos, y ayudando a las marcas a destacar.<\/p>\n<h2 id=\"1-child-proof-certification-compliance-guarantee-\">1.\u00a0<strong>Certificaci\u00f3n a prueba de ni\u00f1os, garant\u00eda de conformidad<\/strong><\/h2>\n<ul>\n<li>Adoptar una\u00a0<strong>estructura de cierre deslizante a prueba de ni\u00f1os<\/strong>cumple la normativa de los Estados Unidos (16 CFR 1700.20, ASTM D3475) y de Europa (EN ISO 8317), y ha superado el\u00a0<strong>Certificaci\u00f3n FSC a prueba de ni\u00f1os<\/strong>, asegurando que a los ni\u00f1os menores de 52 meses les resulte dif\u00edcil abrirlo, mientras que los adultos pueden manejarlo f\u00e1cilmente, teniendo en cuenta la seguridad y la comodidad.<\/li>\n<\/ul>\n<h2 id=\"2-pull-out-box-design-ceremonial-unboxing-experience-\">2.\u00a0<strong>Dise\u00f1o de caja extra\u00edble, experiencia ceremonial al abrir la caja<\/strong><\/h2>\n<ul>\n<li>Innovador\u00a0<strong>caja extra\u00edble lateral<\/strong>Los cartuchos se presentan lentamente con el cuerpo de la caja, lo que aumenta la sensaci\u00f3n de sorpresa y ritual del usuario al abrir la caja. El cuerpo de la caja se abre y se cierra suavemente, lo que encaja con el posicionamiento de los productos de cigarrillos electr\u00f3nicos de gama alta y mejora el punto de recuerdo de la marca.<\/li>\n<\/ul>\n<h2 id=\"3-customized-appearance-eye-catching-tool-on-the-shelf-\">3.\u00a0<strong>Aspecto personalizado, herramienta llamativa en el estante<\/strong><\/h2>\n<ul>\n<li>Ayuda\u00a0<strong>dise\u00f1o de impresi\u00f3n a toda p\u00e1gina<\/strong>, que pueden integrarse con el LOGO de la marca, la combinaci\u00f3n de colores y los elementos art\u00edsticos, y crear una imagen visual diferenciada mediante impresi\u00f3n UV de alta precisi\u00f3n, tecnolog\u00eda de estampaci\u00f3n en caliente\/plateado o efecto de relieve parcial. La estructura de la caja se ha optimizado para garantizar\u00a0<strong>tridimensional y n\u00edtido<\/strong>\u00a0cuando se exponen, forman un fuerte impacto visual en la estanter\u00eda.<\/li>\n<\/ul>\n<h2 id=\"4-coated-paper-material-sturdy-and-durable-\">4.\u00a0<strong>Material de papel revestido, resistente y duradero<\/strong><\/h2>\n<ul>\n<li>Seleccione\u00a0<strong>Papel estucado de alto gramaje (300-400 g)<\/strong>, con pel\u00edcula mate o brillante en la superficie, que tiene tanto resistencia a la presi\u00f3n como brillo. El cuerpo de la caja no es f\u00e1cil de deformar y es resistente al desgaste, y sigue manteniendo una textura delicada tras un almacenamiento prolongado. La capa interior est\u00e1 engrosada para sostener la estructura y mejorar a\u00fan m\u00e1s la resistencia a los impactos.<\/li>\n<\/ul>\n<h2 id=\"5-adaptable-to-multiple-categories-strong-compatibility-\">5.\u00a0<strong>Adaptable a m\u00faltiples categor\u00edas, gran compatibilidad<\/strong><\/h2>\n<ul>\n<li>Tama\u00f1o especialmente optimizado para\u00a0<strong>Cartuchos est\u00e1ndar con rosca 510<\/strong>\u00a0(adaptable a las especificaciones principales de 10 mm de di\u00e1metro y 60-80 mm de longitud), compatible con cartuchos de aceite de THC\/CBD, productos desechables y rellenables. El espacio interior de la caja se puede adaptar de forma flexible con\u00a0<strong>Forro de EVA, bandeja de flocado o tarjeta bl\u00edster<\/strong>\u00a0para satisfacer las necesidades de fijaci\u00f3n y resistencia a los golpes de cartuchos de diferentes tama\u00f1os.<\/li>\n<\/ul>\n<h2 id=\"6-craftsmanship-quality-assurance-\">6.\u00a0<strong>Artesan\u00eda, garant\u00eda de calidad<\/strong><\/h2>\n<ul>\n<li>Confiar en\u00a0<strong>16 a\u00f1os de experiencia en impresi\u00f3n y envasado<\/strong>El estricto control de calidad, desde las pruebas de dise\u00f1o hasta la producci\u00f3n en serie, con tintas ecol\u00f3gicas y tecnolog\u00eda de pegado sin trazas, garantiza que el cuerpo de la caja no desprenda olores irritantes y que las costuras sean planas. Soporte\u00a0<strong>etiquetas antifalsificaci\u00f3n, trazabilidad mediante c\u00f3digo QR<\/strong>\u00a0y otros servicios de valor a\u00f1adido para aumentar la confianza en la marca.<\/li>\n<\/ul>\n<h2 id=\"-application-scenarios-\"><strong>7. Escenarios de aplicaci\u00f3n<\/strong><\/h2>\n<ul>\n<li><strong>Cigarrillos electr\u00f3nicos de cannabis<\/strong>: Adaptable a cartuchos precargados de 1g\/0,5g, el revestimiento puede personalizarse con una capa de papel de aluminio antioxidante para prolongar la vida \u00fatil de los aceites esenciales.<\/li>\n<li><strong>Atomizador de CBD<\/strong>: Con un dise\u00f1o de ventana transparente, el color y la cantidad de aceite se pueden visualizar de forma intuitiva.<\/li>\n<li><strong>Set de regalo de gama alta<\/strong>: Admite el embalaje en cajas de regalo, integra accesorios como cartuchos y cargadores, y aumenta el espacio premium.<\/li>\n<\/ul>\n<h2 id=\"-cooperation-advantages-\"><strong>Ventajas de la cooperaci\u00f3n<\/strong><\/h2>\n<ul>\n<li><strong>Respuesta r\u00e1pida<\/strong>: Ofrecemos un servicio integral desde el dise\u00f1o hasta la entrega, pruebas completas en 7-15 d\u00edas y apoyo a la producci\u00f3n de peque\u00f1os lotes de prueba.<\/li>\n<li><strong>Cumplimiento global<\/strong>: Ha superado las certificaciones FSC, REACH, RoHS y otras para cumplir los requisitos de acceso al mercado en Europa y Estados Unidos.<\/li>\n<li><strong>Optimizaci\u00f3n de costes<\/strong>: La producci\u00f3n a gran escala reduce el coste de una sola caja, y puede disfrutar de descuentos en los precios al por mayor con un pedido m\u00ednimo de 5.000 unidades.<\/li>\n<\/ul>","protected":false},"excerpt":{"rendered":"<p>Dise\u00f1o de caja de papel de caj\u00f3n a prueba de ni\u00f1os El dise\u00f1o a prueba de ni\u00f1os puede evitar eficazmente que los ni\u00f1os lo abran y que los adultos lo abran f\u00e1cilmente. Tire y deslice para abrir para que su producto de empaque de cartucho de vape 510 aparezca lentamente frente a usted, mejorando la experiencia de unboxing<\/p>","protected":false},"featured_media":520,"template":"","meta":{"_kad_post_transparent":"default","_kad_post_title":"","_kad_post_layout":"default","_kad_post_sidebar_id":"","_kad_post_content_style":"default","_kad_post_vertical_padding":"default","_kad_post_feature":"","_kad_post_feature_position":"","_kad_post_header":false,"_kad_post_footer":false,"_kad_post_classname":""},"product_brand":[],"product_cat":[15,20,17],"product_tag":[167,169,168],"class_list":{"0":"post-517","1":"product","2":"type-product","3":"status-publish","4":"has-post-thumbnail","6":"product_cat-red-light-therapy","7":"product_cat-led-face-light-therapy","8":"product_cat-services","9":"product_tag-cartridge-packaging","10":"product_tag-vape-cartridge-packaging","11":"product_tag-vape-packaging","13":"first","14":"instock","15":"shipping-taxable","16":"product-type-simple","17":"entry","18":"content-bg","19":"loop-entry"},"_links":{"self":[{"href":"https:\/\/red-lighttherapy.com\/es_es\/wp-json\/wp\/v2\/product\/517","targetHints":{"allow":["GET"]}}],"collection":[{"href":"https:\/\/red-lighttherapy.com\/es_es\/wp-json\/wp\/v2\/product"}],"about":[{"href":"https:\/\/red-lighttherapy.com\/es_es\/wp-json\/wp\/v2\/types\/product"}],"wp:featuredmedia":[{"embeddable":true,"href":"https:\/\/red-lighttherapy.com\/es_es\/wp-json\/wp\/v2\/media\/520"}],"wp:attachment":[{"href":"https:\/\/red-lighttherapy.com\/es_es\/wp-json\/wp\/v2\/media?parent=517"}],"wp:term":[{"taxonomy":"product_brand","embeddable":true,"href":"https:\/\/red-lighttherapy.com\/es_es\/wp-json\/wp\/v2\/product_brand?post=517"},{"taxonomy":"product_cat","embeddable":true,"href":"https:\/\/red-lighttherapy.com\/es_es\/wp-json\/wp\/v2\/product_cat?post=517"},{"taxonomy":"product_tag","embeddable":true,"href":"https:\/\/red-lighttherapy.com\/es_es\/wp-json\/wp\/v2\/product_tag?post=517"}],"curies":[{"name":"wp","href":"https:\/\/api.w.org\/{rel}","templated":true}]}}