{"id":511,"date":"2025-04-12T05:38:05","date_gmt":"2025-04-12T05:38:05","guid":{"rendered":"https:\/\/red-lighttherapy.com\/?post_type=product&#038;p=511"},"modified":"2025-04-12T06:12:03","modified_gmt":"2025-04-12T06:12:03","slug":"custom-perfume-cosmetic-skincare-drawer-paper-boxes-factory","status":"publish","type":"product","link":"https:\/\/red-lighttherapy.com\/es_es\/custom-perfume-cosmetic-skincare-drawer-paper-boxes-factory\/","title":{"rendered":"Personalizado Perfume Cosm\u00e9ticos Cuidado de la Piel Caj\u00f3n Cajas de Papel F\u00e1brica"},"content":{"rendered":"<h2 id=\"-customized-perfume-cosmetics-and-skincare-drawer-paper-box-product-description-\"><strong>Perfume personalizado cosm\u00e9ticos y cuidado de la piel caj\u00f3n caja de papel descripci\u00f3n del producto<\/strong><\/h2>\n<p>Adhiri\u00e9ndose al concepto de personalizaci\u00f3n de alta gama, nuestra empresa se especializa en la creaci\u00f3n de pr\u00e1cticos y art\u00edsticos envases de caja de papel tipo caj\u00f3n para marcas de perfumer\u00eda, cosm\u00e9tica y cuidado de la piel, potenciando el valor de la marca con conceptos de artesan\u00eda y protecci\u00f3n medioambiental. Las caracter\u00edsticas espec\u00edficas de los productos son las siguientes:<\/p>\n<h2 id=\"1-pull-out-box-design-convenience-and-ritual-coexistence-\">1.\u00a0<strong>Dise\u00f1o de cajas de papel para cajones: comodidad y coexistencia ritual<\/strong><\/h2>\n<p>Se adopta la estructura de caja de papel de caj\u00f3n, y la extracci\u00f3n es suave y lisa, y la experiencia de apertura y cierre es c\u00f3moda y llena de ritual. La caja interior y la exterior se adaptan con precisi\u00f3n para garantizar que permanezcan estables despu\u00e9s de varios tirones, lo que no s\u00f3lo puede proteger la integridad del producto, sino tambi\u00e9n mejorar el placer del usuario al abrir la caja.<\/p>\n<h2 id=\"2-festival-atmosphere-aesthetics-red-main-tone-with-hot-stamping-technology-\">2.\u00a0<strong>Est\u00e9tica de ambiente festivo: tono principal rojo con tecnolog\u00eda de estampaci\u00f3n en caliente<\/strong><\/h2>\n<p>El cuerpo de la caja utiliza el rojo cl\u00e1sico como elemento visual principal, que encaja con la escena de celebraci\u00f3n del festival y transmite una imagen de marca festiva y entusiasta. La superficie adopta una tecnolog\u00eda de estampaci\u00f3n en caliente de alta precisi\u00f3n, que presenta un delicado brillo y una textura tridimensional, realzando el impacto visual y el posicionamiento de gama alta del producto.<\/p>\n<h2 id=\"3-luxury-details-enhancement-ribbon-pull-ring-and-environmentally-friendly-materials-\">3.\u00a0<strong>Detalles de lujo: anilla para tirar de la cinta y materiales respetuosos con el medio ambiente<\/strong><\/h2>\n<ul>\n<li><strong>Dise\u00f1o de anilla con tirador de cinta<\/strong>: Cintas seleccionadas de gran resistencia, que pueden abrirse y cerrarse repetidamente sin desgastarse, combinadas con cierres met\u00e1licos dorados o plateados, confieren a la caja de embalaje una textura ligera y lujosa.<\/li>\n<li><strong>Materiales con certificaci\u00f3n FSC<\/strong>: El cuerpo de la caja utiliza materiales de papel respetuosos con el medio ambiente que han superado la certificaci\u00f3n forestal FSC, teniendo en cuenta el concepto sostenible y los requisitos de carga, y cumpliendo el doble requisito de las marcas de gama alta de calidad y protecci\u00f3n del medio ambiente.<\/li>\n<\/ul>\n<h2 id=\"4-professional-customization-service-full-link-support-from-demand-to-delivery-\">4.\u00a0<strong>Servicio profesional de personalizaci\u00f3n: asistencia completa desde la demanda hasta la entrega<\/strong><\/h2>\n<ul>\n<li><strong>Soluci\u00f3n de adaptabilidad<\/strong>: Seg\u00fan el tama\u00f1o, la forma y el tono de la marca del producto, proporcionamos recomendaciones sobre el tipo de caja y sugerencias de optimizaci\u00f3n estructural, como el dise\u00f1o de una bandeja interior a prueba de golpes para frascos de perfume o soluciones de almacenamiento en capas para sets de cosm\u00e9ticos.<\/li>\n<li><strong>Garant\u00eda de entrega eficaz<\/strong>: Equipado con un equipo de servicio dedicado, el seguimiento de la prueba de dise\u00f1o para la producci\u00f3n en masa, el apoyo 15-25 d\u00edas de entrega r\u00e1pida (el ciclo espec\u00edfico se ajusta en funci\u00f3n de la complejidad del proceso), para garantizar que tanto la calidad y la puntualidad cumplir con las normas.<\/li>\n<\/ul>\n<h2 id=\"5-value-added-services-brand-image-and-user-experience-upgrade-\">5.\u00a0<strong>Servicios de valor a\u00f1adido: mejora de la imagen de marca y de la experiencia del usuario<\/strong><\/h2>\n<ul>\n<li><strong>Selecci\u00f3n de procesos diversos<\/strong>: Adem\u00e1s de la estampaci\u00f3n en caliente, se pueden superponer la impresi\u00f3n UV, el gofrado, la serigraf\u00eda y otros procesos para satisfacer necesidades personalizadas.<\/li>\n<li><strong>Soluci\u00f3n completa<\/strong>: Proporcionar servicios personalizados, como cajas de regalo navide\u00f1as, envases de edici\u00f3n limitada, suministro especial transfronterizo, etc., para ayudar a las marcas a crear una competitividad diferenciada.<\/li>\n<\/ul>\n<h2 id=\"-cooperation-advantages-\"><strong>Ventajas de la cooperaci\u00f3n<\/strong>:<\/h2>\n<ul>\n<li><strong>Alto rendimiento econ\u00f3mico<\/strong>: La producci\u00f3n a gran escala reduce costes y admite un pedido m\u00ednimo de 500 piezas.<\/li>\n<li><strong>Compromiso de calidad<\/strong>: Estrictas normas de inspecci\u00f3n de calidad (error &lt;1mm), problemas de soporte post-venta para responder dentro de las 24 horas.<\/li>\n<\/ul>\n<p><strong>Escenarios aplicables<\/strong>: Regalos navide\u00f1os, lanzamiento de nuevos productos, personalizaci\u00f3n de socios de gama alta, suministro especial de comercio electr\u00f3nico transfronterizo, etc.<\/p>\n<p>Con un dise\u00f1o profesional, conceptos de protecci\u00f3n medioambiental y servicios eficientes como n\u00facleo, nos comprometemos a proporcionar a las marcas mundiales soluciones de envasado que combinen valor est\u00e9tico y funciones pr\u00e1cticas para ayudar a que los productos destaquen en el mercado. Si necesita una soluci\u00f3n personalizada o un presupuesto, p\u00f3ngase en contacto con el servicio de atenci\u00f3n al cliente para obtener asistencia exclusiva.<\/p>","protected":false},"excerpt":{"rendered":"<p>El tipo de caja de papel con caj\u00f3n es f\u00e1cil de cajonear y m\u00e1s c\u00f3modo para aumentar la experiencia de desembalaje del usuario. La superficie de la caja adopta un proceso de \"estampaci\u00f3n en caliente\" de alta gama para mejorar la textura y la est\u00e9tica del producto.<\/p>","protected":false},"featured_media":512,"template":"","meta":{"_kad_post_transparent":"default","_kad_post_title":"","_kad_post_layout":"default","_kad_post_sidebar_id":"","_kad_post_content_style":"default","_kad_post_vertical_padding":"default","_kad_post_feature":"","_kad_post_feature_position":"","_kad_post_header":false,"_kad_post_footer":false,"_kad_post_classname":""},"product_brand":[],"product_cat":[15,28,20,17],"product_tag":[165,166,164],"class_list":{"0":"post-511","1":"product","2":"type-product","3":"status-publish","4":"has-post-thumbnail","6":"product_cat-red-light-therapy","7":"product_cat-customize","8":"product_cat-led-face-light-therapy","9":"product_cat-services","10":"product_tag-cosmetic-skincare-drawer-paper-boxes","11":"product_tag-custom-perfume-boxes-factory","12":"product_tag-custom-perfume-paper-boxes","14":"first","15":"instock","16":"shipping-taxable","17":"product-type-simple","18":"entry","19":"content-bg","20":"loop-entry"},"_links":{"self":[{"href":"https:\/\/red-lighttherapy.com\/es_es\/wp-json\/wp\/v2\/product\/511","targetHints":{"allow":["GET"]}}],"collection":[{"href":"https:\/\/red-lighttherapy.com\/es_es\/wp-json\/wp\/v2\/product"}],"about":[{"href":"https:\/\/red-lighttherapy.com\/es_es\/wp-json\/wp\/v2\/types\/product"}],"wp:featuredmedia":[{"embeddable":true,"href":"https:\/\/red-lighttherapy.com\/es_es\/wp-json\/wp\/v2\/media\/512"}],"wp:attachment":[{"href":"https:\/\/red-lighttherapy.com\/es_es\/wp-json\/wp\/v2\/media?parent=511"}],"wp:term":[{"taxonomy":"product_brand","embeddable":true,"href":"https:\/\/red-lighttherapy.com\/es_es\/wp-json\/wp\/v2\/product_brand?post=511"},{"taxonomy":"product_cat","embeddable":true,"href":"https:\/\/red-lighttherapy.com\/es_es\/wp-json\/wp\/v2\/product_cat?post=511"},{"taxonomy":"product_tag","embeddable":true,"href":"https:\/\/red-lighttherapy.com\/es_es\/wp-json\/wp\/v2\/product_tag?post=511"}],"curies":[{"name":"wp","href":"https:\/\/api.w.org\/{rel}","templated":true}]}}