{"id":505,"date":"2025-04-12T05:11:26","date_gmt":"2025-04-12T05:11:26","guid":{"rendered":"https:\/\/red-lighttherapy.com\/?post_type=product&#038;p=505"},"modified":"2025-04-12T05:37:34","modified_gmt":"2025-04-12T05:37:34","slug":"custom-home-wireless-cam-security-camera-packaging-boxes","status":"publish","type":"product","link":"https:\/\/red-lighttherapy.com\/es_es\/custom-home-wireless-cam-security-camera-packaging-boxes\/","title":{"rendered":"Cajas de embalaje personalizadas para c\u00e1maras de seguridad dom\u00e9sticas inal\u00e1mbricas"},"content":{"rendered":"<h2 id=\"-customized-home-wireless-camera-packaging-box-product-description-\"><strong>Customized Home Wireless Cam C\u00e1mara de seguridad Caja de embalaje Descripci\u00f3n del producto<\/strong><\/h2>\n<h2 id=\"-design-concept-and-appearance-\"><strong>1. Concepto de dise\u00f1o y aspecto<\/strong><\/h2>\n<ul>\n<li><strong>\u00a0 Dise\u00f1o est\u00e9tico sencillo<\/strong>\u00a0La caja de embalaje adopta el blanco puro como color principal, con l\u00edneas negras mate en los bordes, y crea un estilo minimalista moderno mediante segmentaci\u00f3n geom\u00e9trica y superposici\u00f3n de capas, resaltando visualmente la sensaci\u00f3n de tecnolog\u00eda y textura de alta gama. La superficie de la caja puede equiparse opcionalmente con tecnolog\u00eda de impresi\u00f3n UV para realzar el sentido tridimensional y el brillo de las l\u00edneas negras, que se hacen eco de los atributos inteligentes del producto de la c\u00e1mara.<\/li>\n<li><strong>Estructura magn\u00e9tica de apertura y cierre<\/strong>\u00a0El innovador dise\u00f1o de la tapa de la caja magn\u00e9tica permite \"abrirla con un solo toque\" gracias al im\u00e1n de alta resistencia incorporado. Es f\u00e1cil de abrir y cerrar y tiene un excelente sellado. Puede abrirse y cerrarse repetidamente m\u00e1s de 5.000 veces sin p\u00e9rdida tras las pruebas. El cuerpo de la caja queda herm\u00e9ticamente cerrado cuando est\u00e1 cerrada, combinando protecci\u00f3n y ritual; una vez abierta, puede utilizarse como caja de almacenamiento dom\u00e9stico para guardar accesorios digitales o regalos navide\u00f1os, y aumentar el valor de reutilizaci\u00f3n del embalaje.<\/li>\n<\/ul>\n<h2 id=\"-inner-lining-and-unboxing-experience-\"><strong>2. Forro interior y experiencia unboxing<\/strong><\/h2>\n<ul>\n<li><strong>Configuraci\u00f3n inmersiva del revestimiento interior<\/strong>\u00a0La capa interior est\u00e1 rellena de rafia natural, con hilos de luz LED c\u00e1lida ajustables (admite carga USB), y la luz y la sombra se entrelazan en el momento del unboxing, creando un ambiente c\u00e1lido. El cuerpo de la c\u00e1mara se fija mediante una ranura de esponja EVA personalizada, y la zona de los accesorios est\u00e1 equipada con una ranura independiente para tarjetas que garantiza la seguridad en el transporte a la vez que mejora la sensaci\u00f3n de ritual del usuario en el momento del unboxing mediante los detalles duales del tacto y la visi\u00f3n, lo que satisface las necesidades del marketing emocional.<\/li>\n<\/ul>\n<h2 id=\"-customized-service-and-function-expansion-\"><strong>3. Servicio personalizado y ampliaci\u00f3n de funciones<\/strong><\/h2>\n<ul>\n<li><strong>Tipo y tama\u00f1o de caja<\/strong>: Ofrece una gran variedad de tipos de cajas, como cubiertas superior e inferior, cajas con forma de libro, cajas de caj\u00f3n, etc., admite la personalizaci\u00f3n del tama\u00f1o y es adecuada para diferentes modelos de c\u00e1maras inal\u00e1mbricas.<\/li>\n<li><strong>Material y artesan\u00eda<\/strong>: Cart\u00f3n blanco de 300-400 g opcional, papel corrugado ecol\u00f3gico o papel art\u00edstico, la superficie puede recubrirse con pel\u00edcula mate, pel\u00edcula brillante, estampaci\u00f3n en caliente\/plata y otros procesos, y admite gofrado, barniz local y otros efectos.<\/li>\n<li><strong>Marca compartida y escenas navide\u00f1as<\/strong>: Puede integrar ilustraciones de temas navide\u00f1os, dise\u00f1os en relieve del logotipo de la marca o combinarlos con elementos de regalo como cintas y tarjetas de felicitaci\u00f3n estampadas en oro para crear envases exclusivos de marca compartida.<\/li>\n<\/ul>\n<h2 id=\"-manufacturing-strength-and-service-guarantee-\"><strong>4. Solidez de fabricaci\u00f3n y garant\u00eda de servicio<\/strong><\/h2>\n<ul>\n<li><strong>16 a\u00f1os de servicio integral desde la f\u00e1brica de origen<\/strong>\u00a0Bas\u00e1ndonos en 16 a\u00f1os de experiencia profesional en la fabricaci\u00f3n de envases en la regi\u00f3n del delta del r\u00edo Perla, ofrecemos servicios de proceso completo, desde el dise\u00f1o y las pruebas hasta la producci\u00f3n en serie, completamos el primer borrador de propuesta en 48 horas y proporcionamos muestras f\u00edsicas en 72 horas. La f\u00e1brica ha superado la certificaci\u00f3n medioambiental FSC y el sistema de gesti\u00f3n de calidad ISO para garantizar que el material es seguro y degradable y cumple las normas mundiales de exportaci\u00f3n.<\/li>\n<\/ul>\n<p><strong>Escenarios aplicables<\/strong>Regalos navide\u00f1os, marca compartida, lanzamiento de nuevos productos, personalizaci\u00f3n para clientes de alto nivel, etc.\u00a0<strong>Principales ventajas<\/strong>Dise\u00f1o sencillo y pr\u00e1ctico, experiencia mejorada de apertura y cierre, fuerte sentido ritual del revestimiento, personalizaci\u00f3n muy flexible y respuesta eficaz de la f\u00e1brica de origen.<\/p>\n<p>Gracias a este envase, no s\u00f3lo se proporciona una protecci\u00f3n profesional al producto, sino que el dise\u00f1o emocional transmite calidez de marca, contribuyendo a aumentar la prima del producto y la fidelidad del usuario.<\/p>","protected":false},"excerpt":{"rendered":"<p>La caja de cierre magn\u00e9tico es principalmente blanca con l\u00edneas de borde negras. El dise\u00f1o es sencillo y lleno de jerarqu\u00eda visual. Es adecuada como regalo navide\u00f1o o embalaje de marca compartida. El tipo de caja, el tama\u00f1o, el color, el material y el efecto de impresi\u00f3n de la superficie se pueden personalizar en gran medida seg\u00fan sus necesidades para adaptarse al embalaje de su c\u00e1mara inal\u00e1mbrica.<\/p>","protected":false},"featured_media":506,"template":"","meta":{"_kad_post_transparent":"default","_kad_post_title":"","_kad_post_layout":"default","_kad_post_sidebar_id":"","_kad_post_content_style":"default","_kad_post_vertical_padding":"default","_kad_post_feature":"","_kad_post_feature_position":"","_kad_post_header":false,"_kad_post_footer":false,"_kad_post_classname":""},"product_brand":[],"product_cat":[15,17],"product_tag":[161,163,162],"class_list":{"0":"post-505","1":"product","2":"type-product","3":"status-publish","4":"has-post-thumbnail","6":"product_cat-red-light-therapy","7":"product_cat-services","8":"product_tag-custom-camera-boxes","9":"product_tag-home-camera-packaging-boxes","10":"product_tag-wireless-cam-packaging-boxes","12":"first","13":"instock","14":"shipping-taxable","15":"product-type-simple","16":"entry","17":"content-bg","18":"loop-entry"},"_links":{"self":[{"href":"https:\/\/red-lighttherapy.com\/es_es\/wp-json\/wp\/v2\/product\/505","targetHints":{"allow":["GET"]}}],"collection":[{"href":"https:\/\/red-lighttherapy.com\/es_es\/wp-json\/wp\/v2\/product"}],"about":[{"href":"https:\/\/red-lighttherapy.com\/es_es\/wp-json\/wp\/v2\/types\/product"}],"wp:featuredmedia":[{"embeddable":true,"href":"https:\/\/red-lighttherapy.com\/es_es\/wp-json\/wp\/v2\/media\/506"}],"wp:attachment":[{"href":"https:\/\/red-lighttherapy.com\/es_es\/wp-json\/wp\/v2\/media?parent=505"}],"wp:term":[{"taxonomy":"product_brand","embeddable":true,"href":"https:\/\/red-lighttherapy.com\/es_es\/wp-json\/wp\/v2\/product_brand?post=505"},{"taxonomy":"product_cat","embeddable":true,"href":"https:\/\/red-lighttherapy.com\/es_es\/wp-json\/wp\/v2\/product_cat?post=505"},{"taxonomy":"product_tag","embeddable":true,"href":"https:\/\/red-lighttherapy.com\/es_es\/wp-json\/wp\/v2\/product_tag?post=505"}],"curies":[{"name":"wp","href":"https:\/\/api.w.org\/{rel}","templated":true}]}}