{"id":498,"date":"2025-04-12T03:55:30","date_gmt":"2025-04-12T03:55:30","guid":{"rendered":"https:\/\/red-lighttherapy.com\/?post_type=product&#038;p=498"},"modified":"2025-04-12T05:11:12","modified_gmt":"2025-04-12T05:11:12","slug":"custom-creative-nuts-chocolate-packaging-rigid-boxes-factory","status":"publish","type":"product","link":"https:\/\/red-lighttherapy.com\/es_es\/custom-creative-nuts-chocolate-packaging-rigid-boxes-factory\/","title":{"rendered":"Custom Creative Nueces Chocolate Embalaje Cajas R\u00edgidas F\u00e1brica"},"content":{"rendered":"<h2 id=\"-customized-creative-nut-chocolate-magnetic-gift-box-product-description-\"><strong>Personalizado creativo tuerca chocolate caja de regalo magn\u00e9tica descripci\u00f3n del producto<\/strong><\/h2>\n<h2 id=\"-1-soothing-color-design-conveying-emotional-value-\"><strong>1. Dise\u00f1o crom\u00e1tico relajante, que transmite valor emocional<\/strong><\/h2>\n<ul>\n<li><strong>Color principal<\/strong>: Combinaci\u00f3n de colores degradados azul mar profundo y azul cielo, que reducen la ansiedad gracias a la relajaci\u00f3n visual de los colores fr\u00edos.<\/li>\n<li><strong>Aplicaci\u00f3n de la psicolog\u00eda del color<\/strong>: El azul simboliza la tranquilidad y la confianza, encaja en el escenario de los regalos navide\u00f1os y potencia la resonancia emocional de los consumidores.<\/li>\n<li><strong>Tecnolog\u00eda de superficie<\/strong>: La caja de regalo est\u00e1 cubierta con una pel\u00edcula mate o brillante, que es resistente al desgaste, a los ara\u00f1azos y no se decolora f\u00e1cilmente, y puede mantener su brillo limpi\u00e1ndola a diario.<\/li>\n<\/ul>\n<h2 id=\"-2-food-grade-safety-lining-double-protection-guarantee-\"><strong>2. Forro de seguridad de calidad alimentaria, doble garant\u00eda de protecci\u00f3n<\/strong><\/h2>\n<ul>\n<li><strong>Material del forro<\/strong>: Pel\u00edcula opcional de PE (polietileno), PP (polipropileno) o PET (poli\u00e9ster) de calidad alimentaria, conforme a las normas de seguridad alimentaria GB4806.9-2016, contacto directo con los alimentos sin riesgo de migraci\u00f3n.<\/li>\n<li><strong>Adaptaci\u00f3n funcional<\/strong>:<\/li>\n<li><strong>Forro de EVA<\/strong>: acolchado de alto rebote, adecuado para chocolate fr\u00e1gil;<\/li>\n<li><strong>Algod\u00f3n perlado<\/strong>: ligero y a prueba de golpes, adecuado para tuercas para evitar la extrusi\u00f3n;<\/li>\n<li><strong>Bandeja bl\u00edster<\/strong>: transparente y visible, mejorando la exposici\u00f3n de los productos;<\/li>\n<li><strong>Rafia\/ franela<\/strong>respetuoso con el medio ambiente y natural, en l\u00ednea con el posicionamiento de los regalos de gama alta.<\/li>\n<\/ul>\n<h2 id=\"-3-highly-flexible-customization-to-meet-diverse-needs-\"><strong>3. Personalizaci\u00f3n muy flexible para satisfacer diversas necesidades<\/strong><\/h2>\n<ul>\n<li><strong>Selecci\u00f3n del tipo de caja<\/strong>Hay disponibles modelos cuadrados, octogonales, de ventosa magn\u00e9tica abatible y de otros estilos, y se admiten tallas de formas especiales (como relieve y ahuecado) para realzar el atractivo visual.<\/li>\n<li><strong>Personalizaci\u00f3n de materiales<\/strong>:<\/li>\n<li><strong>Caja met\u00e1lica<\/strong>Material de hojalata (grosor 0,19-0,35 mm), se puede imprimir por las dos caras y aplicar un revestimiento antioxidante;<\/li>\n<li><strong>Tablero duro<\/strong>: La superficie est\u00e1 recubierta de una pel\u00edcula respetuosa con el medio ambiente, adecuada para necesidades ligeras.<\/li>\n<li><strong>Adaptaci\u00f3n del tama\u00f1o<\/strong>Permite el ajuste personalizado de la longitud de 50-300 mm y la altura de 20-100 mm, ajust\u00e1ndose con precisi\u00f3n a las especificaciones del producto.<\/li>\n<\/ul>\n<h2 id=\"-4-printing-and-process-innovation-to-enhance-brand-recognition-\"><strong>4. Innovaci\u00f3n en impresi\u00f3n y procesos para mejorar el reconocimiento de la marca<\/strong><\/h2>\n<ul>\n<li><strong>Tecnolog\u00eda de impresi\u00f3n<\/strong>: Utiliza impresi\u00f3n offset o cuatricrom\u00eda (CMYK), admite colores planos, l\u00e1ser, estampaci\u00f3n en caliente y otros efectos, y la precisi\u00f3n del patr\u00f3n alcanza los 300 ppp.<\/li>\n<li><strong>Proceso especial<\/strong>:<\/li>\n<li>Rejilla 3D, relieve, ventana dorada y plateada;<\/li>\n<li>Se puede a\u00f1adir a la superficie tinta luminosa, un revestimiento nacarado o una pel\u00edcula mate respetuosa con el medio ambiente.<\/li>\n<li><strong>Impresi\u00f3n de fondo<\/strong>: Admite c\u00f3digo de barras, historia de marca o instrucciones nutricionales para mejorar la transmisi\u00f3n de informaci\u00f3n.<\/li>\n<\/ul>\n<h2 id=\"-5-supply-chain-and-quality-control-advantages-\"><strong>5. Ventajas de la cadena de suministro y del control de calidad<\/strong><\/h2>\n<ul>\n<li><strong>Normas de producci\u00f3n<\/strong>: L\u00ednea de producci\u00f3n totalmente autom\u00e1tica combinada con envasado en taller sin polvo, certificaci\u00f3n SGS e Intertek para garantizar la seguridad alimentaria.<\/li>\n<li><strong>Compromiso de protecci\u00f3n del medio ambiente<\/strong>: Utilice bolsas de pl\u00e1stico OPP degradables y cajas dobles de cart\u00f3n ondulado para reducir la huella de carbono.<\/li>\n<li><strong>Servicio de asistencia<\/strong>: Proporcionar pruebas de modelado en 3D, desarrollo de moldes y seguimiento log\u00edstico completo, con una cantidad m\u00ednima de pedido de 300 piezas y apoyar la personalizaci\u00f3n LOGO.<\/li>\n<\/ul>\n<p><strong>Escenarios de aplicaci\u00f3n<\/strong>: regalos navide\u00f1os, caramelos para bodas, regalos de empresa, aperitivos para ni\u00f1os, etc., ayudando a las marcas a mejorar su espacio premium y su competitividad en el mercado.<\/p>","protected":false},"excerpt":{"rendered":"<p>Personalizaci\u00f3n profesional\u00a0<strong>Caja de regalo para bombones con cierre magn\u00e9tico<\/strong>El proceso de laminado de la superficie garantiza la resistencia al desgaste y a la decoloraci\u00f3n.<\/p>","protected":false},"featured_media":499,"template":"","meta":{"_kad_post_transparent":"default","_kad_post_title":"","_kad_post_layout":"default","_kad_post_sidebar_id":"","_kad_post_content_style":"default","_kad_post_vertical_padding":"default","_kad_post_feature":"","_kad_post_feature_position":"","_kad_post_header":false,"_kad_post_footer":false,"_kad_post_classname":""},"product_brand":[],"product_cat":[15,17],"product_tag":[159,160,158],"class_list":{"0":"post-498","1":"product","2":"type-product","3":"status-publish","4":"has-post-thumbnail","6":"product_cat-red-light-therapy","7":"product_cat-services","8":"product_tag-chocolate-packaging-rigid-boxes","9":"product_tag-custom-food-rigid-boxes-factory","10":"product_tag-custom-nuts-packaging","12":"first","13":"instock","14":"shipping-taxable","15":"product-type-simple","16":"entry","17":"content-bg","18":"loop-entry"},"_links":{"self":[{"href":"https:\/\/red-lighttherapy.com\/es_es\/wp-json\/wp\/v2\/product\/498","targetHints":{"allow":["GET"]}}],"collection":[{"href":"https:\/\/red-lighttherapy.com\/es_es\/wp-json\/wp\/v2\/product"}],"about":[{"href":"https:\/\/red-lighttherapy.com\/es_es\/wp-json\/wp\/v2\/types\/product"}],"wp:featuredmedia":[{"embeddable":true,"href":"https:\/\/red-lighttherapy.com\/es_es\/wp-json\/wp\/v2\/media\/499"}],"wp:attachment":[{"href":"https:\/\/red-lighttherapy.com\/es_es\/wp-json\/wp\/v2\/media?parent=498"}],"wp:term":[{"taxonomy":"product_brand","embeddable":true,"href":"https:\/\/red-lighttherapy.com\/es_es\/wp-json\/wp\/v2\/product_brand?post=498"},{"taxonomy":"product_cat","embeddable":true,"href":"https:\/\/red-lighttherapy.com\/es_es\/wp-json\/wp\/v2\/product_cat?post=498"},{"taxonomy":"product_tag","embeddable":true,"href":"https:\/\/red-lighttherapy.com\/es_es\/wp-json\/wp\/v2\/product_tag?post=498"}],"curies":[{"name":"wp","href":"https:\/\/api.w.org\/{rel}","templated":true}]}}