{"id":492,"date":"2025-04-12T03:29:01","date_gmt":"2025-04-12T03:29:01","guid":{"rendered":"https:\/\/red-lighttherapy.com\/?post_type=product&#038;p=492"},"modified":"2025-04-12T03:55:15","modified_gmt":"2025-04-12T03:55:15","slug":"foldable-magnetic-cap-baseball-hat-gift-box-packaging-vendor","status":"publish","type":"product","link":"https:\/\/red-lighttherapy.com\/es_es\/foldable-magnetic-cap-baseball-hat-gift-box-packaging-vendor\/","title":{"rendered":"Gorra magn\u00e9tica plegable Sombrero de b\u00e9isbol Caja de regalo Embalaje Vendedor"},"content":{"rendered":"<h2 id=\"-product-description-of-foldable-magnetic-baseball-cap-gift-box-\"><strong>Descripci\u00f3n del producto Gorra de b\u00e9isbol magn\u00e9tica plegable Caja de regalo<\/strong><\/h2>\n<h2 id=\"-1-simple-appearance-high-end-texture-\"><strong>1. Aspecto sencillo, textura de alta gama<\/strong><\/h2>\n<p>Estas cajas plegables de regalo con cierre magn\u00e9tico adoptan el cl\u00e1sico color negro como color principal, con una superficie de textura mate. Su aspecto es sencillo y elegante, mostrando el tono sobrio y de gama alta de la marca. El cuerpo de la caja tiene l\u00edneas n\u00edtidas y un dise\u00f1o de tapa abatible magn\u00e9tica. Es estable y f\u00e1cil de abrir y cerrar. Queda bien ajustada cuando est\u00e1 cerrada, lo que garantiza la seguridad del producto durante el transporte y el almacenamiento.<\/p>\n<h2 id=\"-3-flexible-adaptation-exclusive-customization-\"><strong>2. Adaptaci\u00f3n flexible, personalizaci\u00f3n exclusiva<\/strong><\/h2>\n<p>El tipo de caja es adecuado para diversas categor\u00edas de ropa, como gorras de b\u00e9isbol, camisetas, bufandas, etc., y admite la personalizaci\u00f3n del embalaje interno y externo:<\/p>\n<ul>\n<li><strong>Personalizaci\u00f3n de la impresi\u00f3n<\/strong>: Se puede imprimir el logotipo de la marca, un dibujo o un texto, y se utilizan la impresi\u00f3n offset de alta precisi\u00f3n, la estampaci\u00f3n en caliente y otros procesos para mejorar el reconocimiento del producto;<\/li>\n<li><strong>Personalizaci\u00f3n del tama\u00f1o<\/strong>: Proporcionar una variedad de especificaciones para la personalizaci\u00f3n, y el apoyo en la demanda de ajuste del di\u00e1metro interior y la altura de la caja, perfectamente coincidente con diferentes tama\u00f1os de ropa;<\/li>\n<li><strong>Personalizaci\u00f3n del forro interior<\/strong>: Los forros opcionales de flocado, esponja, EVA y otros materiales proporcionan protecci\u00f3n amortiguadora o funciones de almacenamiento de particiones para satisfacer las necesidades de fijaci\u00f3n de la ropa, prevenci\u00f3n de arrugas y prevenci\u00f3n del polvo.<\/li>\n<\/ul>\n<h2 id=\"-4-ingenious-craftsmanship-quality-assurance-\"><strong>3. Artesan\u00eda ingeniosa, garant\u00eda de calidad<\/strong><\/h2>\n<p>Bas\u00e1ndonos en 16 a\u00f1os de experiencia en la industria de la impresi\u00f3n y el envasado, hemos construido un sistema maduro de cadena de suministro, controlando estrictamente desde las materias primas hasta los productos acabados:<\/p>\n<ul>\n<li><strong>Selecci\u00f3n de materiales<\/strong>: Utilizando cart\u00f3n gris de 1200 g de alta calidad y papel de 250 g de alto gramaje, la caja es resistente y duradera, con un excelente rendimiento de carga;<\/li>\n<li><strong>Tecnolog\u00eda magn\u00e9tica<\/strong>: Imanes incorporados de alto rendimiento, fuerza de adsorci\u00f3n estable, apertura y cierre repetidos sin atenuaci\u00f3n, garantizando facilidad de uso y durabilidad;<\/li>\n<li><strong>Producci\u00f3n respetuosa con el medio ambiente<\/strong>: Certificaci\u00f3n ISO superada, uso de tinta no contaminante y materiales reciclables, en l\u00ednea con las normas medioambientales de exportaci\u00f3n transfronteriza.<\/li>\n<\/ul>\n<h2 id=\"-5-one-stop-service-efficient-delivery-\"><strong>4. Servicio integral, entrega eficaz<\/strong><\/h2>\n<p>Ofrecemos servicios de proceso completo, desde el dise\u00f1o hasta la producci\u00f3n en serie:<\/p>\n<ul>\n<li><strong>Pruebas r\u00e1pidas<\/strong>: Proporcione muestras en un plazo de 3 a 5 d\u00edas, soporte m\u00faltiples ajustes hasta la satisfacci\u00f3n;<\/li>\n<li><strong>Producci\u00f3n en serie<\/strong>: La capacidad de producci\u00f3n diaria alcanza los 10.000.000 de piezas, soporta la entrega en una sola pieza y la adaptaci\u00f3n log\u00edstica multiplataforma;<\/li>\n<li><strong>Posventa sin preocupaciones<\/strong>: Proporcionar un servicio de atenci\u00f3n al cliente que responda las 24 horas del d\u00eda y servicios de trazabilidad de calidad para garantizar una entrega precisa en cada etapa.<\/li>\n<\/ul>\n<h2 id=\"-applicable-scenarios-\"><strong>Escenarios aplicables<\/strong><\/h2>\n<ul>\n<li><strong>Marca al por menor<\/strong>: Mejora el nivel de exposici\u00f3n del producto, adecuado para tiendas de experiencias offline, tiendas pop-up y envases de regalo de gama alta de comercio electr\u00f3nico;<\/li>\n<li><strong>Comercio transfronterizo<\/strong>: Optimice los costes log\u00edsticos mediante el transporte plano y ad\u00e1ptese a las ventas en plataformas como Amazon y estaciones independientes;<\/li>\n<li><strong>Personalizaci\u00f3n empresarial<\/strong>: Puede utilizarse como regalo promocional, prestaci\u00f3n a los empleados o envase exclusivo para una cooperaci\u00f3n conjunta con el fin de mejorar la imagen de marca.<\/li>\n<\/ul>\n<p>Elegirnos significa elegir la doble garant\u00eda de calidad e innovaci\u00f3n. 16 a\u00f1os de artesan\u00eda, solo para crear soluciones de envasado que complementen sus productos de confecci\u00f3n.<\/p>","protected":false},"excerpt":{"rendered":"<p>Esta caja plegable de regalo con cierre magn\u00e9tico adopta un dise\u00f1o cl\u00e1sico en negro mate, con un aspecto sencillo y avanzado, que cumple a la perfecci\u00f3n los requisitos de textura de lujo discreto de la marca. Al mismo tiempo, la estructura de cierre con solapa magn\u00e9tica incorporada es f\u00e1cil de abrir y cerrar, estable y duradera. Adecuado para gorras de b\u00e9isbol, camisetas y otras categor\u00edas de ropa.<\/p>","protected":false},"featured_media":493,"template":"","meta":{"_kad_post_transparent":"default","_kad_post_title":"","_kad_post_layout":"default","_kad_post_sidebar_id":"","_kad_post_content_style":"default","_kad_post_vertical_padding":"default","_kad_post_feature":"","_kad_post_feature_position":"","_kad_post_header":false,"_kad_post_footer":false,"_kad_post_classname":""},"product_brand":[],"product_cat":[15,30,22,17],"product_tag":[156,155,157],"class_list":{"0":"post-492","1":"product","2":"type-product","3":"status-publish","4":"has-post-thumbnail","6":"product_cat-red-light-therapy","7":"product_cat-dropshipping","8":"product_cat-red-light-therapy-blanket","9":"product_cat-services","10":"product_tag-baseball-cap-hat-box","11":"product_tag-baseball-cap-packaging-wholesale","12":"product_tag-custom-baseball-cap-boxes","14":"first","15":"instock","16":"shipping-taxable","17":"product-type-simple","18":"entry","19":"content-bg","20":"loop-entry"},"_links":{"self":[{"href":"https:\/\/red-lighttherapy.com\/es_es\/wp-json\/wp\/v2\/product\/492","targetHints":{"allow":["GET"]}}],"collection":[{"href":"https:\/\/red-lighttherapy.com\/es_es\/wp-json\/wp\/v2\/product"}],"about":[{"href":"https:\/\/red-lighttherapy.com\/es_es\/wp-json\/wp\/v2\/types\/product"}],"wp:featuredmedia":[{"embeddable":true,"href":"https:\/\/red-lighttherapy.com\/es_es\/wp-json\/wp\/v2\/media\/493"}],"wp:attachment":[{"href":"https:\/\/red-lighttherapy.com\/es_es\/wp-json\/wp\/v2\/media?parent=492"}],"wp:term":[{"taxonomy":"product_brand","embeddable":true,"href":"https:\/\/red-lighttherapy.com\/es_es\/wp-json\/wp\/v2\/product_brand?post=492"},{"taxonomy":"product_cat","embeddable":true,"href":"https:\/\/red-lighttherapy.com\/es_es\/wp-json\/wp\/v2\/product_cat?post=492"},{"taxonomy":"product_tag","embeddable":true,"href":"https:\/\/red-lighttherapy.com\/es_es\/wp-json\/wp\/v2\/product_tag?post=492"}],"curies":[{"name":"wp","href":"https:\/\/api.w.org\/{rel}","templated":true}]}}