{"id":485,"date":"2025-04-12T02:56:28","date_gmt":"2025-04-12T02:56:28","guid":{"rendered":"https:\/\/red-lighttherapy.com\/?post_type=product&#038;p=485"},"modified":"2025-04-12T03:28:31","modified_gmt":"2025-04-12T03:28:31","slug":"wholesale-cheap-paper-tube-packaging-for-tea-coffee-spices","status":"publish","type":"product","link":"https:\/\/red-lighttherapy.com\/es_es\/wholesale-cheap-paper-tube-packaging-for-tea-coffee-spices\/","title":{"rendered":"Venta al por mayor barato tubo de papel de embalaje para t\u00e9 caf\u00e9 especias"},"content":{"rendered":"<h2 id=\"wholesale-cheap-paper-tube-packaging-product-description\">Venta al por mayor barato tubo de papel de embalaje para t\u00e9 caf\u00e9 especias Descripci\u00f3n del producto<\/h2>\n<h2 id=\"1-gradient-color-design-full-visual-appeal-\">1.\u00a0<strong>Dise\u00f1o de color degradado, gran atractivo visual<\/strong><\/h2>\n<p>Este envase tubular de papel adopta un dise\u00f1o de color principal con un degradado que va del negro intenso en la parte superior al naranja vibrante en la inferior. La transici\u00f3n de color es natural y brillante, en l\u00ednea con las tendencias est\u00e9ticas modernas. El efecto visual din\u00e1mico del color degradado puede atraer instant\u00e1neamente la atenci\u00f3n de los consumidores, especialmente adecuado para escenas de exposici\u00f3n en estanter\u00edas, dando a productos como el t\u00e9, el caf\u00e9 y las especias una imagen de marca m\u00e1s joven y a la moda.<\/p>\n<h2 id=\"2-gold-geometric-elements-integrating-environmental-protection-and-artistic-sense-\">2.\u00a0<strong>Elementos geom\u00e9tricos dorados, que integran la protecci\u00f3n del medio ambiente y el sentido art\u00edstico<\/strong><\/h2>\n<p>La parte superior de la caja est\u00e1 decorada con un motivo geom\u00e9trico de estrellas doradas, inspirado en la combinaci\u00f3n del arte decorativo tradicional y el estilo minimalista moderno. El contraste entre los elementos dorados y el color degradado no s\u00f3lo realza el lujo del envase, sino que tambi\u00e9n transmite la sensaci\u00f3n de orden y sostenibilidad del concepto de protecci\u00f3n del medio ambiente a trav\u00e9s de l\u00edneas geom\u00e9tricas, haci\u00e9ndose eco de las propiedades naturales de productos naturales como el t\u00e9 y el caf\u00e9. La superficie de la caja interior est\u00e1 tratada con un proceso mate, suave y no deslumbrante, que realza a\u00fan m\u00e1s el \"efecto suave\".<\/p>\n<h2 id=\"3-scientific-structural-design-both-practical-and-comfortable-\">3.\u00a0<strong>Dise\u00f1o estructural cient\u00edfico, pr\u00e1ctico y c\u00f3modo<\/strong><\/h2>\n<p>El tubo de papel adopta una estructura de rollo plano, y el di\u00e1metro y la altura del cuerpo principal pueden personalizarse seg\u00fan las necesidades (rango de referencia: di\u00e1metro 2-32 mm, altura 2-50 mm). El engrosamiento del cuerpo del tubo puede dispersar uniformemente la fuerza externa para evitar la deformaci\u00f3n por extrusi\u00f3n en el transporte. El dise\u00f1o de apertura y cierre superior en espiral con textura antideslizante puede abrirse f\u00e1cilmente con una mano, y el sellado es excelente para garantizar que el contenido sea a prueba de humedad y fresco.<\/p>\n<h2 id=\"4-environmentally-friendly-soybean-ink-printing-zero-pollution-degradation-\">4.\u00a0<strong>Impresi\u00f3n con tinta de soja respetuosa con el medio ambiente, sin degradaci\u00f3n por contaminaci\u00f3n<\/strong><\/h2>\n<p>El proceso de impresi\u00f3n adopta la tecnolog\u00eda de tinta de soja, y las materias primas proceden de recursos vegetales renovables, no contienen metales pesados ni compuestos org\u00e1nicos vol\u00e1tiles (COV), y pueden integrarse completamente en el entorno natural tras su descomposici\u00f3n. La diferencia de color de impresi\u00f3n se controla estrictamente dentro del rango de \u0394E\u22643, y se utiliza tecnolog\u00eda profesional de gesti\u00f3n del color para garantizar que el patr\u00f3n sea claro y no tenga desviaci\u00f3n de color, y que el LOGO y el logotipo de la marca tengan un alto reconocimiento.<\/p>\n<h2 id=\"5-customized-buffer-lining-food-grade-safety-guarantee-\">5.\u00a0<strong>Revestimiento amortiguador personalizado, garant\u00eda de seguridad alimentaria<\/strong><\/h2>\n<p>El forro puede ser de esponja alimentaria o de material EVA de densidad ajustable (como el EVA de alta densidad, adecuado para las fr\u00e1giles part\u00edculas de especias), que puede amortiguar eficazmente la vibraci\u00f3n durante el transporte y evitar que se da\u00f1e el contenido. El forro se ajusta firmemente al tubo de papel, y se reserva un orificio de ventilaci\u00f3n para el envasado de t\u00e9, caf\u00e9 y otros alimentos que necesiten mantenerse secos.<\/p>\n<h2 id=\"6-diversified-box-type-selection-to-enhance-consumer-experience-\">6.\u00a0<strong>Selecci\u00f3n diversificada de tipos de cajas para mejorar la experiencia del consumidor<\/strong><\/h2>\n<p>Admite la personalizaci\u00f3n de varios tipos de cajas, como tapas superiores e inferiores, cajas abatibles, cajas con cajones y cajas con formas especiales, para satisfacer las necesidades de distintos escenarios, como envases para regalo, envases port\u00e1tiles y envases familiares. Por ejemplo:<\/p>\n<ul>\n<li><strong>Cajonera<\/strong>Adecuado para el envasado de peque\u00f1os vol\u00famenes de t\u00e9, de tracci\u00f3n suave;<\/li>\n<li><strong>Caja de forma especial<\/strong>: personalizable en forma hexagonal o de estrella para aumentar el inter\u00e9s;<\/li>\n<li><strong>Caja en forma de libro<\/strong>: adecuado para cajas de regalo de gama alta, con una fuerte sensaci\u00f3n de ritual al abrir y cerrar.<\/li>\n<\/ul>\n<h2 id=\"7-sustainable-packaging-solutions-\">7.\u00a0<strong>Soluciones de envasado sostenibles<\/strong><\/h2>\n<p>La protecci\u00f3n del medio ambiente se aplica en todo el proceso, desde los materiales hasta los procesos:<\/p>\n<ul>\n<li><strong>Materias primas<\/strong>: Se utiliza papel certificado FSC, con un \u00edndice de reciclabilidad de 95%;<\/li>\n<li><strong>Producci\u00f3n<\/strong>: La capacidad de producci\u00f3n diaria alcanza los 5 millones de piezas, con una cantidad m\u00ednima de pedido de tan s\u00f3lo 500 piezas, y se admite la personalizaci\u00f3n flexible de lotes peque\u00f1os;<\/li>\n<li><strong>Transporte<\/strong>: El dise\u00f1o ligero (s\u00f3lo 30% de latas de hierro) reduce las emisiones de carbono de la log\u00edstica.<\/li>\n<\/ul>\n<p><strong>Escenarios aplicables<\/strong>cajas de regalo para t\u00e9, envases para venta al por menor de granos de caf\u00e9, cajas para frascos de especias, latas de alimentos saludables, etc.\u00a0<strong>Ventajas de la cooperaci\u00f3n<\/strong>: Personalizaci\u00f3n gratuita de muestras (entrega en 5-7 d\u00edas), soporte de estampaci\u00f3n en caliente\/UV\/grabado en relieve y otras combinaciones multiproceso, y f\u00e1bricas propias para garantizar la competitividad de los precios.<\/p>","protected":false},"excerpt":{"rendered":"<p>Este envase de tubo de papel al por mayor est\u00e1 dise\u00f1ado para t\u00e9, caf\u00e9 y especias. Adopta un esquema de colores brillantes, desde el negro en la parte superior hasta el naranja en la inferior, y se combina con un relieve geom\u00e9trico dorado en forma de estrella en la parte superior de la caja, transmitiendo el concepto de protecci\u00f3n medioambiental con un impacto visual. El tubo adopta una estructura engrosada laminada plana, que puede dispersar uniformemente las fuerzas externas y resulta c\u00f3moda de sujetar.<\/p>","protected":false},"featured_media":486,"template":"","meta":{"_kad_post_transparent":"default","_kad_post_title":"","_kad_post_layout":"default","_kad_post_sidebar_id":"","_kad_post_content_style":"default","_kad_post_vertical_padding":"default","_kad_post_feature":"","_kad_post_feature_position":"","_kad_post_header":false,"_kad_post_footer":false,"_kad_post_classname":""},"product_brand":[],"product_cat":[15,17],"product_tag":[153,152,154],"class_list":{"0":"post-485","1":"product","2":"type-product","3":"status-publish","4":"has-post-thumbnail","6":"product_cat-red-light-therapy","7":"product_cat-services","8":"product_tag-cocoa-powder-paper-tube","9":"product_tag-tea-coffee-paper-tube","10":"product_tag-wholesale-paper-tube-spices-food","12":"first","13":"instock","14":"shipping-taxable","15":"product-type-simple","16":"entry","17":"content-bg","18":"loop-entry"},"_links":{"self":[{"href":"https:\/\/red-lighttherapy.com\/es_es\/wp-json\/wp\/v2\/product\/485","targetHints":{"allow":["GET"]}}],"collection":[{"href":"https:\/\/red-lighttherapy.com\/es_es\/wp-json\/wp\/v2\/product"}],"about":[{"href":"https:\/\/red-lighttherapy.com\/es_es\/wp-json\/wp\/v2\/types\/product"}],"wp:featuredmedia":[{"embeddable":true,"href":"https:\/\/red-lighttherapy.com\/es_es\/wp-json\/wp\/v2\/media\/486"}],"wp:attachment":[{"href":"https:\/\/red-lighttherapy.com\/es_es\/wp-json\/wp\/v2\/media?parent=485"}],"wp:term":[{"taxonomy":"product_brand","embeddable":true,"href":"https:\/\/red-lighttherapy.com\/es_es\/wp-json\/wp\/v2\/product_brand?post=485"},{"taxonomy":"product_cat","embeddable":true,"href":"https:\/\/red-lighttherapy.com\/es_es\/wp-json\/wp\/v2\/product_cat?post=485"},{"taxonomy":"product_tag","embeddable":true,"href":"https:\/\/red-lighttherapy.com\/es_es\/wp-json\/wp\/v2\/product_tag?post=485"}],"curies":[{"name":"wp","href":"https:\/\/api.w.org\/{rel}","templated":true}]}}