{"id":479,"date":"2025-04-12T02:37:40","date_gmt":"2025-04-12T02:37:40","guid":{"rendered":"https:\/\/red-lighttherapy.com\/?post_type=product&#038;p=479"},"modified":"2025-04-12T02:56:13","modified_gmt":"2025-04-12T02:56:13","slug":"custom-consumer-electronics-product-packaging-boxes-company","status":"publish","type":"product","link":"https:\/\/red-lighttherapy.com\/es_es\/custom-consumer-electronics-product-packaging-boxes-company\/","title":{"rendered":"Custom Consumer Electronics Product Packaging Boxes Company"},"content":{"rendered":"<h2 id=\"-customized-consumer-electronics-product-packaging-box-product-description-\"><strong>Caja de embalaje personalizada para productos electr\u00f3nicos de consumo Descripci\u00f3n del producto<\/strong><\/h2>\n<p>Adhiri\u00e9ndonos al concepto de dise\u00f1o de \"est\u00e9tica sencilla y practicidad funcional\", ofrecemos soluciones de envasado personalizadas de gama alta para marcas de electr\u00f3nica de consumo, con el negro como tono principal, integrando la artesan\u00eda cl\u00e1sica y la estructura innovadora para crear una experiencia de envasado exclusiva con impacto visual y protecci\u00f3n pr\u00e1ctica.<\/p>\n<h2 id=\"1-minimalist-aesthetics-luxury-hot-stamping-technology-\">1.\u00a0<strong>Est\u00e9tica minimalista Tecnolog\u00eda de estampaci\u00f3n en caliente en oro de lujo<\/strong><\/h2>\n<p>El cuerpo de la caja adopta una base negra mate, con tecnolog\u00eda de estampaci\u00f3n en caliente personalizada (como el logotipo de la marca, textura o l\u00edneas), y crea un efecto visual discreto y lujoso mediante el contraste del brillo met\u00e1lico y el negro profundo. El proceso de estampaci\u00f3n en caliente utiliza materiales de l\u00e1mina met\u00e1lica respetuosos con el medio ambiente para garantizar que el dise\u00f1o se adhiera con precisi\u00f3n y sea resistente al desgaste y a los ara\u00f1azos, lo que mejora el reconocimiento de la marca y la calidad del producto.<\/p>\n<h2 id=\"2-one-handed-opening-and-closing-ritual-pull-out-structure-\">2.\u00a0<strong>Estructura extra\u00edble ritual de apertura y cierre con una sola mano<\/strong><\/h2>\n<p>El innovador dise\u00f1o de la caja extra\u00edble, combinado con el troquelado de precisi\u00f3n y la tecnolog\u00eda de hebilla magn\u00e9tica, permite a los usuarios abrir la caja sin problemas con una sola mano, y el proceso de desembalaje es c\u00f3modo y ceremonial. El interior del cuerpo de la caja adopta capas escalonadas o ranuras para tarjetas incrustadas para adaptarse a la forma de los productos electr\u00f3nicos, evitando las sacudidas y mejorando al mismo tiempo el efecto de exposici\u00f3n.<\/p>\n<h2 id=\"3-high-strength-protection-optimized-coated-paper-material-\">3.\u00a0<strong>Protecci\u00f3n de alta resistencia Material de papel estucado optimizado<\/strong><\/h2>\n<p>Seleccionado papel estucado de alta densidad superior a 300 g, la superficie del papel es lisa y delicada, con excelente dureza, y la resistencia a la compresi\u00f3n es 30% superior a la del cart\u00f3n ordinario, resistiendo eficazmente el choque y la extrusi\u00f3n durante el transporte. La superficie del cuerpo de la caja est\u00e1 cubierta con una capa de pel\u00edcula mate respetuosa con el medio ambiente, que es antihuellas y antimanchas. No es f\u00e1cil que se oxide y decolore tras un uso prolongado, manteniendo el embalaje nuevo durante mucho tiempo.<\/p>\n<h2 id=\"4-deep-customization-flexible-adaptation-needs-\">4.\u00a0<strong>Personalizaci\u00f3n profunda Necesidades de adaptaci\u00f3n flexibles<\/strong><\/h2>\n<p>Admite servicios de personalizaci\u00f3n de dimensiones completas:<\/p>\n<ul>\n<li><strong>Tipo de caja<\/strong>: Adem\u00e1s del tipo extra\u00edble, puede proporcionar estructuras diversificadas, como cubiertas superior e inferior, cajas con forma de libro y cajas con formas especiales;<\/li>\n<li><strong>Material<\/strong>: Cartulina blanca opcional, cartulina dorada y plateada, papel especial, etc., para satisfacer necesidades especiales como a prueba de humedad y antiest\u00e1tico;<\/li>\n<li><strong>Artesan\u00eda<\/strong>: Barniz local UV, gofrado, ventanas huecas y otros procesos se combinan libremente para mejorar el nivel visual.<\/li>\n<\/ul>\n<h2 id=\"5-safe-inner-support-precise-fit-protection-\">5.\u00a0<strong>Soporte interior seguro, protecci\u00f3n de ajuste preciso<\/strong><\/h2>\n<p>El forro interior proporciona flocado EVA, algod\u00f3n perlado, bl\u00edster y otros materiales, y el color puede personalizarse (como negro, gris oscuro, rojo vino). El corte de tama\u00f1o 1:1 puede lograrse mediante tecnolog\u00eda de escaneado 3D, y el producto fijo tiene desplazamiento cero. Para los componentes electr\u00f3nicos de precisi\u00f3n, se puede incorporar un soporte interior antiest\u00e1tico para evitar da\u00f1os por electricidad est\u00e1tica durante el transporte.<\/p>\n<h2 id=\"-core-advantages-\"><strong>Principales ventajas<\/strong><\/h2>\n<ul>\n<li><strong>Certificaci\u00f3n de calidad<\/strong>: Todos los materiales han superado las pruebas de protecci\u00f3n medioambiental de SGS y cumplen las normas de envasado alimentario;<\/li>\n<li><strong>Respuesta r\u00e1pida<\/strong>: La creaci\u00f3n de prototipos se completa en 7-15 d\u00edas, y se admite la personalizaci\u00f3n de peque\u00f1os lotes (cantidad m\u00ednima de pedido 500);<\/li>\n<li><strong>Servicio de cadena completa<\/strong>: Soluci\u00f3n integral, desde el dise\u00f1o y la selecci\u00f3n de materiales hasta la log\u00edstica de producci\u00f3n, para reducir los costes de comunicaci\u00f3n con el cliente.<\/li>\n<\/ul>\n<p>Nos comprometemos a hacer del envase un portador ampliado del valor de la marca mediante el pulido definitivo de cada detalle. Ya se trate de dispositivos inteligentes para llevar puestos, auriculares de alta gama o instrumentos de precisi\u00f3n, podemos adaptar soluciones exclusivas para ayudarle a destacar entre la competencia de productos.<\/p>","protected":false},"excerpt":{"rendered":"<p>El cuerpo de la caja utiliza negro mate profundo como base, con tecnolog\u00eda de estampaci\u00f3n en caliente personalizada (como el logotipo de la marca o la textura geom\u00e9trica), a trav\u00e9s de la colisi\u00f3n del brillo met\u00e1lico y el fondo oscuro, presenta un nivel visual discreto y lujoso.<\/p>","protected":false},"featured_media":482,"template":"","meta":{"_kad_post_transparent":"default","_kad_post_title":"","_kad_post_layout":"default","_kad_post_sidebar_id":"","_kad_post_content_style":"default","_kad_post_vertical_padding":"default","_kad_post_feature":"","_kad_post_feature_position":"","_kad_post_header":false,"_kad_post_footer":false,"_kad_post_classname":""},"product_brand":[],"product_cat":[15,20,17],"product_tag":[151,150,149],"class_list":{"0":"post-479","1":"product","2":"type-product","3":"status-publish","4":"has-post-thumbnail","6":"product_cat-red-light-therapy","7":"product_cat-led-face-light-therapy","8":"product_cat-services","9":"product_tag-consumer-electronics-boxes-company","10":"product_tag-consumer-electronics-packaging-boxes","11":"product_tag-custom-consumer-product-packaging","13":"first","14":"instock","15":"shipping-taxable","16":"product-type-simple","17":"entry","18":"content-bg","19":"loop-entry"},"_links":{"self":[{"href":"https:\/\/red-lighttherapy.com\/es_es\/wp-json\/wp\/v2\/product\/479","targetHints":{"allow":["GET"]}}],"collection":[{"href":"https:\/\/red-lighttherapy.com\/es_es\/wp-json\/wp\/v2\/product"}],"about":[{"href":"https:\/\/red-lighttherapy.com\/es_es\/wp-json\/wp\/v2\/types\/product"}],"wp:featuredmedia":[{"embeddable":true,"href":"https:\/\/red-lighttherapy.com\/es_es\/wp-json\/wp\/v2\/media\/482"}],"wp:attachment":[{"href":"https:\/\/red-lighttherapy.com\/es_es\/wp-json\/wp\/v2\/media?parent=479"}],"wp:term":[{"taxonomy":"product_brand","embeddable":true,"href":"https:\/\/red-lighttherapy.com\/es_es\/wp-json\/wp\/v2\/product_brand?post=479"},{"taxonomy":"product_cat","embeddable":true,"href":"https:\/\/red-lighttherapy.com\/es_es\/wp-json\/wp\/v2\/product_cat?post=479"},{"taxonomy":"product_tag","embeddable":true,"href":"https:\/\/red-lighttherapy.com\/es_es\/wp-json\/wp\/v2\/product_tag?post=479"}],"curies":[{"name":"wp","href":"https:\/\/api.w.org\/{rel}","templated":true}]}}