{"id":472,"date":"2025-04-12T02:12:17","date_gmt":"2025-04-12T02:12:17","guid":{"rendered":"https:\/\/red-lighttherapy.com\/?post_type=product&#038;p=472"},"modified":"2025-04-12T02:37:26","modified_gmt":"2025-04-12T02:37:26","slug":"custom-pearl-paper-fashion-apparel-packaging-box-vendor","status":"publish","type":"product","link":"https:\/\/red-lighttherapy.com\/es_es\/custom-pearl-paper-fashion-apparel-packaging-box-vendor\/","title":{"rendered":"Custom Pearl Papel Ropa de Moda Caja de Embalaje Proveedor"},"content":{"rendered":"<h2 id=\"-customized-pearlescent-paper-fashion-clothing-packaging-box-supplier-product-description-\"><strong>Perla personalizada de papel ropa de moda caja de embalaje proveedor Descripci\u00f3n del producto<\/strong><\/h2>\n<h2 id=\"-2-strengthen-the-box-structure-to-ensure-the-safety-of-clothing-\"><strong>1. Reforzar la estructura de la caja para garantizar la seguridad de la ropa.<\/strong><\/h2>\n<ul>\n<li><strong>Dise\u00f1o de compresi\u00f3n y antideformaci\u00f3n<\/strong>: El cuerpo de la caja utiliza papel cart\u00f3n gris o cart\u00f3n ondulado de alta densidad como revestimiento, combinado con una estructura de plegado de doble capa o multicapa (como el soporte triangular), la resistencia a la compresi\u00f3n aumenta en m\u00e1s de 40%, y puede soportar la extrusi\u00f3n y el impacto durante el transporte.<\/li>\n<li><strong>Optimizaci\u00f3n de la forma de caja de la tapa superior e inferior<\/strong>: El dise\u00f1o de la tapa superior e inferior (tapas superior e inferior anidadas) consigue un efecto de cierre sin costuras gracias a una precisa tecnolog\u00eda de troquelado, lo que resulta c\u00f3modo para coger y meter prendas grandes como abrigos y trajes, y tambi\u00e9n puede evitar que la caja se afloje y se deforme.<\/li>\n<\/ul>\n<h2 id=\"-3-hot-stamping-and-embossing-technology-dual-sensory-upgrade-\"><strong>2. L\u00e1mina de estampaci\u00f3n en caliente blanca y tecnolog\u00eda de estampaci\u00f3n en relieve, actualizaci\u00f3n sensorial dual.<\/strong><\/h2>\n<ul>\n<li><strong>Tecnolog\u00eda de estampaci\u00f3n en caliente<\/strong>: Utilizando papel de aluminio electroqu\u00edmico importado de Alemania, se forma una textura de platino mate sobre papel nacarado mediante estampaci\u00f3n a alta temperatura. La textura met\u00e1lica y el color nacarado del fondo se complementan, creando un efecto visual discreto y lujoso.<\/li>\n<li><strong>Toque tridimensional en relieve<\/strong>: En combinaci\u00f3n con la tecnolog\u00eda de gofrado 3D, se realiza un gofrado tridimensional en el LOGO de la marca o en la zona del patr\u00f3n, que tiene un tacto delicado y capas claras, reforzando el punto de recuerdo de la marca.<\/li>\n<\/ul>\n<h2 id=\"-4-all-round-customization-service-to-match-brand-needs-\"><strong>3. Servicio integral de personalizaci\u00f3n para satisfacer las necesidades de la marca<\/strong><\/h2>\n<ul>\n<li><strong>Adaptaci\u00f3n flexible de tama\u00f1o y color<\/strong>: Admite la personalizaci\u00f3n de varios tama\u00f1os, desde 26\u00d717,5\u00d73,5 cm (versi\u00f3n est\u00e1ndar) hasta 50\u00d740\u00d710 cm (versi\u00f3n grande); proporciona 12 colores b\u00e1sicos, como el rosa nacarado del papel, el negro y el dorado, y se puede ajustar con colores especiales Pantone para garantizar una gran coherencia con el sistema VI de la marca.<\/li>\n<li><strong>Personalizaci\u00f3n del logotipo y los motivos<\/strong>: Admite serigraf\u00eda, barniz local UV y otros procesos, y puede imprimir logotipos de marcas, elementos culturales o motivos art\u00edsticos para satisfacer necesidades personalizadas.<\/li>\n<\/ul>\n<h2 id=\"-5-one-stop-service-focusing-on-foreign-trade-\"><strong>4. Servicio de ventanilla \u00fanica centrado en el comercio exterior<\/strong><\/h2>\n<ul>\n<li><strong>Equipo experimentado<\/strong>: Los miembros del equipo han estado profundamente involucrados en el campo del embalaje para el comercio exterior durante m\u00e1s de 10 a\u00f1os, y est\u00e1n familiarizados con las normas del mercado como Europa, Estados Unidos y el sudeste asi\u00e1tico (como el sistema de cotizaci\u00f3n FOB\/ELC, la certificaci\u00f3n medioambiental), y pueden proporcionar apoyo en todo el proceso, desde el dise\u00f1o, las pruebas hasta la declaraci\u00f3n de aduanas y la log\u00edstica.<\/li>\n<li><strong>Respuesta r\u00e1pida y garant\u00eda de control de calidad<\/strong>: Adoptar el sistema de gesti\u00f3n de producci\u00f3n digital (MES), el progreso de la orden se puede comprobar en tiempo real; pasar la certificaci\u00f3n de inspecci\u00f3n de calidad SGS, garantizar el rendimiento del producto terminado es m\u00e1s de 99%, y apoyar la inspecci\u00f3n de terceros.<\/li>\n<\/ul>\n<h2 id=\"-cooperation-process-\"><strong>Proceso de cooperaci\u00f3n<\/strong><\/h2>\n<ol>\n<li><strong>Comunicaci\u00f3n de la demanda<\/strong>: Proporcionar informaci\u00f3n sobre la marca VI, el tama\u00f1o del producto y los requisitos de personalizaci\u00f3n;<\/li>\n<li><strong>Pruebas de dise\u00f1o<\/strong>: Proporcione renders en 3D y muestras f\u00edsicas en un plazo de 3 d\u00edas laborables;<\/li>\n<li><strong>Producci\u00f3n en serie<\/strong>: Entrega en un plazo de 10-15 d\u00edas tras la confirmaci\u00f3n (admite pedidos urgentes);<\/li>\n<li><strong>Seguimiento log\u00edstico<\/strong>: Proporcionar un servicio integral de seguimiento log\u00edstico para el transporte mar\u00edtimo y a\u00e9reo.<\/li>\n<\/ol>\n<h2 id=\"-core-advantages-\"><strong>Principales ventajas<\/strong><\/h2>\n<ul>\n<li><strong>Relaci\u00f3n coste-eficacia<\/strong>: Reducir los costes de envasado en 15% mediante la optimizaci\u00f3n estructural (como el tipo de caja de moldeo de una sola pieza) manteniendo la textura de alta gama;<\/li>\n<li><strong>Sostenibilidad<\/strong>: Utiliza materiales de pasta reciclables, cumple las normas de protecci\u00f3n medioambiental REACH de la UE y contribuye a la transformaci\u00f3n ecol\u00f3gica de la marca.<\/li>\n<\/ul>","protected":false},"excerpt":{"rendered":"<p>Centrados en el campo del comercio exterior, ofrecemos soluciones de embalaje personalizadas de alta gama. Fabricados en\u00a0<strong>Papel perla<\/strong>, la superficie presenta un suave brillo nacarado, que confiere a la caja de embalaje una lujosa textura y estratificaci\u00f3n visual;\u00a0<strong>El dise\u00f1o de la caja con tapa superior e inferior<\/strong>\u00a0es f\u00e1cil de abrir y cerrar, y se adapta perfectamente a prendas grandes como trajes y abrigos.<\/p>","protected":false},"featured_media":473,"template":"","meta":{"_kad_post_transparent":"default","_kad_post_title":"","_kad_post_layout":"default","_kad_post_sidebar_id":"","_kad_post_content_style":"default","_kad_post_vertical_padding":"default","_kad_post_feature":"","_kad_post_feature_position":"","_kad_post_header":false,"_kad_post_footer":false,"_kad_post_classname":""},"product_brand":[],"product_cat":[15,30,19,17],"product_tag":[147,146,148],"class_list":{"0":"post-472","1":"product","2":"type-product","3":"status-publish","4":"has-post-thumbnail","6":"product_cat-red-light-therapy","7":"product_cat-dropshipping","8":"product_cat-red-light-therapy-stand","9":"product_cat-services","10":"product_tag-apparel-packaging-box","11":"product_tag-custom-apparel-packaging","12":"product_tag-fashion-apparel-packaging","14":"first","15":"instock","16":"shipping-taxable","17":"product-type-simple","18":"entry","19":"content-bg","20":"loop-entry"},"_links":{"self":[{"href":"https:\/\/red-lighttherapy.com\/es_es\/wp-json\/wp\/v2\/product\/472","targetHints":{"allow":["GET"]}}],"collection":[{"href":"https:\/\/red-lighttherapy.com\/es_es\/wp-json\/wp\/v2\/product"}],"about":[{"href":"https:\/\/red-lighttherapy.com\/es_es\/wp-json\/wp\/v2\/types\/product"}],"wp:featuredmedia":[{"embeddable":true,"href":"https:\/\/red-lighttherapy.com\/es_es\/wp-json\/wp\/v2\/media\/473"}],"wp:attachment":[{"href":"https:\/\/red-lighttherapy.com\/es_es\/wp-json\/wp\/v2\/media?parent=472"}],"wp:term":[{"taxonomy":"product_brand","embeddable":true,"href":"https:\/\/red-lighttherapy.com\/es_es\/wp-json\/wp\/v2\/product_brand?post=472"},{"taxonomy":"product_cat","embeddable":true,"href":"https:\/\/red-lighttherapy.com\/es_es\/wp-json\/wp\/v2\/product_cat?post=472"},{"taxonomy":"product_tag","embeddable":true,"href":"https:\/\/red-lighttherapy.com\/es_es\/wp-json\/wp\/v2\/product_tag?post=472"}],"curies":[{"name":"wp","href":"https:\/\/api.w.org\/{rel}","templated":true}]}}