{"id":459,"date":"2025-04-11T14:22:58","date_gmt":"2025-04-11T14:22:58","guid":{"rendered":"https:\/\/red-lighttherapy.com\/?post_type=product&#038;p=459"},"modified":"2025-04-12T01:52:50","modified_gmt":"2025-04-12T01:52:50","slug":"custom-artisan-chocolate-telescopic-packaging-box-wholesale","status":"publish","type":"product","link":"https:\/\/red-lighttherapy.com\/es_es\/custom-artisan-chocolate-telescopic-packaging-box-wholesale\/","title":{"rendered":"Caja telesc\u00f3pica para chocolate artesano al por mayor"},"content":{"rendered":"<h2 id=\"customized-handmade-chocolate-telescopic-packaging-box-wholesale-product-description\">Caja de embalaje telesc\u00f3pica de chocolate artesanal personalizada al por mayor Descripci\u00f3n del producto<\/h2>\n<h2 id=\"1-excellent-printing-technology-highlighting-brand-texture-\">1.\u00a0<strong>Excelente tecnolog\u00eda de impresi\u00f3n, que resalta la textura de la marca<\/strong><\/h2>\n<ul>\n<li>Se utiliza tecnolog\u00eda de impresi\u00f3n offset de alta precisi\u00f3n para garantizar patrones claros y delicados, tinta negra uniforme y completa, cobertura de la gama de colores 98%, color puro sin desviaciones y presentaci\u00f3n perfecta del logotipo de la marca y los elementos de dise\u00f1o.<\/li>\n<li>Admite estampaci\u00f3n en caliente, barniz local UV y otros procesos, puede combinarse con textura en relieve o efecto de brillo met\u00e1lico para mejorar la estratificaci\u00f3n visual y la experiencia de lujo del envase.<\/li>\n<\/ul>\n<h2 id=\"2-stiff-material-combination-all-round-protection-of-products-\">2.\u00a0<strong>Combinaci\u00f3n de materiales r\u00edgidos, protecci\u00f3n integral de los productos<\/strong><\/h2>\n<ul>\n<li>La caja exterior adopta el proceso compuesto de cart\u00f3n gris transparente importado (grosor 1,5-3,0 mm) de los Pa\u00edses Bajos y papel estucado de 300 g. El cart\u00f3n gris tiene una fuerte uni\u00f3n entre capas, es resistente a la presi\u00f3n y al impacto, y resiste eficazmente la deformaci\u00f3n por extrusi\u00f3n durante el transporte.<\/li>\n<li>La estructura de la caja est\u00e1 optimizada y puede soportar m\u00e1s de 1,2 kg, lo que resulta adecuado para las necesidades de log\u00edstica y almacenamiento a larga distancia.<\/li>\n<\/ul>\n<h2 id=\"3-magnetic-opening-and-closing-design-upgraded-opening-experience-\">3.\u00a0<strong>Dise\u00f1o de apertura y cierre magn\u00e9ticos, experiencia de apertura mejorada<\/strong><\/h2>\n<ul>\n<li>La tapa lleva incorporado un m\u00f3dulo magn\u00e9tico de silicona de 0,8 mm con una fuerza de adsorci\u00f3n de 1,2 kg. Puede abrirse y cerrarse f\u00e1cilmente con una mano y cerrarse con firmeza, evitando el problema de que las hebillas tradicionales se aflojen con facilidad.<\/li>\n<li>La caja adopta un dise\u00f1o de tapa abatible en forma de libro. Al desplegarse 180\u00b0, el producto se ve con claridad, lo que mejora el efecto de exposici\u00f3n y la interacci\u00f3n con el consumidor.<\/li>\n<\/ul>\n<h2 id=\"4-flexible-lining-partition-adapting-to-multiple-scene-requirements-\">4.\u00a0<strong>Tabique de revestimiento flexible, que se adapta a los requisitos de m\u00faltiples escenas<\/strong><\/h2>\n<ul>\n<li>El forro de cart\u00f3n est\u00e1ndar admite una segmentaci\u00f3n de precisi\u00f3n de rejilla 24\/36, y la profundidad y el espaciado de la rejilla son ajustables, lo que se adapta perfectamente a los bombones hechos a mano, las trufas y otros productos con formas especiales.<\/li>\n<li>El forro opcional de EVA, esponja o flocado, con un rango de grosor de 2-10 mm, proporciona soluciones de amortiguaci\u00f3n personalizadas, adecuadas para caramelos quebradizos o pasteles fr\u00e1giles.<\/li>\n<\/ul>\n<h2 id=\"5-multi-field-compatibility-expanded-application-scenarios-\">5.\u00a0<strong>Compatibilidad con varios campos, escenarios de aplicaci\u00f3n ampliados<\/strong><\/h2>\n<ul>\n<li>Adem\u00e1s de chocolate, el tama\u00f1o de la caja puede personalizarse de 8 cm\u00d78 cm a 30 cm\u00d730 cm, adecuado para macarons, galletas, frutos secos y otros alimentos; tambi\u00e9n puede transformarse en cajas de regalo para cosm\u00e9ticos o en envases para productos culturales y creativos.<\/li>\n<\/ul>\n<h2 id=\"-in-depth-customization-service-\"><strong>6. Servicio de personalizaci\u00f3n en profundidad<\/strong><\/h2>\n<ul>\n<li><strong>Personalizaci\u00f3n del aspecto<\/strong>: Proporcionar la tarjeta de color Pantone precisa coincidencia de color, modelado 3D servicios de pruebas, el apoyo de relieve, ventanas huecas y otros dise\u00f1os personalizados.<\/li>\n<li><strong>Optimizaci\u00f3n estructural<\/strong>: Ajuste el peso del tablero gris (250-400gsm) de acuerdo con el peso del producto (\u22642kg), o a\u00f1adir dise\u00f1o de la costilla de refuerzo para mejorar el rendimiento de soporte de carga.<\/li>\n<li><strong>Actualizaci\u00f3n de funciones<\/strong>: Revestimiento antihumedad opcional, tabiques desmontables, ranuras para etiquetas con c\u00f3digo QR y otros m\u00f3dulos de funciones de valor a\u00f1adido.<\/li>\n<\/ul>\n<h2 id=\"-production-and-delivery-guarantee-\"><strong>7. Garant\u00eda de producci\u00f3n y entrega<\/strong><\/h2>\n<ul>\n<li><strong>Aumento de la capacidad de producci\u00f3n<\/strong>: 5320\u33a1 taller estandarizado equipado con m\u00e1quina troqueladora totalmente autom\u00e1tica, l\u00ednea de montaje de papel de alta velocidad y laboratorio de inspecci\u00f3n de calidad, con una producci\u00f3n diaria de 50.000 piezas, apoyando la entrega flexible de 500.000-500.000 pedidos.<\/li>\n<li><strong>Sistema de control de calidad<\/strong>: Pasado ISO9001 certificaci\u00f3n de calidad y certificaci\u00f3n ambiental FSC, 18 procesos de inspecci\u00f3n de calidad se implementan desde el almacenamiento de materias primas hasta la entrega del producto terminado, asegurando error de planitud del producto \u22640,1 mm, diferencia de color \u0394E \u22641,5.<\/li>\n<li><strong>Respuesta del servicio<\/strong>: Proporcione pruebas en 48 horas y un ciclo de producci\u00f3n en masa de 15 d\u00edas, apoye el seguimiento log\u00edstico global y el compromiso de reedici\u00f3n da\u00f1ada.<\/li>\n<\/ul>\n<h2 id=\"-cooperation-process-\"><strong>Proceso de cooperaci\u00f3n<\/strong><\/h2>\n<ol>\n<li><strong>Confirmaci\u00f3n de requisitos<\/strong>: Proporcione el tama\u00f1o del producto, la cantidad y el borrador del dise\u00f1o (formato AI\/CDR);<\/li>\n<li><strong>Formulaci\u00f3n del sistema<\/strong>: Feedback selecci\u00f3n de materiales, presupuesto de costes y renders 3D en 3 d\u00edas laborables;<\/li>\n<li><strong>Confirmaci\u00f3n de la muestra<\/strong>: Las muestras f\u00edsicas se entregar\u00e1n en un plazo de 3 a 5 d\u00edas, y se admiten tres modificaciones gratuitas;<\/li>\n<li><strong>Producci\u00f3n en serie<\/strong>: La mercanc\u00eda se entregar\u00e1 en un plazo de 7-14 d\u00edas tras la firma del contrato.<\/li>\n<\/ol>","protected":false},"excerpt":{"rendered":"<p>Esta caja telesc\u00f3pica para chocolate hecha a mano a medida est\u00e1 dise\u00f1ada para el envasado de alimentos de gama alta, integrando la artesan\u00eda exquisita y la estructura innovadora, teniendo en cuenta la practicidad y el valor est\u00e9tico. Adopta materiales respetuosos con el medio ambiente y servicios de personalizaci\u00f3n flexibles, adecuados para escenarios de envasado de alimentos diversificados como chocolate, dulces, magdalenas, etc., ayudando a las marcas a mejorar la imagen del producto y la competitividad del mercado.<\/p>","protected":false},"featured_media":464,"template":"","meta":{"_kad_post_transparent":"default","_kad_post_title":"","_kad_post_layout":"default","_kad_post_sidebar_id":"","_kad_post_content_style":"default","_kad_post_vertical_padding":"default","_kad_post_feature":"","_kad_post_feature_position":"","_kad_post_header":false,"_kad_post_footer":false,"_kad_post_classname":""},"product_brand":[],"product_cat":[15,17],"product_tag":[141,142,140],"class_list":{"0":"post-459","1":"product","2":"type-product","3":"status-publish","4":"has-post-thumbnail","6":"product_cat-red-light-therapy","7":"product_cat-services","8":"product_tag-chocolate-telescopic-packaging-box","9":"product_tag-custom-artisan-chocolate-box","10":"product_tag-custom-chocolate-packaging","12":"first","13":"instock","14":"shipping-taxable","15":"product-type-simple","16":"entry","17":"content-bg","18":"loop-entry"},"_links":{"self":[{"href":"https:\/\/red-lighttherapy.com\/es_es\/wp-json\/wp\/v2\/product\/459","targetHints":{"allow":["GET"]}}],"collection":[{"href":"https:\/\/red-lighttherapy.com\/es_es\/wp-json\/wp\/v2\/product"}],"about":[{"href":"https:\/\/red-lighttherapy.com\/es_es\/wp-json\/wp\/v2\/types\/product"}],"wp:featuredmedia":[{"embeddable":true,"href":"https:\/\/red-lighttherapy.com\/es_es\/wp-json\/wp\/v2\/media\/464"}],"wp:attachment":[{"href":"https:\/\/red-lighttherapy.com\/es_es\/wp-json\/wp\/v2\/media?parent=459"}],"wp:term":[{"taxonomy":"product_brand","embeddable":true,"href":"https:\/\/red-lighttherapy.com\/es_es\/wp-json\/wp\/v2\/product_brand?post=459"},{"taxonomy":"product_cat","embeddable":true,"href":"https:\/\/red-lighttherapy.com\/es_es\/wp-json\/wp\/v2\/product_cat?post=459"},{"taxonomy":"product_tag","embeddable":true,"href":"https:\/\/red-lighttherapy.com\/es_es\/wp-json\/wp\/v2\/product_tag?post=459"}],"curies":[{"name":"wp","href":"https:\/\/api.w.org\/{rel}","templated":true}]}}