{"id":434,"date":"2025-04-11T13:16:45","date_gmt":"2025-04-11T13:16:45","guid":{"rendered":"https:\/\/red-lighttherapy.com\/?post_type=product&#038;p=434"},"modified":"2025-04-11T14:21:02","modified_gmt":"2025-04-11T14:21:02","slug":"custom-essential-oil-perfume-drawer-paper-boxes-wholesale","status":"publish","type":"product","link":"https:\/\/red-lighttherapy.com\/es_es\/custom-essential-oil-perfume-drawer-paper-boxes-wholesale\/","title":{"rendered":"Cajas de Papel para Perfume de Aceites Esenciales al por mayor"},"content":{"rendered":"<h2 id=\"-customized-essential-oil-perfume-drawer-paper-box-wholesale-product-description-\"><strong>Cajas de papel de encargo del caj\u00f3n del perfume del aceite esencial Descripci\u00f3n de producto al por mayor<\/strong><\/h2>\n<h2 id=\"-1-ribbon-pull-ring-design-to-enhance-brand-recognition-\"><strong>1. Dise\u00f1o de anilla con tirador de cinta para mejorar el reconocimiento de la marca<\/strong><\/h2>\n<p>La parte superior de la caja est\u00e1 equipada con una anilla de tirador de cinta personalizada, que puede utilizarse como tirador auxiliar y como asa. El color y el material de la cinta (como el sat\u00e9n o el terciopelo) pueden personalizarse para que reflejen el color principal de la marca, mejorando el atractivo visual y el recuerdo de la marca. Por ejemplo, con cintas doradas o rosas, se hace eco del proceso de estampaci\u00f3n en caliente y del tema rom\u00e1ntico para crear un s\u00edmbolo est\u00e9tico \u00fanico.<\/p>\n<h2 id=\"-2-hot-stamping-process-luxurious-texture-shows-the-brand-tone-\"><strong>2. Oro proceso de estampaci\u00f3n en caliente de la hoja, textura de lujo muestra el tono de la marca.<\/strong><\/h2>\n<p>La superficie adopta un proceso de estampaci\u00f3n en caliente de alta precisi\u00f3n, las l\u00edneas son delicadas y suaves, y el brillo dorado forma un contraste visual con el cuerpo rosa de la caja, destacando el lujo y el posicionamiento de gama alta de la marca. Admite la estampaci\u00f3n en caliente parcial en oro (como LOGO, patr\u00f3n) o la estampaci\u00f3n en caliente completa para satisfacer diferentes necesidades de dise\u00f1o, convirtiendo el envase en un \"portavoz\" silencioso de la marca.<\/p>\n<h2 id=\"-3-pink-as-the-main-color-awakening-emotional-resonance-\"><strong>3. El rosa como color principal, despierta resonancias emocionales<\/strong><\/h2>\n<p>El cuerpo de la caja es principalmente de color rosa suave, lo que transmite un temperamento de marca rom\u00e1ntico y dulce, acorde con la b\u00fasqueda de la felicidad y la vida elegante por parte de las consumidoras. Admite la personalizaci\u00f3n del n\u00famero de color Pantone para garantizar una reproducci\u00f3n precisa del color y satisfacer las necesidades personalizadas de las distintas marcas en cuanto a la profundidad y el brillo del rosa.<\/p>\n<h2 id=\"-4-customized-lining-solution-to-protect-products-in-all-directions-\"><strong>4. Soluci\u00f3n de revestimiento personalizada para proteger los productos en todas las direcciones<\/strong><\/h2>\n<p>Proporcionar una variedad de opciones de material de revestimiento, incluyendo:<\/p>\n<ul>\n<li><strong>Forro de flocado EVA<\/strong>: a prueba de golpes y resistente a la presi\u00f3n, tacto delicado, adecuado para formas irregulares de botellas;<\/li>\n<li><strong>Forro de tela de seda\/esponja<\/strong>Para realzar la exquisitez del envase, fije el frasco de perfume y evite que se agite durante el transporte;<\/li>\n<li><strong>Estructura en capas de cart\u00f3n<\/strong>: admiten el envasado de varias botellas y optimizan la utilizaci\u00f3n del espacio. Todos los revestimientos pueden ranurarse con precisi\u00f3n seg\u00fan el tama\u00f1o del producto para garantizar la seguridad del transporte.<\/li>\n<\/ul>\n<h2 id=\"-5-highly-flexible-customization-to-meet-diverse-needs-\"><strong>5. Personalizaci\u00f3n muy flexible para satisfacer diversas necesidades<\/strong><\/h2>\n<ul>\n<li><strong>Talla<\/strong>: Soporta la adaptaci\u00f3n de la caja de 10ml-100ml botellas de aceite esencial y botellas de perfume, con error de di\u00e1metro interior \u22640,1mm;<\/li>\n<li><strong>Material<\/strong>: Cart\u00f3n opcional, papel especial (como papel nacarado, papel t\u00e1ctil), papel reciclado respetuoso con el medio ambiente, etc;<\/li>\n<li><strong>Proceso de impresi\u00f3n<\/strong>: Adem\u00e1s de la estampaci\u00f3n en caliente, admite impresi\u00f3n UV, serigraf\u00eda, relieve y otros efectos para conseguir una textura mate, brillante o texturizada;<\/li>\n<li><strong>Ampliaci\u00f3n tipo caja<\/strong>: Puede combinarse con tapas superiores e inferiores, hebillas magn\u00e9ticas y otros dise\u00f1os para mejorar la funcionalidad del envase.<\/li>\n<\/ul>\n<h2 id=\"-6-fsc-certified-materials-environmental-protection-and-quality-double-guarantee-\"><strong>6. Materiales certificados FSC, protecci\u00f3n del medio ambiente y doble garant\u00eda de calidad.<\/strong><\/h2>\n<p>Las materias primas han superado la certificaci\u00f3n de gesti\u00f3n forestal FSC para garantizar que el origen del papel es sostenible y cumple los requisitos de protecci\u00f3n medioambiental de los mercados europeo y estadounidense. Proporcionar soluciones de envasado ecol\u00f3gico para marcas de gama alta y ayudar a las marcas a transmitir el concepto de responsabilidad social.<\/p>\n<h2 id=\"-8-one-to-one-professional-service-efficient-delivery-without-worries-\"><strong>8. Servicio profesional personalizado, entrega eficaz y sin preocupaciones<\/strong><\/h2>\n<ul>\n<li><strong>Apoyo al dise\u00f1o<\/strong>: Proporcionamos un servicio de pruebas de modelado en 3D, renderizaciones en 48 horas y garantizamos una implementaci\u00f3n precisa del dise\u00f1o;<\/li>\n<li><strong>Entrega rel\u00e1mpago<\/strong>: Pedido m\u00ednimo de 500 piezas, los pedidos normales se entregan en 7-15 d\u00edas, y los pedidos urgentes se env\u00edan en tan s\u00f3lo 5 d\u00edas;<\/li>\n<li><strong>Garant\u00eda posventa<\/strong>: 15 d\u00edas de devoluci\u00f3n incondicional y el intercambio, el seguimiento log\u00edstico completo, para garantizar la entrega de cero defectos de embalaje.<\/li>\n<\/ul>\n<p><strong>Escenarios aplicables<\/strong>: Marcas de perfumes, fabricantes de aceites esenciales, cajas de regalo navide\u00f1as, personalizaci\u00f3n de productos de belleza de alta gama.\u00a0<strong>Ventajas de la cooperaci\u00f3n<\/strong>: Lograr la diferenciaci\u00f3n de la marca con un alto rendimiento de costes, interpretar la calidad con detalles y dejar que cada fragancia sea portadora de artesan\u00eda y est\u00e9tica.<\/p>","protected":false},"excerpt":{"rendered":"<p>La caja de papel de caj\u00f3n puede abrirse f\u00e1cilmente y es m\u00e1s c\u00f3moda. El proceso de estampaci\u00f3n en caliente en oro puede dar al envase una sensaci\u00f3n de lujo y una presentaci\u00f3n visual de alta calidad.<\/p>","protected":false},"featured_media":435,"template":"","meta":{"_kad_post_transparent":"default","_kad_post_title":"","_kad_post_layout":"default","_kad_post_sidebar_id":"","_kad_post_content_style":"default","_kad_post_vertical_padding":"default","_kad_post_feature":"","_kad_post_feature_position":"","_kad_post_header":false,"_kad_post_footer":false,"_kad_post_classname":""},"product_brand":[],"product_cat":[15,28,20,17],"product_tag":[139,138,137],"class_list":{"0":"post-434","1":"product","2":"type-product","3":"status-publish","4":"has-post-thumbnail","6":"product_cat-red-light-therapy","7":"product_cat-customize","8":"product_cat-led-face-light-therapy","9":"product_cat-services","10":"product_tag-cosmetic-perfume-boxes-wholesale","11":"product_tag-custom-perfume-boxes-wholesale","12":"product_tag-essential-oil-drawer-paper-boxes","14":"first","15":"instock","16":"shipping-taxable","17":"product-type-simple","18":"entry","19":"content-bg","20":"loop-entry"},"_links":{"self":[{"href":"https:\/\/red-lighttherapy.com\/es_es\/wp-json\/wp\/v2\/product\/434","targetHints":{"allow":["GET"]}}],"collection":[{"href":"https:\/\/red-lighttherapy.com\/es_es\/wp-json\/wp\/v2\/product"}],"about":[{"href":"https:\/\/red-lighttherapy.com\/es_es\/wp-json\/wp\/v2\/types\/product"}],"wp:featuredmedia":[{"embeddable":true,"href":"https:\/\/red-lighttherapy.com\/es_es\/wp-json\/wp\/v2\/media\/435"}],"wp:attachment":[{"href":"https:\/\/red-lighttherapy.com\/es_es\/wp-json\/wp\/v2\/media?parent=434"}],"wp:term":[{"taxonomy":"product_brand","embeddable":true,"href":"https:\/\/red-lighttherapy.com\/es_es\/wp-json\/wp\/v2\/product_brand?post=434"},{"taxonomy":"product_cat","embeddable":true,"href":"https:\/\/red-lighttherapy.com\/es_es\/wp-json\/wp\/v2\/product_cat?post=434"},{"taxonomy":"product_tag","embeddable":true,"href":"https:\/\/red-lighttherapy.com\/es_es\/wp-json\/wp\/v2\/product_tag?post=434"}],"curies":[{"name":"wp","href":"https:\/\/api.w.org\/{rel}","templated":true}]}}