{"id":428,"date":"2025-04-11T12:53:29","date_gmt":"2025-04-11T12:53:29","guid":{"rendered":"https:\/\/red-lighttherapy.com\/?post_type=product&#038;p=428"},"modified":"2025-04-11T13:15:50","modified_gmt":"2025-04-11T13:15:50","slug":"wholesale-luxury-lid-and-base-ring-earring-necklace-packaging","status":"publish","type":"product","link":"https:\/\/red-lighttherapy.com\/es_es\/wholesale-luxury-lid-and-base-ring-earring-necklace-packaging\/","title":{"rendered":"Venta al por mayor de lujo Tapa y Base Anillo Pendiente Collar Embalaje"},"content":{"rendered":"<h2 id=\"-product-description-of-luxury-lid-base-ring-earring-necklace-packaging-box-\"><strong>Descripci\u00f3n del producto de lujo Tapa y Base Anillo Pendiente Collar Caja de Embalaje<\/strong><\/h2>\n<h2 id=\"-1-simple-and-elegant-design-highlighting-brand-texture-\"><strong>1. Dise\u00f1o sencillo y elegante, destacando la textura de la marca<\/strong><\/h2>\n<p>Esta serie de cajas de embalaje adopta un concepto est\u00e9tico minimalista, y la superficie se perfila con tecnolog\u00eda de estampaci\u00f3n en caliente de oro mate de alta precisi\u00f3n para delinear el logotipo de la marca o el patr\u00f3n de textura, revelando un temperamento lujoso de forma discreta. La combinaci\u00f3n de textura mate y brillo met\u00e1lico no s\u00f3lo se ajusta a las tendencias est\u00e9ticas modernas, sino que refuerza el recuerdo visual de la marca. El cuerpo de la caja tiene l\u00edneas suaves y carece de adornos superfluos, lo que responde al atractivo fundamental de la joyer\u00eda de alta gama y los art\u00edculos de lujo para envases \"sencillos pero no simples\".<\/p>\n<h2 id=\"-2-full-size-flexible-customization-suitable-for-a-variety-of-products-\"><strong>2. Personalizaci\u00f3n flexible de tama\u00f1o completo, adecuado para una variedad de productos.<\/strong><\/h2>\n<ul>\n<li><strong>Adaptaci\u00f3n precisa del tama\u00f1o<\/strong>: Admite la personalizaci\u00f3n a tama\u00f1o completo, desde anillos (m\u00ednimo 5\u00d75\u00d73,5 cm) hasta collares (m\u00e1ximo 23\u00d717,5\u00d73,5 cm), cubriendo las necesidades de joyer\u00eda ligera, accesorios de metales preciosos, etc.<\/li>\n<li><strong>Selecci\u00f3n flexible del tipo de caja<\/strong>: Ofrece una gran variedad de tipos de cajas, como tapas superior e inferior, tapas flip magn\u00e9ticas, cajas almohada, etc., y puede personalizar estructuras exclusivas seg\u00fan las formas de los productos y los requisitos de exposici\u00f3n. Por ejemplo, la caja flip magn\u00e9tica es f\u00e1cil de abrir y cerrar y tiene un sellado fuerte, que es adecuado para la exhibici\u00f3n de joyer\u00eda de alta frecuencia; la caja de tapa superior e inferior tiene tanto la protecci\u00f3n y el sentido ritual, que es adecuado para las escenas de regalo de gama alta.<\/li>\n<\/ul>\n<h2 id=\"-3-professional-inner-tray-customization-stable-and-worry-free-protection-\"><strong>3. Personalizaci\u00f3n profesional de la bandeja interior, protecci\u00f3n estable y sin preocupaciones.<\/strong><\/h2>\n<ul>\n<li><strong>Diversidad de materiales<\/strong>: La bandeja interior puede ser de EVA, algod\u00f3n perlado, esponja flocada, tarjeta de papel bl\u00edster y otros materiales, que fijan con precisi\u00f3n anillos, pendientes, collares y otros productos para evitar sacudidas y desgaste durante el transporte o la exposici\u00f3n. Por ejemplo, el forro de flocado tiene funci\u00f3n antiest\u00e1tica para proteger el brillo de las joyas met\u00e1licas; la bandeja interior de bl\u00edster tiene una fuerte plasticidad y es adecuada para joyas con formas especiales.<\/li>\n<li><strong>Dise\u00f1o funcional<\/strong>: Personalice ranuras de tarjetas exclusivas para diferentes tipos de joyas, como ranuras para anillos, perforaciones para pendientes, ganchos para collares, etc., para garantizar la estabilidad del producto y un efecto de visualizaci\u00f3n intuitivo.<\/li>\n<\/ul>\n<h2 id=\"-4-full-dimensional-craftsmanship-and-material-customization-to-empower-brand-image-\"><strong>4. Artesan\u00eda en todas las dimensiones y personalizaci\u00f3n de materiales para potenciar la imagen de marca.<\/strong><\/h2>\n<ul>\n<li><strong>Mejora del material<\/strong>: Proporcionamos materiales de gama alta, como papel art\u00edstico especial (como papel perlado, papel t\u00e1ctil), revestimiento de terciopelo y cuero ecol\u00f3gico para satisfacer las necesidades diferenciadas desde el lujo ligero hasta el lujo superior. Por ejemplo, el material de terciopelo tiene un tacto delicado, que encaja con la textura c\u00e1lida de las joyas; el papel especial puede mejorar el nivel visual mediante el gofrado, la estampaci\u00f3n en caliente y otros procesos.<\/li>\n<li><strong>Combinaci\u00f3n tecnol\u00f3gica innovaci\u00f3n<\/strong>: Admite la superposici\u00f3n de estampaci\u00f3n en caliente\/plateado, gofrado, superficie brillante parcial UV, serigraf\u00eda y otros procesos para crear un lenguaje visual de envasado \u00fanico.<\/li>\n<\/ul>\n<h2 id=\"-5-industry-experience-endorsement-word-of-mouth-trust-choice-\"><strong>5. Aval de la experiencia en el sector, elecci\u00f3n de confianza boca a boca<\/strong><\/h2>\n<p>Con m\u00e1s de diez a\u00f1os de profundo cultivo en la industria del embalaje, nuestros servicios abarcan marcas internacionales como Tiffany y Cartier y joyeros nacionales emergentes, y hemos proporcionado soluciones personalizadas a m\u00e1s de 500 clientes. Con un profundo conocimiento de la industria joyera, controlamos con precisi\u00f3n el ajuste est\u00e9tico entre el envase y los productos, ayudando a las marcas a mejorar su capacidad premium y la experiencia unboxing del usuario.<\/p>\n<h2 id=\"-6-intelligent-production-system-quality-and-efficiency-double-guarantee-\"><strong>6. Sistema de producci\u00f3n inteligente, doble garant\u00eda de calidad y eficacia<\/strong><\/h2>\n<p>Apoy\u00e1ndose en el sistema inteligente de gesti\u00f3n de la producci\u00f3n, todo el proceso, desde la prueba del dise\u00f1o hasta la producci\u00f3n en serie, est\u00e1 automatizado e informatizado:<\/p>\n<ul>\n<li><strong>Control de calidad preciso<\/strong>: El equipo de inspecci\u00f3n visual AI garantiza la precisi\u00f3n del proceso y la consistencia de cada caja de embalaje, con una tasa de defectos inferior a 0,1%.<\/li>\n<li><strong>Producci\u00f3n flexible<\/strong>: Soporta pedidos flexibles de 50 piezas a 10.000 piezas, entrega r\u00e1pida en 7-15 d\u00edas, para satisfacer las necesidades de las promociones de temporada alta de la marca o los primeros lanzamientos de edici\u00f3n limitada.<\/li>\n<\/ul>\n<h2 id=\"-cooperation-value-\"><strong>Valor de la cooperaci\u00f3n<\/strong><\/h2>\n<p>Elija nuestra soluci\u00f3n de embalaje, obtendr\u00e1: \u2705\u00a0<strong>Mejora de la imagen de marca<\/strong>: Transmitir el tono de la marca mediante un dise\u00f1o personalizado para reforzar el conocimiento del consumidor; \u2705\u00a0<strong>Optimizaci\u00f3n de la experiencia del usuario<\/strong>: Mejora multidimensional del ritual de apertura y cierre, la protecci\u00f3n y la portabilidad, lo que aumenta la disposici\u00f3n de recompra del cliente; \u2705\u00a0<strong>Equilibrio coste-eficacia<\/strong>: Adquisici\u00f3n a gran escala y sistema de producci\u00f3n inteligente para garantizar una calidad de gama alta y un coste razonable.<\/p>","protected":false},"excerpt":{"rendered":"<p>Esta caja de embalaje con tapa y base adopta una estructura de tapa superior e inferior, f\u00e1cil de coger. El proceso de estampado en caliente UV + dorado confiere al envase una sensaci\u00f3n de lujo y aumenta su valor a\u00f1adido.<\/p>","protected":false},"featured_media":432,"template":"","meta":{"_kad_post_transparent":"default","_kad_post_title":"","_kad_post_layout":"default","_kad_post_sidebar_id":"","_kad_post_content_style":"default","_kad_post_vertical_padding":"default","_kad_post_feature":"","_kad_post_feature_position":"","_kad_post_header":false,"_kad_post_footer":false,"_kad_post_classname":""},"product_brand":[],"product_cat":[15,19,17],"product_tag":[132,130,131],"class_list":{"0":"post-428","1":"product","2":"type-product","3":"status-publish","4":"has-post-thumbnail","6":"product_cat-red-light-therapy","7":"product_cat-red-light-therapy-stand","8":"product_cat-services","9":"product_tag-necklace-packaging","10":"product_tag-ring-packaging","11":"product_tag-wholesale-earring-packaging","13":"first","14":"instock","15":"shipping-taxable","16":"product-type-simple","17":"entry","18":"content-bg","19":"loop-entry"},"_links":{"self":[{"href":"https:\/\/red-lighttherapy.com\/es_es\/wp-json\/wp\/v2\/product\/428","targetHints":{"allow":["GET"]}}],"collection":[{"href":"https:\/\/red-lighttherapy.com\/es_es\/wp-json\/wp\/v2\/product"}],"about":[{"href":"https:\/\/red-lighttherapy.com\/es_es\/wp-json\/wp\/v2\/types\/product"}],"wp:featuredmedia":[{"embeddable":true,"href":"https:\/\/red-lighttherapy.com\/es_es\/wp-json\/wp\/v2\/media\/432"}],"wp:attachment":[{"href":"https:\/\/red-lighttherapy.com\/es_es\/wp-json\/wp\/v2\/media?parent=428"}],"wp:term":[{"taxonomy":"product_brand","embeddable":true,"href":"https:\/\/red-lighttherapy.com\/es_es\/wp-json\/wp\/v2\/product_brand?post=428"},{"taxonomy":"product_cat","embeddable":true,"href":"https:\/\/red-lighttherapy.com\/es_es\/wp-json\/wp\/v2\/product_cat?post=428"},{"taxonomy":"product_tag","embeddable":true,"href":"https:\/\/red-lighttherapy.com\/es_es\/wp-json\/wp\/v2\/product_tag?post=428"}],"curies":[{"name":"wp","href":"https:\/\/api.w.org\/{rel}","templated":true}]}}