{"id":416,"date":"2025-04-11T11:52:55","date_gmt":"2025-04-11T11:52:55","guid":{"rendered":"https:\/\/red-lighttherapy.com\/?post_type=product&#038;p=416"},"modified":"2025-04-20T05:59:36","modified_gmt":"2025-04-20T05:59:36","slug":"lid-and-base-box-mobile-cell-phone-packaging-box-factory","status":"publish","type":"product","link":"https:\/\/red-lighttherapy.com\/es_es\/lid-and-base-box-mobile-cell-phone-packaging-box-factory\/","title":{"rendered":"Tapa y base de la caja del tel\u00e9fono m\u00f3vil Caja de embalaje de f\u00e1brica"},"content":{"rendered":"<h2 id=\"-product-description-of-mobile-phone-box-with-top-and-bottom-cover-\"><strong>Descripci\u00f3n de producto de la f\u00e1brica de la caja de empaquetado del tel\u00e9fono m\u00f3vil de la tapa y de la base<\/strong><\/h2>\n<h2 id=\"-1-box-design-top-and-bottom-cover-structure-practical-and-environmentally-friendly-\"><strong>1. Dise\u00f1o de la caja: Estructura de tapa y base, pr\u00e1ctica y respetuosa con el medio ambiente<\/strong><\/h2>\n<p>Este producto adopta el dise\u00f1o cl\u00e1sico de tapa y caja inferior. La tapa superior y la caja inferior est\u00e1n unidas con precisi\u00f3n. Es c\u00f3modo de abrir y cerrar y tiene un fuerte sentido ritual, lo que aporta a los consumidores una experiencia \u00fanica al abrir la caja. La estructura de tapa superior e inferior no s\u00f3lo protege eficazmente la seguridad del transporte del producto, sino que tambi\u00e9n tiene las siguientes ventajas:<\/p>\n<ul>\n<li><strong>Utilizaci\u00f3n secundaria<\/strong>: El cuerpo de la caja adopta un dise\u00f1o modular y puede separarse f\u00e1cilmente sin pegamento ni desmontaje complicado. Los consumidores pueden reutilizarla como caja de almacenamiento, caja expositora, etc., lo que responde al concepto de protecci\u00f3n medioambiental.<\/li>\n<li><strong>Gran adaptabilidad<\/strong>: Admite tama\u00f1o personalizado (altura, anchura y profundidad ilimitadas), adecuado para tel\u00e9fonos m\u00f3viles, accesorios digitales, art\u00edculos de lujo y otros productos.<\/li>\n<\/ul>\n<h2 id=\"-2-appearance-craftsmanship-light-luxury-blue-and-gold-color-matching-highlighting-brand-style-\"><strong>2. Apariencia Artesan\u00eda: Lujoso color azul claro y dorado a juego, resaltando el estilo de la marca<\/strong><\/h2>\n<ul>\n<li><strong>Combinaci\u00f3n de colores<\/strong>: El color principal es el azul marino profundo, combinado con la tecnolog\u00eda de estampaci\u00f3n en caliente (como el logotipo de la marca, motivos, etc.), formando un fuerte contraste visual, creando un ambiente ligero, lujoso y noble.<\/li>\n<li><strong>Tecnolog\u00eda de estampaci\u00f3n en caliente<\/strong>: Utiliza equipos de estampaci\u00f3n en caliente de alta precisi\u00f3n para garantizar que los bordes del patr\u00f3n sean n\u00edtidos y sin rebabas, y los fondos dorado y azul forman una sensaci\u00f3n tridimensional de jerarqu\u00eda, lo que aumenta el atractivo de la exposici\u00f3n del producto.<\/li>\n<\/ul>\n<h2 id=\"-3-core-material-high-load-bearing-gray-board-coated-paper-quality-and-performance-\"><strong>3. Material del n\u00facleo: cart\u00f3n gris de alta carga + papel estucado, calidad y rendimiento<\/strong><\/h2>\n<ul>\n<li><strong>Sustrato de cart\u00f3n gris<\/strong>: Seleccionamos cart\u00f3n gris de alta densidad de 1200 GSM, con un grosor uniforme, una fuerte uni\u00f3n entre capas y un rendimiento de compresi\u00f3n de m\u00e1s de 150 kg, lo que evita eficazmente la deformaci\u00f3n durante el transporte. La superficie del cart\u00f3n gris es plana, lo que es conveniente para el proceso de montaje posterior, y apoya el plegado y conformado, con bordes y esquinas afiladas y aspecto exquisito.<\/li>\n<li><strong>Material del papel frontal<\/strong>: La capa exterior est\u00e1 cubierta con papel estucado de 157 GSM, con alta reproducci\u00f3n del color, compatible con impresi\u00f3n offset, impresi\u00f3n UV y otros procesos, y el patr\u00f3n es delicado y resistente al desgaste y a los ara\u00f1azos.<\/li>\n<\/ul>\n<h2 id=\"-4-inner-support-design-multiple-material-selection-precise-product-fixation-\"><strong>4. Dise\u00f1o de soporte interior: selecci\u00f3n m\u00faltiple de materiales, fijaci\u00f3n precisa del producto.<\/strong><\/h2>\n<ul>\n<li><strong>Soluci\u00f3n de soporte interior<\/strong>: Proporcionar EVA, algod\u00f3n perla, esponja, ampolla de tarjeta de papel y otros materiales de revestimiento, personalizar ranuras de forma especial de acuerdo a la forma del producto para asegurar que el tel\u00e9fono m\u00f3vil y los accesorios son estables y a prueba de golpes.<\/li>\n<li><strong>Optimizaci\u00f3n de funciones<\/strong>:<\/li>\n<li><strong>EVA\/Algod\u00f3n perlado<\/strong>: Amortiguador de gran elasticidad, adecuado para objetos fr\u00e1giles;<\/li>\n<li><strong>Tarjeta de papel bl\u00edster<\/strong>: Respetuoso con el medio ambiente y degradable, adecuado para la colocaci\u00f3n de regalos de alta gama;<\/li>\n<li><strong>Fijaci\u00f3n de la lengua<\/strong>: La estructura de leng\u00fceta y gato permite el ensamblaje r\u00e1pido de la bandeja interior y el cuerpo de la caja para mejorar la eficacia del envasado.<\/li>\n<\/ul>\n<h2 id=\"-5-production-capacity-automated-production-line-efficient-delivery-of-large-scale-orders-\"><strong>5. Capacidad de producci\u00f3n: L\u00ednea de producci\u00f3n automatizada, entrega eficiente de pedidos a gran escala.<\/strong><\/h2>\n<ul>\n<li><strong>Equipos inteligentes<\/strong>: Equipada con troqueladoras totalmente autom\u00e1ticas, formadoras de bl\u00edsteres, estampadoras en caliente y otros equipos para lograr una producci\u00f3n integrada desde el ranurado, el pegado de esquinas hasta el moldeado, con una capacidad media de producci\u00f3n diaria de m\u00e1s de 100.000 piezas.<\/li>\n<li><strong>Ventajas del proceso<\/strong>:<\/li>\n<li><strong>Troquelado preciso<\/strong>: La tecnolog\u00eda de posicionamiento l\u00e1ser garantiza que el error de ranurado del tablero gris sea \u22641mm, evitando rebabas en la caja plegable;<\/li>\n<li><strong>Cambio r\u00e1pido de moldes<\/strong>: Los moldes modulares permiten cambiar las especificaciones del producto en 15 minutos para satisfacer las necesidades de varios lotes de pedidos.<\/li>\n<\/ul>\n<h2 id=\"-6-quality-control-full-process-inspection-to-ensure-zero-product-defects-\"><strong>6. Control de calidad: inspecci\u00f3n completa del proceso para garantizar cero defectos en el producto.<\/strong><\/h2>\n<ul>\n<li><strong>Inspecci\u00f3n de materias primas<\/strong>: par\u00e1metros como la permeabilidad del cart\u00f3n gris y el gramaje del papel estucado cuentan con la certificaci\u00f3n FSC para eliminar el riesgo de delaminaci\u00f3n y deformaci\u00f3n.<\/li>\n<li><strong>Supervisi\u00f3n de procesos<\/strong>:<\/li>\n<li><strong>Inspecci\u00f3n de la primera pieza<\/strong>prueba de presi\u00f3n y verificaci\u00f3n de las dimensiones de la primera pieza antes de cada lote de producci\u00f3n;<\/li>\n<li><strong>Inspecci\u00f3n en l\u00ednea<\/strong>Control en tiempo real de la desviaci\u00f3n de la posici\u00f3n de estampaci\u00f3n en caliente, la diferencia de color de impresi\u00f3n, etc. mediante el sistema de visi\u00f3n artificial.<\/li>\n<li><strong>Aceptaci\u00f3n del producto acabado<\/strong>: Se aplican las normas ASTM y se simulan pruebas de vibraci\u00f3n en el transporte para garantizar que el \u00edndice de superaci\u00f3n de la prueba de ca\u00edda sea \u226599,9%.<\/li>\n<\/ul>\n<h2 id=\"-cooperation-advantages-and-service-commitments-\"><strong>Ventajas de la cooperaci\u00f3n y compromisos de servicio<\/strong><\/h2>\n<ul>\n<li><strong>Servicio personalizado<\/strong>: Los bocetos de dise\u00f1o en 3D y las pruebas f\u00edsicas son gratuitos, y las muestras se entregan en un plazo de 3 d\u00edas;<\/li>\n<li><strong>Certificaci\u00f3n medioambiental<\/strong>: los materiales cumplen las normas REACH y RoHS y admiten procesos degradables;<\/li>\n<li><strong>Garant\u00eda posventa<\/strong>retrabajo incondicional en caso de problemas de calidad, y se proporciona un informe de trazabilidad de la calidad del ciclo de vida completo.<\/li>\n<\/ul>\n<p>Gracias a la profunda integraci\u00f3n de los dise\u00f1os, materiales y procesos mencionados, las cajas de embalaje con tapa y tapa superior producidas por esta f\u00e1brica no s\u00f3lo satisfacen las necesidades funcionales, sino que tambi\u00e9n potencian el valor de la marca con una est\u00e9tica de lujo ligero y conceptos de protecci\u00f3n medioambiental, ayudando a los clientes a crear una imagen de producto de gama alta diferenciada.<\/p>","protected":false},"excerpt":{"rendered":"<p>Esta caja de embalaje con tapa y base adopta una estructura de tapa superior e inferior, f\u00e1cil de coger. El proceso de estampado en caliente UV + dorado confiere al envase una sensaci\u00f3n de lujo y aumenta su valor a\u00f1adido.<\/p>","protected":false},"featured_media":425,"template":"","meta":{"_kad_post_transparent":"default","_kad_post_title":"","_kad_post_layout":"default","_kad_post_sidebar_id":"","_kad_post_content_style":"default","_kad_post_vertical_padding":"default","_kad_post_feature":"","_kad_post_feature_position":"","_kad_post_header":false,"_kad_post_footer":false,"_kad_post_classname":""},"product_brand":[],"product_cat":[15,19,17],"product_tag":[129,128,127],"class_list":{"0":"post-416","1":"product","2":"type-product","3":"status-publish","4":"has-post-thumbnail","6":"product_cat-red-light-therapy","7":"product_cat-red-light-therapy-stand","8":"product_cat-services","9":"product_tag-cell-phone-packaging-factory","10":"product_tag-cellphone-packaging-box","11":"product_tag-mobile-phone-boxes","13":"first","14":"instock","15":"shipping-taxable","16":"product-type-simple","17":"entry","18":"content-bg","19":"loop-entry"},"_links":{"self":[{"href":"https:\/\/red-lighttherapy.com\/es_es\/wp-json\/wp\/v2\/product\/416","targetHints":{"allow":["GET"]}}],"collection":[{"href":"https:\/\/red-lighttherapy.com\/es_es\/wp-json\/wp\/v2\/product"}],"about":[{"href":"https:\/\/red-lighttherapy.com\/es_es\/wp-json\/wp\/v2\/types\/product"}],"wp:featuredmedia":[{"embeddable":true,"href":"https:\/\/red-lighttherapy.com\/es_es\/wp-json\/wp\/v2\/media\/425"}],"wp:attachment":[{"href":"https:\/\/red-lighttherapy.com\/es_es\/wp-json\/wp\/v2\/media?parent=416"}],"wp:term":[{"taxonomy":"product_brand","embeddable":true,"href":"https:\/\/red-lighttherapy.com\/es_es\/wp-json\/wp\/v2\/product_brand?post=416"},{"taxonomy":"product_cat","embeddable":true,"href":"https:\/\/red-lighttherapy.com\/es_es\/wp-json\/wp\/v2\/product_cat?post=416"},{"taxonomy":"product_tag","embeddable":true,"href":"https:\/\/red-lighttherapy.com\/es_es\/wp-json\/wp\/v2\/product_tag?post=416"}],"curies":[{"name":"wp","href":"https:\/\/api.w.org\/{rel}","templated":true}]}}